{"id":1371,"date":"2025-11-29T17:17:50","date_gmt":"2025-11-29T17:17:50","guid":{"rendered":"https:\/\/kaiserfarmhouse.com\/?post_type=product&#038;p=1371"},"modified":"2025-12-07T12:04:52","modified_gmt":"2025-12-07T12:04:52","slug":"aperitif-dejeuner-diner-cheque-cadeau","status":"publish","type":"product","link":"https:\/\/staging.kaiserfarmhouse.com\/fr\/product\/aperitif-dejeuner-diner-cheque-cadeau\/","title":{"rendered":"Ap\u00e9ritif D\u00e9jeuner\/D\u00eener<\/br>8 recettes gourmandes<\/br>Ch\u00e8que-cadeau"},"content":{"rendered":"<p><span style=\"font-weight: 400\">Un itin\u00e9raire compos\u00e9 de huit pr\u00e9parations mettant l'accent sur des ingr\u00e9dients frais et des recettes soigneusement \u00e9labor\u00e9es, accompagn\u00e9es d'une boisson au choix.<br \/>\n<\/span><span style=\"font-weight: 400\">La s\u00e9lection offre un aper\u00e7u plus large de notre cuisine, avec des plats qui changent en fonction des ingr\u00e9dients disponibles et du travail quotidien dans le jardin.<br \/>\n<\/span><span style=\"font-weight: 400\">Une exp\u00e9rience articul\u00e9e et coh\u00e9rente, con\u00e7ue pour ceux qui souhaitent d\u00e9couvrir nos saveurs \u00e0 travers des combinaisons \u00e9quilibr\u00e9es, des mati\u00e8res premi\u00e8res trait\u00e9es avec respect et un service mesur\u00e9.<br \/>\n<\/span><span style=\"font-weight: 400\">Un moment \u00e0 vivre calmement, dans la tranquillit\u00e9 de la propri\u00e9t\u00e9 et dans l'atmosph\u00e8re qui caract\u00e9rise notre hospitalit\u00e9.<\/span><\/p>","protected":false},"excerpt":{"rendered":"<p>Le bon est valable pour 1 personne.<br \/>\nPour plus de personnes, il suffit d'augmenter la quantit\u00e9 dans le panier.<br \/>\nBon d'achat num\u00e9rique et personnalisable, valable 6 mois \u00e0 compter de la date d'achat.<\/p>","protected":false},"featured_media":1449,"template":"","meta":{"_acf_changed":false},"product_brand":[],"product_cat":[39,41],"product_tag":[],"class_list":{"0":"post-1371","1":"product","2":"type-product","3":"status-publish","4":"has-post-thumbnail","6":"product_cat-box-regalo","7":"product_cat-gift-voucher","9":"first","10":"instock","11":"virtual","12":"purchasable","13":"product-type-simple"},"acf":[],"_links":{"self":[{"href":"https:\/\/staging.kaiserfarmhouse.com\/fr\/wp-json\/wp\/v2\/product\/1371","targetHints":{"allow":["GET"]}}],"collection":[{"href":"https:\/\/staging.kaiserfarmhouse.com\/fr\/wp-json\/wp\/v2\/product"}],"about":[{"href":"https:\/\/staging.kaiserfarmhouse.com\/fr\/wp-json\/wp\/v2\/types\/product"}],"wp:featuredmedia":[{"embeddable":true,"href":"https:\/\/staging.kaiserfarmhouse.com\/fr\/wp-json\/wp\/v2\/media\/1449"}],"wp:attachment":[{"href":"https:\/\/staging.kaiserfarmhouse.com\/fr\/wp-json\/wp\/v2\/media?parent=1371"}],"wp:term":[{"taxonomy":"product_brand","embeddable":true,"href":"https:\/\/staging.kaiserfarmhouse.com\/fr\/wp-json\/wp\/v2\/product_brand?post=1371"},{"taxonomy":"product_cat","embeddable":true,"href":"https:\/\/staging.kaiserfarmhouse.com\/fr\/wp-json\/wp\/v2\/product_cat?post=1371"},{"taxonomy":"product_tag","embeddable":true,"href":"https:\/\/staging.kaiserfarmhouse.com\/fr\/wp-json\/wp\/v2\/product_tag?post=1371"}],"curies":[{"name":"wp","href":"https:\/\/api.w.org\/{rel}","templated":true}]}}