{"id":1369,"date":"2025-11-29T17:14:48","date_gmt":"2025-11-29T17:14:48","guid":{"rendered":"https:\/\/kaiserfarmhouse.com\/?post_type=product&#038;p=1369"},"modified":"2025-12-04T17:33:47","modified_gmt":"2025-12-04T17:33:47","slug":"boisson-alimentation-4-recettes-gourmandes-bon-dachat","status":"publish","type":"product","link":"https:\/\/staging.kaiserfarmhouse.com\/fr\/product\/boisson-alimentation-4-recettes-gourmandes-bon-dachat\/","title":{"rendered":"Boissons et alimentation<\/br>4 recettes gourmandes<\/br>Ch\u00e8que-cadeau"},"content":{"rendered":"<p><span style=\"font-weight: 400;\">Un ap\u00e9ritif construit autour de quatre pr\u00e9parations mettant en valeur des ingr\u00e9dients frais et des recettes soigneusement \u00e9labor\u00e9es, accompagn\u00e9 d'une boisson au choix.<br \/>\n<\/span><span style=\"font-weight: 400;\">Une fa\u00e7on agr\u00e9able d'aborder notre cuisine \u00e0 travers des saveurs claires, des combinaisons \u00e9quilibr\u00e9es et des mati\u00e8res premi\u00e8res trait\u00e9es avec soin.<br \/>\n<\/span><span style=\"font-weight: 400;\">Une exp\u00e9rience con\u00e7ue pour \u00eatre v\u00e9cue calmement, immerg\u00e9e dans la tranquillit\u00e9 de la propri\u00e9t\u00e9 et dans notre id\u00e9e de l'hospitalit\u00e9.<\/span><\/p>","protected":false},"excerpt":{"rendered":"<p>Le bon est valable pour 1 personne.<br \/>\nPour plus de personnes, il suffit d'augmenter la quantit\u00e9 dans le panier.<br \/>\nBon d'achat num\u00e9rique et personnalisable, valable 6 mois \u00e0 compter de la date d'achat.<\/p>","protected":false},"featured_media":1446,"template":"","meta":{"_acf_changed":false},"product_brand":[],"product_cat":[39,41],"product_tag":[],"class_list":{"0":"post-1369","1":"product","2":"type-product","3":"status-publish","4":"has-post-thumbnail","6":"product_cat-box-regalo","7":"product_cat-gift-voucher","9":"first","10":"instock","11":"virtual","12":"purchasable","13":"product-type-simple"},"acf":[],"_links":{"self":[{"href":"https:\/\/staging.kaiserfarmhouse.com\/fr\/wp-json\/wp\/v2\/product\/1369","targetHints":{"allow":["GET"]}}],"collection":[{"href":"https:\/\/staging.kaiserfarmhouse.com\/fr\/wp-json\/wp\/v2\/product"}],"about":[{"href":"https:\/\/staging.kaiserfarmhouse.com\/fr\/wp-json\/wp\/v2\/types\/product"}],"wp:featuredmedia":[{"embeddable":true,"href":"https:\/\/staging.kaiserfarmhouse.com\/fr\/wp-json\/wp\/v2\/media\/1446"}],"wp:attachment":[{"href":"https:\/\/staging.kaiserfarmhouse.com\/fr\/wp-json\/wp\/v2\/media?parent=1369"}],"wp:term":[{"taxonomy":"product_brand","embeddable":true,"href":"https:\/\/staging.kaiserfarmhouse.com\/fr\/wp-json\/wp\/v2\/product_brand?post=1369"},{"taxonomy":"product_cat","embeddable":true,"href":"https:\/\/staging.kaiserfarmhouse.com\/fr\/wp-json\/wp\/v2\/product_cat?post=1369"},{"taxonomy":"product_tag","embeddable":true,"href":"https:\/\/staging.kaiserfarmhouse.com\/fr\/wp-json\/wp\/v2\/product_tag?post=1369"}],"curies":[{"name":"wp","href":"https:\/\/api.w.org\/{rel}","templated":true}]}}