{"id":1367,"date":"2025-11-29T17:10:39","date_gmt":"2025-11-29T17:10:39","guid":{"rendered":"https:\/\/kaiserfarmhouse.com\/?post_type=product&#038;p=1367"},"modified":"2025-12-04T17:42:23","modified_gmt":"2025-12-04T17:42:23","slug":"brunch-1200-1400-cheque-cadeau","status":"publish","type":"product","link":"https:\/\/staging.kaiserfarmhouse.com\/fr\/product\/brunch-1200-1400-cheque-cadeau\/","title":{"rendered":"Brunch<\/br>12:00-14:00<\/br>Ch\u00e8que-cadeau"},"content":{"rendered":"<p><span style=\"font-weight: 400;\">Une version plus sal\u00e9e, avec des pr\u00e9parations privil\u00e9giant des notes plus fortes et un \u00e9quilibre diff\u00e9rent de la proposition de 10h00.<br \/>\n<\/span><span style=\"font-weight: 400;\">Un parcours con\u00e7u pour ceux qui pr\u00e9f\u00e8rent les saveurs moins sucr\u00e9es, tout en conservant le m\u00eame soin, la lin\u00e9arit\u00e9 et l'empreinte authentique qui distinguent notre cuisine.<br \/>\n<\/span><span style=\"font-weight: 400;\">Les recettes suivent la disponibilit\u00e9 quotidienne des ingr\u00e9dients frais, en respectant le rythme naturel de la saison.<\/span><\/p>","protected":false},"excerpt":{"rendered":"<p>Le bon est valable pour 1 personne.<br \/>\nPour plus de personnes, il suffit d'augmenter la quantit\u00e9 dans le panier.<br \/>\nBon d'achat num\u00e9rique et personnalisable, valable 6 mois \u00e0 compter de la date d'achat.<br \/>\n<em>Utilisable dans la tranche horaire 12h00-14h00.<\/em><\/p>","protected":false},"featured_media":1450,"template":"","meta":{"_acf_changed":false},"product_brand":[],"product_cat":[39,41],"product_tag":[],"class_list":{"0":"post-1367","1":"product","2":"type-product","3":"status-publish","4":"has-post-thumbnail","6":"product_cat-box-regalo","7":"product_cat-gift-voucher","9":"first","10":"instock","11":"virtual","12":"purchasable","13":"product-type-simple"},"acf":[],"_links":{"self":[{"href":"https:\/\/staging.kaiserfarmhouse.com\/fr\/wp-json\/wp\/v2\/product\/1367","targetHints":{"allow":["GET"]}}],"collection":[{"href":"https:\/\/staging.kaiserfarmhouse.com\/fr\/wp-json\/wp\/v2\/product"}],"about":[{"href":"https:\/\/staging.kaiserfarmhouse.com\/fr\/wp-json\/wp\/v2\/types\/product"}],"wp:featuredmedia":[{"embeddable":true,"href":"https:\/\/staging.kaiserfarmhouse.com\/fr\/wp-json\/wp\/v2\/media\/1450"}],"wp:attachment":[{"href":"https:\/\/staging.kaiserfarmhouse.com\/fr\/wp-json\/wp\/v2\/media?parent=1367"}],"wp:term":[{"taxonomy":"product_brand","embeddable":true,"href":"https:\/\/staging.kaiserfarmhouse.com\/fr\/wp-json\/wp\/v2\/product_brand?post=1367"},{"taxonomy":"product_cat","embeddable":true,"href":"https:\/\/staging.kaiserfarmhouse.com\/fr\/wp-json\/wp\/v2\/product_cat?post=1367"},{"taxonomy":"product_tag","embeddable":true,"href":"https:\/\/staging.kaiserfarmhouse.com\/fr\/wp-json\/wp\/v2\/product_tag?post=1367"}],"curies":[{"name":"wp","href":"https:\/\/api.w.org\/{rel}","templated":true}]}}