{"id":1365,"date":"2025-11-29T16:49:05","date_gmt":"2025-11-29T16:49:05","guid":{"rendered":"https:\/\/kaiserfarmhouse.com\/?post_type=product&#038;p=1365"},"modified":"2025-12-04T17:42:34","modified_gmt":"2025-12-04T17:42:34","slug":"brunch-10-12-bon-cadeau","status":"publish","type":"product","link":"https:\/\/staging.kaiserfarmhouse.com\/fr\/product\/brunch-10-12-bon-cadeau\/","title":{"rendered":"Brunch<\/br>10:00-12:00<\/br>Ch\u00e8que-cadeau"},"content":{"rendered":"<p><span style=\"font-weight: 400;\">Une version plus sucr\u00e9e, con\u00e7ue comme un prolongement du petit-d\u00e9jeuner.<\/span><span style=\"font-weight: 400;\"><br \/>\n<\/span><span style=\"font-weight: 400;\">Un itin\u00e9raire id\u00e9al pour ceux qui aiment les matin\u00e9es lentes, lumineuses et d\u00e9licates.<br \/>\nLes propositions suivent le rythme de la saison et de ce que le potager offre chaque semaine, en gardant toujours une empreinte simple et authentique.<\/span><\/p>","protected":false},"excerpt":{"rendered":"<p>Le bon est valable pour 1 personne.<br \/>\nPour plus de personnes, il suffit d'augmenter la quantit\u00e9 dans le panier.<br \/>\nBon d'achat num\u00e9rique et personnalisable, valable 6 mois \u00e0 compter de la date d'achat.<br \/>\n<em>Peut \u00eatre utilis\u00e9 dans le cr\u00e9neau 10:00-12:00.<\/em><\/p>","protected":false},"featured_media":1448,"template":"","meta":{"_acf_changed":false},"product_brand":[],"product_cat":[39,41],"product_tag":[],"class_list":{"0":"post-1365","1":"product","2":"type-product","3":"status-publish","4":"has-post-thumbnail","6":"product_cat-box-regalo","7":"product_cat-gift-voucher","9":"first","10":"instock","11":"virtual","12":"purchasable","13":"product-type-simple"},"acf":[],"_links":{"self":[{"href":"https:\/\/staging.kaiserfarmhouse.com\/fr\/wp-json\/wp\/v2\/product\/1365","targetHints":{"allow":["GET"]}}],"collection":[{"href":"https:\/\/staging.kaiserfarmhouse.com\/fr\/wp-json\/wp\/v2\/product"}],"about":[{"href":"https:\/\/staging.kaiserfarmhouse.com\/fr\/wp-json\/wp\/v2\/types\/product"}],"wp:featuredmedia":[{"embeddable":true,"href":"https:\/\/staging.kaiserfarmhouse.com\/fr\/wp-json\/wp\/v2\/media\/1448"}],"wp:attachment":[{"href":"https:\/\/staging.kaiserfarmhouse.com\/fr\/wp-json\/wp\/v2\/media?parent=1365"}],"wp:term":[{"taxonomy":"product_brand","embeddable":true,"href":"https:\/\/staging.kaiserfarmhouse.com\/fr\/wp-json\/wp\/v2\/product_brand?post=1365"},{"taxonomy":"product_cat","embeddable":true,"href":"https:\/\/staging.kaiserfarmhouse.com\/fr\/wp-json\/wp\/v2\/product_cat?post=1365"},{"taxonomy":"product_tag","embeddable":true,"href":"https:\/\/staging.kaiserfarmhouse.com\/fr\/wp-json\/wp\/v2\/product_tag?post=1365"}],"curies":[{"name":"wp","href":"https:\/\/api.w.org\/{rel}","templated":true}]}}