{"id":938,"date":"2025-11-17T13:45:57","date_gmt":"2025-11-17T13:45:57","guid":{"rendered":"https:\/\/youseeme.plus\/kaiser\/?page_id=938"},"modified":"2025-12-01T14:00:40","modified_gmt":"2025-12-01T14:00:40","slug":"aperitif","status":"publish","type":"page","link":"https:\/\/staging.kaiserfarmhouse.com\/fr\/aperitif\/","title":{"rendered":"Ap\u00e9ritif"},"content":{"rendered":"<p><img decoding=\"async\" src=\"\/wp-content\/uploads\/2025\/11\/KaiserFarmHouse-Aperitivo-1.jpg\" alt=\"\"><br \/>\n<img decoding=\"async\" src=\"\/wp-content\/uploads\/2025\/11\/KaiserFarmHouse-Aperitivo-2.jpg\" alt=\"\"><br \/>\n<img decoding=\"async\" src=\"\/wp-content\/uploads\/2025\/11\/KaiserFarmHouse-Aperitivo-3.jpg\" alt=\"\"><\/p>\n<div>\n<p>D\u00e9lectez-vous d'une s\u00e9lection vari\u00e9e d'entr\u00e9es v\u00e9g\u00e9tariennes, pr\u00e9par\u00e9es avec des ingr\u00e9dients frais et de saison qui font ressortir les saveurs de la nature. Savourez le croquant. R\u00e9galez-vous avec une s\u00e9lection vari\u00e9e d'entr\u00e9es v\u00e9g\u00e9tariennes, pr\u00e9par\u00e9es avec des ingr\u00e9dients frais et de saison qui font ressortir les saveurs de la nature. Pr\u00e9parez-vous \u00e0 appr\u00e9cier le croquant des l\u00e9gumes, la finesse des cr\u00e8mes gourmandes et la d\u00e9licatesse des fromages locaux. Accompagnez ces d\u00e9lices de votre boisson pr\u00e9f\u00e9r\u00e9e, en choisissant un verre de vin bio de la r\u00e9gion ou une boisson signature, pr\u00e9par\u00e9e avec notre s\u00e9lection d'alcools de qualit\u00e9 fermi\u00e8re. Partagez des moments de joie et de convivialit\u00e9 avec vos amis et votre famille, entour\u00e9s de la beaut\u00e9 de la campagne environnante et de l'hospitalit\u00e9 chaleureuse de notre ferme. Les l\u00e9gumes, le raffinement des cr\u00e8mes gourmandes et la d\u00e9licatesse des fromages locaux. Accompagnez ces d\u00e9lices de votre boisson pr\u00e9f\u00e9r\u00e9e, en choisissant un verre de vin biologique de la r\u00e9gion ou une boisson signature, pr\u00e9par\u00e9e avec notre s\u00e9lection de distilleries fermi\u00e8res d'excellence. Partagez des moments de joie et de convivialit\u00e9 avec vos amis et votre famille, entour\u00e9s de la beaut\u00e9 de la campagne environnante et de l'hospitalit\u00e9 chaleureuse de notre ferme.<\/p>\n<\/div>\n<h1>Menu ap\u00e9ritif<\/h1>\n<h1>Boissons et alimentation - 4 recettes gourmandes<br \/>11:00-14:00 \/ 18:00-20:00 | \u20ac35<\/p>\n<p>Ap\u00e9ritif d\u00e9jeunatoire - 8 recettes gourmandes<br \/>12:00-14:00 | \u20ac55<\/p>\n<p>Ap\u00e9ritif d\u00eenatoire - 8 recettes gourmandes<br \/>19:00-22:00 | \u20ac55<\/h1>\n<ul>\n<li>\n<h3>Fantaisie<\/h3>\n<div>\n<p>de l\u00e9gumes ferment\u00e9s<\/p>\n<\/div>\n<\/li>\n<li>\n<h3>Oignons rouges<\/h3>\n<div>\n<p>sucr\u00e9-sal\u00e9<\/p>\n<\/div>\n<\/li>\n<li>\n<h3>D\u00e9gustation <\/h3>\n<div>\n<p>Huile d'olive du marais des Renards<\/p>\n<\/div>\n<\/li>\n<li>\n<h3>Crudit\u00e9s de l\u00e9gumes<\/h3>\n<div>\n<p>avec du houmous de pois chiches et de potiron<\/p>\n<\/div>\n<\/li>\n<li>\n<h3>Pita<\/h3>\n<div>\n<p>avec Babaganoush<\/p>\n<\/div>\n<\/li>\n<li>\n<h3>Mutabbal <\/h3>\n<div>\n<p>de courgettes<\/p>\n<\/div>\n<\/li>\n<li>\n<h3>Riz rouge<\/h3>\n<div>\n<p>avec des d\u00e9s de l\u00e9gumes du jardin<\/p>\n<\/div>\n<\/li>\n<li>\n<h3>Orzotto <\/h3>\n<div>\n<p>avec des d\u00e9s de l\u00e9gumes du jardin<\/p>\n<\/div>\n<\/li>\n<li>\n<h3>Soupettes <\/h3>\n<div>\n<p>chaud en saison<\/p>\n<\/div>\n<\/li>\n<li>\n<h3>Olives <\/h3>\n<div>\n<p>de notre oliveraie<\/p>\n<\/div>\n<\/li>\n<li>\n<h3>Pommes de terre nouvelles <\/h3>\n<div>\n<p>dans une friteuse<\/p>\n<\/div>\n<\/li>\n<li>\n<h3>Puffs <\/h3>\n<div>\n<p>\u00e0 la cr\u00e8me de topinambour<\/p>\n<\/div>\n<\/li>\n<li>\n<h3>Puffs <\/h3>\n<div>\n<p>au navet rouge \u00e0 la cr\u00e8me<\/p>\n<\/div>\n<\/li>\n<li>\n<h3>Croquant gourmand<\/h3>\n<div>\n<p>\u00e0 l'huile et au romarin<\/p>\n<\/div>\n<\/li>\n<li>\n<h3>Pizzette <\/h3>\n<div>\n<p>\u00e0 la tomate et au fromage ricotta sal\u00e9<\/p>\n<\/div>\n<\/li>\n<li>\n<h3>Fromages <\/h3>\n<div>\n<p>fromage d'Alpeggio avec poires Madernassa et miel<\/p>\n<\/div>\n<\/li>\n<\/ul>\n<h1>Boisson au choix incluse<\/h1>\n<div>\n<div>\n<p>Le vin<br \/>Gin<br \/>Vermouth<br \/>Negroni<br \/>Am\u00e9ricain<br \/>Amer<br \/>Bloody Mary au jus de tomate frais<br \/>Bi\u00e8res gourmandes<br \/>Kombucha<br \/>Centrifugeuses pour fruits et l\u00e9gumes<br \/>Alcools de m\u00e9nage<\/p>\n<\/div>\n<\/div>\n<ul>\n<li>\n<p>\n        <a href=\"https:\/\/kaiser-farm.resos.com\/booking\">Livre<\/a>\n    <\/p>\n<\/li>\n<li>\n<p>\n        <a href=\"\/fr\/donne-une-experience\/\">Faire part d'une exp\u00e9rience<\/a>\n    <\/p>\n<\/li>\n<\/ul>\n<hr>\n<div>\n<div class=\"vc_row wpb_row vc_row-fluid\">\n<div class=\"wpb_column vc_column_container vc_col-sm-8\">\n<div class=\"vc_column-inner\">\n<div class=\"wpb_wrapper\">\n<div class=\"wpb_text_column wpb_content_element\">\n<div class=\"wpb_wrapper\">\n<p><strong>Quelques conseils utiles<\/strong>:<\/p>\n<ul>\n<li>Les menus de d\u00e9gustation sont susceptibles d'\u00eatre modifi\u00e9s en fonction de la disponibilit\u00e9 des produits et de la saisonnalit\u00e9.<\/li>\n<li>Si vous souffrez d'allergies et\/ou d'intol\u00e9rances alimentaires, veuillez contacter notre personnel, qui vous fournira des informations appropri\u00e9es sur nos aliments et nos boissons.<\/li>\n<li>Nos installations sont con\u00e7ues pour offrir un environnement de tranquillit\u00e9 et de s\u00e9r\u00e9nit\u00e9 totales, dans lequel nous nous effor\u00e7ons de respecter le repos et la tranquillit\u00e9 des autres h\u00f4tes. Pour ces raisons, nous ne sommes pas en mesure d'accueillir des familles avec des enfants de moins de quatre ans.<\/li>\n<li>Nous comptons sur votre discr\u00e9tion pour l'utilisation des t\u00e9l\u00e9phones portables.<\/li>\n<li>N'oubliez pas qu'il est interdit de fumer, \u00e0 l'exception de la cigarette \u00e9lectronique.<\/li>\n<li>Seuls les petits chiens en laisse sont autoris\u00e9s.<\/li>\n<li>Pour votre s\u00e9curit\u00e9 et le bien-\u00eatre de nos animaux, ne les approchez pas et ne les nourrissez pas.<\/li>\n<\/ul>\n<\/div>\n<\/div>\n<\/div>\n<\/div>\n<\/div>\n<div class=\"wpb_column vc_column_container vc_col-sm-2\">\n<div class=\"vc_column-inner\">\n<div class=\"wpb_wrapper\"><\/div>\n<\/div>\n<\/div>\n<\/div>\n<div class=\"vc_row wpb_row vc_row-fluid\">\n<div class=\"wpb_column vc_column_container vc_col-sm-12\">\n<div class=\"vc_column-inner\">\n<div class=\"wpb_wrapper\">\n<div class=\"vc_separator wpb_content_element vc_separator_align_center vc_sep_width_100 vc_sep_border_width_10 vc_sep_pos_align_center vc_separator_no_text vc_sep_color_white\"><\/div>\n<\/div>\n<\/div>\n<\/div>\n<\/div>\n<\/div>\n<p><!--more--><br \/>\n<!-- {\"type\":\"layout\",\"children\":[{\"type\":\"section\",\"props\":{\"image_position\":\"center-center\",\"style\":\"default\",\"title_breakpoint\":\"xl\",\"title_position\":\"top-left\",\"title_rotation\":\"left\",\"vertical_align\":\"middle\",\"width\":\"default\"},\"children\":[{\"type\":\"row\",\"props\":{\"column_gap\":\"small\",\"layout\":\"1-3,1-3,1-3\"},\"children\":[{\"type\":\"column\",\"props\":{\"image_position\":\"center-center\",\"position_sticky_breakpoint\":\"m\",\"width_medium\":\"1-3\"},\"children\":[{\"type\":\"image\",\"props\":{\"image\":\"wp-content\\\/uploads\\\/2025\\\/11\\\/KaiserFarmHouse-Aperitivo-1.jpg\",\"image_border\":\"rounded\",\"image_box_shadow\":\"large\",\"image_svg_color\":\"emphasis\",\"margin\":\"default\"}}]},{\"type\":\"column\",\"props\":{\"image_position\":\"center-center\",\"position_sticky_breakpoint\":\"m\",\"width_medium\":\"1-3\"},\"children\":[{\"type\":\"image\",\"props\":{\"image\":\"wp-content\\\/uploads\\\/2025\\\/11\\\/KaiserFarmHouse-Aperitivo-2.jpg\",\"image_border\":\"rounded\",\"image_box_shadow\":\"large\",\"image_svg_color\":\"emphasis\",\"margin\":\"default\"}}]},{\"type\":\"column\",\"props\":{\"image_position\":\"center-center\",\"position_sticky_breakpoint\":\"m\",\"width_medium\":\"1-3\"},\"children\":[{\"type\":\"image\",\"props\":{\"image\":\"wp-content\\\/uploads\\\/2025\\\/11\\\/KaiserFarmHouse-Aperitivo-3.jpg\",\"image_border\":\"rounded\",\"image_box_shadow\":\"large\",\"image_svg_color\":\"emphasis\",\"margin\":\"default\"}}]}]},{\"type\":\"row\",\"children\":[{\"type\":\"column\",\"props\":{\"image_position\":\"center-center\",\"position_sticky_breakpoint\":\"m\"},\"children\":[{\"type\":\"text\",\"props\":{\"block_align\":\"center\",\"column_breakpoint\":\"m\",\"content\":\"\n\n<p>Deliziati con una variegata selezione di antipasti vegetariani, preparati con ingredienti freschi e di stagione, che esaltano i sapori della natura. Gusta la croccantezza. Deliziati con una variegata selezione di antipasti vegetariani, preparati con ingredienti freschi e di stagione, che esaltano i sapori della natura. Preparati a gustare la croccantezza delle verdure, la raffinatezza delle creme gourmet e la delicatezza dei formaggi locali. Accompagna queste prelibatezze con il tuo drink preferito, scegliendo tra un calice di vino biologico della regione o un drink d\\u2019autore, preparato con la nostra selezione di distillati di qualit\\u00e0 agricola. Condividi momenti di gioia e convivialit\\u00e0 con amici e familiari, immersi nella bellezza della campagna circostante e nel calore dell\\u2019ospitalit\\u00e0 della nostra farmhouse. Le verdure, la raffinatezza delle creme gourmet e la delicatezza dei formaggi locali. Accompagna queste prelibatezze con il tuo drink preferito, scegliendo tra un calice di vino biologico della regione o un drink d\\u2019autore, preparato con la nostra selezione di distilleria agricola d\\u2019eccellenza. Condividi momenti di gioia e convivialit\\u00e0 con amici e familiari, immersi nella bellezza della campagna circostante e nel calore dell\\u2019ospitalit\\u00e0 della nostra farmhouse.<\\\/p>\",\"margin\":\"\",\"maxwidth\":\"2xlarge\",\"text_align\":\"center\",\"text_style\":\"large\"}},{\"type\":\"headline\",\"props\":{\"content\":\"Men\\u00f9 Aperitivo\",\"margin\":\"large\",\"margin_remove_bottom\":true,\"margin_remove_top\":false,\"text_align\":\"center\",\"title_element\":\"h1\",\"title_font_family\":\"tertiary\",\"title_style\":\"h1\"}},{\"type\":\"headline\",\"props\":{\"content\":\"Drink &amp; Food \\u2013 4 ricette gourmet<br \\\/>11:00\\u201314:00 \\\/ 18:00\\u201320:00 | \\u20ac35<br \\\/><br \\\/>Aperitif Lunch \\u2013 8 ricette gourmet<br \\\/>12:00\\u201314:00 | \\u20ac55<br \\\/><br \\\/>Aperitif Dinner \\u2013 8 ricette gourmet<br \\\/>19:00\\u201322:00 | \\u20ac55\",\"margin_remove_top\":false,\"text_align\":\"center\",\"title_color\":\"success\",\"title_element\":\"h1\",\"title_style\":\"h4\"}},{\"type\":\"description_list\",\"props\":{\"column_breakpoint\":\"m\",\"content_style\":\"text-large\",\"layout\":\"stacked\",\"list_element\":\"ul\",\"list_size\":\"large\",\"list_style\":\"divider\",\"margin\":\"medium\",\"meta_align\":\"bottom\",\"meta_color\":\"primary\",\"meta_style\":\"text-large\",\"show_content\":true,\"show_link\":true,\"show_meta\":true,\"show_title\":true,\"text_align\":\"center\",\"title_color\":\"success\",\"title_element\":\"div\",\"title_grid_column_gap\":\"small\",\"title_grid_row_gap\":\"small\",\"title_grid_width\":\"auto\",\"title_leader\":true,\"title_style\":\"h4\"},\"children\":[{\"type\":\"description_list_item\",\"props\":{\"content\":\"\n\n<p>di verdure fermentate<\\\/p>\",\"meta\":\"\",\"title\":\"Fantasia\"}},{\"type\":\"description_list_item\",\"props\":{\"content\":\"\n\n<p>in agrodolce<\\\/p>\",\"meta\":\"\",\"title\":\"Cipolle rosse\"}},{\"type\":\"description_list_item\",\"props\":{\"content\":\"\n\n<p>Olio evo Palude delle volpi<\\\/p>\",\"meta\":\"\",\"title\":\"Degustazione \"}},{\"type\":\"description_list_item\",\"props\":{\"content\":\"\n\n<p>con hummus di ceci e zucca<\\\/p>\",\"meta\":\"\",\"title\":\"Crudit\\u00e8 di verdure\"}},{\"type\":\"description_list_item\",\"props\":{\"content\":\"\n\n<p>con Babaganoush<\\\/p>\",\"meta\":\"\",\"title\":\"Pita\"}},{\"type\":\"description_list_item\",\"props\":{\"content\":\"\n\n<p>di zucchine<\\\/p>\",\"meta\":\"\",\"title\":\"Mutabbal \"}},{\"type\":\"description_list_item\",\"props\":{\"content\":\"\n\n<p>con dadolata di verdure dell\\u2019orto<\\\/p>\",\"meta\":\"\",\"title\":\"Riso rosso\"}},{\"type\":\"description_list_item\",\"props\":{\"content\":\"\n\n<p>con dadolata di verdure dell\\u2019orto<\\\/p>\",\"meta\":\"\",\"title\":\"Orzotto \"}},{\"type\":\"description_list_item\",\"props\":{\"content\":\"\n\n<p>calde di stagione<\\\/p>\",\"meta\":\"\",\"title\":\"Zuppette \"}},{\"type\":\"description_list_item\",\"props\":{\"content\":\"\n\n<p>del nostro oliveto<\\\/p>\",\"meta\":\"\",\"title\":\"Olive \"}},{\"type\":\"description_list_item\",\"props\":{\"content\":\"\n\n<p>in friggitrice ad aria<\\\/p>\",\"meta\":\"\",\"title\":\"Patate novelle \"}},{\"type\":\"description_list_item\",\"props\":{\"content\":\"\n\n<p>con crema di topinambur<\\\/p>\",\"meta\":\"\",\"title\":\"Sfogliatine \"}},{\"type\":\"description_list_item\",\"props\":{\"content\":\"\n\n<p>con crema di rapa rossa<\\\/p>\",\"meta\":\"\",\"title\":\"Sfogliatine \"}},{\"type\":\"description_list_item\",\"props\":{\"content\":\"\n\n<p>con olio e rosmarino<\\\/p>\",\"meta\":\"\",\"title\":\"Scrocchiarella gourmet\"}},{\"type\":\"description_list_item\",\"props\":{\"content\":\"\n\n<p>con pomodoro e ricotta salata<\\\/p>\",\"meta\":\"\",\"title\":\"Pizzette \"}},{\"type\":\"description_list_item\",\"props\":{\"content\":\"\n\n<p>d\\u2019Alpeggio con pere Madernassa e miele<\\\/p>\",\"meta\":\"\",\"title\":\"Formaggi \"}}]}]}]}]},{\"type\":\"section\",\"props\":{\"image_position\":\"center-center\",\"style\":\"default\",\"title_breakpoint\":\"xl\",\"title_position\":\"top-left\",\"title_rotation\":\"left\",\"vertical_align\":\"middle\",\"width\":\"default\"},\"children\":[{\"type\":\"row\",\"props\":{\"width\":\"xsmall\"},\"children\":[{\"type\":\"column\",\"props\":{\"image_position\":\"center-center\",\"position_sticky_breakpoint\":\"m\"},\"children\":[{\"type\":\"headline\",\"props\":{\"content\":\"Bevanda a scelta inclusa\",\"margin\":\"medium\",\"margin_remove_bottom\":false,\"margin_remove_top\":false,\"text_align\":\"center\",\"title_element\":\"h1\",\"title_font_family\":\"tertiary\",\"title_style\":\"h1\"}},{\"type\":\"description_list\",\"props\":{\"column_breakpoint\":\"m\",\"content_style\":\"text-large\",\"layout\":\"stacked\",\"list_element\":\"ul\",\"list_size\":\"large\",\"list_style\":\"divider\",\"margin\":\"remove-vertical\",\"meta_align\":\"bottom\",\"meta_color\":\"primary\",\"meta_style\":\"text-large\",\"show_content\":true,\"show_link\":true,\"show_meta\":true,\"show_title\":true,\"text_align\":\"center\",\"title_colon\":false,\"title_color\":\"success\",\"title_element\":\"div\",\"title_grid_column_gap\":\"small\",\"title_grid_row_gap\":\"small\",\"title_grid_width\":\"auto\",\"title_leader\":true,\"title_style\":\"h4\"},\"children\":[{\"type\":\"description_list_item\",\"props\":{\"content\":\"\n\n<p>Vino<br \\\/>Gin<br \\\/>Vermouth<br \\\/>Negroni<br \\\/>Americano<br \\\/>B Bitter<br \\\/>Bloody Mary con succo di pomodoro fresco<br \\\/>Birre gourmet<br \\\/>Kombucha<br \\\/>Centrifughe di frutta e verdura<br \\\/>Analcolici della casa<\\\/p>\",\"meta\":\"\",\"title\":\"\"}}]}]}]}]},{\"type\":\"section\",\"props\":{\"image_position\":\"center-center\",\"style\":\"default\",\"title_breakpoint\":\"xl\",\"title_position\":\"top-left\",\"title_rotation\":\"left\",\"vertical_align\":\"middle\",\"width\":\"default\"},\"children\":[{\"type\":\"row\",\"children\":[{\"type\":\"column\",\"props\":{\"image_position\":\"center-center\",\"position_sticky_breakpoint\":\"m\"},\"children\":[{\"type\":\"button\",\"props\":{\"fullwidth\":true,\"grid_column_gap\":\"small\",\"grid_row_gap\":\"small\",\"margin\":\"default\",\"text_align\":\"center\"},\"children\":[{\"type\":\"button_item\",\"props\":{\"button_style\":\"secondary\",\"content\":\"Prenota\",\"dialog_layout\":\"modal\",\"dialog_offcanvas_flip\":true,\"icon_align\":\"left\",\"link\":\"https:\\\/\\\/kaiser-farm.resos.com\\\/booking\",\"link_target\":\"blank\"}},{\"type\":\"button_item\",\"props\":{\"button_style\":\"secondary\",\"content\":\"Regala un'esperienza\",\"dialog_layout\":\"modal\",\"dialog_offcanvas_flip\":true,\"icon_align\":\"left\",\"link\":\"regala-un-esperienza\\\/\"}}],\"name\":\"bottone per menu\"},{\"type\":\"divider\",\"props\":{\"divider_element\":\"hr\"}},{\"type\":\"text\",\"props\":{\"column_breakpoint\":\"m\",\"content\":\"\n\n<div class=\\\"vc_row wpb_row vc_row-fluid\\\">\\n\n\n<div class=\\\"wpb_column vc_column_container vc_col-sm-8\\\">\\n\n\n<div class=\\\"vc_column-inner\\\">\\n\n\n<div class=\\\"wpb_wrapper\\\">\\n\n\n<div class=\\\"wpb_text_column wpb_content_element\\\">\\n\n\n<div class=\\\"wpb_wrapper\\\">\\n\n\n<p><strong>Alcune indicazioni utili<\\\/strong>:<\\\/p>\\n\n\n<ul>\\n\n\n<li>I menu degustativi possono subire delle variazioni in base alla disponibilit\\u00e0 dei prodotti e nel rispetto della stagionalit\\u00e0.<\\\/li>\\n\n\n<li>In presenza di allergie e\\\/o intolleranze alimentari, si rivolga al nostro personale, che provveder\\u00e0 a fornirle informazioni adeguate sui nostri cibi e bevande.<\\\/li>\\n\n\n<li>La nostra struttura \\u00e8 pensata per offrire un ambiente di totale tranquillit\\u00e0 e serenit\\u00e0, in cui cerchiamo di rispettare il riposo e la quiete degli altri ospiti. Per queste ragioni, non siamo in grado di accogliere famiglie con bambini al di sotto dei quattro anni.<\\\/li>\\n\n\n<li>Confidiamo nella Vostra discrezione per l\\u2019utilizzo di telefoni cellulari.<\\\/li>\\n\n\n<li>Ricordiamo che non e\\u0300 permesso fumare ad eccetto della sigaretta elettronica.<\\\/li>\\n\n\n<li>Sono permessi solo i cani di piccola taglia tenuti al guinzaglio.<\\\/li>\\n\n\n<li>Per la vostra sicurezza e il benessere dei nostri animali, vi preghiamo di non avvicinarvi e di non dare loro da mangiare.<\\\/li>\\n<\\\/ul>\\n<\\\/div>\\n<\\\/div>\\n<\\\/div>\\n<\\\/div>\\n<\\\/div>\\n\n\n<div class=\\\"wpb_column vc_column_container vc_col-sm-2\\\">\\n\n\n<div class=\\\"vc_column-inner\\\">\\n\n\n<div class=\\\"wpb_wrapper\\\"><\\\/div>\\n<\\\/div>\\n<\\\/div>\\n<\\\/div>\\n\n\n<div class=\\\"vc_row wpb_row vc_row-fluid\\\">\\n\n\n<div class=\\\"wpb_column vc_column_container vc_col-sm-12\\\">\\n\n\n<div class=\\\"vc_column-inner\\\">\\n\n\n<div class=\\\"wpb_wrapper\\\">\\n\n\n<div class=\\\"vc_separator wpb_content_element vc_separator_align_center vc_sep_width_100 vc_sep_border_width_10 vc_sep_pos_align_center vc_separator_no_text vc_sep_color_white\\\"><\\\/div>\\n<\\\/div>\\n<\\\/div>\\n<\\\/div>\\n<\\\/div>\",\"margin\":\"default\"}}]}]}]}],\"version\":\"4.5.32\"} --><\/p>","protected":false},"excerpt":{"rendered":"<p>Deliziati con una variegata selezione di antipasti vegetariani, preparati con ingredienti freschi e di stagione, che esaltano i sapori della natura. Gusta la croccantezza. Deliziati con una variegata selezione di antipasti vegetariani, preparati con ingredienti freschi e di stagione, che esaltano i sapori della natura. Preparati a gustare la croccantezza delle verdure, la raffinatezza delle [&hellip;]<\/p>","protected":false},"author":1,"featured_media":0,"parent":0,"menu_order":0,"comment_status":"closed","ping_status":"closed","template":"","meta":{"_acf_changed":false,"footnotes":""},"class_list":["post-938","page","type-page","status-publish","hentry"],"acf":[],"_links":{"self":[{"href":"https:\/\/staging.kaiserfarmhouse.com\/fr\/wp-json\/wp\/v2\/pages\/938","targetHints":{"allow":["GET"]}}],"collection":[{"href":"https:\/\/staging.kaiserfarmhouse.com\/fr\/wp-json\/wp\/v2\/pages"}],"about":[{"href":"https:\/\/staging.kaiserfarmhouse.com\/fr\/wp-json\/wp\/v2\/types\/page"}],"author":[{"embeddable":true,"href":"https:\/\/staging.kaiserfarmhouse.com\/fr\/wp-json\/wp\/v2\/users\/1"}],"replies":[{"embeddable":true,"href":"https:\/\/staging.kaiserfarmhouse.com\/fr\/wp-json\/wp\/v2\/comments?post=938"}],"version-history":[{"count":31,"href":"https:\/\/staging.kaiserfarmhouse.com\/fr\/wp-json\/wp\/v2\/pages\/938\/revisions"}],"predecessor-version":[{"id":1417,"href":"https:\/\/staging.kaiserfarmhouse.com\/fr\/wp-json\/wp\/v2\/pages\/938\/revisions\/1417"}],"wp:attachment":[{"href":"https:\/\/staging.kaiserfarmhouse.com\/fr\/wp-json\/wp\/v2\/media?parent=938"}],"curies":[{"name":"wp","href":"https:\/\/api.w.org\/{rel}","templated":true}]}}