{"id":937,"date":"2025-11-17T13:45:57","date_gmt":"2025-11-17T13:45:57","guid":{"rendered":"https:\/\/youseeme.plus\/kaiser\/?page_id=937"},"modified":"2025-12-01T14:00:27","modified_gmt":"2025-12-01T14:00:27","slug":"collation","status":"publish","type":"page","link":"https:\/\/staging.kaiserfarmhouse.com\/fr\/collation\/","title":{"rendered":"Collation"},"content":{"rendered":"<p><img decoding=\"async\" src=\"\/wp-content\/uploads\/2025\/11\/KaiserFarmHouse-Merenda-1.jpg\" alt=\"\"><br \/>\n<img decoding=\"async\" src=\"\/wp-content\/uploads\/2025\/11\/KaiserFarmHouse-Merenda-2.jpg\" alt=\"\"><br \/>\n<img decoding=\"async\" src=\"\/wp-content\/uploads\/2025\/11\/KaiserFarmHouse-Merenda-3.jpg\" alt=\"\"><\/p>\n<div>\n<p>L'apport calorique d'une collation ne doit pas d\u00e9passer 10% des besoins journaliers : le but de la collation est de couper la faim, afin de ne pas arriver trop affam\u00e9 au repas suivant, et non de se rassasier.<br \/>Pendant les pauses, nous avons \u00e9galement tendance \u00e0 manger trop souvent des produits riches en sucre, en hydrates de carbone et en sel.\u00a0<br \/>Remplacer les viennoiseries et les produits de boulangerie industrielle par un en-cas fait maison est le meilleur choix : s\u00e9lection m\u00e9ticuleuse de chaque ingr\u00e9dient riche en vitamines et micronutriments, provenance 0 km, faible teneur en sucre et en graisses satur\u00e9es, absence de conservateurs.<\/p>\n<\/div>\n<h1>Menu des collations<\/h1>\n<h1>15:00-18:00<\/h1>\n<ul>\n<li>\n<h3>JARDIN FROID<\/h3>\n<div>\n<p>D\u00e9lice de fruits de notre jardin avec des noisettes d\u00e9cortiqu\u00e9es<\/p>\n<\/div>\n<\/li>\n<li>\n<h3>LA M\u00dbRE DES BOIS<\/h3>\n<div>\n<p>Pudding aux graines de chia avec des m\u00fbres et du granola croquant<\/p>\n<\/div>\n<\/li>\n<li>\n<h3>D\u00c9LICE CR\u00c9MEUX<\/h3>\n<div>\n<p>Coulis de fruits avec glace maison<\/p>\n<\/div>\n<\/li>\n<li>\n<h3>LES DEUX COH\u00c9RENCES<\/h3>\n<div>\n<p>Gratin de fruits chauds avec cr\u00e8me p\u00e2tissi\u00e8re<\/p>\n<\/div>\n<\/li>\n<li>\n<h3>KAISERSCHMARREN<\/h3>\n<div>\n<p>D\u00e9licieux plat traditionnel autrichien servi avec du sucre glace et de la confiture de fruits.<\/p>\n<\/div>\n<\/li>\n<li>\n<h3>PAINS \u00c0 LA CR\u00c8ME GIRDLE<\/h3>\n<div>\n<p>Petites p\u00e2tisseries accompagn\u00e9es d'une compote de fruits ou du miel de nos abeilles<\/p>\n<\/div>\n<\/li>\n<li>\n<h3>PAIN ET CONFITURE<\/h3>\n<div>\n<p>Pain au levain de c\u00e9r\u00e9ales anciennes avec une s\u00e9lection de compotes maison<\/p>\n<\/div>\n<\/li>\n<li>\n<h3>DES D\u00c9LICES ENVELOPPANTS<\/h3>\n<div>\n<p>Boulettes de pommes \u00e0 la p\u00e2te phyllo et \u00e0 la cannelle<\/p>\n<\/div>\n<\/li>\n<li>\n<h3>\u00c9NERGIE NATURELLE<\/h3>\n<div>\n<p>Smoothie cr\u00e9meux aux fruits de saison et au lait v\u00e9g\u00e9tal, rafra\u00eechissant et vitamin\u00e9<\/p>\n<\/div>\n<\/li>\n<li>\n<h3>HARMONIE DE FRUITS<\/h3>\n<div>\n<p>Salade de fruits avec garniture croquante sur ricotta biologique \u00e0 la vanille<\/p>\n<\/div>\n<\/li>\n<li>\n<h3>L'HEURE DU TH\u00c9<\/h3>\n<div>\n<p>Th\u00e9 en feuilles avec une s\u00e9lection de g\u00e2teaux faits maison<\/p>\n<\/div>\n<\/li>\n<li>\n<h3>PARFUMS D'ESPRIT<\/h3>\n<div>\n<p>Caf\u00e9 \u00e9pic\u00e9 \u00e0 la cardamome avec zabaglione et cacao amer<\/p>\n<\/div>\n<\/li>\n<\/ul>\n<h1>Boissons chaudes et froides<\/h1>\n<div>\n<div>\n<p>L\u00e9gumes ou fruits centrifug\u00e9s provenant de nos champs<br \/>Infusions chaudes ou froides d'herbes du jardin<br \/>S\u00e9lection de th\u00e9s <br \/>S\u00e9lection de caf\u00e9 expresso<br \/>Caf\u00e9 am\u00e9ricain<br \/>Capuccino au lait de vache ou v\u00e9g\u00e9tal biologique<br \/>Caf\u00e9 moka \u00e9pic\u00e9 \u00e0 la cardamome avec zabaglione et cacao<\/p>\n<\/div>\n<\/div>\n<ul>\n<li>\n<p>\n        <a href=\"https:\/\/kaiser-farm.resos.com\/booking\">Livre<\/a>\n    <\/p>\n<\/li>\n<li>\n<p>\n        <a href=\"\/fr\/donne-une-experience\/\">Faire part d'une exp\u00e9rience<\/a>\n    <\/p>\n<\/li>\n<\/ul>\n<hr>\n<div>\n<div class=\"vc_row wpb_row vc_row-fluid\">\n<div class=\"wpb_column vc_column_container vc_col-sm-8\">\n<div class=\"vc_column-inner\">\n<div class=\"wpb_wrapper\">\n<div class=\"wpb_text_column wpb_content_element\">\n<div class=\"wpb_wrapper\">\n<p><strong>Quelques conseils utiles<\/strong>:<\/p>\n<ul>\n<li>Les menus de d\u00e9gustation sont susceptibles d'\u00eatre modifi\u00e9s en fonction de la disponibilit\u00e9 des produits et de la saisonnalit\u00e9.<\/li>\n<li>Si vous souffrez d'allergies et\/ou d'intol\u00e9rances alimentaires, veuillez contacter notre personnel, qui vous fournira des informations appropri\u00e9es sur nos aliments et nos boissons.<\/li>\n<li>Nos installations sont con\u00e7ues pour offrir un environnement de tranquillit\u00e9 et de s\u00e9r\u00e9nit\u00e9 totales, dans lequel nous nous effor\u00e7ons de respecter le repos et la tranquillit\u00e9 des autres h\u00f4tes. Pour ces raisons, nous ne sommes pas en mesure d'accueillir des familles avec des enfants de moins de quatre ans.<\/li>\n<li>Nous comptons sur votre discr\u00e9tion pour l'utilisation des t\u00e9l\u00e9phones portables.<\/li>\n<li>N'oubliez pas qu'il est interdit de fumer, \u00e0 l'exception de la cigarette \u00e9lectronique.<\/li>\n<li>Seuls les petits chiens en laisse sont autoris\u00e9s.<\/li>\n<li>Pour votre s\u00e9curit\u00e9 et le bien-\u00eatre de nos animaux, ne les approchez pas et ne les nourrissez pas.<\/li>\n<\/ul>\n<\/div>\n<\/div>\n<\/div>\n<\/div>\n<\/div>\n<div class=\"wpb_column vc_column_container vc_col-sm-2\">\n<div class=\"vc_column-inner\">\n<div class=\"wpb_wrapper\"><\/div>\n<\/div>\n<\/div>\n<\/div>\n<div class=\"vc_row wpb_row vc_row-fluid\">\n<div class=\"wpb_column vc_column_container vc_col-sm-12\">\n<div class=\"vc_column-inner\">\n<div class=\"wpb_wrapper\">\n<div class=\"vc_separator wpb_content_element vc_separator_align_center vc_sep_width_100 vc_sep_border_width_10 vc_sep_pos_align_center vc_separator_no_text vc_sep_color_white\"><\/div>\n<\/div>\n<\/div>\n<\/div>\n<\/div>\n<\/div>\n<p><!--more--><br \/>\n<!-- {\"type\":\"layout\",\"children\":[{\"type\":\"section\",\"props\":{\"image_position\":\"center-center\",\"style\":\"default\",\"title_breakpoint\":\"xl\",\"title_position\":\"top-left\",\"title_rotation\":\"left\",\"vertical_align\":\"middle\",\"width\":\"default\"},\"children\":[{\"type\":\"row\",\"props\":{\"column_gap\":\"small\",\"layout\":\"1-3,1-3,1-3\"},\"children\":[{\"type\":\"column\",\"props\":{\"image_position\":\"center-center\",\"position_sticky_breakpoint\":\"m\",\"width_medium\":\"1-3\"},\"children\":[{\"type\":\"image\",\"props\":{\"image\":\"wp-content\\\/uploads\\\/2025\\\/11\\\/KaiserFarmHouse-Merenda-1.jpg\",\"image_border\":\"rounded\",\"image_box_shadow\":\"large\",\"image_svg_color\":\"emphasis\",\"margin\":\"default\"}}]},{\"type\":\"column\",\"props\":{\"image_position\":\"center-center\",\"position_sticky_breakpoint\":\"m\",\"width_medium\":\"1-3\"},\"children\":[{\"type\":\"image\",\"props\":{\"image\":\"wp-content\\\/uploads\\\/2025\\\/11\\\/KaiserFarmHouse-Merenda-2.jpg\",\"image_border\":\"rounded\",\"image_box_shadow\":\"large\",\"image_svg_color\":\"emphasis\",\"margin\":\"default\"}}]},{\"type\":\"column\",\"props\":{\"image_position\":\"center-center\",\"position_sticky_breakpoint\":\"m\",\"width_medium\":\"1-3\"},\"children\":[{\"type\":\"image\",\"props\":{\"image\":\"wp-content\\\/uploads\\\/2025\\\/11\\\/KaiserFarmHouse-Merenda-3.jpg\",\"image_border\":\"rounded\",\"image_box_shadow\":\"large\",\"image_svg_color\":\"emphasis\",\"margin\":\"default\"}}]}]},{\"type\":\"row\",\"children\":[{\"type\":\"column\",\"props\":{\"image_position\":\"center-center\",\"position_sticky_breakpoint\":\"m\"},\"children\":[{\"type\":\"text\",\"props\":{\"block_align\":\"center\",\"column_breakpoint\":\"m\",\"content\":\"\n\n<p>L\\u2019apporto calorico di uno spuntino non dovrebbe superare il 10% del fabbisogno giornaliero: lo scopo della merenda \\u00e8\\u00a0fermare la fame, per non arrivare troppo affamati al prossimo pasto, non quello di saziarsi.<br \\\/>In pausa, inoltre, si \\u00e8 soliti mangiare troppo spesso prodotti ad alto contenuto di zuccheri, carboidrati e sale.\\u00a0<br \\\/>Sostituire la pasticceria e i prodotti da forno industriali con una merenda fatta in casa \\u00e8 la scelta migliore: selezione minuziosa di ciascun ingrediente ricco di vitamine e micronutrienti, provenienza km 0, basso contenuto di zuccheri e grassi saturi, senza alcun conservante.<\\\/p>\",\"margin\":\"\",\"maxwidth\":\"2xlarge\",\"text_align\":\"center\",\"text_style\":\"large\"}},{\"type\":\"headline\",\"props\":{\"content\":\"Men\\u00fa Merenda\",\"margin\":\"large\",\"margin_remove_bottom\":true,\"margin_remove_top\":false,\"text_align\":\"center\",\"title_element\":\"h1\",\"title_font_family\":\"tertiary\",\"title_style\":\"h1\"}},{\"type\":\"headline\",\"props\":{\"content\":\"15:00-18:00\",\"margin_remove_top\":true,\"text_align\":\"center\",\"title_color\":\"success\",\"title_element\":\"h1\",\"title_style\":\"h4\"}},{\"type\":\"description_list\",\"props\":{\"column_breakpoint\":\"m\",\"content_style\":\"text-large\",\"layout\":\"stacked\",\"list_element\":\"ul\",\"list_size\":\"large\",\"list_style\":\"divider\",\"margin\":\"medium\",\"meta_align\":\"bottom\",\"meta_color\":\"primary\",\"meta_style\":\"text-large\",\"show_content\":true,\"show_link\":true,\"show_meta\":true,\"show_title\":true,\"text_align\":\"center\",\"title_color\":\"success\",\"title_element\":\"div\",\"title_grid_column_gap\":\"small\",\"title_grid_row_gap\":\"small\",\"title_grid_width\":\"auto\",\"title_leader\":true,\"title_style\":\"h4\"},\"children\":[{\"type\":\"description_list_item\",\"props\":{\"content\":\"\n\n<p>Delizia di frutta del nostro giardino con granella di nocciola<\\\/p>\",\"meta\":\"\",\"title\":\"FRESCO GIARDINO\"}},{\"type\":\"description_list_item\",\"props\":{\"content\":\"\n\n<p>Budino di semi di chia con more e granola croccante<\\\/p>\",\"meta\":\"\",\"title\":\"LA MORA NEL BOSCO\"}},{\"type\":\"description_list_item\",\"props\":{\"content\":\"\n\n<p>Coulis di frutta con gelato artigianale<\\\/p>\",\"meta\":\"\",\"title\":\"CREMOSA DELIZIA\"}},{\"type\":\"description_list_item\",\"props\":{\"content\":\"\n\n<p>Frutti gratinati caldi con crema pasticcera<\\\/p>\",\"title\":\"LE DUE CONSISTENZE\"}},{\"type\":\"description_list_item\",\"props\":{\"content\":\"\n\n<p>Delizioso piatto tradizionale austriaco servito con zucchero a velo e marmellata di frutta<\\\/p>\",\"title\":\"KAISERSCHMARREN\"}},{\"type\":\"description_list_item\",\"props\":{\"content\":\"\n\n<p>Piccoli lievitati accompagnati da composta di frutta o miele delle nostre api<\\\/p>\",\"title\":\"GIRDLE SCONES\"}},{\"type\":\"description_list_item\",\"props\":{\"content\":\"\n\n<p>Pane con lievito madre di grani antichi con selezione di composte fatte in casa<\\\/p>\",\"title\":\"PANE E MARMELLATA\"}},{\"type\":\"description_list_item\",\"props\":{\"content\":\"\n\n<p>Fagottini di mele con pasta fillo e cannella<\\\/p>\",\"title\":\"DELIZIE AVVOLGENTI\"}},{\"type\":\"description_list_item\",\"props\":{\"content\":\"\n\n<p>Smoothie cremoso di frutta di stagione con latte vegetale, rinfrescante e vitaminico<\\\/p>\",\"title\":\"ENERGIA NATURALE\"}},{\"type\":\"description_list_item\",\"props\":{\"content\":\"\n\n<p>Insalata di frutta con topping croccante su ricotta bio alla vaniglia<\\\/p>\",\"title\":\"ARMONIA FRUTTATA\"}},{\"type\":\"description_list_item\",\"props\":{\"content\":\"\n\n<p>Tea in foglie con selezione di dolci fatti in casa<\\\/p>\",\"title\":\"TEA TIME\"}},{\"type\":\"description_list_item\",\"props\":{\"content\":\"\n\n<p>Caff\\u00e8 speziato al Cardamono con zabaione e cacao amaro<\\\/p>\",\"title\":\"AROMI SPEZIATI\"}}]}]}]}]},{\"type\":\"section\",\"props\":{\"image_position\":\"center-center\",\"style\":\"default\",\"title_breakpoint\":\"xl\",\"title_position\":\"top-left\",\"title_rotation\":\"left\",\"vertical_align\":\"middle\",\"width\":\"default\"},\"children\":[{\"type\":\"row\",\"props\":{\"width\":\"xsmall\"},\"children\":[{\"type\":\"column\",\"props\":{\"image_position\":\"center-center\",\"position_sticky_breakpoint\":\"m\"},\"children\":[{\"type\":\"headline\",\"props\":{\"content\":\"Bevande calde e fredde\",\"margin\":\"medium\",\"margin_remove_bottom\":false,\"margin_remove_top\":false,\"text_align\":\"center\",\"title_element\":\"h1\",\"title_font_family\":\"tertiary\",\"title_style\":\"h1\"}},{\"type\":\"description_list\",\"props\":{\"column_breakpoint\":\"m\",\"content_style\":\"text-large\",\"layout\":\"stacked\",\"list_element\":\"ul\",\"list_size\":\"large\",\"list_style\":\"divider\",\"margin\":\"remove-vertical\",\"meta_align\":\"bottom\",\"meta_color\":\"primary\",\"meta_style\":\"text-large\",\"show_content\":true,\"show_link\":true,\"show_meta\":true,\"show_title\":true,\"text_align\":\"center\",\"title_colon\":false,\"title_color\":\"success\",\"title_element\":\"div\",\"title_grid_column_gap\":\"small\",\"title_grid_row_gap\":\"small\",\"title_grid_width\":\"auto\",\"title_leader\":true,\"title_style\":\"h4\"},\"children\":[{\"type\":\"description_list_item\",\"props\":{\"content\":\"\n\n<p>Centrifugati di verdura o frutta dei nostri campi<br \\\/>Infusi di erbe aromatiche dell\\u2019orto calde o fredde<br \\\/>Selezione tea <br \\\/>Caff\\u00e8 espresso selezione<br \\\/>Caff\\u00e8 americano<br \\\/>Capuccino con latte vaccino o vegetale bio<br \\\/>Caff\\u00e8 moka speziato al cardamono con zabaione e cacao<\\\/p>\",\"meta\":\"\",\"title\":\"\"}}]}]}]}]},{\"type\":\"section\",\"props\":{\"image_position\":\"center-center\",\"style\":\"default\",\"title_breakpoint\":\"xl\",\"title_position\":\"top-left\",\"title_rotation\":\"left\",\"vertical_align\":\"middle\",\"width\":\"default\"},\"children\":[{\"type\":\"row\",\"children\":[{\"type\":\"column\",\"props\":{\"image_position\":\"center-center\",\"position_sticky_breakpoint\":\"m\"},\"children\":[{\"type\":\"button\",\"props\":{\"fullwidth\":true,\"grid_column_gap\":\"small\",\"grid_row_gap\":\"small\",\"margin\":\"default\",\"text_align\":\"center\"},\"children\":[{\"type\":\"button_item\",\"props\":{\"button_style\":\"secondary\",\"content\":\"Prenota\",\"dialog_layout\":\"modal\",\"dialog_offcanvas_flip\":true,\"icon_align\":\"left\",\"link\":\"https:\\\/\\\/kaiser-farm.resos.com\\\/booking\",\"link_target\":\"blank\"}},{\"type\":\"button_item\",\"props\":{\"button_style\":\"secondary\",\"content\":\"Regala un'esperienza\",\"dialog_layout\":\"modal\",\"dialog_offcanvas_flip\":true,\"icon_align\":\"left\",\"link\":\"regala-un-esperienza\\\/\"}}],\"name\":\"bottone per menu\"},{\"type\":\"divider\",\"props\":{\"divider_element\":\"hr\"}},{\"type\":\"text\",\"props\":{\"column_breakpoint\":\"m\",\"content\":\"\n\n<div class=\\\"vc_row wpb_row vc_row-fluid\\\">\\n\n\n<div class=\\\"wpb_column vc_column_container vc_col-sm-8\\\">\\n\n\n<div class=\\\"vc_column-inner\\\">\\n\n\n<div class=\\\"wpb_wrapper\\\">\\n\n\n<div class=\\\"wpb_text_column wpb_content_element\\\">\\n\n\n<div class=\\\"wpb_wrapper\\\">\\n\n\n<p><strong>Alcune indicazioni utili<\\\/strong>:<\\\/p>\\n\n\n<ul>\\n\n\n<li>I menu degustativi possono subire delle variazioni in base alla disponibilit\\u00e0 dei prodotti e nel rispetto della stagionalit\\u00e0.<\\\/li>\\n\n\n<li>In presenza di allergie e\\\/o intolleranze alimentari, si rivolga al nostro personale, che provveder\\u00e0 a fornirle informazioni adeguate sui nostri cibi e bevande.<\\\/li>\\n\n\n<li>La nostra struttura \\u00e8 pensata per offrire un ambiente di totale tranquillit\\u00e0 e serenit\\u00e0, in cui cerchiamo di rispettare il riposo e la quiete degli altri ospiti. Per queste ragioni, non siamo in grado di accogliere famiglie con bambini al di sotto dei quattro anni.<\\\/li>\\n\n\n<li>Confidiamo nella Vostra discrezione per l\\u2019utilizzo di telefoni cellulari.<\\\/li>\\n\n\n<li>Ricordiamo che non e\\u0300 permesso fumare ad eccetto della sigaretta elettronica.<\\\/li>\\n\n\n<li>Sono permessi solo i cani di piccola taglia tenuti al guinzaglio.<\\\/li>\\n\n\n<li>Per la vostra sicurezza e il benessere dei nostri animali, vi preghiamo di non avvicinarvi e di non dare loro da mangiare.<\\\/li>\\n<\\\/ul>\\n<\\\/div>\\n<\\\/div>\\n<\\\/div>\\n<\\\/div>\\n<\\\/div>\\n\n\n<div class=\\\"wpb_column vc_column_container vc_col-sm-2\\\">\\n\n\n<div class=\\\"vc_column-inner\\\">\\n\n\n<div class=\\\"wpb_wrapper\\\"><\\\/div>\\n<\\\/div>\\n<\\\/div>\\n<\\\/div>\\n\n\n<div class=\\\"vc_row wpb_row vc_row-fluid\\\">\\n\n\n<div class=\\\"wpb_column vc_column_container vc_col-sm-12\\\">\\n\n\n<div class=\\\"vc_column-inner\\\">\\n\n\n<div class=\\\"wpb_wrapper\\\">\\n\n\n<div class=\\\"vc_separator wpb_content_element vc_separator_align_center vc_sep_width_100 vc_sep_border_width_10 vc_sep_pos_align_center vc_separator_no_text vc_sep_color_white\\\"><\\\/div>\\n<\\\/div>\\n<\\\/div>\\n<\\\/div>\\n<\\\/div>\",\"margin\":\"default\"}}]}]}]}],\"version\":\"4.5.32\"} --><\/p>","protected":false},"excerpt":{"rendered":"<p>L\u2019apporto calorico di uno spuntino non dovrebbe superare il 10% del fabbisogno giornaliero: lo scopo della merenda \u00e8\u00a0fermare la fame, per non arrivare troppo affamati al prossimo pasto, non quello di saziarsi.In pausa, inoltre, si \u00e8 soliti mangiare troppo spesso prodotti ad alto contenuto di zuccheri, carboidrati e sale.\u00a0Sostituire la pasticceria e i prodotti da [&hellip;]<\/p>","protected":false},"author":1,"featured_media":0,"parent":0,"menu_order":0,"comment_status":"closed","ping_status":"closed","template":"","meta":{"_acf_changed":false,"footnotes":""},"class_list":["post-937","page","type-page","status-publish","hentry"],"acf":[],"_links":{"self":[{"href":"https:\/\/staging.kaiserfarmhouse.com\/fr\/wp-json\/wp\/v2\/pages\/937","targetHints":{"allow":["GET"]}}],"collection":[{"href":"https:\/\/staging.kaiserfarmhouse.com\/fr\/wp-json\/wp\/v2\/pages"}],"about":[{"href":"https:\/\/staging.kaiserfarmhouse.com\/fr\/wp-json\/wp\/v2\/types\/page"}],"author":[{"embeddable":true,"href":"https:\/\/staging.kaiserfarmhouse.com\/fr\/wp-json\/wp\/v2\/users\/1"}],"replies":[{"embeddable":true,"href":"https:\/\/staging.kaiserfarmhouse.com\/fr\/wp-json\/wp\/v2\/comments?post=937"}],"version-history":[{"count":23,"href":"https:\/\/staging.kaiserfarmhouse.com\/fr\/wp-json\/wp\/v2\/pages\/937\/revisions"}],"predecessor-version":[{"id":1416,"href":"https:\/\/staging.kaiserfarmhouse.com\/fr\/wp-json\/wp\/v2\/pages\/937\/revisions\/1416"}],"wp:attachment":[{"href":"https:\/\/staging.kaiserfarmhouse.com\/fr\/wp-json\/wp\/v2\/media?parent=937"}],"curies":[{"name":"wp","href":"https:\/\/api.w.org\/{rel}","templated":true}]}}