{"id":936,"date":"2025-11-17T13:45:57","date_gmt":"2025-11-17T13:45:57","guid":{"rendered":"https:\/\/youseeme.plus\/kaiser\/?page_id=936"},"modified":"2025-12-01T13:59:47","modified_gmt":"2025-12-01T13:59:47","slug":"brunch","status":"publish","type":"page","link":"https:\/\/staging.kaiserfarmhouse.com\/fr\/brunch\/","title":{"rendered":"Brunch"},"content":{"rendered":"<p><img decoding=\"async\" src=\"\/wp-content\/uploads\/2025\/11\/KaiserFarmHouse-Brunch-1.jpg\" alt=\"\"><br \/>\n<img decoding=\"async\" src=\"\/wp-content\/uploads\/2025\/11\/KaiserFarmHouse-Brunch-2.jpg\" alt=\"\"><br \/>\n<img decoding=\"async\" src=\"\/wp-content\/uploads\/2025\/11\/KaiserFarmHouse-Brunch-3.jpg\" alt=\"\"><\/p>\n<div><i>Combinant le meilleur du petit-d\u00e9jeuner et le meilleur du d\u00e9jeuner, le brunch est l'un des meilleurs moments de d\u00e9tente \u00e0 savourer le week-end.   Venez d\u00e9couvrir notre hospitalit\u00e9 et savourez notre menu gastronomique sain et naturel, toujours enrichi de produits frais de saison.<\/i><\/div>\n<h1>Menu brunch<\/h1>\n<h1>Uniquement le dimanche 10 h \/ 12 h \/ 14 h | \u20ac 70 \/ \u20ac 80<br \/>(\u00e0 l'exclusion des boissons et des frais d'entr\u00e9e)<\/h1>\n<ul>\n<li>\n<h3>D\u00c9LICES DU MATIN<\/h3>\n<div>\n<p>Gaufres servies avec des fruits du jardin, du sirop d'\u00e9rable ou du miel<br \/>Petits pains \u00e0 la cannelle avec confiture de fruits<br \/>Porridge d'avoine chaud avec des fruits frais de saison<\/p>\n<\/div>\n<\/li>\n<li>\n<h3>PAIN ET CONFITURE<\/h3>\n<div>\n<p>Pain de c\u00e9r\u00e9ales anciennes au levain et confitures de fruits maison<\/p>\n<\/div>\n<\/li>\n<li>\n<h3>LES C\u00c2LINS DU JOUR<\/h3>\n<div>\n<p>Desserts maison avec fruits de saison<\/p>\n<\/div>\n<\/li>\n<li>\n<h3>TOAST &amp; CANAP\u00c9<\/h3>\n<div>\n<p>Houmous de pois chiches au potiron et au romarin<br \/>Babaganoush<br \/>Courgette mutabal<br \/>Sandwichs au pain complet et \u00e0 la cr\u00e8me de l\u00e9gumes<br \/>Pizzette tomate et ricotta sal\u00e9e<\/p>\n<\/div>\n<\/li>\n<li>\n<h3>\u0152UFS GOURMET<\/h3>\n<div>\n<p>\u0152ufs biologiques de la vall\u00e9e de l'Imagna pr\u00e9par\u00e9s \u00e0 volont\u00e9<br \/>Omelette moelleuse aux herbes du jardin<br \/>Flan au potiron<br \/>Casserole de haricots verts \u00e0 la ligurienne<br \/>Flan aux courgettes et \u00e0 la menthe<br \/>Flan aux carottes et au cresson<\/p>\n<\/div>\n<\/li>\n<li>\n<h3>JARDIN SUR LA TABLE<\/h3>\n<div>\n<p>Soupe velout\u00e9e de ch\u00e2taignes et de carottes de Polignano<br \/>Velout\u00e9 de c\u00e9leri au c\u0153ur de yaourt grec<br \/>Velout\u00e9 de courgettes \u00e0 la menthe<\/p>\n<\/div>\n<\/li>\n<li>\n<h3>\u00c9NERGIE NATURELLE<\/h3>\n<div>\n<p>Puddings aux graines de chia avec compote de m\u00fbres du jardin<br \/>Yaourt bio all\u00e9g\u00e9 avec compote de fruits<\/p>\n<\/div>\n<\/li>\n<li>\n<h3>LES D\u00c9LICES DU TERRITOIRE<\/h3>\n<div>\n<p>Fromage local avec poires Madernassa et miel de ch\u00e2taignier<br \/>Agr\u00ec de Valtorta<br \/>Stracchino Monte Bronzone<br \/>Fromages d'alpage des vall\u00e9es de l'Orobic<\/p>\n<\/div>\n<\/li>\n<li>\n<h3>BOISSONS CHAUDES ET FROIDES<\/h3>\n<div>\n<p>Vin des exploitations lombardes<br \/>Centrifugeuse pour fruits et l\u00e9gumes<br \/>Jus d'agrumes<br \/>Infusion chaude ou froide<br \/>Espresso (s\u00e9lection)<br \/>Caf\u00e9 am\u00e9ricain<br \/>Cappuccino<\/p>\n<\/div>\n<\/li>\n<\/ul>\n<ul>\n<li>\n<p>\n        <a href=\"https:\/\/kaiser-farm.resos.com\/booking\">Livre<\/a>\n    <\/p>\n<\/li>\n<li>\n<p>\n        <a href=\"\/fr\/donne-une-experience\/\">Faire part d'une exp\u00e9rience<\/a>\n    <\/p>\n<\/li>\n<\/ul>\n<hr>\n<div>\n<div class=\"vc_row wpb_row vc_row-fluid\">\n<div class=\"wpb_column vc_column_container vc_col-sm-8\">\n<div class=\"vc_column-inner\">\n<div class=\"wpb_wrapper\">\n<div class=\"wpb_text_column wpb_content_element\">\n<div class=\"wpb_wrapper\">\n<p><strong>Quelques conseils utiles<\/strong>:<\/p>\n<ul>\n<li><strong>Un brunch qui \u00e9volue au fil des saisons.<\/strong><br \/>Notre brunch est bas\u00e9 sur un menu fixe qui peut varier chaque semaine, en fonction de la disponibilit\u00e9 des ingr\u00e9dients frais et de la saisonnalit\u00e9. Les propositions que vous trouverez sur notre site web ou sur nos canaux ne repr\u00e9sentent pas tous les plats propos\u00e9s, mais servent \u00e0 vous donner une id\u00e9e du style de notre cuisine et du type de plats que vous pourriez trouver.<br \/>En outre, il existe deux variantes de brunch :<br \/>\u2013 <strong>\u00c0 partir de 10 heures<\/strong>, une version plus sucr\u00e9e, qui prolonge le petit d\u00e9jeuner. | \u20ac 70<br \/>\u2013 <strong>\u00c0 partir de 12 heures<\/strong>, Le brunch est enrichi de plats plus sal\u00e9s, r\u00e9duisant ainsi les plats sucr\u00e9s. | \u20ac 80<br \/>Chaque d\u00e9tail est con\u00e7u pour vous offrir une exp\u00e9rience authentique conforme \u00e0 notre philosophie : simplicit\u00e9, saisonnalit\u00e9 et go\u00fbt.<\/li>\n<li>Si vous souffrez d'allergies et\/ou d'intol\u00e9rances alimentaires, veuillez contacter notre personnel, qui vous fournira des informations appropri\u00e9es sur nos aliments et nos boissons.<\/li>\n<li>Nos installations sont con\u00e7ues pour offrir un environnement de tranquillit\u00e9 et de s\u00e9r\u00e9nit\u00e9 totales, dans lequel nous nous effor\u00e7ons de respecter le repos et la tranquillit\u00e9 des autres h\u00f4tes. Pour ces raisons, nous ne sommes pas en mesure d'accueillir des familles avec des enfants de moins de quatre ans.<\/li>\n<li>Nous comptons sur votre discr\u00e9tion concernant l'utilisation des t\u00e9l\u00e9phones portables.<\/li>\n<li>N'oubliez pas qu'il est interdit de fumer, \u00e0 l'exception de la cigarette \u00e9lectronique.<\/li>\n<li>Seuls les petits chiens en laisse sont autoris\u00e9s.<\/li>\n<li>Pour votre s\u00e9curit\u00e9 et le bien-\u00eatre de nos animaux, ne les approchez pas et ne les nourrissez pas.<\/li>\n<\/ul>\n<\/div>\n<\/div>\n<\/div>\n<\/div>\n<\/div>\n<div class=\"wpb_column vc_column_container vc_col-sm-2\"><\/div>\n<\/div>\n<\/div>\n<p><!--more--><br \/>\n<!-- {\"type\":\"layout\",\"children\":[{\"type\":\"section\",\"props\":{\"image_position\":\"center-center\",\"style\":\"default\",\"title_breakpoint\":\"xl\",\"title_position\":\"top-left\",\"title_rotation\":\"left\",\"vertical_align\":\"middle\",\"width\":\"default\"},\"children\":[{\"type\":\"row\",\"props\":{\"column_gap\":\"small\",\"layout\":\"1-3,1-3,1-3\"},\"children\":[{\"type\":\"column\",\"props\":{\"image_position\":\"center-center\",\"position_sticky_breakpoint\":\"m\",\"width_medium\":\"1-3\"},\"children\":[{\"type\":\"image\",\"props\":{\"image\":\"wp-content\\\/uploads\\\/2025\\\/11\\\/KaiserFarmHouse-Brunch-1.jpg\",\"image_border\":\"rounded\",\"image_box_shadow\":\"large\",\"image_svg_color\":\"emphasis\",\"margin\":\"default\"}}]},{\"type\":\"column\",\"props\":{\"image_position\":\"center-center\",\"position_sticky_breakpoint\":\"m\",\"width_medium\":\"1-3\"},\"children\":[{\"type\":\"image\",\"props\":{\"image\":\"wp-content\\\/uploads\\\/2025\\\/11\\\/KaiserFarmHouse-Brunch-2.jpg\",\"image_border\":\"rounded\",\"image_box_shadow\":\"large\",\"image_svg_color\":\"emphasis\",\"margin\":\"default\"}}]},{\"type\":\"column\",\"props\":{\"image_position\":\"center-center\",\"position_sticky_breakpoint\":\"m\",\"width_medium\":\"1-3\"},\"children\":[{\"type\":\"image\",\"props\":{\"image\":\"wp-content\\\/uploads\\\/2025\\\/11\\\/KaiserFarmHouse-Brunch-3.jpg\",\"image_border\":\"rounded\",\"image_box_shadow\":\"large\",\"image_svg_color\":\"emphasis\",\"margin\":\"default\"}}]}]},{\"type\":\"row\",\"children\":[{\"type\":\"column\",\"props\":{\"image_position\":\"center-center\",\"position_sticky_breakpoint\":\"m\"},\"children\":[{\"type\":\"text\",\"props\":{\"block_align\":\"center\",\"column_breakpoint\":\"m\",\"content\":\"<i>Unendo la parte migliore della colazione con il meglio del pranzo, il brunch \\u00e8 una delle coccole pi\\u00f9 buone da concedersi durante il weekend.   Vieni a scoprire la nostra ospitalit\\u00e0 e goditi il nostro menu gastronomico genuino e naturale, sempre arricchito con prodotti stagionali freschi.<\\\/i>\",\"margin\":\"\",\"maxwidth\":\"2xlarge\",\"text_align\":\"center\",\"text_style\":\"large\"}},{\"type\":\"headline\",\"props\":{\"content\":\"Men\\u00fa Brunch\",\"margin\":\"large\",\"margin_remove_bottom\":true,\"margin_remove_top\":false,\"text_align\":\"center\",\"title_element\":\"h1\",\"title_font_family\":\"tertiary\",\"title_style\":\"h1\"}},{\"type\":\"headline\",\"props\":{\"content\":\"Solo la domenica 10:00-12:00 \\\/ 12:00-14:00 | \\u20ac 70 \\\/ \\u20ac 80<br \\\/>(bevande e coperto esclusi)\",\"margin_remove_top\":true,\"text_align\":\"center\",\"title_color\":\"success\",\"title_element\":\"h1\",\"title_style\":\"h4\"}},{\"type\":\"description_list\",\"props\":{\"column_breakpoint\":\"m\",\"content_style\":\"text-large\",\"layout\":\"stacked\",\"list_element\":\"ul\",\"list_size\":\"large\",\"list_style\":\"divider\",\"margin\":\"medium\",\"meta_align\":\"bottom\",\"meta_color\":\"primary\",\"meta_style\":\"text-large\",\"show_content\":true,\"show_link\":true,\"show_meta\":true,\"show_title\":true,\"text_align\":\"center\",\"title_color\":\"success\",\"title_element\":\"div\",\"title_grid_column_gap\":\"small\",\"title_grid_row_gap\":\"small\",\"title_grid_width\":\"auto\",\"title_leader\":true,\"title_style\":\"h4\"},\"children\":[{\"type\":\"description_list_item\",\"props\":{\"content\":\"\n\n<p>Waffles serviti con frutta del giardino, sciroppo d\\u2019acero o miele<br \\\/>Cinnamon rolls con composte di frutta<br \\\/>Porridge di avena tiepido con frutta fresca di stagione<\\\/p>\",\"meta\":\"\",\"title\":\"DELIZIE MATTUTINE\"}},{\"type\":\"description_list_item\",\"props\":{\"content\":\"\n\n<p>Pane di grani antichi con lievito madre e composte di frutta fatte in casa<\\\/p>\",\"meta\":\"\",\"title\":\"PANE E MARMELLATA\"}},{\"type\":\"description_list_item\",\"props\":{\"content\":\"\n\n<p>Dolci preparati in casa con frutta di stagione<\\\/p>\",\"meta\":\"\",\"title\":\"COCCOLE DEL GIORNO\"}},{\"type\":\"description_list_item\",\"props\":{\"content\":\"\n\n<p>Hummus di ceci con zucca e rosmarino<br \\\/>Babaganoush<br \\\/>Mutabal di zucchine<br \\\/>Tramezzini di pane integrale con creme di verdura<br \\\/>Pizzette pomodoro e ricotta salata<\\\/p>\",\"title\":\"TOAST & CANAP\\u00c8\"}},{\"type\":\"description_list_item\",\"props\":{\"content\":\"\n\n<p>Uova bio della valle Imagna preparate a piacere<br \\\/>Frittata soffice alle erbe dell\\u2019orto<br \\\/>Sformato di zucca<br \\\/>Sformato di fagiolini alla Ligure<br \\\/>Sformato di zucchine e menta<br \\\/>Sformato di carote e crescione<\\\/p>\",\"title\":\"UOVA GOURMET\"}},{\"type\":\"description_list_item\",\"props\":{\"content\":\"\n\n<p>Vellutata di castagne e carote di Polignano<br \\\/>Vellutata di sedano rapa con cuore di yogurt greco<br \\\/>Vellutata di zucchine e menta<\\\/p>\",\"title\":\"GIARDINO IN TAVOLA\"}},{\"type\":\"description_list_item\",\"props\":{\"content\":\"\n\n<p>Budini di semi di chia con composta di more del giardino<br \\\/>Yogurt bio magro con composta di frutta<\\\/p>\",\"title\":\"ENERGIA NATURALE\"}},{\"type\":\"description_list_item\",\"props\":{\"content\":\"\n\n<p>Formaggini locali con pere Madernassa e miele di castagno<br \\\/>Agr\\u00ec di Valtorta<br \\\/>Stracchino Monte Bronzone<br \\\/>Formaggi di Alpeggio delle valli Orobiche<\\\/p>\",\"title\":\"DELIZIE DEL TERRITORIO\"}},{\"type\":\"description_list_item\",\"props\":{\"content\":\"\n\n<p>Vino di aziende agricole lombarde<br \\\/>Centrifugato di frutta o verdura<br \\\/>Spremuta di agrumi<br \\\/>Infuso erbe aromatiche calde o fredde<br \\\/>Caff\\u00e8 espresso (selezione)<br \\\/>Caff\\u00e8 americano<br \\\/>Cappuccino<\\\/p>\",\"title\":\"BEVANDE CALDE E FREDDE\"}}]}]}]}]},{\"type\":\"section\",\"props\":{\"image_position\":\"center-center\",\"style\":\"default\",\"title_breakpoint\":\"xl\",\"title_position\":\"top-left\",\"title_rotation\":\"left\",\"vertical_align\":\"middle\",\"width\":\"default\"},\"children\":[{\"type\":\"row\",\"children\":[{\"type\":\"column\",\"props\":{\"image_position\":\"center-center\",\"position_sticky_breakpoint\":\"m\"},\"children\":[{\"type\":\"button\",\"props\":{\"fullwidth\":true,\"grid_column_gap\":\"small\",\"grid_row_gap\":\"small\",\"margin\":\"default\",\"text_align\":\"center\"},\"children\":[{\"type\":\"button_item\",\"props\":{\"button_style\":\"secondary\",\"content\":\"Prenota\",\"dialog_layout\":\"modal\",\"dialog_offcanvas_flip\":true,\"icon_align\":\"left\",\"link\":\"https:\\\/\\\/kaiser-farm.resos.com\\\/booking\",\"link_target\":\"blank\"}},{\"type\":\"button_item\",\"props\":{\"button_style\":\"secondary\",\"content\":\"Regala un'esperienza\",\"dialog_layout\":\"modal\",\"dialog_offcanvas_flip\":true,\"icon_align\":\"left\",\"link\":\"regala-un-esperienza\\\/\"}}],\"name\":\"bottone per menu\"},{\"type\":\"divider\",\"props\":{\"divider_element\":\"hr\"}},{\"type\":\"text\",\"props\":{\"column_breakpoint\":\"m\",\"content\":\"\n\n<div class=\\\"vc_row wpb_row vc_row-fluid\\\">\\n\n\n<div class=\\\"wpb_column vc_column_container vc_col-sm-8\\\">\\n\n\n<div class=\\\"vc_column-inner\\\">\\n\n\n<div class=\\\"wpb_wrapper\\\">\\n\n\n<div class=\\\"wpb_text_column wpb_content_element\\\">\\n\n\n<div class=\\\"wpb_wrapper\\\">\\n\n\n<p><strong>Alcune indicazioni utili<\\\/strong>:<\\\/p>\\n\n\n<ul>\\n\n\n<li><strong>Un brunch che cambia con le stagioni.<\\\/strong><br \\\/>Il nostro brunch si basa su un men\\u00f9 fisso che pu\\u00f2 variare settimanalmente, in base alla disponibilit\\u00e0 degli ingredienti freschi e nel rispetto della stagionalit\\u00e0. Le proposte che trovate sul nostro sito o sui nostri canali non rappresentano tutte le portate offerte, ma servono a dare un\\u2019idea dello stile della nostra cucina e del tipo di piatti che potreste trovare.<br \\\/>Inoltre, esistono due varianti del brunch:<br \\\/>\\u2013 <strong>Dalle 10.00<\\\/strong>, una versione pi\\u00f9 dolce, che rappresenta un\\u2019estensione della colazione. |\\u00a0 \\u20ac 70<br \\\/>\\u2013 <strong>Dalle 12.00<\\\/strong>, il brunch si arricchisce con proposte pi\\u00f9 orientate al salato, riducendo le portate dolci. | \\u20ac 80<br \\\/>Ogni dettaglio \\u00e8 pensato per offrirvi un\\u2019esperienza autentica e coerente con la nostra filosofia: semplicit\\u00e0, stagionalit\\u00e0 e gusto.<\\\/li>\\n\n\n<li>In presenza di allergie e\\\/o intolleranze alimentari, si rivolga al nostro personale, che provveder\\u00e0 a fornirle informazioni adeguate sui nostri cibi e bevande.<\\\/li>\\n\n\n<li>La nostra struttura \\u00e8 pensata per offrire un ambiente di totale tranquillit\\u00e0 e serenit\\u00e0, in cui cerchiamo di rispettare il riposo e la quiete degli altri ospiti. Per queste ragioni, non siamo in grado di accogliere famiglie con bambini\\u00a0di et\\u00e0 inferiore ai quattro anni.<\\\/li>\\n\n\n<li>Confidiamo nella Vostra discrezione riguardo all\\u2019utilizzo di telefoni cellulari.<\\\/li>\\n\n\n<li>Ricordiamo che non e\\u0300 consentito fumare, ad eccezione della sigaretta elettronica.<\\\/li>\\n\n\n<li>Sono permessi solo i cani di piccola taglia tenuti al guinzaglio.<\\\/li>\\n\n\n<li>Per la vostra sicurezza e il benessere dei nostri animali, vi preghiamo di non avvicinarvi n\\u00e9 dare loro da mangiare.<\\\/li>\\n<\\\/ul>\\n<\\\/div>\\n<\\\/div>\\n<\\\/div>\\n<\\\/div>\\n<\\\/div>\\n\n\n<div class=\\\"wpb_column vc_column_container vc_col-sm-2\\\"><\\\/div>\\n<\\\/div>\",\"margin\":\"default\"}}]}]}]}],\"version\":\"4.5.32\"} --><\/p>","protected":false},"excerpt":{"rendered":"<p>Unendo la parte migliore della colazione con il meglio del pranzo, il brunch \u00e8 una delle coccole pi\u00f9 buone da concedersi durante il weekend. Vieni a scoprire la nostra ospitalit\u00e0 e goditi il nostro menu gastronomico genuino e naturale, sempre arricchito con prodotti stagionali freschi. Men\u00fa Brunch Solo la domenica 10:00-12:00 \/ 12:00-14:00 | \u20ac [&hellip;]<\/p>","protected":false},"author":1,"featured_media":0,"parent":0,"menu_order":0,"comment_status":"closed","ping_status":"closed","template":"","meta":{"_acf_changed":false,"footnotes":""},"class_list":["post-936","page","type-page","status-publish","hentry"],"acf":[],"_links":{"self":[{"href":"https:\/\/staging.kaiserfarmhouse.com\/fr\/wp-json\/wp\/v2\/pages\/936","targetHints":{"allow":["GET"]}}],"collection":[{"href":"https:\/\/staging.kaiserfarmhouse.com\/fr\/wp-json\/wp\/v2\/pages"}],"about":[{"href":"https:\/\/staging.kaiserfarmhouse.com\/fr\/wp-json\/wp\/v2\/types\/page"}],"author":[{"embeddable":true,"href":"https:\/\/staging.kaiserfarmhouse.com\/fr\/wp-json\/wp\/v2\/users\/1"}],"replies":[{"embeddable":true,"href":"https:\/\/staging.kaiserfarmhouse.com\/fr\/wp-json\/wp\/v2\/comments?post=936"}],"version-history":[{"count":13,"href":"https:\/\/staging.kaiserfarmhouse.com\/fr\/wp-json\/wp\/v2\/pages\/936\/revisions"}],"predecessor-version":[{"id":1414,"href":"https:\/\/staging.kaiserfarmhouse.com\/fr\/wp-json\/wp\/v2\/pages\/936\/revisions\/1414"}],"wp:attachment":[{"href":"https:\/\/staging.kaiserfarmhouse.com\/fr\/wp-json\/wp\/v2\/media?parent=936"}],"curies":[{"name":"wp","href":"https:\/\/api.w.org\/{rel}","templated":true}]}}