{"id":907,"date":"2025-11-17T13:44:55","date_gmt":"2025-11-17T13:44:55","guid":{"rendered":"https:\/\/youseeme.plus\/kaiser\/?page_id=907"},"modified":"2025-12-01T14:00:11","modified_gmt":"2025-12-01T14:00:11","slug":"petit-dejeuner","status":"publish","type":"page","link":"https:\/\/staging.kaiserfarmhouse.com\/fr\/petit-dejeuner\/","title":{"rendered":"Petit d\u00e9jeuner"},"content":{"rendered":"<p><img decoding=\"async\" src=\"\/wp-content\/uploads\/2025\/11\/KaiserFarmHouse-Prima-Colazione-2.jpg\" alt=\"\"><br \/>\n<img decoding=\"async\" src=\"\/wp-content\/uploads\/2025\/11\/KaiserFarmHouse-Prima-Colazione-1.jpg\" alt=\"\"><br \/>\n<img decoding=\"async\" src=\"\/wp-content\/uploads\/2025\/11\/KaiserFarmHouse-Prima-Colazione-3.jpg\" alt=\"\"><\/p>\n<div>\n<p><i>Le petit-d\u00e9jeuner doit \u00eatre un repas \u00e0 part enti\u00e8re, au m\u00eame titre que le d\u00e9jeuner et le d\u00eener. En fait, parmi les trois, c'est le plus important : vous sortez d'un je\u00fbne nocturne et vous devez vous pr\u00e9parer aux t\u00e2ches de la journ\u00e9e.<br \/>Le petit-d\u00e9jeuner du roi, le d\u00e9jeuner du prince et le d\u00eener de l'indigent est l'un de ces dictons populaires qui renferment une sage v\u00e9rit\u00e9 ainsi qu'une valeur scientifique consid\u00e9rable.<br \/>Pour une bonne alimentation, il est n\u00e9cessaire de respecter les rythmes biologiques de notre organisme.<br \/>Le conseil de distribuer la nourriture davantage dans la premi\u00e8re partie de la journ\u00e9e est confirm\u00e9 par de nombreuses \u00e9tudes qui ont mis en \u00e9vidence une consommation et des besoins \u00e9nerg\u00e9tiques plus \u00e9lev\u00e9s le matin que pendant la nuit.<\/i><\/p>\n<\/div>\n<h1>Petit d\u00e9jeuner continental<\/h1>\n<h1>09:00-11:00<\/h1>\n<ul>\n<li>\n<h3>DANS LA CORBEILLE \u00c0 PAIN<\/h3>\n<div>\n<p>Grand choix de pains faits maison au levain et aux c\u00e9r\u00e9ales anciennes, <br \/>Brioches fra\u00eeches<\/p>\n<\/div>\n<\/li>\n<li>\n<h3>...POUR METTRE DU PAIN<\/h3>\n<div>\n<p>Confitures 100% fruits biologiques sans sucre ajout\u00e9 <br \/>Le miel pur de nos abeilles <br \/>Beurre bio de producteurs locaux<\/p>\n<\/div>\n<\/li>\n<li>\n<h3>DOUCES S\u00c9DUCTIONS<\/h3>\n<div>\n<p>Tartes aux fruits maison du jour<\/p>\n<\/div>\n<\/li>\n<li>\n<h3>FAIRE LE PLEIN DE VITAMINES<\/h3>\n<div>\n<p>Salade de fruits de notre jardin <br \/>Jus de fruits et de l\u00e9gumes r\u00e9colt\u00e9s dans le jardin <br \/>Jus d'agrumes<\/p>\n<\/div>\n<\/li>\n<li>\n<h3>POUR RECHARGER<\/h3>\n<div>\n<p>Espresso (s\u00e9lection)<br \/>Caf\u00e9 am\u00e9ricain<br \/>Cappuccino au lait de vache ou v\u00e9g\u00e9tal biologique<br \/>Lait macchiato de vache ou v\u00e9g\u00e9tal bio<br \/>Infusion d'herbes du jardin<br \/>S\u00e9lection de th\u00e9s<\/p>\n<\/div>\n<\/li>\n<\/ul>\n<h1>Menu suppl\u00e9mentaire \u00e0 la carte<\/h1>\n<ul>\n<li>\n<div>\n<p>Gaufres \u00e0 garnir au choix<br \/>Salade de fruits de saison avec noix<br \/>Puddings aux graines de chia et aux m\u00fbres<br \/>Bols de smoothie aux fruits avec du yaourt de soja ou de vache<br \/>Porridge d'avoine chaud avec fruits de saison<\/p>\n<\/div>\n<\/li>\n<li>\n<h3>LES D\u00c9LICES DU TERRITOIRE<\/h3>\n<div>\n<p>\u0152ufs biologiques de la vall\u00e9e de l'Imagna pr\u00e9par\u00e9s \u00e0 volont\u00e9<br \/>Fromage local avec poires Madernassa et miel de ch\u00e2taignier<br \/>Yaourt bio all\u00e9g\u00e9 avec compote de fruits<\/p>\n<\/div>\n<\/li>\n<\/ul>\n<ul>\n<li>\n<p>\n        <a href=\"https:\/\/kaiser-farm.resos.com\/booking\">Livre<\/a>\n    <\/p>\n<\/li>\n<li>\n<p>\n        <a href=\"\/fr\/donne-une-experience\/\">Faire part d'une exp\u00e9rience<\/a>\n    <\/p>\n<\/li>\n<\/ul>\n<hr>\n<div>\n<p><strong>Quelques conseils utiles :<\/strong><\/p>\n<ul>\n<li>Les menus de d\u00e9gustation sont susceptibles d'\u00eatre modifi\u00e9s en fonction de la disponibilit\u00e9 des produits et de la saisonnalit\u00e9.<\/li>\n<li>Si vous souffrez d'allergies et\/ou d'intol\u00e9rances alimentaires, veuillez contacter notre personnel, qui vous fournira des informations appropri\u00e9es sur nos aliments et nos boissons.<\/li>\n<li>Nos installations sont con\u00e7ues pour offrir un environnement de tranquillit\u00e9 et de s\u00e9r\u00e9nit\u00e9 totales, dans lequel nous nous effor\u00e7ons de respecter le repos et la tranquillit\u00e9 des autres h\u00f4tes. Pour ces raisons, nous ne sommes pas en mesure d'accueillir des familles avec des enfants de moins de quatre ans.<\/li>\n<li>Nous comptons sur votre discr\u00e9tion concernant l'utilisation des t\u00e9l\u00e9phones portables.<\/li>\n<li>N'oubliez pas qu'il est interdit de fumer, \u00e0 l'exception de la cigarette \u00e9lectronique.<\/li>\n<li>Seuls les petits chiens en laisse sont autoris\u00e9s.<\/li>\n<li>Pour votre s\u00e9curit\u00e9 et le bien-\u00eatre de nos animaux, ne les approchez pas et ne les nourrissez pas.<\/li>\n<\/ul>\n<\/div>\n<p><!--more--><br \/>\n<!-- {\"type\":\"layout\",\"children\":[{\"type\":\"section\",\"props\":{\"image_position\":\"center-center\",\"style\":\"default\",\"title_breakpoint\":\"xl\",\"title_position\":\"top-left\",\"title_rotation\":\"left\",\"vertical_align\":\"middle\",\"width\":\"default\"},\"children\":[{\"type\":\"row\",\"props\":{\"column_gap\":\"small\",\"layout\":\"1-3,1-3,1-3\"},\"children\":[{\"type\":\"column\",\"props\":{\"image_position\":\"center-center\",\"position_sticky_breakpoint\":\"m\",\"width_medium\":\"1-3\"},\"children\":[{\"type\":\"image\",\"props\":{\"image\":\"wp-content\\\/uploads\\\/2025\\\/11\\\/KaiserFarmHouse-Prima-Colazione-2.jpg\",\"image_border\":\"rounded\",\"image_box_shadow\":\"large\",\"image_svg_color\":\"emphasis\",\"margin\":\"default\"}}]},{\"type\":\"column\",\"props\":{\"image_position\":\"center-center\",\"position_sticky_breakpoint\":\"m\",\"width_medium\":\"1-3\"},\"children\":[{\"type\":\"image\",\"props\":{\"image\":\"wp-content\\\/uploads\\\/2025\\\/11\\\/KaiserFarmHouse-Prima-Colazione-1.jpg\",\"image_border\":\"rounded\",\"image_box_shadow\":\"large\",\"image_svg_color\":\"emphasis\",\"margin\":\"default\"}}]},{\"type\":\"column\",\"props\":{\"image_position\":\"center-center\",\"position_sticky_breakpoint\":\"m\",\"width_medium\":\"1-3\"},\"children\":[{\"type\":\"image\",\"props\":{\"image\":\"wp-content\\\/uploads\\\/2025\\\/11\\\/KaiserFarmHouse-Prima-Colazione-3.jpg\",\"image_border\":\"rounded\",\"image_box_shadow\":\"large\",\"image_svg_color\":\"emphasis\",\"margin\":\"default\"}}]}]},{\"type\":\"row\",\"children\":[{\"type\":\"column\",\"props\":{\"image_position\":\"center-center\",\"position_sticky_breakpoint\":\"m\"},\"children\":[{\"type\":\"text\",\"props\":{\"block_align\":\"center\",\"column_breakpoint\":\"m\",\"content\":\"\n\n<p><i>La prima colazione dovrebbe essere un pasto a tutti gli effetti, esattamente come il pranzo e la cena, anzi tra i tre \\u00e8 proprio il pi\\u00f9 importante: si arriva dal digiuno notturno e ci si deve preparare ad affrontare gli impegni della giornata.<br \\\/>Una colazione da re, pranzo da principe e cena da povero, \\u00e8 uno di quei detti popolari che racchiude una saggia verit\\u00e0 oltre che un notevole valore scientifico.<br \\\/>Per una dieta corretta infatti, \\u00e8 necessario rispettare i ritmi biologici del nostro organismo.<br \\\/>Il consiglio di distribuire maggiormente il cibo nella prima parte della giornata, trova conferma in numerose ricerche che hanno documentato un maggior consumo e fabbisogno energetico al mattino rispetto al dispendio minimo nel corso della notte.<\\\/i><\\\/p>\",\"margin\":\"\",\"maxwidth\":\"2xlarge\",\"text_align\":\"center\",\"text_style\":\"large\"}},{\"type\":\"headline\",\"props\":{\"content\":\"Colazione Continentale\",\"margin\":\"large\",\"margin_remove_bottom\":true,\"margin_remove_top\":false,\"text_align\":\"center\",\"title_element\":\"h1\",\"title_font_family\":\"tertiary\",\"title_style\":\"h1\"}},{\"type\":\"headline\",\"props\":{\"content\":\"09:00-11:00\",\"margin_remove_top\":true,\"text_align\":\"center\",\"title_color\":\"success\",\"title_element\":\"h1\",\"title_style\":\"h4\"}},{\"type\":\"description_list\",\"props\":{\"column_breakpoint\":\"m\",\"content_style\":\"text-large\",\"layout\":\"stacked\",\"list_element\":\"ul\",\"list_size\":\"large\",\"list_style\":\"divider\",\"margin\":\"medium\",\"meta_align\":\"bottom\",\"meta_color\":\"primary\",\"meta_style\":\"text-large\",\"show_content\":true,\"show_link\":true,\"show_meta\":true,\"show_title\":true,\"text_align\":\"center\",\"title_color\":\"success\",\"title_element\":\"div\",\"title_grid_column_gap\":\"small\",\"title_grid_row_gap\":\"small\",\"title_grid_width\":\"auto\",\"title_leader\":true,\"title_style\":\"h4\"},\"children\":[{\"type\":\"description_list_item\",\"props\":{\"content\":\"\n\n<p>Grande scelta di pane fatto in casa con lievito madre e grani antichi, <br \\\/>Brioches appena sfornate<\\\/p>\",\"meta\":\"\",\"title\":\"NEL CESTINO DEL PANE\"}},{\"type\":\"description_list_item\",\"props\":{\"content\":\"\n\n<p>Marmellate 100% frutta bio senza zuccheri aggiunti <br \\\/>Miele purissimo delle nostre api <br \\\/>Burro bio di produttori locali<\\\/p>\",\"meta\":\"\",\"title\":\"\\u2026DA METTERE SUL PANE\"}},{\"type\":\"description_list_item\",\"props\":{\"content\":\"\n\n<p>Torte del giorno fatte in casa a base di frutta<\\\/p>\",\"meta\":\"\",\"title\":\"DOLCI SEDUZIONI\"}},{\"type\":\"description_list_item\",\"props\":{\"content\":\"\n\n<p>Insalata di frutta del nostro giardino <br \\\/>Centrifugati di frutta e verdura raccolti nell\\u2019orto <br \\\/>Spremuta di agrumi<\\\/p>\",\"title\":\"FARE IL PIENO DI VITAMINE\"}},{\"type\":\"description_list_item\",\"props\":{\"content\":\"\n\n<p>Caff\\u00e8 espresso (selezione)<br \\\/>Caff\\u00e8 americano<br \\\/>Cappuccino con latte vaccino o vegetale bio<br \\\/>Latte macchiato vaccino bio o vegetale bio<br \\\/>Infuso erbe aromatiche dell\\u2019orto<br \\\/>Selezione di tea<\\\/p>\",\"title\":\"PER RICARICARSI\"}}]}]}]}]},{\"type\":\"section\",\"props\":{\"image_position\":\"center-center\",\"style\":\"default\",\"title_breakpoint\":\"xl\",\"title_position\":\"top-left\",\"title_rotation\":\"left\",\"vertical_align\":\"middle\",\"width\":\"default\"},\"children\":[{\"type\":\"row\",\"props\":{\"width\":\"xsmall\"},\"children\":[{\"type\":\"column\",\"props\":{\"image_position\":\"center-center\",\"position_sticky_breakpoint\":\"m\"},\"children\":[{\"type\":\"headline\",\"props\":{\"content\":\"Men\\u00f9 extra \\u00e0 la carte\",\"margin\":\"medium\",\"margin_remove_bottom\":false,\"margin_remove_top\":false,\"text_align\":\"center\",\"title_element\":\"h1\",\"title_font_family\":\"tertiary\",\"title_style\":\"h1\"}},{\"type\":\"description_list\",\"props\":{\"column_breakpoint\":\"m\",\"content_style\":\"text-large\",\"layout\":\"stacked\",\"list_element\":\"ul\",\"list_size\":\"large\",\"list_style\":\"divider\",\"margin\":\"remove-vertical\",\"meta_align\":\"bottom\",\"meta_color\":\"primary\",\"meta_style\":\"text-large\",\"show_content\":true,\"show_link\":true,\"show_meta\":true,\"show_title\":true,\"text_align\":\"center\",\"title_colon\":false,\"title_color\":\"success\",\"title_element\":\"div\",\"title_grid_column_gap\":\"small\",\"title_grid_row_gap\":\"small\",\"title_grid_width\":\"auto\",\"title_leader\":true,\"title_style\":\"h4\"},\"children\":[{\"type\":\"description_list_item\",\"props\":{\"content\":\"\n\n<p>Waffles da guarnire a piacere<br \\\/>Insalata di frutta di stagione con noci<br \\\/>Budini di semi di chia con more del bosco<br \\\/>Smoothie bowls di frutta con yogurt di soia o vaccino<br \\\/>Porridge di avena tiepido con frutta di stagione<\\\/p>\",\"meta\":\"\",\"title\":\"\"}},{\"type\":\"description_list_item\",\"props\":{\"content\":\"\n\n<p>Uova bio della valle Imagna preparate a piacere<br \\\/>Formaggini locali con Pere Madernassa e Miele di Castagno<br \\\/>Yogurt bio magro con composta di frutta<\\\/p>\",\"meta\":\"\",\"title\":\"DELIZIE DEL TERRITORIO\"}}]}]}]}]},{\"type\":\"section\",\"props\":{\"image_position\":\"center-center\",\"style\":\"default\",\"title_breakpoint\":\"xl\",\"title_position\":\"top-left\",\"title_rotation\":\"left\",\"vertical_align\":\"middle\",\"width\":\"default\"},\"children\":[{\"type\":\"row\",\"children\":[{\"type\":\"column\",\"props\":{\"image_position\":\"center-center\",\"position_sticky_breakpoint\":\"m\"},\"children\":[{\"type\":\"button\",\"props\":{\"fullwidth\":true,\"grid_column_gap\":\"small\",\"grid_row_gap\":\"small\",\"margin\":\"default\",\"text_align\":\"center\"},\"children\":[{\"type\":\"button_item\",\"props\":{\"button_style\":\"secondary\",\"content\":\"Prenota\",\"dialog_layout\":\"modal\",\"dialog_offcanvas_flip\":true,\"icon_align\":\"left\",\"link\":\"https:\\\/\\\/kaiser-farm.resos.com\\\/booking\",\"link_target\":\"blank\"}},{\"type\":\"button_item\",\"props\":{\"button_style\":\"secondary\",\"content\":\"Regala un'esperienza\",\"dialog_layout\":\"modal\",\"dialog_offcanvas_flip\":true,\"icon_align\":\"left\",\"link\":\"regala-un-esperienza\\\/\"}}]},{\"type\":\"divider\",\"props\":{\"divider_element\":\"hr\"}},{\"type\":\"text\",\"props\":{\"column_breakpoint\":\"m\",\"content\":\"\n\n<p><strong>Alcune indicazioni utili:<\\\/strong><\\\/p>\\n\n\n<ul>\\n\n\n<li>I menu degustativi possono subire delle variazioni in base alla disponibilit\\u00e0 dei prodotti e nel rispetto della stagionalit\\u00e0.<\\\/li>\\n\n\n<li>In presenza di allergie e\\\/o intolleranze alimentari, si rivolga al nostro personale, che provveder\\u00e0 a fornirle informazioni adeguate sui nostri cibi e bevande.<\\\/li>\\n\n\n<li>La nostra struttura \\u00e8 pensata per offrire un ambiente di totale tranquillit\\u00e0 e serenit\\u00e0, in cui cerchiamo di rispettare il riposo e la quiete degli altri ospiti. Per queste ragioni, non siamo in grado di accogliere famiglie con bambini di et\\u00e0 inferiore ai quattro anni.<\\\/li>\\n\n\n<li>Confidiamo nella Vostra discrezione riguardo all\\u2019utilizzo di telefoni cellulari.<\\\/li>\\n\n\n<li>Ricordiamo che non \\u00e8 consentito fumare, ad eccezione della sigaretta elettronica.<\\\/li>\\n\n\n<li>Sono permessi solo i cani di piccola taglia tenuti al guinzaglio.<\\\/li>\\n\n\n<li>Per la vostra sicurezza e il benessere dei nostri animali, vi preghiamo di non avvicinarvi n\\u00e9 dare loro da mangiare.<\\\/li>\\n<\\\/ul>\",\"margin\":\"default\"}}]}]}]}],\"version\":\"4.5.32\"} --><\/p>","protected":false},"excerpt":{"rendered":"<p>La prima colazione dovrebbe essere un pasto a tutti gli effetti, esattamente come il pranzo e la cena, anzi tra i tre \u00e8 proprio il pi\u00f9 importante: si arriva dal digiuno notturno e ci si deve preparare ad affrontare gli impegni della giornata.Una colazione da re, pranzo da principe e cena da povero, \u00e8 uno [&hellip;]<\/p>","protected":false},"author":1,"featured_media":0,"parent":0,"menu_order":0,"comment_status":"closed","ping_status":"closed","template":"","meta":{"_acf_changed":false,"footnotes":""},"class_list":["post-907","page","type-page","status-publish","hentry"],"acf":[],"_links":{"self":[{"href":"https:\/\/staging.kaiserfarmhouse.com\/fr\/wp-json\/wp\/v2\/pages\/907","targetHints":{"allow":["GET"]}}],"collection":[{"href":"https:\/\/staging.kaiserfarmhouse.com\/fr\/wp-json\/wp\/v2\/pages"}],"about":[{"href":"https:\/\/staging.kaiserfarmhouse.com\/fr\/wp-json\/wp\/v2\/types\/page"}],"author":[{"embeddable":true,"href":"https:\/\/staging.kaiserfarmhouse.com\/fr\/wp-json\/wp\/v2\/users\/1"}],"replies":[{"embeddable":true,"href":"https:\/\/staging.kaiserfarmhouse.com\/fr\/wp-json\/wp\/v2\/comments?post=907"}],"version-history":[{"count":32,"href":"https:\/\/staging.kaiserfarmhouse.com\/fr\/wp-json\/wp\/v2\/pages\/907\/revisions"}],"predecessor-version":[{"id":1415,"href":"https:\/\/staging.kaiserfarmhouse.com\/fr\/wp-json\/wp\/v2\/pages\/907\/revisions\/1415"}],"wp:attachment":[{"href":"https:\/\/staging.kaiserfarmhouse.com\/fr\/wp-json\/wp\/v2\/media?parent=907"}],"curies":[{"name":"wp","href":"https:\/\/api.w.org\/{rel}","templated":true}]}}