{"id":825,"date":"2025-11-14T21:22:59","date_gmt":"2025-11-14T21:22:59","guid":{"rendered":"https:\/\/youseeme.plus\/kaiser\/?page_id=825"},"modified":"2025-11-19T15:55:09","modified_gmt":"2025-11-19T15:55:09","slug":"chasse-aux-oeufs-de-paques","status":"publish","type":"page","link":"https:\/\/staging.kaiserfarmhouse.com\/fr\/chasse-aux-oeufs-de-paques\/","title":{"rendered":"Chasse aux \u0153ufs de P\u00e2ques"},"content":{"rendered":"<h1>La chasse aux \u0153ufs de P\u00e2ques<\/h1>\n<h1>Semaine de P\u00e2ques<\/h1>\n<h1>UN PETIT RITE DE PRINTEMPS \u00c0 VIVRE AU VERT<\/h1>\n<hr>\n<div>\n<p>La chasse aux \u0153ufs de P\u00e2ques est une<strong> Tradition nordique<\/strong> qui a toujours fait partie de notre enfance, compte tenu de nos origines germaniques. En effet, la l\u00e9gende du lapin de P\u00e2ques trouve ses racines dans le <strong>Allemagne<\/strong>.<\/p>\n<p>Pendant le Car\u00eame, il \u00e9tait interdit de manger de la viande et des \u0153ufs. Cependant, les poules continuaient \u00e0 pondre des \u0153ufs et, pour les conserver, les gens commen\u00e7aient \u00e0 les cuire. Certains coloraient les \u0153ufs en ajoutant des herbes pendant la cuisson pour les diff\u00e9rencier des autres \u0153ufs. \u00c0 la fin de la p\u00e9riode de je\u00fbne, les familles se retrouvaient avec de nombreux \u0153ufs cuits. \u00c0 la m\u00eame \u00e9poque, le printemps a entra\u00een\u00e9 la pr\u00e9sence g\u00e9n\u00e9ralis\u00e9e de nombreux li\u00e8vres dans les champs. Les Allemands ont commenc\u00e9 \u00e0 associer les \u0153ufs et les lapins au symbole de la fertilit\u00e9, donnant ainsi naissance \u00e0 la tradition de l'\u0153uf. <strong>Lapin de P\u00e2ques<\/strong>.<\/p>\n<\/p>\n<p>La passionnante chasse aux \u0153ufs de P\u00e2ques est <strong>une activit\u00e9 en plein air<\/strong> qui se d\u00e9roule le long d'un parcours pr\u00e9d\u00e9fini. La veille, les \u0153ufs d\u00e9cor\u00e9s et color\u00e9s sont soigneusement cach\u00e9s dans la prairie et le lendemain matin, les enfants, munis de paniers, s'amusent \u00e0 les chercher, cr\u00e9ant ainsi une exp\u00e9rience engageante et joyeuse pour tous.<\/p>\n<\/div>\n<hr>\n<p><p>\n        <a href=\"https:\/\/kaiser-farm.resos.com\/booking\">LIVRE<\/a>\n    <\/p>\n<\/p>\n<p><img decoding=\"async\" src=\"\/wp-content\/uploads\/2025\/11\/KaiserFarmHouse-Eventi-Caccia-Uova-Pasqua-2.jpg\" alt=\"\"><br \/>\n<img decoding=\"async\" src=\"\/wp-content\/uploads\/2025\/11\/KaiserFarmHouse-Eventi-Caccia-Uova-Pasqua-1-1.jpg\" alt=\"\"><br \/>\n<img decoding=\"async\" src=\"\/wp-content\/uploads\/2025\/11\/KaiserFarmHouse-Eventi-Caccia-Uova-Pasqua-3.jpg\" alt=\"\"><\/p>\n<hr>\n<div>\n<p>Partie d'Allemagne, cette coutume s'est r\u00e9pandue dans le monde entier, entra\u00eenant les enfants dans une recherche fr\u00e9n\u00e9tique et amusante d'\u0153ufs color\u00e9s et d'\u0153ufs en chocolat, dans tout le jardin.<br \/><strong>Pour les enfants, la chasse aux \u0153ufs est le meilleur moment des vacances de P\u00e2ques.<\/strong><br \/>Tous les \u00e9l\u00e9ments sont r\u00e9unis pour un succ\u00e8s garanti : bonbons, chocolat, activit\u00e9s de plein air, \u0153ufs color\u00e9s, comp\u00e9tition saine et joyeuse, et surtout, <strong>des prix !<\/strong><\/p>\n<p>Les lieux o\u00f9 nous organisons la chasse sont s\u00fbrs pour les enfants, afin qu'ils puissent s'y d\u00e9placer de mani\u00e8re autonome. L'espace est vaste et regorge de cachettes possibles. La participation est tr\u00e8s simple : \u00e0 l'entr\u00e9e, les participants recevront <strong>une carte au tr\u00e9sor<\/strong> qui guidera les enfants et leurs familles dans la d\u00e9couverte des \u0153ufs.<br \/>Tous les \u0153ufs doivent \u00eatre collect\u00e9s dans le panier et remis \u00e0 la fin du jeu.<br \/>En fonction du nombre d'\u0153ufs trouv\u00e9s, un <strong>prix correspondant !<\/strong><br \/>Avec ce jeu, les sph\u00e8res \u00e9motionnelles et cognitives des enfants sont stimul\u00e9es, passant de la surprise et de la d\u00e9couverte au mouvement et \u00e0 l'apprentissage.<\/p>\n<p>AGE DES PARTICIPANTS : 3 \u00e0 10 ans<br \/>NOMBRE DE JOUEURS : 50<br \/>O\u00d9 JOUER : en plein air<br \/>CE QU'IL FAUT : un panier d'\u0153ufs pour chaque participant<br \/>CO\u00dbT DE LA CHASSE : <strong>\u20ac 32<\/strong><\/p>\n<p><i>Les parents qui se joindront \u00e0 l'\u00e9v\u00e9nement auront un acc\u00e8s gratuit et, pour ceux qui souhaitent enrichir leur exp\u00e9rience, de petites gourmandises sur le th\u00e8me de P\u00e2ques pourront \u00eatre d\u00e9gust\u00e9es \u00e0 nos points de ravitaillement, entour\u00e9s de la beaut\u00e9 de la nature, dans un cadre vraiment unique.<\/i><\/p>\n<\/div>\n<hr>\n<p><p>\n        <a href=\"https:\/\/kaiser-farm.resos.com\/booking\">LIVRE<\/a>\n    <\/p>\n<\/p>\n<p><img decoding=\"async\" src=\"\/wp-content\/uploads\/2025\/11\/KaiserFarmHouse-Eventi-Caccia-Uova-Pasqua-4.jpg\" alt=\"\"><br \/>\n<img decoding=\"async\" src=\"\/wp-content\/uploads\/2025\/11\/KaiserFarmHouse-Eventi-Caccia-Uova-Pasqua-6.jpg\" alt=\"\"><br \/>\n<img decoding=\"async\" src=\"\/wp-content\/uploads\/2025\/11\/KaiserFarmHouse-Eventi-Caccia-Uova-Pasqua-5.jpg\" alt=\"\"><\/p>\n<h1><strong>S'inscrire \u00e0 notre lettre d'information<\/strong><\/h1>\n<div>\n<p>Tenez vous au courant des dates des \u00e9v\u00e9nements et des r\u00e9coltes.<\/p>\n<\/div>\n<p><!--more--><br \/>\n<!-- {\"type\":\"layout\",\"children\":[{\"type\":\"section\",\"props\":{\"image\":\"wp-content\\\/uploads\\\/2025\\\/11\\\/KaiserFarmHouse-Eventi-Caccia-Uova-Pasqua.jpg\",\"image_position\":\"center-center\",\"image_size\":\"cover\",\"padding\":\"xlarge\",\"style\":\"default\",\"title_breakpoint\":\"xl\",\"title_position\":\"top-left\",\"title_rotation\":\"left\",\"vertical_align\":\"middle\",\"width\":\"default\"},\"children\":[{\"type\":\"row\",\"children\":[{\"type\":\"column\",\"props\":{\"image_position\":\"center-center\",\"position_sticky_breakpoint\":\"m\"}}]}]},{\"type\":\"section\",\"props\":{\"image_position\":\"center-center\",\"padding\":\"small\",\"style\":\"default\",\"title_breakpoint\":\"xl\",\"title_position\":\"top-left\",\"title_rotation\":\"left\",\"vertical_align\":\"middle\",\"width\":\"default\"},\"children\":[{\"type\":\"row\",\"children\":[{\"type\":\"column\",\"props\":{\"image_position\":\"center-center\",\"position_sticky_breakpoint\":\"m\"},\"children\":[{\"type\":\"headline\",\"props\":{\"content\":\"La caccia alle uova di Pasqua\",\"margin\":\"default\",\"margin_remove_bottom\":false,\"margin_remove_top\":false,\"text_align\":\"center\",\"title_element\":\"h1\",\"title_font_family\":\"tertiary\",\"title_style\":\"h1\"}},{\"type\":\"headline\",\"props\":{\"content\":\"La settimana di Pasqua\",\"margin_remove_top\":true,\"text_align\":\"center\",\"title_color\":\"success\",\"title_element\":\"h1\",\"title_style\":\"h4\"}},{\"type\":\"headline\",\"props\":{\"content\":\"UN PICCOLO RITO DI PRIMAVERA DA VIVERE NEL VERDE\",\"margin_remove_top\":true,\"text_align\":\"center\",\"title_element\":\"h1\",\"title_style\":\"text-large\"}},{\"type\":\"divider\",\"props\":{\"divider_element\":\"hr\"}},{\"type\":\"text\",\"props\":{\"block_align\":\"center\",\"column_breakpoint\":\"m\",\"content\":\"\n\n<p>La caccia alle uova di Pasqua \\u00e8 una<strong> tradizione nordica<\\\/strong> che ha sempre fatto parte della nostra infanzia, date le nostre origini germaniche. La leggenda del coniglietto di Pasqua ha infatti le sue radici proprio in <strong>Germania<\\\/strong>.<\\\/p>\\n\n\n<p>Durante la Quaresima, era vietato mangiare carne e uova. Tuttavia, le galline continuarono a deporre uova e, per conservarle, la gente inizi\\u00f2 a cucinarle. Alcuni coloravano le uova aggiungendo erbe durante il processo di cottura per differenziarle dalle altre. Alla fine del periodo di digiuno, le famiglie si trovarono con molte uova cotte. Nel contempo la primavera portava la presenza diffusa di molte lepri nei campi. I tedeschi cominciarono ad associare uova e conigli al simbolo della fertilit\\u00e0, dando cos\\u00ec origine alla tradizione del <strong>coniglietto di Pasqua<\\\/strong>.<\\\/p>\\n\n\n<p><\\\/p>\\n\n\n<p>L\\u2019entusiasmante caccia alle uova di Pasqua \\u00e8 <strong>un\\u2019attivit\\u00e0 all\\u2019aria aperta<\\\/strong> che si svolge lungo un percorso predefinito. La sera prima, le uova decorate e coloratissime vengono nascoste con cura nel prato ed al mattino successivo i bambini, muniti di cestini, si divertono a cercarle, creando un\\u2019esperienza coinvolgente e gioiosa per tutti.<\\\/p>\",\"margin\":\"\",\"maxwidth\":\"2xlarge\",\"text_style\":\"large\"}},{\"type\":\"divider\",\"props\":{\"divider_element\":\"hr\"}},{\"type\":\"button\",\"props\":{\"fullwidth\":true,\"grid_column_gap\":\"small\",\"grid_row_gap\":\"small\",\"margin\":\"default\",\"text_align\":\"center\"},\"children\":[{\"type\":\"button_item\",\"props\":{\"button_style\":\"secondary\",\"content\":\"PRENOTA\",\"dialog_layout\":\"modal\",\"dialog_offcanvas_flip\":true,\"icon_align\":\"left\",\"link\":\"https:\\\/\\\/kaiser-farm.resos.com\\\/booking\",\"link_target\":\"blank\"}}],\"name\":\"Prenota\"}]}]},{\"type\":\"row\",\"props\":{\"column_gap\":\"small\",\"layout\":\"1-3,1-3,1-3\"},\"children\":[{\"type\":\"column\",\"props\":{\"image_position\":\"center-center\",\"position_sticky_breakpoint\":\"m\",\"width_medium\":\"1-3\"},\"children\":[{\"type\":\"image\",\"props\":{\"image\":\"wp-content\\\/uploads\\\/2025\\\/11\\\/KaiserFarmHouse-Eventi-Caccia-Uova-Pasqua-2.jpg\",\"image_border\":\"rounded\",\"image_box_shadow\":\"large\",\"image_svg_color\":\"emphasis\",\"margin\":\"default\"}}]},{\"type\":\"column\",\"props\":{\"image_position\":\"center-center\",\"position_sticky_breakpoint\":\"m\",\"width_medium\":\"1-3\"},\"children\":[{\"type\":\"image\",\"props\":{\"image\":\"wp-content\\\/uploads\\\/2025\\\/11\\\/KaiserFarmHouse-Eventi-Caccia-Uova-Pasqua-1-1.jpg\",\"image_border\":\"rounded\",\"image_box_shadow\":\"large\",\"image_svg_color\":\"emphasis\",\"margin\":\"default\"}}]},{\"type\":\"column\",\"props\":{\"image_position\":\"center-center\",\"position_sticky_breakpoint\":\"m\",\"width_medium\":\"1-3\"},\"children\":[{\"type\":\"image\",\"props\":{\"image\":\"wp-content\\\/uploads\\\/2025\\\/11\\\/KaiserFarmHouse-Eventi-Caccia-Uova-Pasqua-3.jpg\",\"image_border\":\"rounded\",\"image_box_shadow\":\"large\",\"image_svg_color\":\"emphasis\",\"margin\":\"default\"}}]}]},{\"type\":\"row\",\"children\":[{\"type\":\"column\",\"props\":{\"image_position\":\"center-center\",\"position_sticky_breakpoint\":\"m\"},\"children\":[{\"type\":\"divider\",\"props\":{\"divider_element\":\"hr\"}},{\"type\":\"text\",\"props\":{\"block_align\":\"center\",\"column_breakpoint\":\"m\",\"content\":\"\n\n<p>Dalla Germania questa usanza si \\u00e8 diffusa in tutto il mondo, coinvolgendo i bambini in una frenetica e divertente ricerca di uova e ovetti colorati o di cioccolata, in tutto il giardino.<br \\\/><strong>La caccia alle uova \\u00e8 per i bambini, la parte migliore delle feste pasquali.<\\\/strong><br \\\/>Gli elementi per il successo assicurato ci sono tutti: caramelle, cioccolato, attivit\\u00e0 all\\u2019aperto, uova colorate, una sana competizione spensierata e, soprattutto, <strong>premi!<\\\/strong><\\\/p>\\n\n\n<p>I luoghi in cui allestiamo la caccia sono sicuri per i bambini, in modo che possano muoversi in autonomia. L\\u2019area \\u00e8 grande e piena di possibili nascondigli. Partecipare \\u00e8 semplicissimo: all\\u2019ingresso i partecipanti riceveranno <strong>una mappa del tesoro<\\\/strong> che guider\\u00e0 i bambini e loro familiari alla scoperta delle uova.<br \\\/>Tutte le uova dovranno essere raccolte nel cestino e consegnate al termine del gioco.<br \\\/>In base al numero di uova trovate, verr\\u00e0 assegnato un <strong>premio corrispondente!<\\\/strong><br \\\/>Con questo gioco si riesce a stimolare le sfere emozionale e cognitiva dei bambini, passando dalla sorpresa e dalla scoperta al movimento e all\\u2019apprendimento.<\\\/p>\\n\n\n<p>ET\\u00c0 DEI PARTECIPANTI: dai 3 ai 10 anni<br \\\/>NUMERO GIOCATORI: 50<br \\\/>DOVE SI GIOCA: all\\u2019aperto<br \\\/>COSA OCCORRE: un cestino porta uova per ogni partecipante<br \\\/>COSTO CACCIA: <strong>\\u20ac 32<\\\/strong><\\\/p>\\n\n\n<p><i>I genitori che si uniranno all\\u2019evento avranno accesso gratuito e, per coloro che vorranno arricchire ulteriormente la loro esperienza, saranno disponibili piccole delizie a tema pasquale, che potranno essere degustate nei nostri punti di ristoro, immersi nella bellezza della natura, all\\u2019interno di un contesto davvero unico.<\\\/i><\\\/p>\",\"margin\":\"\",\"maxwidth\":\"2xlarge\",\"text_style\":\"large\"}},{\"type\":\"divider\",\"props\":{\"divider_element\":\"hr\"}},{\"type\":\"button\",\"props\":{\"fullwidth\":true,\"grid_column_gap\":\"small\",\"grid_row_gap\":\"small\",\"margin\":\"default\",\"text_align\":\"center\"},\"children\":[{\"type\":\"button_item\",\"props\":{\"button_style\":\"secondary\",\"content\":\"PRENOTA\",\"dialog_layout\":\"modal\",\"dialog_offcanvas_flip\":true,\"icon_align\":\"left\",\"link\":\"https:\\\/\\\/kaiser-farm.resos.com\\\/booking\",\"link_target\":\"blank\"}}],\"name\":\"Prenota\"}]}]},{\"type\":\"row\",\"props\":{\"column_gap\":\"small\",\"layout\":\"1-3,1-3,1-3\"},\"children\":[{\"type\":\"column\",\"props\":{\"image_position\":\"center-center\",\"position_sticky_breakpoint\":\"m\",\"width_medium\":\"1-3\"},\"children\":[{\"type\":\"image\",\"props\":{\"image\":\"wp-content\\\/uploads\\\/2025\\\/11\\\/KaiserFarmHouse-Eventi-Caccia-Uova-Pasqua-4.jpg\",\"image_border\":\"rounded\",\"image_box_shadow\":\"large\",\"image_svg_color\":\"emphasis\",\"margin\":\"default\"}}]},{\"type\":\"column\",\"props\":{\"image_position\":\"center-center\",\"position_sticky_breakpoint\":\"m\",\"width_medium\":\"1-3\"},\"children\":[{\"type\":\"image\",\"props\":{\"image\":\"wp-content\\\/uploads\\\/2025\\\/11\\\/KaiserFarmHouse-Eventi-Caccia-Uova-Pasqua-6.jpg\",\"image_border\":\"rounded\",\"image_box_shadow\":\"large\",\"image_svg_color\":\"emphasis\",\"margin\":\"default\"}}]},{\"type\":\"column\",\"props\":{\"image_position\":\"center-center\",\"position_sticky_breakpoint\":\"m\",\"width_medium\":\"1-3\"},\"children\":[{\"type\":\"image\",\"props\":{\"image\":\"wp-content\\\/uploads\\\/2025\\\/11\\\/KaiserFarmHouse-Eventi-Caccia-Uova-Pasqua-5.jpg\",\"image_border\":\"rounded\",\"image_box_shadow\":\"large\",\"image_svg_color\":\"emphasis\",\"margin\":\"default\"}}]}]}]},{\"type\":\"section\",\"props\":{\"image_position\":\"center-center\",\"style\":\"muted\",\"title_breakpoint\":\"xl\",\"title_position\":\"top-left\",\"title_rotation\":\"left\",\"vertical_align\":\"middle\",\"width\":\"xsmall\"},\"children\":[{\"type\":\"row\",\"children\":[{\"type\":\"column\",\"props\":{\"image_position\":\"center-center\",\"position_sticky_breakpoint\":\"m\"},\"children\":[{\"type\":\"headline\",\"props\":{\"content\":\"<strong>Iscriviti alla nostra newsletter<\\\/strong>\",\"margin_remove_bottom\":true,\"title_decoration\":\"divider\",\"title_element\":\"h1\",\"title_style\":\"h3\"}},{\"type\":\"text\",\"props\":{\"block_align\":\"center\",\"column_breakpoint\":\"m\",\"content\":\"\n\n<p>Per restare sempre aggiornato sulle date degli eventi e dei raccolti.<\\\/p>\",\"margin\":\"medium\",\"margin_remove_top\":true,\"maxwidth\":\"2xlarge\",\"text_style\":\"large\"}},{\"name\":\"Newsletter Size Default\",\"type\":\"newsletter\",\"props\":{\"button_icon\":\"mail\",\"button_mode\":\"button\",\"button_style\":\"secondary\",\"cmonitor\":{\"client_id\":\"\",\"list_id\":\"\"},\"gap\":\"small\",\"label_button\":\"Subscribe\",\"label_email\":\"Email address\",\"label_first_name\":\"First name\",\"label_last_name\":\"Last name\",\"layout\":\"grid\",\"mailchimp\":{\"client_id\":\"\",\"list_id\":\"605f9614f5\",\"double_optin\":false},\"provider\":{\"name\":\"mailchimp\",\"after_submit\":\"message\",\"message\":\"Sei stato iscritto con successo.\",\"redirect\":\"\"},\"show_name\":false}}]}]}]}],\"version\":\"4.5.32\"} --><\/p>","protected":false},"excerpt":{"rendered":"<p>La caccia alle uova di Pasqua La settimana di Pasqua UN PICCOLO RITO DI PRIMAVERA DA VIVERE NEL VERDE La caccia alle uova di Pasqua \u00e8 una tradizione nordica che ha sempre fatto parte della nostra infanzia, date le nostre origini germaniche. La leggenda del coniglietto di Pasqua ha infatti le sue radici proprio in [&hellip;]<\/p>","protected":false},"author":1,"featured_media":0,"parent":0,"menu_order":0,"comment_status":"closed","ping_status":"closed","template":"","meta":{"_acf_changed":false,"footnotes":""},"class_list":["post-825","page","type-page","status-publish","hentry"],"acf":[],"_links":{"self":[{"href":"https:\/\/staging.kaiserfarmhouse.com\/fr\/wp-json\/wp\/v2\/pages\/825","targetHints":{"allow":["GET"]}}],"collection":[{"href":"https:\/\/staging.kaiserfarmhouse.com\/fr\/wp-json\/wp\/v2\/pages"}],"about":[{"href":"https:\/\/staging.kaiserfarmhouse.com\/fr\/wp-json\/wp\/v2\/types\/page"}],"author":[{"embeddable":true,"href":"https:\/\/staging.kaiserfarmhouse.com\/fr\/wp-json\/wp\/v2\/users\/1"}],"replies":[{"embeddable":true,"href":"https:\/\/staging.kaiserfarmhouse.com\/fr\/wp-json\/wp\/v2\/comments?post=825"}],"version-history":[{"count":20,"href":"https:\/\/staging.kaiserfarmhouse.com\/fr\/wp-json\/wp\/v2\/pages\/825\/revisions"}],"predecessor-version":[{"id":1286,"href":"https:\/\/staging.kaiserfarmhouse.com\/fr\/wp-json\/wp\/v2\/pages\/825\/revisions\/1286"}],"wp:attachment":[{"href":"https:\/\/staging.kaiserfarmhouse.com\/fr\/wp-json\/wp\/v2\/media?parent=825"}],"curies":[{"name":"wp","href":"https:\/\/api.w.org\/{rel}","templated":true}]}}