{"id":824,"date":"2025-11-14T21:22:59","date_gmt":"2025-11-14T21:22:59","guid":{"rendered":"https:\/\/youseeme.plus\/kaiser\/?page_id=824"},"modified":"2026-01-08T09:22:49","modified_gmt":"2026-01-08T09:22:49","slug":"cueillez-votre-tulipe","status":"publish","type":"page","link":"https:\/\/staging.kaiserfarmhouse.com\/fr\/cueillez-votre-tulipe\/","title":{"rendered":"Saisissez votre tulipe"},"content":{"rendered":"<h1>Saisissez votre tulipe<\/h1>\n<h1>\u00e0 partir de fin mars<\/h1>\n<h1>LA MAGIE DES TULIPES SE PR\u00c9PARE : UN CHAMP O\u00d9 L'ON PEUT SE PROMENER ET CUEILLIR, EN RESPIRANT L'AIR FRAIS ET PARFUM\u00c9 DE LA CAMPAGNE<\/h1>\n<hr>\n<div>\n<p>Au printemps, le domaine se transforme en une palette color\u00e9e de tulipes : Kaiser Farm ouvre ses portes \u00e0 l'autoculture de ces merveilleuses fleurs cultiv\u00e9es avec soin et passion en plein champ, avec un large \u00e9ventail de vari\u00e9t\u00e9s anciennes.<br \/>La tulipe est la fleur embl\u00e9matique du printemps, l'une des premi\u00e8res \u00e0 fleurir chaque ann\u00e9e. Elle a toujours \u00e9t\u00e9 l'une des fleurs les plus populaires en raison de sa simplicit\u00e9, de sa forme et de la diversit\u00e9 de ses couleurs.<br \/>Nous offrons \u00e0 nos h\u00f4tes la possibilit\u00e9 de choisir et de cueillir personnellement les vari\u00e9t\u00e9s et les quantit\u00e9s souhait\u00e9es, cultiv\u00e9es selon les rythmes naturels et les saisons, concr\u00e9tisant ainsi le concept tangible de la production de fleurs au kilom\u00e8tre 0.<br \/>Kaiser Farm s'engage activement \u00e0 promouvoir la biodiversit\u00e9 et la durabilit\u00e9 et \u00e0 offrir des exp\u00e9riences agricoles vari\u00e9es, dans le but de pr\u00e9server les \u00e9cosyst\u00e8mes locaux et de rapprocher les gens de la nature et de l'environnement agricole.<\/p>\n<p>AUCUNE R\u00c9SERVATION N'EST N\u00c9CESSAIRE POUR ACC\u00c9DER AUX CHAMPS DE FLEURS.<br \/>Le prix d'entr\u00e9e est de 6 \u20ac par personne (sauf pour les enfants de moins de 3 ans) et comprend trois tulipes gratuites.<br \/>Le co\u00fbt des tulipes suppl\u00e9mentaires est de 1,50 EUR chacune.<\/p>\n<p>Les heures d'ouverture sont les suivantes :<br \/>- Vendredis, samedis, dimanches et jours f\u00e9ri\u00e9s : de 10h00 \u00e0 18h00<br \/>- En semaine : sur rendez-vous uniquement<br \/>- Ouverture de la manifestation : \u00e0 partir du vendredi 27 mars<\/p>\n<\/div>\n<hr>\n<p><img decoding=\"async\" src=\"\/wp-content\/uploads\/2025\/11\/KaiserFarmHouse-Raccolta-Tulipani-2.jpg\" alt=\"\"><br \/>\n<img decoding=\"async\" src=\"\/wp-content\/uploads\/2025\/11\/KaiserFarmHouse-Raccolta-Tulipani-3.jpg\" alt=\"\"><br \/>\n<img decoding=\"async\" src=\"\/wp-content\/uploads\/2025\/11\/KaiserFarmHouse-Raccolta-Tulipani-4.jpg\" alt=\"\"><\/p>\n<div>\n<p>Voici un petit vade-mecum des choses \u00e0 savoir avant la visite :<\/p>\n<ol>\n<li>Calculer <strong>au moins une heure<\/strong> pour la visite des champs cultiv\u00e9s : profiter du moment sans se presser<\/li>\n<li>S'il vous pla\u00eet <strong>apporter des ciseaux de jardinage et un panier<\/strong> pour la collecte.<\/li>\n<li><strong>Suivre les instructions<\/strong> que nous vous remettrons \u00e0 l'entr\u00e9e pour cueillir les fleurs correctement, en \u00e9vitant de d\u00e9chirer et d'ab\u00eemer les plantes ou les bulbes.<\/li>\n<li><strong>Faire un tour complet des champs<\/strong> avant de commencer la r\u00e9colte. Choisissez et d\u00e9cidez ce que vous allez r\u00e9colter, ne coupez que ce que vous avez choisi et prenez tout ce que vous avez r\u00e9colt\u00e9.<\/li>\n<li>I <strong>fleurs fra\u00eechement coup\u00e9es<\/strong> sera plus durable, plus forte et plus vigoureuse. La coupe de la tige joue un r\u00f4le crucial. Utilisez des ciseaux bien aiguis\u00e9s pour effectuer une coupe nette et oblique, ce qui augmente la surface d'absorption de l'eau. La coupe doit \u00eatre effectu\u00e9e \u00e0 la base, pr\u00e8s du sol.<\/li>\n<li><strong>Veillez \u00e0 ne pas marcher sur les fleurs et les semis.<\/strong>. Restez toujours sur le trottoir, en respectant ceux qui ont cultiv\u00e9 les champs et ceux qui viendront apr\u00e8s vous.<\/li>\n<li>Compte tenu de la <strong>pr\u00e9sence de nombreux animaux<\/strong> \u00e0 la Ferme, nous vous demandons de ne pas amener de chiens ou d'autres animaux pendant votre visite.<\/li>\n<li><strong>En cas de mauvais temps<\/strong> le sol peut \u00eatre boueux, nous vous conseillons de porter des bottes. La r\u00e9colte peut \u00eatre suspendue en cas de fortes pluies.<\/li>\n<\/ol>\n<\/div>\n<div>\n<p>        <img decoding=\"async\" src=\"\/wp-content\/uploads\/2025\/11\/prenota-i-tuoi-tulipani-freschi.jpg\" alt=\"\"><\/p>\n<h3>VOUS ENVISAGEZ DE FAIRE UN DON ?<\/h3>\n<p>Nous proposons un service de livraison \u00e0 domicile dans les villes de Bergame et de Milan.<\/p>\n<div>\n<p>Pour garantir une fra\u00eecheur maximale des fleurs, les livraisons sont effectu\u00e9es le jour m\u00eame de la r\u00e9colte.<\/p>\n<p>Les tulipes seront soigneusement conserv\u00e9es dans un environnement prot\u00e9g\u00e9 et frais, garantissant ainsi des conditions de stockage optimales. Nous acceptons les paiements par carte de cr\u00e9dit via le panier d'achat en ligne.<br \/>En g\u00e9n\u00e9ral, les tulipes commencent \u00e0 fleurir vers la fin du mois de mars et la floraison dure environ trois semaines. Cela d\u00e9pend toutefois des conditions m\u00e9t\u00e9orologiques et de l'ann\u00e9e.<\/p>\n<\/div>\n<p><a href=\"\/fr\/contacts\/\">Contactez nous<\/a><\/p>\n<\/div>\n<h1><strong>S'inscrire \u00e0 notre lettre d'information<\/strong><\/h1>\n<div>\n<p>Tenez vous au courant des dates des \u00e9v\u00e9nements et des r\u00e9coltes.<\/p>\n<\/div>\n<p><!--more--><br \/>\n<!-- {\"type\":\"layout\",\"children\":[{\"type\":\"section\",\"props\":{\"image\":\"wp-content\\\/uploads\\\/2025\\\/11\\\/KaiserFarmHouse-Raccolta-Tulipani-1-2025.jpg\",\"image_position\":\"center-center\",\"image_size\":\"cover\",\"padding\":\"xlarge\",\"style\":\"default\",\"title_breakpoint\":\"xl\",\"title_position\":\"top-left\",\"title_rotation\":\"left\",\"vertical_align\":\"middle\",\"width\":\"default\"},\"children\":[{\"type\":\"row\",\"children\":[{\"type\":\"column\",\"props\":{\"image_position\":\"center-center\",\"position_sticky_breakpoint\":\"m\"}}]}]},{\"type\":\"section\",\"props\":{\"image_position\":\"center-center\",\"padding\":\"small\",\"style\":\"default\",\"title_breakpoint\":\"xl\",\"title_position\":\"top-left\",\"title_rotation\":\"left\",\"vertical_align\":\"middle\",\"width\":\"default\"},\"children\":[{\"type\":\"row\",\"children\":[{\"type\":\"column\",\"props\":{\"image_position\":\"center-center\",\"position_sticky_breakpoint\":\"m\"},\"children\":[{\"type\":\"headline\",\"props\":{\"content\":\"Cogli il tuo tulipano\",\"margin\":\"default\",\"margin_remove_bottom\":false,\"margin_remove_top\":false,\"text_align\":\"center\",\"title_element\":\"h1\",\"title_font_family\":\"tertiary\",\"title_style\":\"h1\"}},{\"type\":\"headline\",\"props\":{\"content\":\"da fine Marzo\",\"margin_remove_top\":true,\"text_align\":\"center\",\"title_color\":\"success\",\"title_element\":\"h1\",\"title_style\":\"h4\"}},{\"type\":\"headline\",\"props\":{\"content\":\"SI PREPARA LA MAGIA DEI TULIPANI: UN CAMPO DOVE POTRAI PASSEGGIARE E RACCOGLIERE, RESPIRANDO L\\u2019ARIA FRESCA E PROFUMATA DELLA CAMPAGNA\",\"margin_remove_top\":true,\"text_align\":\"center\",\"title_element\":\"h1\",\"title_style\":\"text-large\"}},{\"type\":\"divider\",\"props\":{\"divider_element\":\"hr\"}},{\"type\":\"text\",\"props\":{\"block_align\":\"center\",\"column_breakpoint\":\"m\",\"content\":\"\n\n<p>In primavera i terreni si trasformano in una tavolozza colorata di tulipani: Kaiser Farm apre le porte all\\u2019autoraccolta di queste meravigliose fioriture coltivate con cura e passione in campo aperto, vantando una vasta gamma di variet\\u00e0 antiche.<br \\\/>Il tulipano \\u00e8 il fiore simbolo della primavera, \\u00e8 uno dei primi a sbocciare ogni anno. \\u00c8 stato da sempre uno dei fiori pi\\u00f9 amati per la sua semplicit\\u00e0, forma e diversit\\u00e0 di colore.<br \\\/>Offriamo ai nostri ospiti l\\u2019opportunit\\u00e0 di scegliere e raccogliere personalmente le variet\\u00e0 e quantit\\u00e0 desiderate, coltivate seguendo i ritmi naturali e le stagioni, rendendo concreto il concetto tangibile di produzione km 0 dei fiori.<br \\\/>Kaiser Farm si impegna attivamente nella promozione della biodiversit\\u00e0, della sostenibilit\\u00e0 e nell\\u2019offrire diverse esperienze agricole, con l\\u2019obiettivo di preservare gli ecosistemi locali e di avvicinare le persone alla natura e all\\u2019ambiente agricolo.<\\\/p>\\n\n\n<p>NON \\u00c8 RICHIESTA ALCUNA PRENOTAZIONE PER ACCEDERE AI CAMPI FIORITI.<br \\\/>Il costo d\\u2019ingresso \\u00e8 di \\u20ac 6 a persona (bambini sotto i 3 anni esclusi) ed include tre tulipani omaggio.<br \\\/>Il costo dei tulipani aggiuntivi \\u00e8 di 1,50 euro ciascuno.<\\\/p>\\n\n\n<p>Gli ORARI DI APERTURA sono i seguenti:<br \\\/>\\u2022 Venerd\\u00ec, Sabato, Domenica e Festivi: dalle 10:00 alle 18:00<br \\\/>\\u2022 Nei giorni feriali: Solo su prenotazione<br \\\/>\\u2022 Apertura Evento: da Venerd\\u00ec 27 Marzo<\\\/p>\",\"margin\":\"\",\"maxwidth\":\"2xlarge\",\"text_style\":\"large\"}},{\"type\":\"divider\",\"props\":{\"divider_element\":\"hr\"}},{\"type\":\"button\",\"props\":{\"fullwidth\":true,\"grid_column_gap\":\"small\",\"grid_row_gap\":\"small\",\"margin\":\"default\",\"status\":\"disabled\",\"text_align\":\"center\"},\"children\":[{\"type\":\"button_item\",\"props\":{\"button_style\":\"secondary\",\"content\":\"PRENOTA\",\"dialog_layout\":\"modal\",\"dialog_offcanvas_flip\":true,\"icon_align\":\"left\",\"link\":\"https:\\\/\\\/kaiser-farm.resos.com\\\/booking\",\"link_target\":\"blank\"}}],\"name\":\"Prenota\"}]}]},{\"type\":\"row\",\"props\":{\"column_gap\":\"small\",\"layout\":\"1-3,1-3,1-3\"},\"children\":[{\"type\":\"column\",\"props\":{\"image_position\":\"center-center\",\"position_sticky_breakpoint\":\"m\",\"width_medium\":\"1-3\"},\"children\":[{\"type\":\"image\",\"props\":{\"image\":\"wp-content\\\/uploads\\\/2025\\\/11\\\/KaiserFarmHouse-Raccolta-Tulipani-2.jpg\",\"image_border\":\"rounded\",\"image_box_shadow\":\"large\",\"image_svg_color\":\"emphasis\",\"margin\":\"default\"}}]},{\"type\":\"column\",\"props\":{\"image_position\":\"center-center\",\"position_sticky_breakpoint\":\"m\",\"width_medium\":\"1-3\"},\"children\":[{\"type\":\"image\",\"props\":{\"image\":\"wp-content\\\/uploads\\\/2025\\\/11\\\/KaiserFarmHouse-Raccolta-Tulipani-3.jpg\",\"image_border\":\"rounded\",\"image_box_shadow\":\"large\",\"image_svg_color\":\"emphasis\",\"margin\":\"default\"}}]},{\"type\":\"column\",\"props\":{\"image_position\":\"center-center\",\"position_sticky_breakpoint\":\"m\",\"width_medium\":\"1-3\"},\"children\":[{\"type\":\"image\",\"props\":{\"image\":\"wp-content\\\/uploads\\\/2025\\\/11\\\/KaiserFarmHouse-Raccolta-Tulipani-4.jpg\",\"image_border\":\"rounded\",\"image_box_shadow\":\"large\",\"image_svg_color\":\"emphasis\",\"margin\":\"default\"}}]}]},{\"type\":\"row\",\"children\":[{\"type\":\"column\",\"props\":{\"image_position\":\"center-center\",\"position_sticky_breakpoint\":\"m\"},\"children\":[{\"type\":\"text\",\"props\":{\"block_align\":\"center\",\"column_breakpoint\":\"m\",\"content\":\"\n\n<p>Qui di seguito un piccolo vademecum delle cose da sapere prima della visita:<\\\/p>\\n\n\n<ol>\\n\n\n<li>Calcolate <strong>almeno un\\u2019ora<\\\/strong> per la visita ai campi coltivati: godetevi il momento senza fretta<\\\/li>\\n\n\n<li>Vi preghiamo di <strong>portare forbici da giardino e cestino<\\\/strong> per la raccolta.<\\\/li>\\n\n\n<li><strong>Seguite le istruzioni<\\\/strong> che vi daremo all\\u2019ingresso per raccogliere i fiori in modo corretto evitando di strappare e danneggiare le piante o i bulbi.<\\\/li>\\n\n\n<li><strong>Fate un giro completo dei campi<\\\/strong> prima di iniziare la raccolta. Scegliete e decidete cosa raccogliere, recidete soltanto quanto scelto e prendete tutto quello che avete raccolto.<\\\/li>\\n\n\n<li>I <strong>fiori appena recisi<\\\/strong> saranno pi\\u00f9 duraturi, forti e vigorosi. Il taglio dello stelo gioca un ruolo cruciale. Usa forbici affilate per un taglio netto e obliquo, che aumenta la superficie di assorbimento dell\\u2019acqua. Il taglio va effettuato alla base, in prossimit\\u00e0 del terreno.<\\\/li>\\n\n\n<li><strong>Fate attenzione a non calpestare i fiori e le piantine<\\\/strong>. Restate sempre sul vialetto calpestabile, nel rispetto di chi ha coltivato i campi e delle persone che arriveranno dopo di voi.<\\\/li>\\n\n\n<li>Data la <strong>presenza di numerosi animali<\\\/strong> presso la Farm, vi chiediamo cortesemente di non portare cani ed altri animali durante la visita.<\\\/li>\\n\n\n<li><strong>In caso di maltempo<\\\/strong> il terreno potrebbe essere fangoso, vi consigliamo di munirvi di stivali. La raccolta potrebbe essere sospesa in caso di pioggia insistente.<\\\/li>\\n<\\\/ol>\",\"margin\":\"\",\"maxwidth\":\"2xlarge\",\"text_style\":\"large\"}}]}]}]},{\"type\":\"section\",\"props\":{\"image_position\":\"center-center\",\"style\":\"default\",\"title_breakpoint\":\"xl\",\"title_position\":\"top-left\",\"title_rotation\":\"left\",\"vertical_align\":\"middle\",\"width\":\"default\"},\"children\":[{\"type\":\"row\",\"children\":[{\"type\":\"column\",\"props\":{\"image_position\":\"center-center\",\"position_sticky_breakpoint\":\"m\"},\"children\":[{\"name\":\"Panel Image Left\",\"type\":\"panel\",\"props\":{\"block_align\":\"center\",\"content\":\"\n\n<p>Per garantire la massima freschezza dei fiori, le consegne verranno effettuate il giorno stesso della raccolta.<\\\/p>\\n\n\n<p>I tulipani saranno accuratamente riposti in ambienti protetti e freschi, assicurando cos\\u00ec condizioni ottimali di conservazione. Accettiamo pagamenti con carta di credito tramite il carrello online.<br \\\/>Di solito i tulipani iniziano a fiorire verso la fine di marzo e la fioritura dura circa 3 settimane. Tuttavia ci\\u00f2 dipende dalle condizioni metereologiche e dall\\u2019annata.<\\\/p>\",\"content_column_breakpoint\":\"m\",\"content_margin\":\"small\",\"icon_width\":80,\"image\":\"wp-content\\\/uploads\\\/2025\\\/11\\\/prenota-i-tuoi-tulipani-freschi.jpg\",\"image_align\":\"left\",\"image_grid_breakpoint\":\"s\",\"image_grid_width\":\"2-5\",\"image_svg_color\":\"emphasis\",\"image_vertical_align\":true,\"link\":\"contatti\\\/\",\"link_margin\":\"medium\",\"link_style\":\"secondary\",\"link_text\":\"Contattaci\",\"margin\":\"default\",\"meta\":\"Offriamo il servizio di consegna a domicilio nelle citt\\u00e0 di Bergamo e Milano.\",\"meta_align\":\"below-title\",\"meta_color\":\"success\",\"meta_element\":\"div\",\"meta_margin\":\"small\",\"meta_style\":\"\",\"panel_expand\":\"image\",\"panel_image_no_padding\":true,\"panel_padding\":\"default\",\"panel_style\":\"card-default\",\"title\":\"STAI PENSANDO DI FARE UN REGALO?\",\"title_align\":\"top\",\"title_element\":\"h3\",\"title_grid_breakpoint\":\"m\",\"title_grid_width\":\"1-2\",\"title_hover_style\":\"reset\",\"title_margin\":\"small\"}}]}]}]},{\"type\":\"section\",\"props\":{\"image_position\":\"center-center\",\"style\":\"muted\",\"title_breakpoint\":\"xl\",\"title_position\":\"top-left\",\"title_rotation\":\"left\",\"vertical_align\":\"middle\",\"width\":\"xsmall\"},\"children\":[{\"type\":\"row\",\"children\":[{\"type\":\"column\",\"props\":{\"image_position\":\"center-center\",\"position_sticky_breakpoint\":\"m\"},\"children\":[{\"type\":\"headline\",\"props\":{\"content\":\"<strong>Iscriviti alla nostra newsletter<\\\/strong>\",\"margin_remove_bottom\":true,\"title_decoration\":\"divider\",\"title_element\":\"h1\",\"title_style\":\"h3\"}},{\"type\":\"text\",\"props\":{\"block_align\":\"center\",\"column_breakpoint\":\"m\",\"content\":\"\n\n<p>Per restare sempre aggiornato sulle date degli eventi e dei raccolti.<\\\/p>\",\"margin\":\"medium\",\"margin_remove_top\":true,\"maxwidth\":\"2xlarge\",\"text_style\":\"large\"}},{\"name\":\"Newsletter Size Default\",\"type\":\"newsletter\",\"props\":{\"button_icon\":\"mail\",\"button_mode\":\"button\",\"button_style\":\"secondary\",\"cmonitor\":{\"client_id\":\"\",\"list_id\":\"\"},\"gap\":\"small\",\"label_button\":\"Subscribe\",\"label_email\":\"Email address\",\"label_first_name\":\"First name\",\"label_last_name\":\"Last name\",\"layout\":\"grid\",\"mailchimp\":{\"client_id\":\"\",\"list_id\":\"605f9614f5\",\"double_optin\":false},\"provider\":{\"name\":\"mailchimp\",\"after_submit\":\"message\",\"message\":\"Sei stato iscritto con successo.\",\"redirect\":\"\"},\"show_name\":false}}]}]}]}],\"version\":\"4.5.32\"} --><\/p>","protected":false},"excerpt":{"rendered":"<p>Cogli il tuo tulipano da fine Marzo SI PREPARA LA MAGIA DEI TULIPANI: UN CAMPO DOVE POTRAI PASSEGGIARE E RACCOGLIERE, RESPIRANDO L\u2019ARIA FRESCA E PROFUMATA DELLA CAMPAGNA In primavera i terreni si trasformano in una tavolozza colorata di tulipani: Kaiser Farm apre le porte all\u2019autoraccolta di queste meravigliose fioriture coltivate con cura e passione in [&hellip;]<\/p>","protected":false},"author":1,"featured_media":0,"parent":0,"menu_order":0,"comment_status":"closed","ping_status":"closed","template":"","meta":{"_acf_changed":false,"footnotes":""},"class_list":["post-824","page","type-page","status-publish","hentry"],"acf":[],"_links":{"self":[{"href":"https:\/\/staging.kaiserfarmhouse.com\/fr\/wp-json\/wp\/v2\/pages\/824","targetHints":{"allow":["GET"]}}],"collection":[{"href":"https:\/\/staging.kaiserfarmhouse.com\/fr\/wp-json\/wp\/v2\/pages"}],"about":[{"href":"https:\/\/staging.kaiserfarmhouse.com\/fr\/wp-json\/wp\/v2\/types\/page"}],"author":[{"embeddable":true,"href":"https:\/\/staging.kaiserfarmhouse.com\/fr\/wp-json\/wp\/v2\/users\/1"}],"replies":[{"embeddable":true,"href":"https:\/\/staging.kaiserfarmhouse.com\/fr\/wp-json\/wp\/v2\/comments?post=824"}],"version-history":[{"count":19,"href":"https:\/\/staging.kaiserfarmhouse.com\/fr\/wp-json\/wp\/v2\/pages\/824\/revisions"}],"predecessor-version":[{"id":1473,"href":"https:\/\/staging.kaiserfarmhouse.com\/fr\/wp-json\/wp\/v2\/pages\/824\/revisions\/1473"}],"wp:attachment":[{"href":"https:\/\/staging.kaiserfarmhouse.com\/fr\/wp-json\/wp\/v2\/media?parent=824"}],"curies":[{"name":"wp","href":"https:\/\/api.w.org\/{rel}","templated":true}]}}