{"id":823,"date":"2025-11-14T21:22:59","date_gmt":"2025-11-14T21:22:59","guid":{"rendered":"https:\/\/youseeme.plus\/kaiser\/?page_id=823"},"modified":"2025-11-19T15:53:58","modified_gmt":"2025-11-19T15:53:58","slug":"lautoraccolta","status":"publish","type":"page","link":"https:\/\/staging.kaiserfarmhouse.com\/fr\/lautoraccolta\/","title":{"rendered":"L'auto-collection"},"content":{"rendered":"<h1>L'auto-collection<\/h1>\n<h1>Le service sera disponible \u00e0 partir de la fin du mois de mars.<\/h1>\n<h1>FRUITS, L\u00c9GUMES ET FLEURS EN LIBRE-SERVICE<\/h1>\n<hr>\n<div>\n<p>Notre verger est ouvert aux jeunes et aux moins jeunes : un lieu o\u00f9 chacun peut cueillir des fruits et des l\u00e9gumes directement sur les plantes \u00e0 maturit\u00e9, lorsque les ar\u00f4mes, la texture et les propri\u00e9t\u00e9s nutritionnelles atteignent leur apog\u00e9e.<\/p>\n<p>L'autocueillette, une pratique de plus en plus r\u00e9pandue dans le nord de l'Italie, offre une exp\u00e9rience authentique et surprenante : elle permet de voir de ses propres yeux o\u00f9 les produits sont cultiv\u00e9s, de les toucher et de choisir les meilleurs fruits, frais, sains et au bon stade de maturit\u00e9. Il s'agit d'une activit\u00e9 simple et attrayante, id\u00e9ale pour passer du temps en plein air avec la famille, immerg\u00e9e dans la nature et les rythmes authentiques de la campagne.<\/p>\n<p>Selon la saison, vous trouverez des fruits, des l\u00e9gumes et des herbes aromatiques cultiv\u00e9s selon des m\u00e9thodes pures et naturelles, dans le respect total du sol et des saisons.<br \/>Au printemps, les champs se transforment en une \u00e9tendue color\u00e9e de tulipes : les visiteurs peuvent choisir leurs vari\u00e9t\u00e9s et quantit\u00e9s pr\u00e9f\u00e9r\u00e9es.<br \/>La tulipe, symbole du printemps, est l'une des premi\u00e8res fleurs \u00e0 \u00e9clore chaque ann\u00e9e. Elle est appr\u00e9ci\u00e9e pour son \u00e9l\u00e9gance, sa forme et son incroyable palette de couleurs.<\/p>\n<\/div>\n<hr>\n<p><p>\n        <a href=\"https:\/\/kaiser-farm.resos.com\/booking\">LIVRE<\/a>\n    <\/p>\n<\/p>\n<p><img decoding=\"async\" src=\"\/wp-content\/uploads\/2025\/11\/KaiserFarmHouse-Autoraccolta-2.jpg\" alt=\"\"><br \/>\n<img decoding=\"async\" src=\"\/wp-content\/uploads\/2025\/11\/KaiserFarmHouse-Autoraccolta-3-1.jpg\" alt=\"\"><br \/>\n<img decoding=\"async\" src=\"\/wp-content\/uploads\/2025\/11\/KaiserFarmHouse-Autoraccolta-4-1.jpg\" alt=\"\"><\/p>\n<div>\n<p>Pour participer \u00e0 l'autocueillette de fruits et l\u00e9gumes, il est n\u00e9cessaire de faire une r\u00e9servation en indiquant le cr\u00e9neau horaire souhait\u00e9.<br \/>L'acc\u00e8s aux champs de tulipes est en revanche gratuit et ne n\u00e9cessite pas de r\u00e9servation.<\/p>\n<p>L'entr\u00e9e co\u00fbte 6,00 \u20ac par personne et comprend 3 tulipes. Avant d'entrer dans les champs, quelques r\u00e8gles simples pour une r\u00e9colte correcte, dans le respect des plantes, seront expliqu\u00e9es.<br \/>Veuillez apporter vos propres ciseaux et paniers pour la collecte.<br \/>Les fruits et l\u00e9gumes r\u00e9colt\u00e9s sont pes\u00e9s \u00e0 la fin de l'exp\u00e9rience et le paiement est effectu\u00e9 en fonction de la quantit\u00e9 choisie.<br \/>Le co\u00fbt d'une tulipe coup\u00e9e (sans bulbe) est de 1,50 \u20ac.<\/p>\n<p>Les chiens et autres animaux ne sont pas autoris\u00e9s.<\/p>\n<p>Sur r\u00e9servation, il est possible de s'arr\u00eater pour le petit-d\u00e9jeuner dans les espaces de d\u00e9gustation \u00e0 l'int\u00e9rieur de notre manoir du XVIIe si\u00e8cle.<br \/>Les h\u00f4tes disposent \u00e9galement de vastes espaces en plein air, \u00e9quip\u00e9s de tables, de chaises et de parasols, pour vivre la campagne en toute tranquillit\u00e9.<\/p>\n<p>Pour terminer la journ\u00e9e, vous pouvez visiter le magasin de la ferme, o\u00f9 nous proposons une s\u00e9lection de nos produits : fruits et l\u00e9gumes en pot fabriqu\u00e9s \u00e0 la main, miel de nos abeilles et huile d'olive extra vierge.<br \/>Une fa\u00e7on de ramener \u00e0 la maison les saveurs authentiques de notre ferme.<\/p>\n<\/div>\n<hr>\n<p><p>\n        <a href=\"https:\/\/kaiser-farm.resos.com\/booking\">LIVRE<\/a>\n    <\/p>\n<\/p>\n<p><img decoding=\"async\" src=\"\/wp-content\/uploads\/2025\/11\/KaiserFarmHouse-Autoraccolta-5.jpg\" alt=\"\"><br \/>\n<img decoding=\"async\" src=\"\/wp-content\/uploads\/2025\/11\/KaiserFarmHouse-Autoraccolta-6.jpg\" alt=\"\"><br \/>\n<img decoding=\"async\" src=\"\/wp-content\/uploads\/2025\/11\/KaiserFarmHouse-Autoraccolta-7.jpg\" alt=\"\"><\/p>\n<div>\n<p>Voici un petit vade-mecum des choses \u00e0 savoir avant la visite :<\/p>\n<ol>\n<li><strong>Calculer au moins une heure<\/strong> pour la visite des champs cultiv\u00e9s : profiter du moment sans se presser<\/li>\n<li><strong>Suivre les instructions<\/strong> que nous vous remettrons \u00e0 l'entr\u00e9e pour cueillir les fruits, les l\u00e9gumes ou les fleurs de la bonne mani\u00e8re, en \u00e9vitant de d\u00e9chirer et d'ab\u00eemer les plantes ou les bulbes.<\/li>\n<li><strong>Faire un tour complet des champs<\/strong> avant de commencer la r\u00e9colte. Choisissez et d\u00e9cidez ce que vous allez r\u00e9colter, ne coupez que ce que vous avez choisi et ne coupez que ce que vous avez choisi. <strong>prendre tout cela<\/strong> que vous avez collect\u00e9s.<\/li>\n<li><strong>Veillez \u00e0 ne pas marcher sur les fleurs et les semis.<\/strong>. Restez toujours sur le trottoir, en respectant ceux qui ont cultiv\u00e9 les champs et ceux qui viendront apr\u00e8s vous.<\/li>\n<\/ol>\n<\/div>\n<p><p>\n        <a href=\"https:\/\/kaiser-farm.resos.com\/booking\">LIVRE<\/a>\n    <\/p>\n<\/p>\n<h1><strong>S'inscrire \u00e0 notre lettre d'information<\/strong><\/h1>\n<div>\n<p>Tenez vous au courant des dates des \u00e9v\u00e9nements et des r\u00e9coltes.<\/p>\n<\/div>\n<p><!--more--><br \/>\n<!-- {\"type\":\"layout\",\"children\":[{\"type\":\"section\",\"props\":{\"image\":\"wp-content\\\/uploads\\\/2025\\\/11\\\/KaiserFarmHouse-Autoraccolta-1.jpg\",\"image_position\":\"center-center\",\"image_size\":\"cover\",\"padding\":\"xlarge\",\"style\":\"default\",\"title_breakpoint\":\"xl\",\"title_position\":\"top-left\",\"title_rotation\":\"left\",\"vertical_align\":\"middle\",\"width\":\"default\"},\"children\":[{\"type\":\"row\",\"children\":[{\"type\":\"column\",\"props\":{\"image_position\":\"center-center\",\"position_sticky_breakpoint\":\"m\"}}]}]},{\"type\":\"section\",\"props\":{\"image_position\":\"center-center\",\"padding\":\"small\",\"style\":\"default\",\"title_breakpoint\":\"xl\",\"title_position\":\"top-left\",\"title_rotation\":\"left\",\"vertical_align\":\"middle\",\"width\":\"default\"},\"children\":[{\"type\":\"row\",\"children\":[{\"type\":\"column\",\"props\":{\"image_position\":\"center-center\",\"position_sticky_breakpoint\":\"m\"},\"children\":[{\"type\":\"headline\",\"props\":{\"content\":\"L'autoraccolta\",\"margin\":\"default\",\"margin_remove_bottom\":false,\"margin_remove_top\":false,\"text_align\":\"center\",\"title_element\":\"h1\",\"title_font_family\":\"tertiary\",\"title_style\":\"h1\"}},{\"type\":\"headline\",\"props\":{\"content\":\"Il servizio sar\\u00e0 disponibile da fine Marzo\",\"margin_remove_top\":true,\"text_align\":\"center\",\"title_color\":\"success\",\"title_element\":\"h1\",\"title_style\":\"h4\"}},{\"type\":\"headline\",\"props\":{\"content\":\"FRUTTA, VERDURA E FIORI SELF-SERVICE\",\"margin_remove_top\":true,\"text_align\":\"center\",\"title_element\":\"h1\",\"title_style\":\"text-large\"}},{\"type\":\"divider\",\"props\":{\"divider_element\":\"hr\"}},{\"type\":\"text\",\"props\":{\"block_align\":\"center\",\"column_breakpoint\":\"m\",\"content\":\"\n\n<p>Il nostro frutteto \\u00e8 aperto a grandi e piccoli: un luogo dove ognuno pu\\u00f2 raccogliere direttamente dalle piante frutta e verdura al massimo della maturazione, quando aromi, consistenza e propriet\\u00e0 nutrizionali raggiungono il loro apice.<\\\/p>\\n\n\n<p>L\\u2019auto-raccolta, una pratica oggi sempre pi\\u00f9 diffusa nel Nord Italia, offre un\\u2019esperienza autentica e sorprendente: permette di vedere con i propri occhi dove nascono i prodotti, toccarli, scegliere il frutto migliore, fresco, sano e al giusto grado di maturazione. \\u00c8 un\\u2019attivit\\u00e0 semplice e coinvolgente, perfetta per trascorrere del tempo all\\u2019aria aperta con la famiglia, immersi nella natura e nei ritmi reali della campagna.<\\\/p>\\n\n\n<p>A seconda della stagione si possono trovare frutta, ortaggi ed erbe aromatiche coltivati con metodi puri e naturali, nel totale rispetto del terreno e delle sue stagioni.<br \\\/>In primavera, i campi si trasformano in una distesa colorata di tulipani: chi ci visita pu\\u00f2 scegliere e cogliere in autonomia le variet\\u00e0 e le quantit\\u00e0 preferite.<br \\\/>Il tulipano, simbolo della primavera, \\u00e8 tra i primi fiori a sbocciare ogni anno: amato per la sua eleganza, la sua forma e la sua incredibile gamma di colori.<\\\/p>\",\"margin\":\"\",\"maxwidth\":\"2xlarge\",\"text_style\":\"large\"}},{\"type\":\"divider\",\"props\":{\"divider_element\":\"hr\"}},{\"type\":\"button\",\"props\":{\"fullwidth\":true,\"grid_column_gap\":\"small\",\"grid_row_gap\":\"small\",\"margin\":\"default\",\"text_align\":\"center\"},\"children\":[{\"type\":\"button_item\",\"props\":{\"button_style\":\"secondary\",\"content\":\"PRENOTA\",\"dialog_layout\":\"modal\",\"dialog_offcanvas_flip\":true,\"icon_align\":\"left\",\"link\":\"https:\\\/\\\/kaiser-farm.resos.com\\\/booking\",\"link_target\":\"blank\"}}],\"name\":\"Prenota\"}]}]},{\"type\":\"row\",\"props\":{\"column_gap\":\"small\",\"layout\":\"1-3,1-3,1-3\"},\"children\":[{\"type\":\"column\",\"props\":{\"image_position\":\"center-center\",\"position_sticky_breakpoint\":\"m\",\"width_medium\":\"1-3\"},\"children\":[{\"type\":\"image\",\"props\":{\"image\":\"wp-content\\\/uploads\\\/2025\\\/11\\\/KaiserFarmHouse-Autoraccolta-2.jpg\",\"image_border\":\"rounded\",\"image_box_shadow\":\"large\",\"image_svg_color\":\"emphasis\",\"margin\":\"default\"}}]},{\"type\":\"column\",\"props\":{\"image_position\":\"center-center\",\"position_sticky_breakpoint\":\"m\",\"width_medium\":\"1-3\"},\"children\":[{\"type\":\"image\",\"props\":{\"image\":\"wp-content\\\/uploads\\\/2025\\\/11\\\/KaiserFarmHouse-Autoraccolta-3-1.jpg\",\"image_border\":\"rounded\",\"image_box_shadow\":\"large\",\"image_svg_color\":\"emphasis\",\"margin\":\"default\"}}]},{\"type\":\"column\",\"props\":{\"image_position\":\"center-center\",\"position_sticky_breakpoint\":\"m\",\"width_medium\":\"1-3\"},\"children\":[{\"type\":\"image\",\"props\":{\"image\":\"wp-content\\\/uploads\\\/2025\\\/11\\\/KaiserFarmHouse-Autoraccolta-4-1.jpg\",\"image_border\":\"rounded\",\"image_box_shadow\":\"large\",\"image_svg_color\":\"emphasis\",\"margin\":\"default\"}}]}]},{\"type\":\"row\",\"children\":[{\"type\":\"column\",\"props\":{\"image_position\":\"center-center\",\"position_sticky_breakpoint\":\"m\"},\"children\":[{\"type\":\"text\",\"props\":{\"block_align\":\"center\",\"column_breakpoint\":\"m\",\"content\":\"\n\n<p>Per partecipare all\\u2019auto-raccolta di frutta e verdura \\u00e8 necessario effettuare una prenotazione, indicando la fascia oraria preferita.<br \\\/>L\\u2019accesso ai campi di tulipani, invece, \\u00e8 libero e non richiede prenotazione.<\\\/p>\\n\n\n<p>L\\u2019ingresso ha un costo di \\u20ac 6,00 a persona e include 3 tulipani. Prima di accedere ai campi verranno spiegate alcune semplici regole per una raccolta corretta, nel pieno rispetto delle piante.<br \\\/>Vi invitiamo a portarvi forbici e cestini personali per la raccolta.<br \\\/>La frutta e la verdura raccolte vengono pesate al termine dell\\u2019esperienza e il pagamento avviene in base alla quantit\\u00e0 scelta.<br \\\/>Il costo per ogni tulipano reciso (senza bulbo) \\u00e8 di \\u20ac 1,50.<\\\/p>\\n\n\n<p>Non \\u00e8 consentito l\\u2019accesso ai cani e agli altri animali.<\\\/p>\\n\n\n<p>Su prenotazione \\u00e8 possibile fermarsi per una colazione nelle aree degustative all\\u2019interno della nostra dimora seicentesca.<br \\\/>Gli ospiti hanno inoltre a disposizione ampi spazi all\\u2019aperto, attrezzati con tavoli, sedie e ombrelloni, per vivere la campagna in totale tranquillit\\u00e0.<\\\/p>\\n\n\n<p>Per concludere la giornata, \\u00e8 possibile visitare lo shop aziendale all\\u2019interno della tenuta, dove proponiamo una selezione dei nostri prodotti: frutta e verdura in vaso lavorate artigianalmente, il miele delle nostre api e il nostro olio extravergine d\\u2019oliva.<br \\\/>Un modo per portare a casa i sapori genuini della nostra azienda agricola.<\\\/p>\",\"margin\":\"\",\"maxwidth\":\"2xlarge\",\"text_style\":\"large\"}},{\"type\":\"divider\",\"props\":{\"divider_element\":\"hr\"}},{\"type\":\"button\",\"props\":{\"fullwidth\":true,\"grid_column_gap\":\"small\",\"grid_row_gap\":\"small\",\"margin\":\"default\",\"text_align\":\"center\"},\"children\":[{\"type\":\"button_item\",\"props\":{\"button_style\":\"secondary\",\"content\":\"PRENOTA\",\"dialog_layout\":\"modal\",\"dialog_offcanvas_flip\":true,\"icon_align\":\"left\",\"link\":\"https:\\\/\\\/kaiser-farm.resos.com\\\/booking\",\"link_target\":\"blank\"}}],\"name\":\"Prenota\"}]}]},{\"type\":\"row\",\"props\":{\"column_gap\":\"small\",\"layout\":\"1-3,1-3,1-3\"},\"children\":[{\"type\":\"column\",\"props\":{\"image_position\":\"center-center\",\"position_sticky_breakpoint\":\"m\",\"width_medium\":\"1-3\"},\"children\":[{\"type\":\"image\",\"props\":{\"image\":\"wp-content\\\/uploads\\\/2025\\\/11\\\/KaiserFarmHouse-Autoraccolta-5.jpg\",\"image_border\":\"rounded\",\"image_box_shadow\":\"large\",\"image_svg_color\":\"emphasis\",\"margin\":\"default\"}}]},{\"type\":\"column\",\"props\":{\"image_position\":\"center-center\",\"position_sticky_breakpoint\":\"m\",\"width_medium\":\"1-3\"},\"children\":[{\"type\":\"image\",\"props\":{\"image\":\"wp-content\\\/uploads\\\/2025\\\/11\\\/KaiserFarmHouse-Autoraccolta-6.jpg\",\"image_border\":\"rounded\",\"image_box_shadow\":\"large\",\"image_svg_color\":\"emphasis\",\"margin\":\"default\"}}]},{\"type\":\"column\",\"props\":{\"image_position\":\"center-center\",\"position_sticky_breakpoint\":\"m\",\"width_medium\":\"1-3\"},\"children\":[{\"type\":\"image\",\"props\":{\"image\":\"wp-content\\\/uploads\\\/2025\\\/11\\\/KaiserFarmHouse-Autoraccolta-7.jpg\",\"image_border\":\"rounded\",\"image_box_shadow\":\"large\",\"image_svg_color\":\"emphasis\",\"margin\":\"default\"}}]}]},{\"type\":\"row\",\"children\":[{\"type\":\"column\",\"props\":{\"image_position\":\"center-center\",\"position_sticky_breakpoint\":\"m\"},\"children\":[{\"type\":\"text\",\"props\":{\"block_align\":\"center\",\"column_breakpoint\":\"m\",\"content\":\"\n\n<p>Qui di seguito un piccolo vademecum delle cose da sapere prima della visita:<\\\/p>\\n\n\n<ol>\\n\n\n<li><strong>Calcolate almeno un\\u2019ora<\\\/strong> per la visita ai campi coltivati: godetevi il momento senza fretta<\\\/li>\\n\n\n<li><strong>Seguite le istruzioni<\\\/strong> che vi daremo all\\u2019ingresso per raccogliere frutta, ortaggi o fiori in modo corretto evitando di strappare e danneggiare le piante o i bulbi.<\\\/li>\\n\n\n<li><strong>Fate un giro completo dei campi<\\\/strong> prima di iniziare la raccolta. Scegliete e decidete cosa raccogliere, recidete soltanto quanto scelto e <strong>prendete tutto quello<\\\/strong> che avete raccolto.<\\\/li>\\n\n\n<li><strong>Fate attenzione a non calpestare i fiori e le piantine<\\\/strong>. Restate sempre sul vialetto calpestabile, nel rispetto di chi ha coltivato i campi e delle persone che arriveranno dopo di voi.<\\\/li>\\n<\\\/ol>\",\"margin\":\"\",\"maxwidth\":\"2xlarge\",\"text_style\":\"large\"}},{\"type\":\"button\",\"props\":{\"fullwidth\":true,\"grid_column_gap\":\"small\",\"grid_row_gap\":\"small\",\"margin\":\"default\",\"text_align\":\"center\"},\"children\":[{\"type\":\"button_item\",\"props\":{\"button_style\":\"secondary\",\"content\":\"PRENOTA\",\"dialog_layout\":\"modal\",\"dialog_offcanvas_flip\":true,\"icon_align\":\"left\",\"link\":\"https:\\\/\\\/kaiser-farm.resos.com\\\/booking\",\"link_target\":\"blank\"}}],\"name\":\"Prenota\"}]}]}]},{\"type\":\"section\",\"props\":{\"image_position\":\"center-center\",\"style\":\"muted\",\"title_breakpoint\":\"xl\",\"title_position\":\"top-left\",\"title_rotation\":\"left\",\"vertical_align\":\"middle\",\"width\":\"xsmall\"},\"children\":[{\"type\":\"row\",\"children\":[{\"type\":\"column\",\"props\":{\"image_position\":\"center-center\",\"position_sticky_breakpoint\":\"m\"},\"children\":[{\"type\":\"headline\",\"props\":{\"content\":\"<strong>Iscriviti alla nostra newsletter<\\\/strong>\",\"margin_remove_bottom\":true,\"title_decoration\":\"divider\",\"title_element\":\"h1\",\"title_style\":\"h3\"}},{\"type\":\"text\",\"props\":{\"block_align\":\"center\",\"column_breakpoint\":\"m\",\"content\":\"\n\n<p>Per restare sempre aggiornato sulle date degli eventi e dei raccolti.<\\\/p>\",\"margin\":\"medium\",\"margin_remove_top\":true,\"maxwidth\":\"2xlarge\",\"text_style\":\"large\"}},{\"name\":\"Newsletter Size Default\",\"type\":\"newsletter\",\"props\":{\"button_icon\":\"mail\",\"button_mode\":\"button\",\"button_style\":\"secondary\",\"cmonitor\":{\"client_id\":\"\",\"list_id\":\"\"},\"gap\":\"small\",\"label_button\":\"Subscribe\",\"label_email\":\"Email address\",\"label_first_name\":\"First name\",\"label_last_name\":\"Last name\",\"layout\":\"grid\",\"mailchimp\":{\"client_id\":\"\",\"list_id\":\"605f9614f5\",\"double_optin\":false},\"provider\":{\"name\":\"mailchimp\",\"after_submit\":\"message\",\"message\":\"Sei stato iscritto con successo.\",\"redirect\":\"\"},\"show_name\":false}}]}]}]}],\"version\":\"4.5.32\"} --><\/p>","protected":false},"excerpt":{"rendered":"<p>L&#8217;autoraccolta Il servizio sar\u00e0 disponibile da fine Marzo FRUTTA, VERDURA E FIORI SELF-SERVICE Il nostro frutteto \u00e8 aperto a grandi e piccoli: un luogo dove ognuno pu\u00f2 raccogliere direttamente dalle piante frutta e verdura al massimo della maturazione, quando aromi, consistenza e propriet\u00e0 nutrizionali raggiungono il loro apice. L\u2019auto-raccolta, una pratica oggi sempre pi\u00f9 diffusa [&hellip;]<\/p>","protected":false},"author":1,"featured_media":0,"parent":0,"menu_order":0,"comment_status":"closed","ping_status":"closed","template":"","meta":{"_acf_changed":false,"footnotes":""},"class_list":["post-823","page","type-page","status-publish","hentry"],"acf":[],"_links":{"self":[{"href":"https:\/\/staging.kaiserfarmhouse.com\/fr\/wp-json\/wp\/v2\/pages\/823","targetHints":{"allow":["GET"]}}],"collection":[{"href":"https:\/\/staging.kaiserfarmhouse.com\/fr\/wp-json\/wp\/v2\/pages"}],"about":[{"href":"https:\/\/staging.kaiserfarmhouse.com\/fr\/wp-json\/wp\/v2\/types\/page"}],"author":[{"embeddable":true,"href":"https:\/\/staging.kaiserfarmhouse.com\/fr\/wp-json\/wp\/v2\/users\/1"}],"replies":[{"embeddable":true,"href":"https:\/\/staging.kaiserfarmhouse.com\/fr\/wp-json\/wp\/v2\/comments?post=823"}],"version-history":[{"count":23,"href":"https:\/\/staging.kaiserfarmhouse.com\/fr\/wp-json\/wp\/v2\/pages\/823\/revisions"}],"predecessor-version":[{"id":1277,"href":"https:\/\/staging.kaiserfarmhouse.com\/fr\/wp-json\/wp\/v2\/pages\/823\/revisions\/1277"}],"wp:attachment":[{"href":"https:\/\/staging.kaiserfarmhouse.com\/fr\/wp-json\/wp\/v2\/media?parent=823"}],"curies":[{"name":"wp","href":"https:\/\/api.w.org\/{rel}","templated":true}]}}