{"id":822,"date":"2025-11-14T21:22:59","date_gmt":"2025-11-14T21:22:59","guid":{"rendered":"https:\/\/youseeme.plus\/kaiser\/?page_id=822"},"modified":"2025-11-19T15:53:11","modified_gmt":"2025-11-19T15:53:11","slug":"la-castagnata","status":"publish","type":"page","link":"https:\/\/staging.kaiserfarmhouse.com\/fr\/la-castagnata\/","title":{"rendered":"Castagnata"},"content":{"rendered":"<h1>Castagnata<\/h1>\n<h1>Octobre \u00e0 novembre<\/h1>\n<h1>UNE JOURN\u00c9E \u00c0 LA D\u00c9COUVERTE DES TRADITIONS LOCALES<\/h1>\n<hr>\n<div>\n<p>La ch\u00e2taigne \u00e9tait autrefois l'aliment pauvre des habitants de l'arri\u00e8re-pays.<br \/>Les ch\u00e2taignes \u00e9taient utilis\u00e9es pour la fabrication de p\u00e2tes, de confiseries, de focaccia et de castagnaccio.<br \/>Aujourd'hui, ces aliments font partie int\u00e9grante du patrimoine gastronomique r\u00e9gional et sont souvent propos\u00e9s comme plat de f\u00eate.<br \/>D\u00e9couvrez l'automne sur notre belle propri\u00e9t\u00e9, entour\u00e9e de for\u00eats mixtes domin\u00e9es par de majestueux ch\u00e2taigniers.<br \/>Avec l'arriv\u00e9e de l'automne, la nature se pare de ses couleurs les plus vives, offrant un v\u00e9ritable spectacle de feuillages et de fruits d\u00e9licieux : les ch\u00e2taignes.<\/p>\n<p>Tous les week-ends d'octobre et de novembre, des \u00e9v\u00e9nements gastronomiques exclusifs seront consacr\u00e9s aux saveurs de l'automne. R\u00e9galez votre palais avec nos menus sp\u00e9ciaux cr\u00e9\u00e9s pour l'occasion :<\/p>\n<p>\u2013 <strong>Marrons<\/strong> fra\u00eechement cuisin\u00e9 avec notre cuisini\u00e8re \u00e0 ch\u00e2taignes, r\u00e9colt\u00e9es dans la ch\u00e2taigneraie du domaine et accompagn\u00e9es de <strong>vin issu de l'agriculture biologique<\/strong><br \/>\u2013 <strong>G\u00e2teau aux ch\u00e2taignes et douceurs d'automne<\/strong>, la tradition r\u00e9interpr\u00e9t\u00e9e avec \u00e9l\u00e9gance<br \/>\u2013 <strong>Soupe de potiron et de ch\u00e2taignes aux fleurs de camomille<\/strong>, une rencontre de parfums et de d\u00e9licatesse<br \/>\u2013 <strong>Cr\u00e8me de kaki au rhum avec graines de grenade<\/strong>, une fin douce et surprenante<\/p>\n<p>Venez vivre une exp\u00e9rience inoubliable de go\u00fbt et de nature ! <strong>Nous vous attendons !<\/strong><br \/>R\u00e9serv\u00e9 aux petits explorateurs : c'est l'heure de s'amuser ! ...... Rejoignez-nous pour ramasser des ch\u00e2taignes dans notre for\u00eat enchant\u00e9e !<\/p>\n<\/div>\n<hr>\n<p><p>\n        <a href=\"https:\/\/kaiser-farm.resos.com\/booking\">LIVRE<\/a>\n    <\/p>\n<\/p>\n<p><img decoding=\"async\" src=\"\/wp-content\/uploads\/2025\/11\/KaiserFarmHouse-Castagnata-8.jpg\" alt=\"\"><br \/>\n<img decoding=\"async\" src=\"\/wp-content\/uploads\/2025\/11\/KaiserFarmHouse-Castagnata-2.jpg\" alt=\"\"><br \/>\n<img decoding=\"async\" src=\"\/wp-content\/uploads\/2025\/11\/KaiserFarmHouse-Castagnata-6.jpg\" alt=\"\"><\/p>\n<h1><strong>S'inscrire \u00e0 notre lettre d'information<\/strong><\/h1>\n<div>\n<p>Tenez vous au courant des dates des \u00e9v\u00e9nements et des r\u00e9coltes.<\/p>\n<\/div>\n<p><!--more--><br \/>\n<!-- {\"type\":\"layout\",\"children\":[{\"type\":\"section\",\"props\":{\"image\":\"wp-content\\\/uploads\\\/2025\\\/11\\\/KaiserFarmHouse-Castagnata-1.jpg\",\"image_position\":\"center-center\",\"image_size\":\"cover\",\"padding\":\"xlarge\",\"style\":\"default\",\"title_breakpoint\":\"xl\",\"title_position\":\"top-left\",\"title_rotation\":\"left\",\"vertical_align\":\"middle\",\"width\":\"default\"},\"children\":[{\"type\":\"row\",\"children\":[{\"type\":\"column\",\"props\":{\"image_position\":\"center-center\",\"position_sticky_breakpoint\":\"m\"}}]}]},{\"type\":\"section\",\"props\":{\"image_position\":\"center-center\",\"padding\":\"small\",\"style\":\"default\",\"title_breakpoint\":\"xl\",\"title_position\":\"top-left\",\"title_rotation\":\"left\",\"vertical_align\":\"middle\",\"width\":\"default\"},\"children\":[{\"type\":\"row\",\"children\":[{\"type\":\"column\",\"props\":{\"image_position\":\"center-center\",\"position_sticky_breakpoint\":\"m\"},\"children\":[{\"type\":\"headline\",\"props\":{\"content\":\"La castagnata\",\"margin\":\"default\",\"margin_remove_bottom\":false,\"margin_remove_top\":false,\"text_align\":\"center\",\"title_element\":\"h1\",\"title_font_family\":\"tertiary\",\"title_style\":\"h1\"}},{\"type\":\"headline\",\"props\":{\"content\":\"Da ottobre a novembre\",\"margin_remove_top\":true,\"text_align\":\"center\",\"title_color\":\"success\",\"title_element\":\"h1\",\"title_style\":\"h4\"}},{\"type\":\"headline\",\"props\":{\"content\":\"UNA GIORNATA ALLA SCOPERTA DELLE TRADIZIONI LOCALI\",\"margin_remove_top\":true,\"text_align\":\"center\",\"title_element\":\"h1\",\"title_style\":\"text-large\"}},{\"type\":\"divider\",\"props\":{\"divider_element\":\"hr\"}},{\"type\":\"text\",\"props\":{\"block_align\":\"center\",\"column_breakpoint\":\"m\",\"content\":\"\n\n<p>La castagna era una volta l\\u2019alimento della dieta povera di chi abitava nell\\u2019entroterra.<br \\\/>Con la castagna si faceva la pasta, si confezionavano i dolci, ma anche la focaccia e il castagnaccio.<br \\\/>Oggi questi alimenti sono parte integrante del patrimonio gastronomico regionale e spesso vengono offerti come piatto del giorno di festa.<br \\\/>Scopri l\\u2019autunno nella nostra meravigliosa propriet\\u00e0, immersa in boschi misti dominati dai maestosi castagni.<br \\\/>Con l\\u2019arrivo della stagione autunnale, la natura si veste dei suoi colori pi\\u00f9 vibranti, regalando un vero e proprio spettacolo di foliage e frutti prelibati: i marroni.<\\\/p>\\n\n\n<p>Ogni weekend di ottobre e novembre, si svolgeranno eventi gastronomici esclusivi dedicati ai sapori autunnali. Delizia il tuo palato con i nostri menu speciali creati per l\\u2019occasione:<\\\/p>\\n\n\n<p>\\u2013 <strong>Caldarroste<\\\/strong> cotte al momento con il nostro cuoci castagne, raccolte nel boschetto della tenuta e servite con <strong>vino da agricoltura biologica<\\\/strong><br \\\/>\\u2013 <strong>Castagnaccio e dolcetti autunnali<\\\/strong>, la tradizione reinterpretata con eleganza<br \\\/>\\u2013 <strong>Vellutata di zucca e castagne con fiori di camomilla<\\\/strong>, un incontro di profumi e delicatezza<br \\\/>\\u2013 <strong>Crema di caki al rhum con chicchi di melograno<\\\/strong>, un finale dolce e sorprendente<\\\/p>\\n\n\n<p>Vieni a vivere un\\u2019esperienza indimenticabile tra gusto e natura! <strong>Ti aspettiamo!<\\\/strong><br \\\/>Solo per i pi\\u00f9 piccoli esploratori: \\u00e8 tempo di divertirsi! \\u2026\\u2026unisciti a noi per raccogliere le castagne nel nostro bosco incantato!<\\\/p>\",\"margin\":\"\",\"maxwidth\":\"2xlarge\",\"text_style\":\"large\"}},{\"type\":\"divider\",\"props\":{\"divider_element\":\"hr\"}},{\"type\":\"button\",\"props\":{\"fullwidth\":true,\"grid_column_gap\":\"small\",\"grid_row_gap\":\"small\",\"margin\":\"default\",\"text_align\":\"center\"},\"children\":[{\"type\":\"button_item\",\"props\":{\"button_style\":\"secondary\",\"content\":\"PRENOTA\",\"dialog_layout\":\"modal\",\"dialog_offcanvas_flip\":true,\"icon_align\":\"left\",\"link\":\"https:\\\/\\\/kaiser-farm.resos.com\\\/booking\",\"link_target\":\"blank\"}}],\"name\":\"Prenota\"}]}]},{\"type\":\"row\",\"props\":{\"column_gap\":\"small\",\"layout\":\"1-3,1-3,1-3\"},\"children\":[{\"type\":\"column\",\"props\":{\"image_position\":\"center-center\",\"position_sticky_breakpoint\":\"m\",\"width_medium\":\"1-3\"},\"children\":[{\"type\":\"image\",\"props\":{\"image\":\"wp-content\\\/uploads\\\/2025\\\/11\\\/KaiserFarmHouse-Castagnata-8.jpg\",\"image_border\":\"rounded\",\"image_box_shadow\":\"large\",\"image_svg_color\":\"emphasis\",\"margin\":\"default\"}}]},{\"type\":\"column\",\"props\":{\"image_position\":\"center-center\",\"position_sticky_breakpoint\":\"m\",\"width_medium\":\"1-3\"},\"children\":[{\"type\":\"image\",\"props\":{\"image\":\"wp-content\\\/uploads\\\/2025\\\/11\\\/KaiserFarmHouse-Castagnata-2.jpg\",\"image_border\":\"rounded\",\"image_box_shadow\":\"large\",\"image_svg_color\":\"emphasis\",\"margin\":\"default\"}}]},{\"type\":\"column\",\"props\":{\"image_position\":\"center-center\",\"position_sticky_breakpoint\":\"m\",\"width_medium\":\"1-3\"},\"children\":[{\"type\":\"image\",\"props\":{\"image\":\"wp-content\\\/uploads\\\/2025\\\/11\\\/KaiserFarmHouse-Castagnata-6.jpg\",\"image_border\":\"rounded\",\"image_box_shadow\":\"large\",\"image_svg_color\":\"emphasis\",\"margin\":\"default\"}}]}]}]},{\"type\":\"section\",\"props\":{\"image_position\":\"center-center\",\"style\":\"muted\",\"title_breakpoint\":\"xl\",\"title_position\":\"top-left\",\"title_rotation\":\"left\",\"vertical_align\":\"middle\",\"width\":\"xsmall\"},\"children\":[{\"type\":\"row\",\"children\":[{\"type\":\"column\",\"props\":{\"image_position\":\"center-center\",\"position_sticky_breakpoint\":\"m\"},\"children\":[{\"type\":\"headline\",\"props\":{\"content\":\"<strong>Iscriviti alla nostra newsletter<\\\/strong>\",\"margin_remove_bottom\":true,\"title_decoration\":\"divider\",\"title_element\":\"h1\",\"title_style\":\"h3\"}},{\"type\":\"text\",\"props\":{\"block_align\":\"center\",\"column_breakpoint\":\"m\",\"content\":\"\n\n<p>Per restare sempre aggiornato sulle date degli eventi e dei raccolti.<\\\/p>\",\"margin\":\"medium\",\"margin_remove_top\":true,\"maxwidth\":\"2xlarge\",\"text_style\":\"large\"}},{\"name\":\"Newsletter Size Default\",\"type\":\"newsletter\",\"props\":{\"button_icon\":\"mail\",\"button_mode\":\"button\",\"button_style\":\"secondary\",\"cmonitor\":{\"client_id\":\"\",\"list_id\":\"\"},\"gap\":\"small\",\"label_button\":\"Subscribe\",\"label_email\":\"Email address\",\"label_first_name\":\"First name\",\"label_last_name\":\"Last name\",\"layout\":\"grid\",\"mailchimp\":{\"client_id\":\"\",\"list_id\":\"605f9614f5\",\"double_optin\":false},\"provider\":{\"name\":\"mailchimp\",\"after_submit\":\"message\",\"message\":\"Sei stato iscritto con successo\",\"redirect\":\"\"},\"show_name\":false}}]}]}]}],\"version\":\"4.5.32\"} --><\/p>","protected":false},"excerpt":{"rendered":"<p>La castagnata Da ottobre a novembre UNA GIORNATA ALLA SCOPERTA DELLE TRADIZIONI LOCALI La castagna era una volta l\u2019alimento della dieta povera di chi abitava nell\u2019entroterra.Con la castagna si faceva la pasta, si confezionavano i dolci, ma anche la focaccia e il castagnaccio.Oggi questi alimenti sono parte integrante del patrimonio gastronomico regionale e spesso vengono [&hellip;]<\/p>","protected":false},"author":1,"featured_media":0,"parent":0,"menu_order":0,"comment_status":"closed","ping_status":"closed","template":"","meta":{"_acf_changed":false,"footnotes":""},"class_list":["post-822","page","type-page","status-publish","hentry"],"acf":[],"_links":{"self":[{"href":"https:\/\/staging.kaiserfarmhouse.com\/fr\/wp-json\/wp\/v2\/pages\/822","targetHints":{"allow":["GET"]}}],"collection":[{"href":"https:\/\/staging.kaiserfarmhouse.com\/fr\/wp-json\/wp\/v2\/pages"}],"about":[{"href":"https:\/\/staging.kaiserfarmhouse.com\/fr\/wp-json\/wp\/v2\/types\/page"}],"author":[{"embeddable":true,"href":"https:\/\/staging.kaiserfarmhouse.com\/fr\/wp-json\/wp\/v2\/users\/1"}],"replies":[{"embeddable":true,"href":"https:\/\/staging.kaiserfarmhouse.com\/fr\/wp-json\/wp\/v2\/comments?post=822"}],"version-history":[{"count":23,"href":"https:\/\/staging.kaiserfarmhouse.com\/fr\/wp-json\/wp\/v2\/pages\/822\/revisions"}],"predecessor-version":[{"id":1271,"href":"https:\/\/staging.kaiserfarmhouse.com\/fr\/wp-json\/wp\/v2\/pages\/822\/revisions\/1271"}],"wp:attachment":[{"href":"https:\/\/staging.kaiserfarmhouse.com\/fr\/wp-json\/wp\/v2\/media?parent=822"}],"curies":[{"name":"wp","href":"https:\/\/api.w.org\/{rel}","templated":true}]}}