{"id":812,"date":"2025-11-14T20:57:02","date_gmt":"2025-11-14T20:57:02","guid":{"rendered":"https:\/\/youseeme.plus\/kaiser\/?page_id=812"},"modified":"2025-12-03T17:42:50","modified_gmt":"2025-12-03T17:42:50","slug":"abeilles","status":"publish","type":"page","link":"https:\/\/staging.kaiserfarmhouse.com\/fr\/abeilles\/","title":{"rendered":"Abeilles"},"content":{"rendered":"<p><img decoding=\"async\" src=\"\/wp-content\/uploads\/2025\/11\/Kaiser-Farmhouse-le-api-ed-il-miele-002-07783dd3.jpg\" alt=\"\"><br \/>\n<img decoding=\"async\" src=\"\/wp-content\/uploads\/2025\/11\/Kaiser-Farmhouse-le-api-ed-il-miele-001-1-30cb0172.jpg\" alt=\"\"><br \/>\n<img decoding=\"async\" src=\"\/wp-content\/uploads\/2025\/11\/Kaiser-Farmhouse-le-api-ed-il-miele-003-5df9d3d1.jpg\" alt=\"\"><\/p>\n<h1>MIEL DE HAUTE PURET\u00c9<\/h1>\n<h1>Abeilles<\/h1>\n<div>\n<p>Ma passion pour les abeilles remonte \u00e0 mon enfance : j'ai grandi au contact de la nature et, d\u00e9j\u00e0 enfant, j'aidais mon p\u00e8re lors de l'extraction du miel, observant avec \u00e9merveillement le travail inlassable des abeilles.<\/p>\n<p>D\u00e8s que les alv\u00e9oles m\u00fbrissent, nous extrayons le miel par une simple centrifugation, le laissons d\u00e9canter dans les maturateurs et l'envahissons sans autre traitement. Notre cycle suit les floraisons saisonni\u00e8res : nous commen\u00e7ons en mai avec l'acacia ; entre juin et juillet, pendant la floraison des rhododendrons, nous emmenons les ruches sur les pentes alpines les plus ensoleill\u00e9es, entre 900 et 1500 m\u00e8tres, o\u00f9 elles peuvent voler jusqu'\u00e0 2000 m\u00e8tres pour r\u00e9colter le nectar le plus pur.<br \/>Viennent ensuite le tilleul et le ch\u00e2taignier, qui caract\u00e9risent le d\u00e9but de l'\u00e9t\u00e9, et enfin le millefiori, r\u00e9sultat naturel des derni\u00e8res floraisons estivales.<\/p>\n<p>Notre miel est enti\u00e8rement naturel, il n'est ni dilu\u00e9 ni pasteuris\u00e9 et ne contient ni sucre ajout\u00e9 ni additif. Chaque type conserve ses propri\u00e9t\u00e9s : l'acacia, au go\u00fbt d\u00e9licat ; le ch\u00e2taignier, plus intense ; le tilleul, id\u00e9al pour le bien-\u00eatre intestinal ; le miel de montagne, riche en polyph\u00e9nols.<\/p>\n<p>Les ruches sont entretenues avec le plus grand soin pour assurer le bien-\u00eatre des abeilles et pr\u00e9server la biodiversit\u00e9. Nous produisons un miel authentique, nutritif et riche en propri\u00e9t\u00e9s, fruit d'une m\u00e9thode de travail qui prot\u00e8ge la nature et ses habitants.<\/p>\n<\/div>\n<ul>\n<li>\n<p>\n        <a href=\"\/fr\/la-durabilite\/\">Durabilit\u00e9<\/a>\n    <\/p>\n<\/li>\n<li>\n<p>\n        <a href=\"\/fr\/cultures\/\">Cultures<\/a>\n    <\/p>\n<\/li>\n<li>\n<p>\n        <a href=\"\/fr\/chevaux\/\">Les chevaux<\/a>\n    <\/p>\n<\/li>\n<\/ul>\n<h1>Acheter notre miel<\/h1>\n<hr>\n<div><\/div>\n<p><!--more--><br \/>\n<!-- {\"type\":\"layout\",\"children\":[{\"type\":\"section\",\"props\":{\"image_position\":\"center-center\",\"style\":\"default\",\"title_breakpoint\":\"xl\",\"title_position\":\"top-left\",\"title_rotation\":\"left\",\"vertical_align\":\"middle\",\"width\":\"default\"},\"children\":[{\"type\":\"row\",\"props\":{\"column_gap\":\"small\",\"layout\":\"1-3,1-3,1-3\"},\"children\":[{\"type\":\"column\",\"props\":{\"image_position\":\"center-center\",\"position_sticky_breakpoint\":\"m\",\"width_medium\":\"1-3\"},\"children\":[{\"type\":\"image\",\"props\":{\"image\":\"wp-content\\\/uploads\\\/2025\\\/11\\\/Kaiser-Farmhouse-le-api-ed-il-miele-002-07783dd3.jpg\",\"image_border\":\"rounded\",\"image_box_shadow\":\"large\",\"image_svg_color\":\"emphasis\",\"margin\":\"default\"}}]},{\"type\":\"column\",\"props\":{\"image_position\":\"center-center\",\"position_sticky_breakpoint\":\"m\",\"width_medium\":\"1-3\"},\"children\":[{\"type\":\"image\",\"props\":{\"image\":\"wp-content\\\/uploads\\\/2025\\\/11\\\/Kaiser-Farmhouse-le-api-ed-il-miele-001-1-30cb0172.jpg\",\"image_border\":\"rounded\",\"image_box_shadow\":\"large\",\"image_svg_color\":\"emphasis\",\"margin\":\"default\"}}]},{\"type\":\"column\",\"props\":{\"image_position\":\"center-center\",\"position_sticky_breakpoint\":\"m\",\"width_medium\":\"1-3\"},\"children\":[{\"type\":\"image\",\"props\":{\"image\":\"wp-content\\\/uploads\\\/2025\\\/11\\\/Kaiser-Farmhouse-le-api-ed-il-miele-003-5df9d3d1.jpg\",\"image_border\":\"rounded\",\"image_box_shadow\":\"large\",\"image_svg_color\":\"emphasis\",\"margin\":\"default\"}}]}]},{\"type\":\"row\",\"children\":[{\"type\":\"column\",\"props\":{\"image_position\":\"center-center\",\"position_sticky_breakpoint\":\"m\"},\"children\":[{\"type\":\"headline\",\"props\":{\"content\":\"IL MIELE AD ELEVATA PUREZZA\",\"text_align\":\"center\",\"title_color\":\"success\",\"title_element\":\"h1\",\"title_style\":\"h4\"}},{\"type\":\"headline\",\"props\":{\"content\":\"Le api\",\"margin\":\"large\",\"margin_remove_bottom\":true,\"margin_remove_top\":true,\"text_align\":\"center\",\"title_element\":\"h1\",\"title_font_family\":\"tertiary\",\"title_style\":\"h1\"}},{\"type\":\"text\",\"props\":{\"block_align\":\"center\",\"column_breakpoint\":\"m\",\"content\":\"\n\n<p>La passione per le api nasce nella mia infanzia: sono cresciuto a contatto con la natura e, fin da bambino, aiutavo mio padre durante la smielatura, osservando con stupore il lavoro instancabile delle api.<\\\/p>\\n\n\n<p>Appena i favi maturano, estraiamo il miele con una semplice centrifugazione, lo lasciamo decantare nei maturatori e lo invasiamo senza ulteriori trattamenti. Il nostro ciclo segue le fioriture stagionali: si inizia a maggio con l\\u2019acacia; tra giugno e luglio, durante la fioritura del rododendro, portiamo gli alveari sui versanti alpini pi\\u00f9 soleggiati, tra i 900 e i 1500 metri, dove possono volare anche oltre i 2000 metri per raccogliere un nettare purissimo.<br \\\/>A seguire arrivano il tiglio e il castagno, che caratterizzano l\\u2019inizio dell\\u2019estate, e infine il millefiori, risultato naturale delle fioriture estive residue.<\\\/p>\\n\n\n<p>Il nostro miele \\u00e8 completamente naturale, non viene diluito n\\u00e9 sottoposto a pastorizzazione e non contiene zuccheri aggiunti o additivi. Ogni tipologia mantiene le sue propriet\\u00e0: l\\u2019acacia, dal gusto delicato; il castagno, pi\\u00f9 intenso; il tiglio, ideale per il benessere intestinale; il miele di montagna, ricco di polifenoli.<\\\/p>\\n\n\n<p>Gli alveari sono seguiti con grande cura per garantire il benessere delle api e preservare la biodiversit\\u00e0. Produciamo un miele genuino, nutriente e ricco di propriet\\u00e0, frutto di un metodo di lavoro che tutela la natura e chi la abita.<\\\/p>\",\"margin\":\"medium\",\"maxwidth\":\"2xlarge\",\"text_style\":\"large\"}}]}]},{\"type\":\"row\",\"children\":[{\"type\":\"column\",\"props\":{\"image_position\":\"center-center\",\"position_sticky_breakpoint\":\"m\"},\"children\":[{\"type\":\"button\",\"props\":{\"blend\":false,\"grid_column_gap\":\"medium\",\"grid_row_gap\":\"small\",\"margin\":\"default\",\"text_align\":\"center\"},\"children\":[{\"type\":\"button_item\",\"props\":{\"button_style\":\"secondary\",\"content\":\"Sostenibilit\\u00e0\",\"dialog_layout\":\"modal\",\"dialog_offcanvas_flip\":true,\"icon_align\":\"left\",\"link\":\"sostenibilita\\\/\"}},{\"type\":\"button_item\",\"props\":{\"button_style\":\"secondary\",\"content\":\"Le coltivazioni\",\"dialog_layout\":\"modal\",\"dialog_offcanvas_flip\":true,\"icon_align\":\"left\",\"link\":\"le-coltivazioni\\\/\"}},{\"type\":\"button_item\",\"props\":{\"button_style\":\"secondary\",\"content\":\"I Cavalli\",\"dialog_layout\":\"modal\",\"dialog_offcanvas_flip\":true,\"icon_align\":\"left\",\"link\":\"i-cavalli\\\/\"}}],\"name\":\"bottoni ambiente\"}]}]}]},{\"type\":\"section\",\"props\":{\"image_position\":\"center-center\",\"style\":\"default\",\"title_breakpoint\":\"xl\",\"title_position\":\"top-left\",\"title_rotation\":\"left\",\"vertical_align\":\"middle\",\"width\":\"default\"},\"children\":[{\"type\":\"row\",\"children\":[{\"type\":\"column\",\"props\":{\"image_position\":\"center-center\",\"position_sticky_breakpoint\":\"m\"},\"children\":[{\"type\":\"headline\",\"props\":{\"content\":\"Acquista il nostro miele\",\"text_align\":\"center\",\"title_element\":\"h1\",\"title_font_family\":\"tertiary\"}},{\"type\":\"divider\",\"props\":{\"divider_element\":\"hr\"}},{\"type\":\"fs_grid\",\"props\":{\"_add_v5_margins\":true,\"advanced_enable_grid_1_custom\":true,\"advanced_enable_grid_2_custom\":false,\"advanced_enable_grid_3_custom\":false,\"advanced_enable_grid_4_custom\":false,\"advanced_enable_grid_5_custom\":false,\"advanced_enable_grid_6_custom\":false,\"advanced_enable_grids_empty_disable\":false,\"advanced_enable_grids_empty_notification\":true,\"advanced_enable_grids_hightlight\":true,\"advanced_grid\":false,\"advanced_item_layout\":false,\"content_column_breakpoint\":\"m\",\"content_limit_length\":\"80\",\"content_style\":\"text-meta\",\"custom_10_element\":\"div\",\"custom_10_grid\":\"1\",\"custom_10_limit_length\":\"80\",\"custom_10_margin\":\"remove\",\"custom_10_meta_element\":\"div\",\"custom_10_meta_margin\":\"remove\",\"custom_10_meta_position\":\"above-custom-text\",\"custom_11_element\":\"div\",\"custom_11_grid\":\"1\",\"custom_11_limit_length\":\"80\",\"custom_11_margin\":\"remove\",\"custom_11_meta_element\":\"div\",\"custom_11_meta_margin\":\"remove\",\"custom_11_meta_position\":\"above-custom-text\",\"custom_12_element\":\"div\",\"custom_12_grid\":\"1\",\"custom_12_limit_length\":\"80\",\"custom_12_margin\":\"remove\",\"custom_12_meta_element\":\"div\",\"custom_12_meta_margin\":\"remove\",\"custom_12_meta_position\":\"above-custom-text\",\"custom_13_element\":\"div\",\"custom_13_grid\":\"1\",\"custom_13_limit_length\":\"80\",\"custom_13_margin\":\"remove\",\"custom_13_meta_element\":\"div\",\"custom_13_meta_margin\":\"remove\",\"custom_13_meta_position\":\"above-custom-text\",\"custom_14_element\":\"div\",\"custom_14_grid\":\"1\",\"custom_14_limit_length\":\"80\",\"custom_14_margin\":\"remove\",\"custom_14_meta_element\":\"div\",\"custom_14_meta_margin\":\"remove\",\"custom_14_meta_position\":\"above-custom-text\",\"custom_15_element\":\"div\",\"custom_15_grid\":\"1\",\"custom_15_limit_length\":\"80\",\"custom_15_margin\":\"remove\",\"custom_15_meta_element\":\"div\",\"custom_15_meta_margin\":\"remove\",\"custom_15_meta_position\":\"above-custom-text\",\"custom_16_element\":\"div\",\"custom_16_grid\":\"1\",\"custom_16_limit_length\":\"80\",\"custom_16_margin\":\"remove\",\"custom_16_meta_element\":\"div\",\"custom_16_meta_margin\":\"remove\",\"custom_16_meta_position\":\"above-custom-text\",\"custom_17_element\":\"div\",\"custom_17_grid\":\"1\",\"custom_17_limit_length\":\"80\",\"custom_17_margin\":\"remove\",\"custom_17_meta_element\":\"div\",\"custom_17_meta_margin\":\"remove\",\"custom_17_meta_position\":\"above-custom-text\",\"custom_18_element\":\"div\",\"custom_18_grid\":\"1\",\"custom_18_limit_length\":\"80\",\"custom_18_margin\":\"remove\",\"custom_18_meta_element\":\"div\",\"custom_18_meta_margin\":\"remove\",\"custom_18_meta_position\":\"above-custom-text\",\"custom_19_element\":\"div\",\"custom_19_grid\":\"1\",\"custom_19_limit_length\":\"80\",\"custom_19_margin\":\"remove\",\"custom_19_meta_element\":\"div\",\"custom_19_meta_margin\":\"remove\",\"custom_19_meta_position\":\"above-custom-text\",\"custom_1_element\":\"div\",\"custom_1_grid\":\"1\",\"custom_1_limit_length\":\"80\",\"custom_1_margin\":\"remove\",\"custom_1_meta_element\":\"div\",\"custom_1_meta_margin\":\"remove\",\"custom_1_meta_position\":\"above-custom-text\",\"custom_20_element\":\"div\",\"custom_20_grid\":\"1\",\"custom_20_limit_length\":\"80\",\"custom_20_margin\":\"remove\",\"custom_20_meta_element\":\"div\",\"custom_20_meta_margin\":\"remove\",\"custom_20_meta_position\":\"above-custom-text\",\"custom_2_element\":\"div\",\"custom_2_grid\":\"1\",\"custom_2_limit_length\":\"80\",\"custom_2_margin\":\"remove\",\"custom_2_meta_element\":\"div\",\"custom_2_meta_margin\":\"remove\",\"custom_2_meta_position\":\"above-custom-text\",\"custom_3_element\":\"div\",\"custom_3_grid\":\"1\",\"custom_3_limit_length\":\"80\",\"custom_3_margin\":\"remove\",\"custom_3_meta_element\":\"div\",\"custom_3_meta_margin\":\"remove\",\"custom_3_meta_position\":\"above-custom-text\",\"custom_4_element\":\"div\",\"custom_4_grid\":\"1\",\"custom_4_limit_length\":\"80\",\"custom_4_margin\":\"remove\",\"custom_4_meta_element\":\"div\",\"custom_4_meta_margin\":\"remove\",\"custom_4_meta_position\":\"above-custom-text\",\"custom_5_element\":\"div\",\"custom_5_grid\":\"1\",\"custom_5_limit_length\":\"80\",\"custom_5_margin\":\"remove\",\"custom_5_meta_element\":\"div\",\"custom_5_meta_margin\":\"remove\",\"custom_5_meta_position\":\"above-custom-text\",\"custom_6_element\":\"div\",\"custom_6_grid\":\"1\",\"custom_6_limit_length\":\"80\",\"custom_6_margin\":\"remove\",\"custom_6_meta_element\":\"div\",\"custom_6_meta_margin\":\"remove\",\"custom_6_meta_position\":\"above-custom-text\",\"custom_7_element\":\"div\",\"custom_7_grid\":\"1\",\"custom_7_limit_length\":\"80\",\"custom_7_margin\":\"remove\",\"custom_7_meta_element\":\"div\",\"custom_7_meta_margin\":\"remove\",\"custom_7_meta_position\":\"above-custom-text\",\"custom_8_element\":\"div\",\"custom_8_grid\":\"1\",\"custom_8_limit_length\":\"80\",\"custom_8_margin\":\"remove\",\"custom_8_meta_element\":\"div\",\"custom_8_meta_margin\":\"remove\",\"custom_8_meta_position\":\"above-custom-text\",\"custom_9_element\":\"div\",\"custom_9_grid\":\"1\",\"custom_9_limit_length\":\"80\",\"custom_9_margin\":\"remove\",\"custom_9_meta_element\":\"div\",\"custom_9_meta_margin\":\"remove\",\"custom_9_meta_position\":\"above-custom-text\",\"custom_field_sets\":20,\"custom_filters\":10,\"custom_grids\":6,\"filter\":false,\"filter_align\":\"left\",\"filter_all\":true,\"filter_dropdown_grid_default\":\"1-1\",\"filter_grid_breakpoint\":\"m\",\"filter_grid_width\":\"auto\",\"filter_no_items_placeholder\":\"No items found\",\"filter_position\":\"top\",\"filter_sorting\":false,\"filter_sorting_key\":\"\",\"filter_sorting_order\":\"desc\",\"filter_style\":\"tab\",\"grid_1_custom_column_gap\":\"small\",\"grid_1_custom_default\":\"1-1\",\"grid_1_custom_icon_width\":80,\"grid_1_custom_image_align\":\"top\",\"grid_1_custom_image_grid_breakpoint\":\"@m\",\"grid_1_custom_image_grid_width\":\"1-2\",\"grid_1_custom_image_margin_bottom\":\"uk-margin-small\",\"grid_1_custom_image_margin_top\":\"uk-margin-small\",\"grid_1_custom_image_svg_color\":\"emphasis\",\"grid_1_custom_panel_padding\":\"small\",\"grid_1_custom_position\":\"above-content\",\"grid_1_custom_row_gap\":\"small\",\"grid_2_custom_column_gap\":\"small\",\"grid_2_custom_default\":\"1-1\",\"grid_2_custom_icon_width\":80,\"grid_2_custom_image_align\":\"top\",\"grid_2_custom_image_grid_breakpoint\":\"@m\",\"grid_2_custom_image_grid_width\":\"1-2\",\"grid_2_custom_image_margin_bottom\":\"uk-margin-small\",\"grid_2_custom_image_margin_top\":\"uk-margin-small\",\"grid_2_custom_image_svg_color\":\"emphasis\",\"grid_2_custom_panel_padding\":\"small\",\"grid_2_custom_position\":\"above-content\",\"grid_2_custom_row_gap\":\"small\",\"grid_3_custom_column_gap\":\"small\",\"grid_3_custom_default\":\"1-1\",\"grid_3_custom_icon_width\":80,\"grid_3_custom_image_align\":\"top\",\"grid_3_custom_image_grid_breakpoint\":\"@m\",\"grid_3_custom_image_grid_width\":\"1-2\",\"grid_3_custom_image_margin_bottom\":\"uk-margin-small\",\"grid_3_custom_image_margin_top\":\"uk-margin-small\",\"grid_3_custom_image_svg_color\":\"emphasis\",\"grid_3_custom_panel_padding\":\"small\",\"grid_3_custom_position\":\"above-content\",\"grid_3_custom_row_gap\":\"small\",\"grid_4_custom_column_gap\":\"small\",\"grid_4_custom_default\":\"1-1\",\"grid_4_custom_icon_width\":80,\"grid_4_custom_image_align\":\"top\",\"grid_4_custom_image_grid_breakpoint\":\"@m\",\"grid_4_custom_image_grid_width\":\"1-2\",\"grid_4_custom_image_margin_bottom\":\"uk-margin-small\",\"grid_4_custom_image_margin_top\":\"uk-margin-small\",\"grid_4_custom_image_svg_color\":\"emphasis\",\"grid_4_custom_panel_padding\":\"small\",\"grid_4_custom_position\":\"bellow-content\",\"grid_4_custom_row_gap\":\"small\",\"grid_5_custom_column_gap\":\"small\",\"grid_5_custom_default\":\"1-1\",\"grid_5_custom_icon_width\":80,\"grid_5_custom_image_align\":\"top\",\"grid_5_custom_image_grid_breakpoint\":\"@m\",\"grid_5_custom_image_grid_width\":\"1-2\",\"grid_5_custom_image_margin_bottom\":\"uk-margin-small\",\"grid_5_custom_image_margin_top\":\"uk-margin-small\",\"grid_5_custom_image_svg_color\":\"emphasis\",\"grid_5_custom_panel_padding\":\"small\",\"grid_5_custom_position\":\"bellow-content\",\"grid_5_custom_row_gap\":\"small\",\"grid_6_custom_column_gap\":\"small\",\"grid_6_custom_default\":\"1-1\",\"grid_6_custom_icon_width\":80,\"grid_6_custom_image_align\":\"top\",\"grid_6_custom_image_grid_breakpoint\":\"@m\",\"grid_6_custom_image_grid_width\":\"1-2\",\"grid_6_custom_image_margin_bottom\":\"uk-margin-small\",\"grid_6_custom_image_margin_top\":\"uk-margin-small\",\"grid_6_custom_image_svg_color\":\"emphasis\",\"grid_6_custom_panel_padding\":\"small\",\"grid_6_custom_position\":\"bellow-content\",\"grid_6_custom_row_gap\":\"small\",\"grid_column_gap\":\"small\",\"grid_default\":\"1-1\",\"grid_divider\":false,\"grid_medium\":\"1-3\",\"grid_row_gap\":\"small\",\"icon_width\":80,\"image_align\":\"top\",\"image_grid_breakpoint\":\"m\",\"image_grid_width\":\"1-2\",\"image_svg_color\":\"emphasis\",\"item_animation\":true,\"lightbox\":false,\"link_button_bottom\":true,\"link_fullwidth\":false,\"link_style\":\"secondary\",\"link_text\":\"Aggiungi al Carrello\",\"margin_bottom\":\"default\",\"margin_top\":\"default\",\"meta_align\":\"below-title\",\"meta_color\":\"success\",\"meta_element\":\"div\",\"meta_limit_length\":\"80\",\"meta_margin\":\"small\",\"meta_style\":\"h4\",\"nav\":\"dotnav\",\"nav_align\":\"center\",\"nav_breakpoint\":\"s\",\"panel_card_image\":true,\"panel_link\":true,\"panel_size\":\"small\",\"panel_style\":\"card-default\",\"rating_star_background_color\":\"#e5e5e5\",\"rating_star_color\":\"#fc0\",\"rating_star_size\":\"25\",\"rating_star_spacing\":\"3\",\"search\":false,\"search_input_placeholder\":\"Search...\",\"search_no_items_placeholder\":\"No items found matching keyword:\",\"search_title\":true,\"show_content\":true,\"show_custom_1\":false,\"show_custom_10\":false,\"show_custom_11\":false,\"show_custom_12\":false,\"show_custom_13\":false,\"show_custom_14\":false,\"show_custom_15\":false,\"show_custom_16\":false,\"show_custom_17\":false,\"show_custom_18\":false,\"show_custom_19\":false,\"show_custom_2\":false,\"show_custom_20\":false,\"show_custom_3\":false,\"show_custom_4\":false,\"show_custom_5\":false,\"show_custom_6\":false,\"show_custom_7\":false,\"show_custom_8\":false,\"show_custom_9\":false,\"show_custom_filter_1\":false,\"show_custom_filter_10\":false,\"show_custom_filter_11\":false,\"show_custom_filter_12\":false,\"show_custom_filter_13\":false,\"show_custom_filter_14\":false,\"show_custom_filter_15\":false,\"show_custom_filter_16\":false,\"show_custom_filter_17\":false,\"show_custom_filter_18\":false,\"show_custom_filter_19\":false,\"show_custom_filter_2\":false,\"show_custom_filter_20\":false,\"show_custom_filter_3\":false,\"show_custom_filter_4\":false,\"show_custom_filter_5\":false,\"show_custom_filter_6\":false,\"show_custom_filter_7\":false,\"show_custom_filter_8\":false,\"show_custom_filter_9\":false,\"show_custom_image_1\":true,\"show_custom_image_10\":true,\"show_custom_image_11\":true,\"show_custom_image_12\":true,\"show_custom_image_13\":true,\"show_custom_image_14\":true,\"show_custom_image_15\":true,\"show_custom_image_16\":true,\"show_custom_image_17\":true,\"show_custom_image_18\":true,\"show_custom_image_19\":true,\"show_custom_image_2\":true,\"show_custom_image_20\":true,\"show_custom_image_3\":true,\"show_custom_image_4\":true,\"show_custom_image_5\":true,\"show_custom_image_6\":true,\"show_custom_image_7\":true,\"show_custom_image_8\":true,\"show_custom_image_9\":true,\"show_custom_link_1\":true,\"show_custom_link_10\":true,\"show_custom_link_11\":true,\"show_custom_link_12\":true,\"show_custom_link_13\":true,\"show_custom_link_14\":true,\"show_custom_link_15\":true,\"show_custom_link_16\":true,\"show_custom_link_17\":true,\"show_custom_link_18\":true,\"show_custom_link_19\":true,\"show_custom_link_2\":true,\"show_custom_link_20\":true,\"show_custom_link_3\":true,\"show_custom_link_4\":true,\"show_custom_link_5\":true,\"show_custom_link_6\":true,\"show_custom_link_7\":true,\"show_custom_link_8\":true,\"show_custom_link_9\":true,\"show_custom_meta_1\":true,\"show_custom_meta_10\":true,\"show_custom_meta_11\":true,\"show_custom_meta_12\":true,\"show_custom_meta_13\":true,\"show_custom_meta_14\":true,\"show_custom_meta_15\":true,\"show_custom_meta_16\":true,\"show_custom_meta_17\":true,\"show_custom_meta_18\":true,\"show_custom_meta_19\":true,\"show_custom_meta_2\":true,\"show_custom_meta_20\":true,\"show_custom_meta_3\":true,\"show_custom_meta_4\":true,\"show_custom_meta_5\":true,\"show_custom_meta_6\":true,\"show_custom_meta_7\":true,\"show_custom_meta_8\":true,\"show_custom_meta_9\":true,\"show_custom_settings\":\"all\",\"show_custom_text_1\":true,\"show_custom_text_10\":true,\"show_custom_text_11\":true,\"show_custom_text_12\":true,\"show_custom_text_13\":true,\"show_custom_text_14\":true,\"show_custom_text_15\":true,\"show_custom_text_16\":true,\"show_custom_text_17\":true,\"show_custom_text_18\":true,\"show_custom_text_19\":true,\"show_custom_text_2\":true,\"show_custom_text_20\":true,\"show_custom_text_3\":true,\"show_custom_text_4\":true,\"show_custom_text_5\":true,\"show_custom_text_6\":true,\"show_custom_text_7\":true,\"show_custom_text_8\":true,\"show_custom_text_9\":true,\"show_element_settings\":\"all\",\"show_image\":true,\"show_link\":true,\"show_meta\":true,\"show_rating\":false,\"show_sublayout\":true,\"show_title\":true,\"slidenav\":\"default\",\"slidenav_breakpoint\":\"s\",\"slidenav_grid\":\"default\",\"slidenav_margin\":\"\",\"slidenav_outside_breakpoint\":\"xl\",\"slider\":false,\"slider_autoplay_pause\":true,\"slider_width_default\":\"1-1\",\"sublayout_align\":\"top\",\"sublayout_margin\":\"remove\",\"sublayout_modal_header\":false,\"sublayout_modal_padding\":\"remove\",\"sublayout_modal_wrap\":\"all\",\"sublayout_mode\":\"native\",\"sublayout_position\":\"item-image-cell-top\",\"text_align\":\"center\",\"title_align\":\"top\",\"title_element\":\"h3\",\"title_font_family\":\"tertiary\",\"title_grid_breakpoint\":\"m\",\"title_grid_width\":\"1-2\",\"title_hover_style\":\"reset\",\"title_limit_length\":\"80\",\"title_style\":\"text-lead\",\"use_custom_fields\":false},\"children\":[{\"type\":\"fs_grid_item\",\"props\":{\"grid_1_custom_image_margin_bottom\":\"uk-margin-small\",\"grid_1_custom_image_margin_top\":\"uk-margin-small\",\"grid_1_custom_item_margin\":\"inherit\",\"grid_1_custom_item_text_align_breakpoint\":\"inherit\",\"grid_2_custom_image_margin_bottom\":\"uk-margin-small\",\"grid_2_custom_image_margin_top\":\"uk-margin-small\",\"grid_2_custom_item_margin\":\"inherit\",\"grid_2_custom_item_text_align_breakpoint\":\"inherit\",\"grid_3_custom_image_margin_bottom\":\"uk-margin-small\",\"grid_3_custom_image_margin_top\":\"uk-margin-small\",\"grid_3_custom_item_margin\":\"inherit\",\"grid_3_custom_item_text_align_breakpoint\":\"inherit\",\"grid_4_custom_image_margin_bottom\":\"uk-margin-small\",\"grid_4_custom_image_margin_top\":\"uk-margin-small\",\"grid_4_custom_item_margin\":\"inherit\",\"grid_4_custom_item_text_align_breakpoint\":\"inherit\",\"grid_5_custom_image_margin_bottom\":\"uk-margin-small\",\"grid_5_custom_image_margin_top\":\"uk-margin-small\",\"grid_5_custom_item_margin\":\"inherit\",\"grid_5_custom_item_text_align_breakpoint\":\"inherit\",\"grid_6_custom_image_margin_bottom\":\"uk-margin-small\",\"grid_6_custom_image_margin_top\":\"uk-margin-small\",\"grid_6_custom_item_column_gap\":\"small\",\"grid_6_custom_item_margin\":\"inherit\",\"grid_6_custom_item_text_align_breakpoint\":\"inherit\",\"image_attrs_tag\":\"primary-image\",\"link_advanced\":false,\"link_item_toggle\":false,\"link_panel_toggle\":false,\"show_custom_fields\":\"fieldset_1\",\"show_custom_settings\":\"all\"},\"source\":{\"query\":{\"name\":\"products.customProducts\",\"arguments\":{\"terms\":[19],\"pa_formato_operator\":\"IN\",\"product_brand_operator\":\"IN\",\"product_cat_operator\":\"IN\",\"product_tag_operator\":\"IN\",\"product_visibility_operator\":\"IN\",\"users\":[],\"users_operator\":\"IN\",\"offset\":0,\"limit\":10,\"order\":\"date\",\"order_direction\":\"DESC\"}},\"props\":{\"title\":{\"name\":\"title\"},\"meta\":{\"name\":\"woocommerce.price\"},\"link_panel_custom\":{\"name\":\"link\"},\"content\":{\"arguments\":{\"show_intro_text\":true},\"name\":\"content\",\"filters\":{\"limit\":100}},\"link\":{\"name\":\"woocommerce.add_to_cart_url\"},\"link_text\":{\"name\":\"woocommerce.add_to_cart_text\"},\"image\":{\"name\":\"featuredImage.url\"},\"_condition\":{\"arguments\":{\"separator\":\", \",\"show_link\":true,\"link_style\":\"\"},\"name\":\"product_catString\",\"filters\":{\"condition\":\"!~=\",\"condition_value\":\"box\"}}}},\"children\":[{\"type\":\"fragment\",\"props\":{\"animation\":\"fade\",\"css\":\"\\\/* Hide secondary image by default *\\\/\\n.secondary-hover {\\n    opacity: 0 !important;\\n    transition: opacity .35s ease !important;\\n}\\n\\n\\\/* Show it when the PARENT product card is hovered *\\\/\\n#{parent}:hover .secondary-hover {\\n    opacity: 1 !important;\\n}\",\"margin\":\"remove-vertical\"},\"children\":[{\"type\":\"row\",\"children\":[{\"type\":\"column\",\"props\":{\"image_position\":\"center-center\",\"position_sticky_breakpoint\":\"m\"},\"children\":[{\"type\":\"image\",\"props\":{\"class\":\"secondary-hover\",\"id\":\"secondary-hover\",\"image_svg_color\":\"emphasis\",\"margin\":\"default\",\"position\":\"absolute\",\"position_left\":\"0\",\"position_top\":\"0\",\"position_z_index\":\"2\"},\"source\":{\"query\":{\"name\":\"#parent\"},\"props\":{\"image\":{\"name\":\"field.secondary_image.url\"}}}}]}]}]}]}],\"name\":\"SHOP base totale\"}]}]}]}],\"version\":\"4.5.32\"} --><\/p>","protected":false},"excerpt":{"rendered":"<p>IL MIELE AD ELEVATA PUREZZA Le api La passione per le api nasce nella mia infanzia: sono cresciuto a contatto con la natura e, fin da bambino, aiutavo mio padre durante la smielatura, osservando con stupore il lavoro instancabile delle api. Appena i favi maturano, estraiamo il miele con una semplice centrifugazione, lo lasciamo decantare [&hellip;]<\/p>","protected":false},"author":1,"featured_media":0,"parent":0,"menu_order":0,"comment_status":"closed","ping_status":"closed","template":"","meta":{"_acf_changed":false,"footnotes":""},"class_list":["post-812","page","type-page","status-publish","hentry"],"acf":[],"_links":{"self":[{"href":"https:\/\/staging.kaiserfarmhouse.com\/fr\/wp-json\/wp\/v2\/pages\/812","targetHints":{"allow":["GET"]}}],"collection":[{"href":"https:\/\/staging.kaiserfarmhouse.com\/fr\/wp-json\/wp\/v2\/pages"}],"about":[{"href":"https:\/\/staging.kaiserfarmhouse.com\/fr\/wp-json\/wp\/v2\/types\/page"}],"author":[{"embeddable":true,"href":"https:\/\/staging.kaiserfarmhouse.com\/fr\/wp-json\/wp\/v2\/users\/1"}],"replies":[{"embeddable":true,"href":"https:\/\/staging.kaiserfarmhouse.com\/fr\/wp-json\/wp\/v2\/comments?post=812"}],"version-history":[{"count":18,"href":"https:\/\/staging.kaiserfarmhouse.com\/fr\/wp-json\/wp\/v2\/pages\/812\/revisions"}],"predecessor-version":[{"id":1435,"href":"https:\/\/staging.kaiserfarmhouse.com\/fr\/wp-json\/wp\/v2\/pages\/812\/revisions\/1435"}],"wp:attachment":[{"href":"https:\/\/staging.kaiserfarmhouse.com\/fr\/wp-json\/wp\/v2\/media?parent=812"}],"curies":[{"name":"wp","href":"https:\/\/api.w.org\/{rel}","templated":true}]}}