{"id":811,"date":"2025-11-14T20:57:02","date_gmt":"2025-11-14T20:57:02","guid":{"rendered":"https:\/\/youseeme.plus\/kaiser\/?page_id=811"},"modified":"2025-11-19T15:52:16","modified_gmt":"2025-11-19T15:52:16","slug":"chevaux","status":"publish","type":"page","link":"https:\/\/staging.kaiserfarmhouse.com\/fr\/chevaux\/","title":{"rendered":"Chevaux"},"content":{"rendered":"<p><img decoding=\"async\" src=\"\/wp-content\/uploads\/2025\/11\/KaiserFarmHouse-Cavalli-1.jpg\" alt=\"\"><br \/>\n<img decoding=\"async\" src=\"\/wp-content\/uploads\/2025\/11\/KaiserFarmHouse-Cavalli-2.jpg\" alt=\"\"><br \/>\n<img decoding=\"async\" src=\"\/wp-content\/uploads\/2025\/11\/KaiserFarmHouse-Cavalli-3.jpg\" alt=\"\"><\/p>\n<h1>L'AIR, LA LUMI\u00c8RE ET LE MOUVEMENT<\/h1>\n<h1>Chevaux<\/h1>\n<div>\n<p>Je monte \u00e0 cheval depuis mon enfance, mais la vraie passionn\u00e9e est ma m\u00e8re : une passion inn\u00e9e et intense qui demande de l'engagement, du temps et du d\u00e9vouement. Aujourd'hui encore, c'est elle qui s'occupe de nos chevaux, avec un talent naturel pour les comprendre et les manipuler.<\/p>\n<p>L'\u00e9quitation est un sport extraordinaire : elle enseigne le respect, la patience et l'attention envers l'animal. Il ne s'agit pas seulement de monter en selle, mais aussi d'\u00e9couter le cheval, de comprendre ses mouvements, ses besoins, de le soigner avant et apr\u00e8s l'\u00e9quitation.<\/p>\n<p>Les chevaux ont besoin d'air, de lumi\u00e8re et de mouvement. Pendant des ann\u00e9es, nous avons cherch\u00e9 des \u00e9curies o\u00f9 leur bien-\u00eatre passait avant tout, mais le r\u00eave de ma m\u00e8re a toujours \u00e9t\u00e9 de les avoir \u00e0 la maison.<br \/>Il est essentiel qu'un cheval puisse passer du temps au paddock, qu'il soit libre de se d\u00e9placer, de choisir o\u00f9 aller, d'avoir des relations avec ses cong\u00e9n\u00e8res et de vivre une vie aussi naturelle que possible.<\/p>\n<p>Apr\u00e8s des ann\u00e9es d'activit\u00e9s et de comp\u00e9titions, ce r\u00eave est devenu r\u00e9alit\u00e9 : les chevaux sont enfin chez nous, dans une \u00e9curie que nous avons \u00e9quip\u00e9e au fil du temps de tout l'espace et du confort n\u00e9cessaires. Ils vivent sans tension, sont d\u00e9plac\u00e9s chaque jour et paissent sereinement dans nos pr\u00e9s.<\/p>\n<p>Ces animaux sensibles et intelligents ont apport\u00e9 un nouvel \u00e9quilibre dans nos vies : une \u00e9nergie authentique, faite d'\u00e9motions, de d\u00e9fis, de petits gestes quotidiens et de beaucoup de joie. Un lien qui nous rappelle chaque jour la beaut\u00e9 d'une vie plus simple, proche de la nature.<\/p>\n<\/div>\n<ul>\n<li>\n<p>\n        <a href=\"\/fr\/la-durabilite\/\">Durabilit\u00e9<\/a>\n    <\/p>\n<\/li>\n<li>\n<p>\n        <a href=\"\/fr\/cultures\/\">Cultures<\/a>\n    <\/p>\n<\/li>\n<li>\n<p>\n        <a href=\"\/fr\/abeilles\/\">Abeilles<\/a>\n    <\/p>\n<\/li>\n<\/ul>\n<p><!--more--><br \/>\n<!-- {\"type\":\"layout\",\"children\":[{\"type\":\"section\",\"props\":{\"image_position\":\"center-center\",\"style\":\"default\",\"title_breakpoint\":\"xl\",\"title_position\":\"top-left\",\"title_rotation\":\"left\",\"vertical_align\":\"middle\",\"width\":\"default\"},\"children\":[{\"type\":\"row\",\"props\":{\"column_gap\":\"small\",\"layout\":\"1-3,1-3,1-3\"},\"children\":[{\"type\":\"column\",\"props\":{\"image_position\":\"center-center\",\"position_sticky_breakpoint\":\"m\",\"width_medium\":\"1-3\"},\"children\":[{\"type\":\"image\",\"props\":{\"image\":\"wp-content\\\/uploads\\\/2025\\\/11\\\/KaiserFarmHouse-Cavalli-1.jpg\",\"image_border\":\"rounded\",\"image_box_shadow\":\"large\",\"image_svg_color\":\"emphasis\",\"margin\":\"default\"}}]},{\"type\":\"column\",\"props\":{\"image_position\":\"center-center\",\"position_sticky_breakpoint\":\"m\",\"width_medium\":\"1-3\"},\"children\":[{\"type\":\"image\",\"props\":{\"image\":\"wp-content\\\/uploads\\\/2025\\\/11\\\/KaiserFarmHouse-Cavalli-2.jpg\",\"image_border\":\"rounded\",\"image_box_shadow\":\"large\",\"image_svg_color\":\"emphasis\",\"margin\":\"default\"}}]},{\"type\":\"column\",\"props\":{\"image_position\":\"center-center\",\"position_sticky_breakpoint\":\"m\",\"width_medium\":\"1-3\"},\"children\":[{\"type\":\"image\",\"props\":{\"image\":\"wp-content\\\/uploads\\\/2025\\\/11\\\/KaiserFarmHouse-Cavalli-3.jpg\",\"image_border\":\"rounded\",\"image_box_shadow\":\"large\",\"image_svg_color\":\"emphasis\",\"margin\":\"default\"}}]}]},{\"type\":\"row\",\"children\":[{\"type\":\"column\",\"props\":{\"image_position\":\"center-center\",\"position_sticky_breakpoint\":\"m\"},\"children\":[{\"type\":\"headline\",\"props\":{\"content\":\"ARIA, LUCE E MOVIMENTO\",\"text_align\":\"center\",\"title_color\":\"success\",\"title_element\":\"h1\",\"title_style\":\"h4\"}},{\"type\":\"headline\",\"props\":{\"content\":\"I cavalli\",\"margin\":\"large\",\"margin_remove_top\":true,\"text_align\":\"center\",\"title_element\":\"h1\",\"title_font_family\":\"tertiary\",\"title_style\":\"h1\"}},{\"type\":\"text\",\"props\":{\"block_align\":\"center\",\"column_breakpoint\":\"m\",\"content\":\"\n\n<p>Monto a cavallo da quando ero bambino, ma la vera appassionata \\u00e8 mia madre: una passione innata, intensa, che richiede impegno, tempo e dedizione. Ancora oggi \\u00e8 lei a prendersi cura dei nostri cavalli, con un talento naturale nel capirli e nel gestirli.<\\\/p>\\n\n\n<p>L\\u2019equitazione \\u00e8 uno sport straordinario: insegna il rispetto, la pazienza e l\\u2019attenzione verso l\\u2019animale. Non significa soltanto salire in sella, ma anche ascoltare il cavallo, comprenderne i movimenti, le esigenze, prendersene cura prima e dopo la monta.<\\\/p>\\n\n\n<p>I cavalli hanno bisogno di aria, luce e movimento. Per anni abbiamo cercato scuderie dove il loro benessere fosse davvero al primo posto, ma il sogno di mia madre \\u00e8 sempre stato quello di poterli avere a casa.<br \\\/>\\u00c8 fondamentale che un cavallo possa trascorrere tempo in paddock, libero di muoversi, scegliere dove andare, relazionarsi con i suoi simili, vivere una vita pi\\u00f9 naturale possibile.<\\\/p>\\n\n\n<p>Dopo anni di attivit\\u00e0 e gare, quel sogno si \\u00e8 realizzato: i cavalli sono finalmente con noi, in una scuderia che nel tempo abbiamo attrezzato con tutti gli spazi e le comodit\\u00e0 necessarie. Vivono senza tensioni, vengono movimentati ogni giorno e pascolano sereni nei nostri prati.<\\\/p>\\n\n\n<p>Animali cos\\u00ec sensibili e intelligenti hanno portato nella nostra vita un equilibrio nuovo: un\\u2019energia autentica, fatta di emozioni, sfide, piccoli gesti quotidiani e tanta gioia. Un legame che ci ricorda, ogni giorno, la bellezza di una vita pi\\u00f9 semplice e vicina alla natura.<\\\/p>\",\"margin\":\"\",\"maxwidth\":\"2xlarge\",\"text_style\":\"large\"}}]}]},{\"type\":\"row\",\"children\":[{\"type\":\"column\",\"props\":{\"image_position\":\"center-center\",\"position_sticky_breakpoint\":\"m\"},\"children\":[{\"type\":\"button\",\"props\":{\"blend\":false,\"grid_column_gap\":\"medium\",\"grid_row_gap\":\"small\",\"margin\":\"default\",\"text_align\":\"center\"},\"children\":[{\"type\":\"button_item\",\"props\":{\"button_style\":\"secondary\",\"content\":\"Sostenibilit\\u00e0\",\"dialog_layout\":\"modal\",\"dialog_offcanvas_flip\":true,\"icon_align\":\"left\",\"link\":\"sostenibilita\\\/\"}},{\"type\":\"button_item\",\"props\":{\"button_style\":\"secondary\",\"content\":\"Le coltivazioni\",\"dialog_layout\":\"modal\",\"dialog_offcanvas_flip\":true,\"icon_align\":\"left\",\"link\":\"le-coltivazioni\\\/\"}},{\"type\":\"button_item\",\"props\":{\"button_style\":\"secondary\",\"content\":\"Le api\",\"dialog_layout\":\"modal\",\"dialog_offcanvas_flip\":true,\"icon_align\":\"left\",\"link\":\"le-api\\\/\"}}],\"name\":\"bottoni ambiente\"}]}]}]}],\"version\":\"4.5.32\"} --><\/p>","protected":false},"excerpt":{"rendered":"<p>ARIA, LUCE E MOVIMENTO I cavalli Monto a cavallo da quando ero bambino, ma la vera appassionata \u00e8 mia madre: una passione innata, intensa, che richiede impegno, tempo e dedizione. Ancora oggi \u00e8 lei a prendersi cura dei nostri cavalli, con un talento naturale nel capirli e nel gestirli. L\u2019equitazione \u00e8 uno sport straordinario: insegna [&hellip;]<\/p>","protected":false},"author":1,"featured_media":0,"parent":0,"menu_order":0,"comment_status":"closed","ping_status":"closed","template":"","meta":{"_acf_changed":false,"footnotes":""},"class_list":["post-811","page","type-page","status-publish","hentry"],"acf":[],"_links":{"self":[{"href":"https:\/\/staging.kaiserfarmhouse.com\/fr\/wp-json\/wp\/v2\/pages\/811","targetHints":{"allow":["GET"]}}],"collection":[{"href":"https:\/\/staging.kaiserfarmhouse.com\/fr\/wp-json\/wp\/v2\/pages"}],"about":[{"href":"https:\/\/staging.kaiserfarmhouse.com\/fr\/wp-json\/wp\/v2\/types\/page"}],"author":[{"embeddable":true,"href":"https:\/\/staging.kaiserfarmhouse.com\/fr\/wp-json\/wp\/v2\/users\/1"}],"replies":[{"embeddable":true,"href":"https:\/\/staging.kaiserfarmhouse.com\/fr\/wp-json\/wp\/v2\/comments?post=811"}],"version-history":[{"count":11,"href":"https:\/\/staging.kaiserfarmhouse.com\/fr\/wp-json\/wp\/v2\/pages\/811\/revisions"}],"predecessor-version":[{"id":1265,"href":"https:\/\/staging.kaiserfarmhouse.com\/fr\/wp-json\/wp\/v2\/pages\/811\/revisions\/1265"}],"wp:attachment":[{"href":"https:\/\/staging.kaiserfarmhouse.com\/fr\/wp-json\/wp\/v2\/media?parent=811"}],"curies":[{"name":"wp","href":"https:\/\/api.w.org\/{rel}","templated":true}]}}