{"id":798,"date":"2025-11-14T20:47:14","date_gmt":"2025-11-14T20:47:14","guid":{"rendered":"https:\/\/youseeme.plus\/kaiser\/?page_id=798"},"modified":"2025-11-17T12:48:29","modified_gmt":"2025-11-17T12:48:29","slug":"maison-kaiser","status":"publish","type":"page","link":"https:\/\/staging.kaiserfarmhouse.com\/fr\/maison-kaiser\/","title":{"rendered":"MAISON KAISER"},"content":{"rendered":"<p><img decoding=\"async\" src=\"\/kaiser\/wp-content\/uploads\/2025\/11\/KaiserFarmHouse-LaViscarda.jpg\" alt=\"\"><\/p>\n<h1>NOTRE HISTOIRE<\/h1>\n<h1>Villa La Viscarda<\/h1>\n<div>\n<p>La majestueuse propri\u00e9t\u00e9 du XVIIe si\u00e8cle \u201cVilla La Viscarda\u201d, immerg\u00e9e dans un parc de trois hectares, situ\u00e9e sur les collines de Citt\u00e0 Alta \u00e0 Bergame, appartient \u00e0 ma famille depuis 1971.<br \/>En 2008, nous avons entam\u00e9 un projet de r\u00e9novation et de restauration du manoir et des \u00e9curies, en respectant pleinement l'originalit\u00e9 de la disposition et des mat\u00e9riaux de l'\u00e9poque, en cr\u00e9ant une combinaison parfaite entre les caract\u00e9ristiques originales et le confort des pi\u00e8ces \u00e9quip\u00e9es pour la vie moderne.<br \/>Le manoir d'environ 1500 m\u00e8tres carr\u00e9s donne sur une grande terrasse domin\u00e9e par le plus grand Diospiro-Kako d'Europe.<br \/>Les cours de la propri\u00e9t\u00e9 sont reli\u00e9es par des portiques dans lesquels se trouvent d'autres pi\u00e8ces o\u00f9 l'on peut passer un agr\u00e9able s\u00e9jour, une salle de billard, des caves, des buanderies, une sellerie, des chambres pour les chiens et des remises pour les voitures. Aux \u00e9tages sup\u00e9rieurs se trouvent les appartements des h\u00f4tes, les espaces r\u00e9serv\u00e9s au personnel et une grande grange de grande hauteur.<br \/>D'autres pi\u00e8ces s\u00e9par\u00e9es sont utilis\u00e9es pour les activit\u00e9s \u00e9questres : les \u00e9curies, les r\u00e9serves de foin et de grain et une salle pour les douches et le s\u00e9chage des chevaux ; il y a \u00e9galement quelques paddocks et un terrain \u00e9questre de 40\u00d720 pour le dressage\/hostage.<br \/>Dans le parc, travers\u00e9 par l'all\u00e9e, se trouvent de nombreux grands arbres et un bel \u00e9tang d'eau de source.<\/p>\n<p>Le d\u00e9sir de rendre encore plus beau ce que nous avons h\u00e9rit\u00e9 de notre grand-p\u00e8re allemand Herbert, le lien profond avec la campagne, les animaux et la nature, depuis notre enfance, nous ont ensuite conduits \u00e0 cr\u00e9er notre ferme.<br \/>L'op\u00e9ration de mise en valeur des terres s'est traduite par la cr\u00e9ation d'une petite plantation fruiti\u00e8re, d'un verger mixte, d'une oliveraie, d'un potager cultiv\u00e9 avec des essences indig\u00e8nes et de plusieurs ruches d'abeilles.<br \/>Nous sommes tr\u00e8s attach\u00e9s au concept de l'agritourisme qui consiste \u00e0 offrir une hospitalit\u00e9 en contact \u00e9troit avec la nature et les activit\u00e9s de la ferme, un concept que vous retrouverez \u00e9galement dans notre cuisine o\u00f9 l'\u00e9l\u00e9ment v\u00e9g\u00e9tal de notre terre devient le centre de notre proposition de d\u00e9gustation, accompagnant les produits d'autres artisans locaux dont nous appr\u00e9cions le travail, offrant un service amical et professionnel qui fait que les h\u00f4tes se sentent comme chez eux.<\/p>\n<\/div>\n<p><img decoding=\"async\" src=\"\/kaiser\/wp-content\/uploads\/2025\/11\/KaiserFarmHouse-LaViscarda-1.jpg\" alt=\"\"><br \/>\n<img decoding=\"async\" src=\"\/kaiser\/wp-content\/uploads\/2025\/11\/KaiserFarmHouse-LaViscarda-3.jpg\" alt=\"\"><br \/>\n<img decoding=\"async\" src=\"\/kaiser\/wp-content\/uploads\/2025\/11\/KaiserFarmHouse-LaViscarda-2.jpg\" alt=\"\"><\/p>\n<p><!--more--><br \/>\n<!-- {\"type\":\"layout\",\"children\":[{\"type\":\"section\",\"props\":{\"image_position\":\"center-center\",\"style\":\"default\",\"title_breakpoint\":\"xl\",\"title_position\":\"top-left\",\"title_rotation\":\"left\",\"vertical_align\":\"middle\",\"width\":\"default\"},\"children\":[{\"type\":\"row\",\"children\":[{\"type\":\"column\",\"props\":{\"image_position\":\"center-center\",\"position_sticky_breakpoint\":\"m\"},\"children\":[{\"type\":\"image\",\"props\":{\"image\":\"wp-content\\\/uploads\\\/2025\\\/11\\\/KaiserFarmHouse-LaViscarda.jpg\",\"image_svg_color\":\"emphasis\",\"margin\":\"default\"}},{\"type\":\"headline\",\"props\":{\"content\":\"LA NOSTRA STORIA\",\"text_align\":\"center\",\"title_color\":\"success\",\"title_element\":\"h1\",\"title_style\":\"h4\"}},{\"type\":\"headline\",\"props\":{\"content\":\"Villa La Viscarda\",\"margin\":\"large\",\"margin_remove_top\":true,\"text_align\":\"center\",\"title_element\":\"h1\",\"title_style\":\"heading-small\"}},{\"type\":\"text\",\"props\":{\"block_align\":\"center\",\"column_breakpoint\":\"m\",\"content\":\"\n\n<p>La maestosa propriet\\u00e0 seicentesca \\u201c Villa La Viscarda\\u201d, immersa in un parco di 3 ettari, sita sui colli di Citt\\u00e0 Alta a Bergamo, appartiene alla mia famiglia dal 1971.<br \\\/>Nell\\u2019anno 2008 abbiamo iniziato un progetto di ristrutturazione e restauro della casa padronale e delle scuderie, nel pieno rispetto dell\\u2019originalit\\u00e0 dell\\u2019impianto e dei materiali dell\\u2019epoca, creando un perfetto connubio tra le caratteristiche originali e le comodit\\u00e0 degli ambienti attrezzati per la vita moderna.<br \\\/>La villa padronale di circa 1500 mq, affaccia su una grande terrazza in cui domina il Diospiro-Kako pi\\u00f9 grande di Europa.<br \\\/>Le corti della propriet\\u00e0 sono connesse tra loro dai portici in cui vi sono altri locali dove piacevolmente soggiornare, la sala del biliardo, le cantine, le lavanderie, la selleria, i locali per i cani e le rimesse per automobili. Ai piani superiori alcuni appartamenti per gli ospiti, le aree destinate al personale e un ampio fienile con grandi altezze.<br \\\/>Altri ambienti separati sono destinati alle attivit\\u00e0 equestri: le scuderie, i magazzini per fieno e granaglie ed un locale per le docce e l\\u2019asciugatura dei cavalli; sono presenti, inoltre, alcuni paddock ed un campo equestre 40\\u00d720 per dressage\\\/ostacoli.<br \\\/>Nel parco, attraversato dal viale d\\u2019accesso, si trovano numerosi alberi secolari ad alto fusto e un bellissimo laghetto di acqua sorgiva.<\\\/p>\\n\n\n<p>La voglia di rendere ancora pi\\u00f9 bello ci\\u00f2 che abbiamo ereditato dal nonno tedesco Herbert, il profondo legame con la campagna, gli animali e la natura, fin da bambini, ci porta successivamente a creare la nostra Azienda Agricola.<br \\\/>L\\u2019operazione di recupero territoriale si \\u00e8 concretizzata con la realizzazione di un impianto di piccoli frutti, di un frutteto misto, di un oliveto, di un orto coltivato con essenze autoctone e varie arnie per apicoltura.<br \\\/>Siamo molto legati al concetto agrituristico di offrire un\\u2019ospitalit\\u00e0 a stretto contatto con la natura e le attivit\\u00e0 aziendali, un concetto che ritroverete anche nella nostra cucina dove l\\u2019elemento vegetale frutto delle nostre terre diventa il fulcro della nostra proposta degustativa, accompagnandosi ai prodotti di altri artigiani locali di cui stimiamo il lavoro, offrendo un servizio cordiale e professionale che faccia sentire l\\u2019ospite come a casa propria.<\\\/p>\",\"margin\":\"\",\"maxwidth\":\"2xlarge\",\"text_style\":\"large\"}}]}]},{\"type\":\"row\",\"props\":{\"column_gap\":\"small\",\"layout\":\"1-3,1-3,1-3\"},\"children\":[{\"type\":\"column\",\"props\":{\"image_position\":\"center-center\",\"position_sticky_breakpoint\":\"m\",\"width_medium\":\"1-3\"},\"children\":[{\"type\":\"image\",\"props\":{\"image\":\"wp-content\\\/uploads\\\/2025\\\/11\\\/KaiserFarmHouse-LaViscarda-1.jpg\",\"image_svg_color\":\"emphasis\",\"margin\":\"default\"}}]},{\"type\":\"column\",\"props\":{\"image_position\":\"center-center\",\"position_sticky_breakpoint\":\"m\",\"width_medium\":\"1-3\"},\"children\":[{\"type\":\"image\",\"props\":{\"image\":\"wp-content\\\/uploads\\\/2025\\\/11\\\/KaiserFarmHouse-LaViscarda-3.jpg\",\"image_svg_color\":\"emphasis\",\"margin\":\"default\"}}]},{\"type\":\"column\",\"props\":{\"image_position\":\"center-center\",\"position_sticky_breakpoint\":\"m\",\"width_medium\":\"1-3\"},\"children\":[{\"type\":\"image\",\"props\":{\"image\":\"wp-content\\\/uploads\\\/2025\\\/11\\\/KaiserFarmHouse-LaViscarda-2.jpg\",\"image_svg_color\":\"emphasis\",\"margin\":\"default\"}}]}]}]}],\"version\":\"4.5.32\"} --><\/p>","protected":false},"excerpt":{"rendered":"<p>NOTRE HISTOIRE Villa La Viscarda La majestueuse propri\u00e9t\u00e9 du XVIIe si\u00e8cle \u201cVilla La Viscarda\u201d, immerg\u00e9e dans un parc de trois hectares, situ\u00e9e sur les collines de Citt\u00e0 Alta \u00e0 Bergame, appartient \u00e0 ma famille depuis 1971. En 2008, nous avons entam\u00e9 un projet de r\u00e9novation et de restauration du manoir et des \u00e9curies, en respectant pleinement l'originalit\u00e9 de la [...]<\/p>","protected":false},"author":1,"featured_media":0,"parent":0,"menu_order":0,"comment_status":"closed","ping_status":"closed","template":"","meta":{"_acf_changed":false,"footnotes":""},"class_list":["post-798","page","type-page","status-publish","hentry"],"acf":[],"_links":{"self":[{"href":"https:\/\/staging.kaiserfarmhouse.com\/fr\/wp-json\/wp\/v2\/pages\/798","targetHints":{"allow":["GET"]}}],"collection":[{"href":"https:\/\/staging.kaiserfarmhouse.com\/fr\/wp-json\/wp\/v2\/pages"}],"about":[{"href":"https:\/\/staging.kaiserfarmhouse.com\/fr\/wp-json\/wp\/v2\/types\/page"}],"author":[{"embeddable":true,"href":"https:\/\/staging.kaiserfarmhouse.com\/fr\/wp-json\/wp\/v2\/users\/1"}],"replies":[{"embeddable":true,"href":"https:\/\/staging.kaiserfarmhouse.com\/fr\/wp-json\/wp\/v2\/comments?post=798"}],"version-history":[{"count":3,"href":"https:\/\/staging.kaiserfarmhouse.com\/fr\/wp-json\/wp\/v2\/pages\/798\/revisions"}],"predecessor-version":[{"id":864,"href":"https:\/\/staging.kaiserfarmhouse.com\/fr\/wp-json\/wp\/v2\/pages\/798\/revisions\/864"}],"wp:attachment":[{"href":"https:\/\/staging.kaiserfarmhouse.com\/fr\/wp-json\/wp\/v2\/media?parent=798"}],"curies":[{"name":"wp","href":"https:\/\/api.w.org\/{rel}","templated":true}]}}