{"id":789,"date":"2025-11-14T20:45:51","date_gmt":"2025-11-14T20:45:51","guid":{"rendered":"https:\/\/youseeme.plus\/kaiser\/?page_id=789"},"modified":"2025-11-19T20:11:14","modified_gmt":"2025-11-19T20:11:14","slug":"menu","status":"publish","type":"page","link":"https:\/\/staging.kaiserfarmhouse.com\/fr\/menu\/","title":{"rendered":"MENU"},"content":{"rendered":"<h1>Nos menus d\u00e9gustation<\/h1>\n<h1>D\u00e9couvrez nos menus d\u00e9gustation<\/h1>\n<ul>\n<li>\n        <a href=\"\/fr\/petit-dejeuner\/\">Petit d\u00e9jeuner<\/a>\n    <\/li>\n<li>\n        <a href=\"\/fr\/brunch\/\">Brunch<\/a>\n    <\/li>\n<li>\n        <a href=\"\/fr\/collation\/\">Collation<\/a>\n    <\/li>\n<li>\n        <a href=\"\/fr\/aperitif\/\">Ap\u00e9ritif<\/a>\n    <\/li>\n<\/ul>\n<div>\n<p>Nos menus, bas\u00e9s sur une approche v\u00e9g\u00e9tarienne, suivent la saisonnalit\u00e9 des ingr\u00e9dients et sont modifi\u00e9s en fonction de la disponibilit\u00e9 des produits, offrant des plats simples, sains et \u00e0 faible indice glyc\u00e9mique.<br \/>L'importance d'un r\u00e9gime alimentaire \u00e9quilibr\u00e9, le choix des diff\u00e9rents nutriments et des sources d'alimentation d\u00e9coulent de mes \u00e9tudes universitaires et de l'exp\u00e9rience de ma m\u00e8re, chirurgienne reconstructrice, qui a toujours \u00e9t\u00e9 une adepte de la nutrition clinique.<\/p>\n<p>Nos g\u00e2teaux, ainsi que le pain et la focaccia, sont faits maison avec des \u0153ufs et des farines biologiques. Pour les desserts, nous utilisons nos propres fruits ou compotes, sans sucre ajout\u00e9.<\/p>\n<\/div>\n<div>\n<p>Une grande attention est accord\u00e9e au choix m\u00e9ticuleux des mati\u00e8res premi\u00e8res, qui sont l'ingr\u00e9dient cl\u00e9 dans la pr\u00e9paration de nos plats simples.<\/p>\n<p>Outre les produits biologiques cultiv\u00e9s et pr\u00e9par\u00e9s avec soin et passion, les autres mati\u00e8res premi\u00e8res n\u00e9cessaires \u00e0 la r\u00e9alisation de certains plats ont \u00e9t\u00e9 choisies une \u00e0 une, en visitant personnellement les exploitations agricoles de la province et de la Lombardie, en privil\u00e9giant les petites entreprises charg\u00e9es d'histoire et de tradition. Le crit\u00e8re de choix est bas\u00e9 sur l'artisanat, la qualit\u00e9 et les cultures strictement biologiques.<\/p>\n<p>Ce syst\u00e8me, enti\u00e8rement naturel, est ensuite mis en valeur sur la table avec des aliments authentiques, non transform\u00e9s, au go\u00fbt inimitable, propos\u00e9s avec cr\u00e9ativit\u00e9 et biodiversit\u00e9.<\/p>\n<\/div>\n<p><!--more--><br \/>\n<!-- {\"type\":\"layout\",\"children\":[{\"type\":\"section\",\"props\":{\"image\":\"wp-content\\\/uploads\\\/2025\\\/11\\\/KaiserFarmHouse-Menu-Degustativi-1.jpg\",\"image_position\":\"center-center\",\"image_size\":\"cover\",\"padding\":\"large\",\"style\":\"default\",\"text_color\":\"light\",\"title_breakpoint\":\"xl\",\"title_position\":\"top-left\",\"title_rotation\":\"left\",\"vertical_align\":\"middle\",\"width\":\"default\"},\"children\":[{\"type\":\"row\",\"children\":[{\"type\":\"column\",\"props\":{\"image_position\":\"center-center\",\"position_sticky_breakpoint\":\"m\"},\"children\":[{\"type\":\"headline\",\"props\":{\"content\":\"I nostri men\\u00f9 degustativi\",\"title_element\":\"h1\",\"title_font_family\":\"tertiary\",\"title_style\":\"heading-small\"}}]}]}]},{\"type\":\"section\",\"props\":{\"image_position\":\"center-center\",\"style\":\"default\",\"title_breakpoint\":\"xl\",\"title_position\":\"top-left\",\"title_rotation\":\"left\",\"vertical_align\":\"middle\",\"width\":\"default\"},\"children\":[{\"type\":\"row\",\"children\":[{\"type\":\"column\",\"props\":{\"image_position\":\"center-center\",\"position_sticky_breakpoint\":\"m\"},\"children\":[{\"type\":\"headline\",\"props\":{\"content\":\"Scopri i nostri menu degustativi\",\"text_align\":\"center\",\"title_decoration\":\"divider\",\"title_element\":\"h1\",\"title_font_family\":\"tertiary\",\"title_style\":\"h3\"}},{\"type\":\"subnav\",\"props\":{\"subnav_style\":\"divider\",\"text_align\":\"center\"},\"children\":[{\"type\":\"subnav_item\",\"props\":{\"active\":false,\"content\":\"Prima Colazione\",\"link\":\"prima-colazione\\\/\"}},{\"type\":\"subnav_item\",\"props\":{\"content\":\"Brunch\",\"link\":\"brunch\\\/\"}},{\"type\":\"subnav_item\",\"props\":{\"content\":\"Merenda\",\"link\":\"merenda\\\/\"}},{\"type\":\"subnav_item\",\"props\":{\"content\":\"Aperitivo\",\"link\":\"aperitivo\\\/\"}}]}]}]}]},{\"type\":\"section\",\"props\":{\"image_position\":\"center-center\",\"padding_remove_bottom\":true,\"padding_remove_top\":true,\"style\":\"default\",\"title_breakpoint\":\"xl\",\"title_position\":\"top-left\",\"title_rotation\":\"left\",\"vertical_align\":\"middle\",\"width\":\"default\"},\"children\":[{\"type\":\"row\",\"props\":{\"layout\":\"1-2,1-2\"},\"children\":[{\"type\":\"column\",\"props\":{\"image_position\":\"center-center\",\"position_sticky_breakpoint\":\"m\",\"width_medium\":\"1-2\"},\"children\":[{\"type\":\"text\",\"props\":{\"column_breakpoint\":\"m\",\"content\":\"\n\n<p>I nostri men\\u00f9, improntati a un approccio vegetariano, seguono la stagionalit\\u00e0 degli ingredienti e vengono\\u00a0modificati in base alla disponibilit\\u00e0 dei prodotti, offrendo piatti semplici e sani a basso indice glicemico.<br \\\/>L\\u2019importanza di un piano alimentare equilibrato, la scelta dei singoli nutrienti e delle fonti alimentari derivano dai miei studi universitari e dall\\u2019esperienza di mia madre, chirurgo ricostruttivo, da sempre fautrice della nutrizione clinica.<\\\/p>\\n\n\n<p>I nostri dolci, cos\\u00ec come il pane o le focacce, vengono preparati in casa con uova e farine biologiche. Per i dolci utilizziamo la nostra frutta o composte da noi prodotte, senza zuccheri aggiunti.<\\\/p>\",\"margin\":\"default\",\"text_style\":\"large\"}}]},{\"type\":\"column\",\"props\":{\"image_position\":\"center-center\",\"position_sticky_breakpoint\":\"m\",\"width_medium\":\"1-2\"},\"children\":[{\"type\":\"text\",\"props\":{\"column_breakpoint\":\"m\",\"content\":\"\n\n<p>Grande attenzione \\u00e8 posta alla scelta minuziosa delle materie prime, che costituiscono l\\u2019ingrediente fondamentale nella preparazione dei nostri semplici piatti.<\\\/p>\\n\n\n<p>Oltre ai nostri prodotti biologici coltivati e preparati con grande cura e passione, le altre materie prime necessarie per completare alcuni piatti, sono state scelte una per una, andando personalmente a visitare le aziende agricole della provincia e della Lombardia, privilegiando le piccole realt\\u00e0 sature di storia e tradizione. Il criterio di scelta \\u00e8 basato sull'artigianalit\\u00e0, sulla qualit\\u00e0 e sulle colture rigorosamente biologiche.<\\\/p>\\n\n\n<p>Questo sistema, del tutto naturale, si evidenzia poi in tavola con cibi genuini, non elaborati, dal gusto inconfondibile, proposti con creativit\\u00e0 e biodiversit\\u00e0.<\\\/p>\",\"margin\":\"default\",\"text_style\":\"large\"}}]}]}]},{\"type\":\"section\",\"props\":{\"image_position\":\"center-center\",\"style\":\"default\",\"title_breakpoint\":\"xl\",\"title_position\":\"top-left\",\"title_rotation\":\"left\",\"vertical_align\":\"middle\",\"width\":\"default\"},\"children\":[{\"type\":\"row\",\"children\":[{\"type\":\"column\",\"props\":{\"image_position\":\"center-center\",\"position_sticky_breakpoint\":\"m\"}}]}]}],\"version\":\"4.5.32\"} --><\/p>","protected":false},"excerpt":{"rendered":"<p>I nostri men\u00f9 degustativi Scopri i nostri menu degustativi Prima Colazione Brunch Merenda Aperitivo I nostri men\u00f9, improntati a un approccio vegetariano, seguono la stagionalit\u00e0 degli ingredienti e vengono\u00a0modificati in base alla disponibilit\u00e0 dei prodotti, offrendo piatti semplici e sani a basso indice glicemico.L\u2019importanza di un piano alimentare equilibrato, la scelta dei singoli nutrienti e [&hellip;]<\/p>","protected":false},"author":1,"featured_media":0,"parent":0,"menu_order":0,"comment_status":"closed","ping_status":"closed","template":"","meta":{"_acf_changed":false,"footnotes":""},"class_list":["post-789","page","type-page","status-publish","hentry"],"acf":[],"_links":{"self":[{"href":"https:\/\/staging.kaiserfarmhouse.com\/fr\/wp-json\/wp\/v2\/pages\/789","targetHints":{"allow":["GET"]}}],"collection":[{"href":"https:\/\/staging.kaiserfarmhouse.com\/fr\/wp-json\/wp\/v2\/pages"}],"about":[{"href":"https:\/\/staging.kaiserfarmhouse.com\/fr\/wp-json\/wp\/v2\/types\/page"}],"author":[{"embeddable":true,"href":"https:\/\/staging.kaiserfarmhouse.com\/fr\/wp-json\/wp\/v2\/users\/1"}],"replies":[{"embeddable":true,"href":"https:\/\/staging.kaiserfarmhouse.com\/fr\/wp-json\/wp\/v2\/comments?post=789"}],"version-history":[{"count":23,"href":"https:\/\/staging.kaiserfarmhouse.com\/fr\/wp-json\/wp\/v2\/pages\/789\/revisions"}],"predecessor-version":[{"id":1308,"href":"https:\/\/staging.kaiserfarmhouse.com\/fr\/wp-json\/wp\/v2\/pages\/789\/revisions\/1308"}],"wp:attachment":[{"href":"https:\/\/staging.kaiserfarmhouse.com\/fr\/wp-json\/wp\/v2\/media?parent=789"}],"curies":[{"name":"wp","href":"https:\/\/api.w.org\/{rel}","templated":true}]}}