{"id":788,"date":"2025-11-14T20:45:51","date_gmt":"2025-11-14T20:45:51","guid":{"rendered":"https:\/\/youseeme.plus\/kaiser\/?page_id=788"},"modified":"2025-11-17T16:48:25","modified_gmt":"2025-11-17T16:48:25","slug":"evenements","status":"publish","type":"page","link":"https:\/\/staging.kaiserfarmhouse.com\/fr\/evenements\/","title":{"rendered":"\u00c9V\u00c9NEMENTS"},"content":{"rendered":"<h1>Nos \u00e9v\u00e9nements<\/h1>\n<h1>Laissez-vous guider par le rythme des saisons.<\/h1>\n<hr>\n<div>\n<p>Dans le cadre authentique des Colli di Bergamo Alta (collines du Haut-Bergame), chaque p\u00e9riode de l'ann\u00e9e apporte un rendez-vous particulier : des moments simples et authentiques \u00e0 vivre en plein air et au contact de la nature. Des ch\u00e2taignes fra\u00eechement r\u00e9colt\u00e9es aux tulipes qui refleurissent, chaque exp\u00e9rience est con\u00e7ue pour red\u00e9couvrir le plaisir des traditions, des senteurs de la campagne et des petits gestes qui r\u00e9chauffent le c\u0153ur.<\/p>\n<p>\u00c0 la ferme Kaiser, des journ\u00e9es consacr\u00e9es \u00e0 la r\u00e9colte des ch\u00e2taignes, \u00e0 l'autocueillette, \u00e0 la cueillette magique des tulipes et \u00e0 la joyeuse chasse aux \u0153ufs de P\u00e2ques vous attendent : des \u00e9v\u00e9nements saisonniers, soign\u00e9s dans les moindres d\u00e9tails, \u00e0 partager avec ceux que vous aimez.<\/p>\n<\/div>\n<hr>\n<ul>\n<li>\n<p>        <img decoding=\"async\" src=\"\/kaiser\/wp-content\/uploads\/2025\/11\/KaiserFarmHouse-Castagnata-8.jpg\" alt=\"\"><\/p>\n<h3>Castagnata<\/h3>\n<p>Le protagoniste est la ch\u00e2taigne. Une journ\u00e9e \u00e0 la d\u00e9couverte des traditions locales.<\/p>\n<div>Tous les week-ends d'octobre et de novembre, des \u00e9v\u00e9nements gastronomiques exclusifs seront consacr\u00e9s aux saveurs de l'automne.<\/div>\n<p><a href=\"\/fr\/kaiser\/la-castagnata\/\">Visiter l'\u00e9v\u00e9nement<\/a><\/p>\n<\/li>\n<li>\n<p>        <img decoding=\"async\" src=\"\/kaiser\/wp-content\/uploads\/2025\/11\/KaiserFarmHouse-Autoraccolta-3.jpg\" alt=\"\"><\/p>\n<h3>L'auto-collection<\/h3>\n<p>Fruits, l\u00e9gumes et fleurs en libre-service<\/p>\n<div>Le verger est ouvert aux jeunes et aux moins jeunes qui r\u00e9coltent directement sur les plantes des fruits et des l\u00e9gumes m\u00fbrs au plus haut niveau de qualit\u00e9 organoleptique et de contenu nutritionnel.<\/div>\n<p><a href=\"\/fr\/kaiser\/lautoraccolta\/\">Visiter l'\u00e9v\u00e9nement<\/a><\/p>\n<\/li>\n<li>\n<p>        <img decoding=\"async\" src=\"\/kaiser\/wp-content\/uploads\/2025\/11\/KaiserFarmHouse-Autoraccolta-4.jpg\" alt=\"\"><\/p>\n<h3>Saisissez votre tulipe<\/h3>\n<p>La magie des tulipes se pr\u00e9pare : un champ o\u00f9 l'on peut se promener et cueillir, en respirant l'air frais et parfum\u00e9 de la campagne<\/p>\n<div>Au printemps, le domaine se transforme en une palette color\u00e9e de tulipes : Kaiser Farm ouvre ses portes \u00e0 l'autoculture de ces merveilleuses fleurs cultiv\u00e9es avec soin et passion en plein champ, avec un large \u00e9ventail de vari\u00e9t\u00e9s anciennes.<\/div>\n<p><a href=\"\/fr\/kaiser\/cueillez-votre-tulipe\/\">Visiter l'\u00e9v\u00e9nement<\/a><\/p>\n<\/li>\n<li>\n<p>        <img decoding=\"async\" src=\"\/kaiser\/wp-content\/uploads\/2025\/11\/KaiserFarmHouse-Eventi-Caccia-Uova-Pasqua-1.jpg\" alt=\"\"><\/p>\n<h3>Chasse aux \u0153ufs de P\u00e2ques<\/h3>\n<p>Une tradition centenaire<\/p>\n<div>La veille, les \u0153ufs d\u00e9cor\u00e9s et color\u00e9s sont soigneusement cach\u00e9s dans la prairie et le lendemain matin, les enfants, munis de paniers, s'amusent \u00e0 les chercher, cr\u00e9ant ainsi une exp\u00e9rience engageante et joyeuse pour tous.\n<\/div>\n<p><a href=\"\/fr\/kaiser\/chasse-aux-oeufs-de-paques\/\">Visiter l'\u00e9v\u00e9nement<\/a><\/p>\n<\/li>\n<\/ul>\n<p><!--more--><br \/>\n<!-- {\"type\":\"layout\",\"children\":[{\"type\":\"section\",\"props\":{\"image_position\":\"center-center\",\"style\":\"default\",\"title_breakpoint\":\"xl\",\"title_position\":\"top-left\",\"title_rotation\":\"left\",\"vertical_align\":\"middle\",\"width\":\"xlarge\"},\"children\":[{\"type\":\"row\",\"props\":{\"width\":\"xlarge\"},\"children\":[{\"type\":\"column\",\"props\":{\"image_position\":\"center-center\",\"position_sticky_breakpoint\":\"m\"},\"children\":[{\"type\":\"headline\",\"props\":{\"content\":\"I nostri eventi\",\"text_align\":\"center\",\"title_element\":\"h1\",\"title_style\":\"heading-small\"}},{\"type\":\"headline\",\"props\":{\"content\":\"Lasciati guidare dal ritmo delle stagioni.\",\"margin_remove_top\":true,\"text_align\":\"center\",\"title_color\":\"success\",\"title_element\":\"h1\",\"title_font_family\":\"tertiary\",\"title_style\":\"h2\"}},{\"type\":\"divider\",\"props\":{\"divider_element\":\"hr\"}},{\"type\":\"text\",\"props\":{\"block_align\":\"center\",\"column_breakpoint\":\"m\",\"content\":\"\n\n<p>Nella cornice autentica dei Colli di Bergamo Alta, ogni periodo dell\\u2019anno porta con s\\u00e9 un appuntamento speciale: momenti semplici, genuini, da vivere all\\u2019aria aperta e a contatto con la natura. Dalle castagne appena raccolte ai tulipani che tornano a fiorire, ogni esperienza \\u00e8 pensata per far riscoprire il piacere delle tradizioni, dei profumi di campagna e dei piccoli gesti che scaldano il cuore.<\\\/p>\\n\n\n<p>A Kaiser Farmhouse ti aspettano giornate dedicate alla castagnata, all\\u2019autoricraccolta, al magico cogli il tuo tulipano e alla gioiosa caccia alle uova di Pasqua: eventi stagionali, curati nei dettagli, da condividere con chi ami.<\\\/p>\",\"margin\":\"default\",\"maxwidth\":\"2xlarge\",\"text_align\":\"center\",\"text_style\":\"large\"}},{\"type\":\"divider\",\"props\":{\"divider_element\":\"hr\"}},{\"type\":\"grid\",\"props\":{\"container_padding_remove\":true,\"content_column_breakpoint\":\"m\",\"content_style\":\"text-large\",\"filter_align\":\"left\",\"filter_all\":true,\"filter_grid_breakpoint\":\"m\",\"filter_grid_width\":\"auto\",\"filter_position\":\"top\",\"filter_style\":\"tab\",\"grid_column_gap\":\"small\",\"grid_default\":\"1\",\"grid_medium\":\"4\",\"grid_parallax_justify\":true,\"icon_width\":80,\"image_align\":\"top\",\"image_grid_breakpoint\":\"m\",\"image_grid_width\":\"1-2\",\"image_svg_color\":\"emphasis\",\"item_animation\":true,\"lightbox_bg_close\":true,\"link_fullwidth\":false,\"link_style\":\"secondary\",\"link_text\":\"Scopri di pi\\u00fa\",\"margin\":\"default\",\"meta_align\":\"below-title\",\"meta_color\":\"success\",\"meta_element\":\"div\",\"meta_margin\":\"small\",\"meta_style\":\"\",\"panel_expand\":\"content\",\"panel_image_no_padding\":true,\"panel_link\":true,\"panel_padding\":\"small\",\"panel_style\":\"card-default\",\"show_content\":true,\"show_hover_image\":true,\"show_hover_video\":true,\"show_image\":true,\"show_link\":true,\"show_meta\":true,\"show_title\":true,\"show_video\":true,\"title_align\":\"top\",\"title_decoration\":\"divider\",\"title_element\":\"h3\",\"title_font_family\":\"tertiary\",\"title_grid_breakpoint\":\"m\",\"title_grid_width\":\"1-2\",\"title_hover_style\":\"reset\",\"title_style\":\"h3\"},\"children\":[{\"type\":\"grid_item\",\"props\":{\"content\":\"Ogni weekend di ottobre e novembre, si svolgeranno eventi gastronomici esclusivi dedicati ai sapori autunnali.\",\"image\":\"wp-content\\\/uploads\\\/2025\\\/11\\\/KaiserFarmHouse-Castagnata-8.jpg\",\"link\":\"la-castagnata\\\/\",\"link_text\":\"Visita l'evento\",\"meta\":\"Protagonista la castagna. una giornata alla scoperta delle tradizioni locali\",\"title\":\"La castagnata\"}},{\"type\":\"grid_item\",\"props\":{\"content\":\"Il frutteto viene aperto a grandi e piccoli che raccolgono da s\\u00e9 direttamente dalle piante frutta e verdura matura al grado pi\\u00f9 alto di qualit\\u00e0 organolettiche e contenuti nutrizionali.\",\"image\":\"wp-content\\\/uploads\\\/2025\\\/11\\\/KaiserFarmHouse-Autoraccolta-3.jpg\",\"link\":\"lautoraccolta\\\/\",\"link_text\":\"Visita l'evento\",\"meta\":\"Frutta, verdura e fiori self service\",\"title\":\"L'autoraccolta\"}},{\"type\":\"grid_item\",\"props\":{\"content\":\"In primavera i terreni si trasformano in una tavolozza colorata di tulipani: Kaiser Farm apre le porte all\\u2019autoraccolta di queste meravigliose fioriture coltivate con cura e passione in campo aperto, vantando una vasta gamma di variet\\u00e0 antiche.\",\"image\":\"wp-content\\\/uploads\\\/2025\\\/11\\\/KaiserFarmHouse-Autoraccolta-4.jpg\",\"link\":\"cogli-il-tuo-tulipano\\\/\",\"link_text\":\"Visita l'evento\",\"meta\":\"Si prepara la magia dei tulipani: un campo dove potrai passeggiare e raccogliere, respirando l\\u2019aria fresca e profumata della campagna\",\"title\":\"Cogli il tuo tulipano\"}},{\"type\":\"grid_item\",\"props\":{\"content\":\"La sera prima, le uova decorate e coloratissime vengono nascoste con cura nel prato ed al mattino successivo i bambini, muniti di cestini, si divertono a cercarle, creando un\\u2019esperienza coinvolgente e gioiosa per tutti.\\n\",\"image\":\"wp-content\\\/uploads\\\/2025\\\/11\\\/KaiserFarmHouse-Eventi-Caccia-Uova-Pasqua-1.jpg\",\"link\":\"caccia-alla-uova-di-pasqua\\\/\",\"link_text\":\"Visita l'evento\",\"meta\":\"Una tradizione centenaria\",\"title\":\"Caccia alle uova di Pasqua\"}}]}]}]}]}],\"version\":\"4.5.32\"} --><\/p>","protected":false},"excerpt":{"rendered":"<p>I nostri eventi Lasciati guidare dal ritmo delle stagioni. Nella cornice autentica dei Colli di Bergamo Alta, ogni periodo dell\u2019anno porta con s\u00e9 un appuntamento speciale: momenti semplici, genuini, da vivere all\u2019aria aperta e a contatto con la natura. Dalle castagne appena raccolte ai tulipani che tornano a fiorire, ogni esperienza \u00e8 pensata per far [&hellip;]<\/p>","protected":false},"author":1,"featured_media":0,"parent":0,"menu_order":0,"comment_status":"closed","ping_status":"closed","template":"","meta":{"_acf_changed":false,"footnotes":""},"class_list":["post-788","page","type-page","status-publish","hentry"],"acf":[],"_links":{"self":[{"href":"https:\/\/staging.kaiserfarmhouse.com\/fr\/wp-json\/wp\/v2\/pages\/788","targetHints":{"allow":["GET"]}}],"collection":[{"href":"https:\/\/staging.kaiserfarmhouse.com\/fr\/wp-json\/wp\/v2\/pages"}],"about":[{"href":"https:\/\/staging.kaiserfarmhouse.com\/fr\/wp-json\/wp\/v2\/types\/page"}],"author":[{"embeddable":true,"href":"https:\/\/staging.kaiserfarmhouse.com\/fr\/wp-json\/wp\/v2\/users\/1"}],"replies":[{"embeddable":true,"href":"https:\/\/staging.kaiserfarmhouse.com\/fr\/wp-json\/wp\/v2\/comments?post=788"}],"version-history":[{"count":23,"href":"https:\/\/staging.kaiserfarmhouse.com\/fr\/wp-json\/wp\/v2\/pages\/788\/revisions"}],"predecessor-version":[{"id":1126,"href":"https:\/\/staging.kaiserfarmhouse.com\/fr\/wp-json\/wp\/v2\/pages\/788\/revisions\/1126"}],"wp:attachment":[{"href":"https:\/\/staging.kaiserfarmhouse.com\/fr\/wp-json\/wp\/v2\/media?parent=788"}],"curies":[{"name":"wp","href":"https:\/\/api.w.org\/{rel}","templated":true}]}}