{"id":150,"date":"2025-11-11T17:54:51","date_gmt":"2025-11-11T17:54:51","guid":{"rendered":"https:\/\/youseeme.plus\/kaiser\/?page_id=150"},"modified":"2025-11-20T16:05:58","modified_gmt":"2025-11-20T16:05:58","slug":"la-durabilite","status":"publish","type":"page","link":"https:\/\/staging.kaiserfarmhouse.com\/fr\/la-durabilite\/","title":{"rendered":"Durabilit\u00e9"},"content":{"rendered":"<p><img decoding=\"async\" src=\"\/wp-content\/uploads\/2025\/11\/KaiserKuche-Ambiente-ed-eco-sostenibilita.jpg\" alt=\"\"><\/p>\n<div>\n<p><strong>NOTRE PHILOSOPHIE VERTE<\/strong><\/p>\n<\/div>\n<h1>Respect de l'\u00e9quilibre environnemental<\/h1>\n<div>\n<p dir=\"ltr\"><span><span class=\"font\"><span class=\"size\">Notre souci de durabilit\u00e9 trouve son origine dans la terre : son \u00e9quilibre, sa d\u00e9licatesse, sa capacit\u00e9 \u00e0 se r\u00e9g\u00e9n\u00e9rer. C'est pourquoi nous adoptons une agriculture naturelle qui prot\u00e8ge les sols, les paysages et la biodiversit\u00e9, en \u00e9vitant les pesticides et les engrais chimiques et en privil\u00e9giant des m\u00e9thodes qui respectent les rythmes de la nature.<\/span><\/span><\/span><\/p>\n<p dir=\"ltr\"><span><span class=\"font\"><span class=\"size\">Nos cultures sont r\u00e9alis\u00e9es avec un soin quotidien, en respectant les rythmes naturels de la terre et en choisissant des vari\u00e9t\u00e9s qui se d\u00e9veloppent bien sur notre territoire. Cela nous permet d'obtenir des fruits et l\u00e9gumes \u00e9quilibr\u00e9s, riches en saveurs et cultiv\u00e9s sans for\u00e7age.<\/span><\/span><\/span><\/p>\n<p dir=\"ltr\"><span><span class=\"font\"><span class=\"size\">Pour l'irrigation, nous utilisons uniquement l'eau de source de notre domaine, une ressource pure qui nous permet de pr\u00e9server l'\u00e9quilibre naturel de l'eau et de r\u00e9duire l'utilisation des conduites d'eau urbaines.<\/span><\/span><\/span><\/p>\n<\/div>\n<div>\n<h3 dir=\"ltr\"><em><b><span class=\"font\"><span class=\"size\">Transformation consciente<\/span><\/span><\/b><\/em><\/h3>\n<p dir=\"ltr\"><span><span class=\"font\"><span class=\"size\">La durabilit\u00e9 s'applique \u00e9galement \u00e0 la phase de transformation : les fruits et l\u00e9gumes sont transform\u00e9s dans les heures qui suivent leur r\u00e9colte, selon des recettes qui pr\u00e9servent l'authenticit\u00e9 et le go\u00fbt, combin\u00e9es \u00e0 des techniques modernes qui garantissent la s\u00e9curit\u00e9, la qualit\u00e9 et la valeur nutritionnelle.<\/span><\/span><\/span><\/p>\n<p dir=\"ltr\"><span><span class=\"font\"><span class=\"size\">Nous ne travaillons qu'avec des op\u00e9rateurs qui partagent nos normes et notre souci de la mati\u00e8re premi\u00e8re.<\/span><\/span><\/span><\/p>\n<h3 dir=\"ltr\"><em><b><span class=\"font\"><span class=\"size\">Emballage responsable<\/span><\/span><\/b><\/em><\/h3>\n<p dir=\"ltr\"><span><span class=\"font\"><span class=\"size\">Conscients de l'impact que peut avoir l'emballage, nous n'utilisons que des mat\u00e9riaux facilement recyclables, ce qui favorise une gestion responsable des d\u00e9chets et minimise l'empreinte \u00e9cologique.<\/span><\/span><\/span><\/p>\n<h3 dir=\"ltr\"><em><b><span class=\"font\"><span class=\"size\">Un cycle vertueux<\/span><\/span><\/b><\/em><\/h3>\n<p dir=\"ltr\"><span><span class=\"font\"><span class=\"size\">Chaque choix que nous faisons, du soin des cultures \u00e0 la transformation en laboratoire, de l'emballage \u00e0 la gestion des ressources, d\u00e9coule de la volont\u00e9 de prot\u00e9ger la terre et de transformer ce qu'elle nous donne en produits authentiques et respectueux de l'environnement.<\/span><\/span><\/span><\/p>\n<p dir=\"ltr\"><span><span class=\"font\"><span class=\"size\">Un engagement permanent que nous souhaitons partager avec ceux qui choisissent Kaiser Farmhouse, pour qu'ils fassent partie de notre fa\u00e7on de vivre la nature.<\/span><\/span><\/span><\/p>\n<\/div>\n<hr>\n<ul>\n<li>\n<p>\n        <a href=\"\/fr\/cultures\/\">Cultures<\/a>\n    <\/p>\n<\/li>\n<li>\n<p>\n        <a href=\"\/fr\/chevaux\/\">Les chevaux<\/a>\n    <\/p>\n<\/li>\n<li>\n<p>\n        <a href=\"\/fr\/abeilles\/\">Abeilles<\/a>\n    <\/p>\n<\/li>\n<\/ul>\n<p><!--more--><br \/>\n<!-- {\"type\":\"layout\",\"children\":[{\"type\":\"section\",\"props\":{\"id\":\"scopri\",\"image_position\":\"center-center\",\"padding\":\"small\",\"style\":\"default\",\"title_breakpoint\":\"xl\",\"title_position\":\"top-left\",\"title_rotation\":\"left\",\"vertical_align\":\"middle\",\"width\":\"default\"},\"children\":[{\"type\":\"row\",\"children\":[{\"type\":\"column\",\"props\":{\"image_position\":\"center-center\",\"position_sticky_breakpoint\":\"m\"},\"children\":[{\"type\":\"image\",\"props\":{\"image\":\"wp-content\\\/uploads\\\/2025\\\/11\\\/KaiserKuche-Ambiente-ed-eco-sostenibilita.jpg\",\"image_border\":\"rounded\",\"image_box_shadow\":\"large\",\"image_svg_color\":\"emphasis\",\"margin\":\"default\",\"text_align\":\"left\"}}]}]},{\"type\":\"row\",\"children\":[{\"type\":\"column\",\"props\":{\"image_position\":\"center-center\",\"position_sticky_breakpoint\":\"m\"},\"children\":[{\"type\":\"text\",\"props\":{\"column_breakpoint\":\"m\",\"content\":\"\n\n<p><strong>LA NOSTRA FILOSOFIA GREEN<\\\/strong><\\\/p>\",\"margin\":\"default\",\"text_align\":\"center\",\"text_color\":\"success\",\"text_style\":\"small\"}},{\"type\":\"headline\",\"props\":{\"content\":\"Il rispetto dell'equilibrio ambientale\",\"margin_remove_top\":true,\"text_align\":\"center\",\"title_element\":\"h1\",\"title_font_family\":\"tertiary\",\"title_style\":\"h1\"}},{\"type\":\"text\",\"props\":{\"column_breakpoint\":\"m\",\"content\":\"\n\n<p dir=\\\"ltr\\\"><span><span class=\\\"font\\\"><span class=\\\"size\\\">La nostra attenzione alla sostenibilit\\u00e0 nasce dalla terra: dai suoi equilibri, dalla sua delicatezza, dalla sua capacit\\u00e0 di rigenerarsi. Per questo adottiamo un\\u2019agricoltura naturale che tutela il suolo, i paesaggi e la biodiversit\\u00e0, evitando pesticidi e fertilizzanti chimici e privilegiando metodi che rispettano i ritmi della natura.<\\\/span><\\\/span><\\\/span><\\\/p>\\n\n\n<p dir=\\\"ltr\\\"><span><span class=\\\"font\\\"><span class=\\\"size\\\">Le nostre coltivazioni sono seguite con cura quotidiana, nel\\u00a0rispetto dei\\u00a0ritmi naturali della terra e scegliendo variet\\u00e0 che prosperano nel nostro territorio. Questo ci permette di ottenere frutta e verdura equilibrate, ricche di sapore e coltivate senza forzature.<\\\/span><\\\/span><\\\/span><\\\/p>\\n\n\n<p dir=\\\"ltr\\\"><span><span class=\\\"font\\\"><span class=\\\"size\\\">Per l\\u2019irrigazione utilizziamo esclusivamente acqua di sorgiva proveniente dalla nostra tenuta, una risorsa pura che ci consente di preservare l\\u2019equilibrio idrico naturale e di ridurre l\\u2019utilizzo della rete idrica urbana.<\\\/span><\\\/span><\\\/span><\\\/p>\",\"margin\":\"medium\",\"margin_remove_top\":true,\"text_style\":\"large\"}},{\"type\":\"text\",\"props\":{\"column_breakpoint\":\"m\",\"content\":\"\n\n<h3 dir=\\\"ltr\\\"><em><b><span class=\\\"font\\\"><span class=\\\"size\\\">Trasformazione consapevole<\\\/span><\\\/span><\\\/b><\\\/em><\\\/h3>\\n\n\n<p dir=\\\"ltr\\\"><span><span class=\\\"font\\\"><span class=\\\"size\\\">La sostenibilit\\u00e0 accompagna anche la fase di trasformazione: frutta e verdura vengono lavorate entro poche ore dalla raccolta, seguendo ricette che preservano l\\u2019autenticit\\u00e0\\u00a0e il gusto, unite a tecniche moderne che garantiscono sicurezza, qualit\\u00e0 e valore nutrizionale.<\\\/span><\\\/span><\\\/span><\\\/p>\\n\n\n<p dir=\\\"ltr\\\"><span><span class=\\\"font\\\"><span class=\\\"size\\\">Collaboriamo esclusivamente con operatori che condividono i nostri standard e la nostra attenzione verso la materia prima.<\\\/span><\\\/span><\\\/span><\\\/p>\\n\n\n<h3 dir=\\\"ltr\\\"><em><b><span class=\\\"font\\\"><span class=\\\"size\\\">Packaging responsabile<\\\/span><\\\/span><\\\/b><\\\/em><\\\/h3>\\n\n\n<p dir=\\\"ltr\\\"><span><span class=\\\"font\\\"><span class=\\\"size\\\">Siamo consapevoli dell\\u2019impatto che pu\\u00f2 avere il confezionamento e, per questo, utilizziamo soltanto materiali facilmente riciclabili, incoraggiando una gestione responsabile dei rifiuti e riducendo al\\u00a0minimo\\u00a0l\\u2019impronta ambientale.<\\\/span><\\\/span><\\\/span><\\\/p>\\n\n\n<h3 dir=\\\"ltr\\\"><em><b><span class=\\\"font\\\"><span class=\\\"size\\\">Un ciclo virtuoso<\\\/span><\\\/span><\\\/b><\\\/em><\\\/h3>\\n\n\n<p dir=\\\"ltr\\\"><span><span class=\\\"font\\\"><span class=\\\"size\\\">Ogni scelta che compiamo, dalla cura delle coltivazioni alle lavorazioni in laboratorio, dal confezionamento alla gestione delle risorse, nasce dal desiderio di tutelare il territorio e di trasformare ci\\u00f2 che la terra ci offre in prodotti autentici e rispettosi dell\\u2019ambiente.<\\\/span><\\\/span><\\\/span><\\\/p>\\n\n\n<p dir=\\\"ltr\\\"><span><span class=\\\"font\\\"><span class=\\\"size\\\">Un impegno continuo che desideriamo condividere con chi sceglie Kaiser Farmhouse, entrando a far parte del nostro modo di vivere la natura.<\\\/span><\\\/span><\\\/span><\\\/p>\",\"margin\":\"medium\",\"margin_remove_top\":true,\"text_style\":\"large\"}}]}]},{\"type\":\"row\",\"children\":[{\"type\":\"column\",\"props\":{\"image_position\":\"center-center\",\"position_sticky_breakpoint\":\"m\"},\"children\":[{\"type\":\"divider\",\"props\":{\"divider_element\":\"hr\"}},{\"type\":\"button\",\"props\":{\"blend\":false,\"grid_column_gap\":\"medium\",\"grid_row_gap\":\"small\",\"margin\":\"default\",\"text_align\":\"center\"},\"children\":[{\"type\":\"button_item\",\"props\":{\"button_style\":\"secondary\",\"content\":\"Le coltivazioni\",\"dialog_layout\":\"modal\",\"dialog_offcanvas_flip\":true,\"icon_align\":\"left\",\"link\":\"le-coltivazioni\\\/\"}},{\"type\":\"button_item\",\"props\":{\"button_style\":\"secondary\",\"content\":\"I Cavalli\",\"dialog_layout\":\"modal\",\"dialog_offcanvas_flip\":true,\"icon_align\":\"left\",\"link\":\"i-cavalli\\\/\"}},{\"type\":\"button_item\",\"props\":{\"button_style\":\"secondary\",\"content\":\"Le api\",\"dialog_layout\":\"modal\",\"dialog_offcanvas_flip\":true,\"icon_align\":\"left\",\"link\":\"le-api\\\/\"}}]}]}]},{\"type\":\"row\",\"props\":{\"column_gap\":\"small\",\"layout\":\"1-3,1-3,1-3\",\"margin\":\"medium\",\"row_gap\":\"small\",\"status\":\"disabled\"},\"children\":[{\"type\":\"column\",\"props\":{\"image_position\":\"center-center\",\"position_sticky_breakpoint\":\"m\",\"width_medium\":\"1-3\"},\"children\":[{\"type\":\"image\",\"props\":{\"image\":\"wp-content\\\/uploads\\\/2025\\\/11\\\/KaiserKuche-Ambiente-2.jpg\",\"image_border\":\"rounded\",\"image_box_shadow\":\"large\",\"image_svg_color\":\"emphasis\",\"margin\":\"default\"}}]},{\"type\":\"column\",\"props\":{\"image_position\":\"center-center\",\"position_sticky_breakpoint\":\"m\",\"width_medium\":\"1-3\"},\"children\":[{\"type\":\"image\",\"props\":{\"image\":\"wp-content\\\/uploads\\\/2025\\\/11\\\/KaiserKuche-Ambiente-3.jpg\",\"image_border\":\"rounded\",\"image_box_shadow\":\"large\",\"image_svg_color\":\"emphasis\",\"margin\":\"default\"}}]},{\"type\":\"column\",\"props\":{\"image_position\":\"center-center\",\"position_sticky_breakpoint\":\"m\",\"width_medium\":\"1-3\"},\"children\":[{\"type\":\"image\",\"props\":{\"image\":\"wp-content\\\/uploads\\\/2025\\\/11\\\/KaiserKuche-Ambiente-4.jpg\",\"image_border\":\"rounded\",\"image_box_shadow\":\"large\",\"image_svg_color\":\"emphasis\",\"margin\":\"default\"}}]}]},{\"type\":\"row\",\"children\":[{\"type\":\"column\",\"props\":{\"image_position\":\"center-center\",\"position_sticky_breakpoint\":\"m\"},\"children\":[{\"type\":\"text\",\"props\":{\"column_breakpoint\":\"m\",\"content\":\"\n\n<p><strong>NUOVA VITA AI BARATTOLI<\\\/strong><\\\/p>\",\"margin\":\"default\",\"text_align\":\"center\",\"text_color\":\"success\",\"text_style\":\"small\"}},{\"type\":\"headline\",\"props\":{\"content\":\"Come riutilizzare i barattoli di vetro vuoti\",\"margin_remove_top\":true,\"text_align\":\"center\",\"title_element\":\"h1\",\"title_font_family\":\"tertiary\",\"title_style\":\"h1\"}},{\"type\":\"text\",\"props\":{\"column_breakpoint\":\"m\",\"content\":\"\n\n<p>Abbiamo scelto il vetro perch\\u00e9 garantisce una conservazione impeccabile dei prodotti e, allo stesso tempo, permette di dare nuova vita ai contenitori una volta terminato il loro uso. \\u00c8 un materiale naturale, sostenibile e riciclabile all\\u2019infinito, che riduce l\\u2019impatto ambientale e limita il ricorso alla plastica.<\\\/p>\\n\n\n<p>Il vetro assicura sicurezza alimentare, non altera sapori e profumi, appartiene a pieno titolo all\\u2019economia circolare e, una volta rimossa l\\u2019etichetta, diventa un prezioso alleato in cucina e in casa.<\\\/p>\",\"margin\":\"default\",\"text_style\":\"large\"}},{\"type\":\"list\",\"props\":{\"column_breakpoint\":\"m\",\"content_style\":\"text-bold\",\"icon\":\"triangle-right\",\"image_align\":\"left\",\"image_svg_color\":\"emphasis\",\"image_vertical_align\":true,\"list_element\":\"ul\",\"list_horizontal_separator\":\", \",\"list_marker_color\":\"emphasis\",\"list_size\":\"large\",\"list_type\":\"vertical\",\"show_image\":true,\"show_link\":true},\"children\":[{\"type\":\"list_item\",\"props\":{\"content\":\"Per conservare avanzi e preparazioni in frigorifero\"}},{\"type\":\"list_item\",\"props\":{\"content\":\"Per congelare alimenti in freezer\"}},{\"type\":\"list_item\",\"props\":{\"content\":\"Per custodire insalate, macedonie o snack\"}},{\"type\":\"list_item\",\"props\":{\"content\":\"Come contenitore per il pranzo fuori casa\"}},{\"type\":\"list_item\",\"props\":{\"content\":\"Per organizzare alimenti secchi in dispensa\"}},{\"type\":\"list_item\",\"props\":{\"content\":\"Per preparare dolci in barattolo\"}},{\"type\":\"list_item\",\"props\":{\"content\":\"Per la fermentazione di alimenti fatti in casa\"}},{\"type\":\"list_item\",\"props\":{\"content\":\"Per custodire piccoli oggetti o spezie\"}},{\"type\":\"list_item\",\"props\":{\"content\":\"Per tisane, t\\u00e8 e infusioni\"}},{\"type\":\"list_item\",\"props\":{\"content\":\"Come vasetti per piccole piante o talee ornamentali\"}}]}]}],\"props\":{\"status\":\"disabled\",\"width\":\"large\"}}],\"name\":\"Ambiente ed eco sostenibilit\\u00e0\"}],\"version\":\"4.5.32\"} --><\/p>","protected":false},"excerpt":{"rendered":"<p>LA NOSTRA FILOSOFIA GREEN Il rispetto dell&#8217;equilibrio ambientale La nostra attenzione alla sostenibilit\u00e0 nasce dalla terra: dai suoi equilibri, dalla sua delicatezza, dalla sua capacit\u00e0 di rigenerarsi. Per questo adottiamo un\u2019agricoltura naturale che tutela il suolo, i paesaggi e la biodiversit\u00e0, evitando pesticidi e fertilizzanti chimici e privilegiando metodi che rispettano i ritmi della natura. [&hellip;]<\/p>","protected":false},"author":1,"featured_media":0,"parent":0,"menu_order":0,"comment_status":"closed","ping_status":"closed","template":"","meta":{"_acf_changed":false,"footnotes":""},"class_list":["post-150","page","type-page","status-publish","hentry"],"acf":[],"_links":{"self":[{"href":"https:\/\/staging.kaiserfarmhouse.com\/fr\/wp-json\/wp\/v2\/pages\/150","targetHints":{"allow":["GET"]}}],"collection":[{"href":"https:\/\/staging.kaiserfarmhouse.com\/fr\/wp-json\/wp\/v2\/pages"}],"about":[{"href":"https:\/\/staging.kaiserfarmhouse.com\/fr\/wp-json\/wp\/v2\/types\/page"}],"author":[{"embeddable":true,"href":"https:\/\/staging.kaiserfarmhouse.com\/fr\/wp-json\/wp\/v2\/users\/1"}],"replies":[{"embeddable":true,"href":"https:\/\/staging.kaiserfarmhouse.com\/fr\/wp-json\/wp\/v2\/comments?post=150"}],"version-history":[{"count":45,"href":"https:\/\/staging.kaiserfarmhouse.com\/fr\/wp-json\/wp\/v2\/pages\/150\/revisions"}],"predecessor-version":[{"id":1318,"href":"https:\/\/staging.kaiserfarmhouse.com\/fr\/wp-json\/wp\/v2\/pages\/150\/revisions\/1318"}],"wp:attachment":[{"href":"https:\/\/staging.kaiserfarmhouse.com\/fr\/wp-json\/wp\/v2\/media?parent=150"}],"curies":[{"name":"wp","href":"https:\/\/api.w.org\/{rel}","templated":true}]}}