{"id":144,"date":"2025-11-11T17:54:09","date_gmt":"2025-11-11T17:54:09","guid":{"rendered":"https:\/\/youseeme.plus\/kaiser\/?page_id=144"},"modified":"2025-11-21T11:07:49","modified_gmt":"2025-11-21T11:07:49","slug":"qui-nous-sommes","status":"publish","type":"page","link":"https:\/\/staging.kaiserfarmhouse.com\/fr\/qui-nous-sommes\/","title":{"rendered":"\u00c0 propos de nous"},"content":{"rendered":"<h1>L'alimentation, un pont entre les peuples et les cultures<\/h1>\n<h1>Un choix n\u00e9cessaire<\/h1>\n<div>Gr\u00e2ce \u00e0 mon travail, j'esp\u00e8re \u00e9duquer les gens \u00e0 une approche plus consciente et plus responsable de l'alimentation, pour un meilleur avenir pour tous.<\/div>\n<h1>Pourquoi nous ?<\/h1>\n<div>Notre philosophie repose sur la conviction qu'une alimentation saine et de qualit\u00e9 est une source importante de bien-\u00eatre pour le corps et l'esprit.<\/div>\n<p><p>\n        <a href=\"#scopri\">D\u00c9COUVRIR PLUS<\/a>\n    <\/p>\n<\/p>\n<p><img decoding=\"async\" src=\"\/wp-content\/uploads\/2025\/11\/Massimiliano-Kaiser-Pollenzo.jpg\" alt=\"\"><\/p>\n<h1>Dr. MASSIMILIANO HERBERT KAISER<\/h1>\n<div>\n<p>Fondateur et PDG<\/p>\n<\/div>\n<h1>\n<p><span>Un cursus complet dans le domaine de l'alimentation<\/span><\/p>\n<\/h1>\n<div>\n<p>Mon parcours d\u00e9coule d'un lien profond avec la terre, ses rythmes et ce sentiment d'authenticit\u00e9 que je respire depuis mon enfance.<\/p>\n<p>Pour explorer cette vision, j'ai suivi une formation \u00e0 l'Universit\u00e9 des sciences gastronomiques de Pollenzo, fond\u00e9e par Carlo Petrini, le cr\u00e9ateur du mouvement Slow Food, et install\u00e9e dans un ch\u00e2teau savoyard reconnu par l'UNESCO : un lieu o\u00f9 l'agriculture, la culture gastronomique et la durabilit\u00e9 coexistent en harmonie.<\/p>\n<p>J'ai obtenu mon dipl\u00f4me en 2022, au terme d'une exp\u00e9rience passionnante qui a consolid\u00e9 ma compr\u00e9hension de l'alimentation en tant que valeur agricole, culturelle et humaine.<\/p>\n<p>Aujourd'hui, je dirige Kaiser Farmhouse avec l'intention de pr\u00e9server et d'am\u00e9liorer ce patrimoine : une ferme contemporaine o\u00f9 la nature, l'artisanat et l'hospitalit\u00e9 s'entrem\u00ealent pour offrir une exp\u00e9rience authentique et harmonieuse.<\/p>\n<\/div>\n<h1>L'alimentation, une nourriture pour le corps et l'esprit<\/h1>\n<div>\n<p>Je crois profond\u00e9ment \u00e0 la valeur du choix d'aliments de haute qualit\u00e9, produits de mani\u00e8re \u00e9thique et durable, dans le respect de la nature et du bien-\u00eatre des animaux. Pour moi, la nourriture est un pont entre les gens et les cultures : un langage universel capable d'unir, de raconter et de mieux faire comprendre le monde qui nous entoure.<\/p>\n<p>Je suis fascin\u00e9e par l'histoire et l'\u00e9volution des plats traditionnels, les techniques artisanales, l'utilisation d'ingr\u00e9dients locaux et saisonniers, les \u00e9l\u00e9ments qui pr\u00e9servent l'identit\u00e9, le territoire et la m\u00e9moire.<\/p>\n<p>Ma formation en sciences gastronomiques m'a permis d'en apprendre davantage sur les propri\u00e9t\u00e9s nutritionnelles des aliments et sur les meilleures pratiques pour les produire, les transformer et les conserver de mani\u00e8re consciente. D'o\u00f9 ma d\u00e9cision de consacrer ma carri\u00e8re \u00e0 la promotion d'une agriculture durable et d'une cha\u00eene d'approvisionnement courte : un engagement pour un avenir plus juste, respectueux de la plan\u00e8te et capable de g\u00e9n\u00e9rer du bien-\u00eatre individuel et collectif.<\/p>\n<\/div>\n<p><img decoding=\"async\" src=\"\/wp-content\/uploads\/2025\/11\/KaiserKuche-Chi-Siamo.jpg\" alt=\"\"><\/p>\n<hr>\n<div>\n<p><strong>NOTRE PHILOSOPHIE<\/strong><\/p>\n<\/div>\n<h1>Parce que nous<\/h1>\n<div>\n<p>Notre philosophie repose sur la conviction qu'une alimentation saine, authentique et de qualit\u00e9 est une v\u00e9ritable source de bien-\u00eatre pour le corps et l'esprit. <br \/>Choisir nos produits, c'est soutenir une production agricole naturelle qui respecte la terre et favorise un mode de vie plus sain et plus conscient.<\/p>\n<p>Nous nous effor\u00e7ons de maintenir une cha\u00eene d'approvisionnement courte, en ne transformant que des fruits et l\u00e9gumes frais de saison, r\u00e9colt\u00e9s au moment id\u00e9al de maturit\u00e9 et transform\u00e9s dans les heures qui suivent. Nos recettes sont ancr\u00e9es dans la tradition, tandis que l'utilisation de techniques et d'\u00e9quipements modernes nous permet de pr\u00e9server l'authenticit\u00e9 des saveurs, la valeur nutritionnelle et les normes de qualit\u00e9 \u00e9lev\u00e9es.<\/p>\n<p>Les mati\u00e8res premi\u00e8res proviennent de cultures pratiqu\u00e9es selon des m\u00e9thodes naturelles et de sols que nous entretenons personnellement chaque jour. Chaque \u00e9tape de la production fait l'objet d'un soin artisanal : de la s\u00e9lection minutieuse des fruits et l\u00e9gumes \u00e0 la transformation manuelle et \u00e0 la cuisson lente \u00e0 basse temp\u00e9rature, toujours sans sucre ajout\u00e9, sans conservateur et sans colorant.<\/p>\n<p>Le r\u00e9sultat est une ligne de produits authentiques qui parlent de notre terre, de notre travail quotidien et de la recherche constante de la qualit\u00e9.<\/p>\n<\/div>\n<p><img decoding=\"async\" src=\"\/wp-content\/uploads\/2025\/11\/kaiser-kuche-about-us-Perche-noi.jpeg\" alt=\"\"><\/p>\n<p><!--more--><br \/>\n<!-- {\"type\":\"layout\",\"children\":[{\"type\":\"section\",\"props\":{\"image_position\":\"center-center\",\"status\":\"disabled\",\"style\":\"default\",\"title_breakpoint\":\"xl\",\"title_position\":\"top-left\",\"title_rotation\":\"left\",\"vertical_align\":\"middle\",\"width\":\"default\"},\"children\":[{\"type\":\"row\",\"props\":{\"layout\":\"1-2,1-2\"},\"children\":[{\"type\":\"column\",\"props\":{\"image_position\":\"center-center\",\"position_sticky_breakpoint\":\"m\",\"width_medium\":\"1-2\"},\"children\":[{\"type\":\"image\",\"props\":{\"height_expand\":false,\"image\":\"wp-content\\\/uploads\\\/2025\\\/11\\\/kaiser-kuche-products.jpg\",\"image_border\":\"rounded\",\"image_box_shadow\":\"large\",\"image_loading\":true,\"image_svg_color\":\"emphasis\",\"margin\":\"default\"}}]},{\"type\":\"column\",\"props\":{\"image_position\":\"center-center\",\"position_sticky_breakpoint\":\"m\",\"width_medium\":\"1-2\"},\"children\":[{\"type\":\"headline\",\"props\":{\"content\":\"Chi siamo\",\"margin_remove_top\":true,\"title_element\":\"h1\",\"title_font_family\":\"tertiary\",\"title_style\":\"h1\"}},{\"type\":\"text\",\"props\":{\"column_breakpoint\":\"m\",\"content\":\"\n\n<p>Kaiser Farmhouse nasce dal desiderio di unire sapori autentici, natura e accoglienza.<br \\\/>Siamo un\\u2019azienda agricola con agriturismo situata in una dimora seicentesca, immersa in un parco di tre ettari tra alberi secolari, orti, frutteto, apiario e i paddock dei nostri cavalli.<br \\\/>Coltiviamo, trasformiamo e selezioniamo materie prime freschissime, lavorandole con cura artigianale.<br \\\/>Dalle composte di frutta alle verdure in vaso, dal miele all\\u2019olio, ogni prodotto racconta una storia di qualit\\u00e0, sostenibilit\\u00e0 e passione.<\\\/p>\",\"margin\":\"default\",\"text_style\":\"large\"}}]}]},{\"type\":\"row\",\"props\":{\"layout\":\"1-2,1-2\"},\"children\":[{\"type\":\"column\",\"props\":{\"image_position\":\"center-center\",\"position_sticky_breakpoint\":\"m\",\"width_medium\":\"1-2\"},\"children\":[{\"type\":\"headline\",\"props\":{\"content\":\"Vivere Kaiser Farmhouse\",\"margin_remove_top\":true,\"title_element\":\"h1\",\"title_font_family\":\"tertiary\",\"title_style\":\"h1\"}},{\"type\":\"text\",\"props\":{\"column_breakpoint\":\"m\",\"content\":\"\n\n<p>Oltre ai nostri prodotti artigianali, offriamo un\\u2019esperienza di agriturismo autentica e immersiva, dove gastronomia, natura e ospitalit\\u00e0 si incontrano.<\\\/p>\\n\n\n<p>Colazioni, brunch, merende e aperitivi vengono serviti nella quiete della nostra tenuta: un ambiente unico in cui i sapori genuini incontrano la lentezza della campagna e la filosofia farm-to-table.<\\\/p>\\n\n\n<p>Durante l\\u2019anno proponiamo esperienze rurali ed eventi stagionali che valorizzano il territorio: raccolte in campo, attivit\\u00e0 per famiglie, giornate nel nostro campo di tulipani, castagnate, momenti educativi e percorsi pensati per far vivere davvero la vita di campagna, i suoi cicli naturali e il legame profondo tra terra e cucina.<\\\/p>\\n\n\n<p>Un luogo dove natura, gusto e ospitalit\\u00e0 si uniscono per creare un\\u2019esperienza che racconta la vera essenza di Kaiser Farmhouse.<\\\/p>\",\"margin\":\"default\",\"text_style\":\"large\"}}]},{\"type\":\"column\",\"props\":{\"image_position\":\"center-center\",\"position_sticky_breakpoint\":\"m\",\"vertical_align\":\"middle\",\"width_medium\":\"1-2\"},\"children\":[{\"type\":\"image\",\"props\":{\"image\":\"wp-content\\\/uploads\\\/2025\\\/11\\\/Villa-La-Viscarda-Bergamo-Kaiser-Farmhouse.jpg\",\"image_border\":\"rounded\",\"image_box_shadow\":\"large\",\"image_loading\":true,\"image_svg_color\":\"emphasis\",\"margin\":\"default\"}}]}]}],\"name\":\"Chi Siamo\"},{\"type\":\"section\",\"props\":{\"image_position\":\"center-center\",\"style\":\"muted\",\"title_breakpoint\":\"xl\",\"title_position\":\"top-left\",\"title_rotation\":\"left\",\"vertical_align\":\"middle\",\"width\":\"xlarge\"},\"children\":[{\"type\":\"row\",\"props\":{\"layout\":\"1-3,1-3,1-3\"},\"children\":[{\"type\":\"column\",\"props\":{\"image_position\":\"center-center\",\"position_sticky_breakpoint\":\"m\",\"width_medium\":\"1-3\"},\"children\":[{\"type\":\"headline\",\"props\":{\"content\":\"Il cibo come ponte tra le persone e le culture\",\"title_element\":\"h1\",\"title_font_family\":\"tertiary\"}}]},{\"type\":\"column\",\"props\":{\"image_position\":\"center-center\",\"position_sticky_breakpoint\":\"m\",\"width_medium\":\"1-3\"},\"children\":[{\"type\":\"headline\",\"props\":{\"content\":\"Una scelta necessaria\",\"title_element\":\"h1\",\"title_font_family\":\"tertiary\",\"title_style\":\"h3\"}},{\"type\":\"text\",\"props\":{\"column_breakpoint\":\"m\",\"content\":\"Attraverso il mio lavoro, spero di educare le persone a un approccio pi\\u00f9 consapevole e responsabile al cibo, per un futuro migliore per tutti.\",\"margin\":\"default\",\"text_style\":\"large\"}}]},{\"type\":\"column\",\"props\":{\"image_position\":\"center-center\",\"position_sticky_breakpoint\":\"m\",\"width_medium\":\"1-3\"},\"children\":[{\"type\":\"headline\",\"props\":{\"content\":\"Perch\\u00e9 noi?\",\"title_element\":\"h1\",\"title_font_family\":\"tertiary\",\"title_style\":\"h3\"}},{\"type\":\"text\",\"props\":{\"column_breakpoint\":\"m\",\"content\":\"La nostra filosofia si basa sulla convinzione che il cibo sano e di alta qualit\\u00e0 sia un\\u2019importante fonte di benessere per il corpo e per l\\u2019anima.\",\"margin\":\"default\",\"text_style\":\"large\"}},{\"type\":\"button\",\"props\":{\"grid_column_gap\":\"small\",\"grid_row_gap\":\"small\",\"margin\":\"default\"},\"children\":[{\"type\":\"button_item\",\"props\":{\"button_style\":\"text\",\"content\":\"SCOPRI DI PI\\u00da\",\"dialog_layout\":\"modal\",\"dialog_offcanvas_flip\":true,\"icon_align\":\"left\",\"link\":\"#scopri\"}}]}]}]}],\"name\":\"INTRO\"},{\"type\":\"section\",\"props\":{\"image_position\":\"center-center\",\"padding_remove_bottom\":true,\"style\":\"default\",\"title_breakpoint\":\"xl\",\"title_position\":\"top-left\",\"title_rotation\":\"left\",\"vertical_align\":\"middle\",\"width\":\"default\"},\"children\":[{\"type\":\"row\",\"props\":{\"layout\":\"1-2,1-2\"},\"children\":[{\"type\":\"column\",\"props\":{\"image_position\":\"center-center\",\"position_sticky_breakpoint\":\"m\",\"width_medium\":\"1-2\"},\"children\":[{\"type\":\"image\",\"props\":{\"image\":\"wp-content\\\/uploads\\\/2025\\\/11\\\/Massimiliano-Kaiser-Pollenzo.jpg\",\"image_svg_color\":\"emphasis\",\"margin\":\"default\"}}]},{\"type\":\"column\",\"props\":{\"image_position\":\"center-center\",\"position_sticky_breakpoint\":\"m\",\"width_medium\":\"1-2\"},\"children\":[{\"type\":\"headline\",\"props\":{\"content\":\"Dr. MASSIMILIANO HERBERT KAISER\",\"margin_remove_bottom\":true,\"margin_remove_top\":false,\"title_color\":\"success\",\"title_element\":\"h1\",\"title_font_family\":\"tertiary\",\"title_style\":\"h3\"}},{\"type\":\"text\",\"props\":{\"column_breakpoint\":\"m\",\"content\":\"\n\n<p>Founder &amp; CEO<\\\/p>\",\"margin\":\"default\",\"margin_remove_top\":true,\"text_style\":\"large\"}},{\"type\":\"headline\",\"props\":{\"content\":\"\n\n<p><span>Un corso di Laurea di Food Studies a 360\\u00b0<\\\/span><\\\/p>\",\"margin\":\"default\",\"margin_remove_bottom\":true,\"margin_remove_top\":false,\"title_element\":\"h1\",\"title_style\":\"h3\"}},{\"type\":\"text\",\"props\":{\"column_breakpoint\":\"m\",\"content\":\"\n\n<p>Il mio percorso nasce da un legame profondo con la terra, dai suoi ritmi e da quel senso di autenticit\\u00e0 che ho respirato fin da bambino.<\\\/p>\\n\n\n<p>Per approfondire questa visione mi sono formato all\\u2019Universit\\u00e0 di Scienze Gastronomiche di Pollenzo, fondata da Carlo Petrini, ideatore del movimento Slow Food, e ospitata in un castello sabaudo riconosciuto dall\\u2019UNESCO: un luogo dove agricoltura, cultura gastronomica e sostenibilit\\u00e0 convivono in armonia.<\\\/p>\\n\n\n<p>Mi sono laureato nel 2022, al termine di un\\u2019esperienza entusiasmante che ha consolidato il mio modo di intendere il cibo come valore agricolo, culturale e umano.<\\\/p>\\n\n\n<p>Oggi guido Kaiser Farmhouse con l\\u2019intento di custodire e valorizzare questo patrimonio: un agriturismo contemporaneo in cui natura, artigianalit\\u00e0 e ospitalit\\u00e0 si intrecciano per offrire un\\u2019esperienza autentica e armoniosa.<\\\/p>\",\"margin\":\"default\",\"margin_remove_top\":true,\"text_style\":\"large\"}}]}]}],\"name\":\"MAX\"},{\"type\":\"section\",\"props\":{\"image_position\":\"center-center\",\"style\":\"default\",\"title_breakpoint\":\"xl\",\"title_position\":\"top-left\",\"title_rotation\":\"left\",\"vertical_align\":\"middle\",\"width\":\"default\"},\"children\":[{\"type\":\"row\",\"props\":{\"layout\":\"1-2,1-2\"},\"children\":[{\"type\":\"column\",\"props\":{\"image_position\":\"center-center\",\"position_sticky_breakpoint\":\"m\",\"width_medium\":\"1-2\"},\"children\":[{\"type\":\"headline\",\"props\":{\"content\":\"Il cibo come nutrimento del corpo e dell'anima\",\"margin_remove_top\":true,\"title_element\":\"h1\",\"title_font_family\":\"tertiary\",\"title_style\":\"h1\"}},{\"type\":\"text\",\"props\":{\"column_breakpoint\":\"m\",\"content\":\"\n\n<p>Credo profondamente nel valore di scegliere alimenti di alta qualit\\u00e0, prodotti in modo etico e sostenibile, nel rispetto della natura e del benessere animale. Per me il cibo \\u00e8 un ponte tra persone e culture: un linguaggio universale capace di unire, raccontare e far comprendere meglio il mondo che ci circonda.<\\\/p>\\n\n\n<p>Mi affascinano la storia e l\\u2019evoluzione dei piatti tradizionali, le tecniche artigianali, l\\u2019utilizzo di ingredienti locali e di stagione, elementi che custodiscono identit\\u00e0, territorio e memoria.<\\\/p>\\n\n\n<p>La mia formazione in Scienze Gastronomiche mi ha permesso di approfondire le propriet\\u00e0 nutrizionali degli alimenti e le migliori pratiche per produrli, trasformarli e conservarli in modo consapevole. Da qui nasce la mia scelta di dedicare la mia carriera alla promozione di un\\u2019agricoltura sostenibile e di una filiera corta: un impegno per un futuro pi\\u00f9 equo, rispettoso del pianeta e capace di generare benessere tanto individuale quanto collettivo.<\\\/p>\",\"margin\":\"default\",\"text_style\":\"large\"}}]},{\"type\":\"column\",\"props\":{\"image_position\":\"center-center\",\"position_sticky_breakpoint\":\"m\",\"width_medium\":\"1-2\"},\"children\":[{\"type\":\"image\",\"props\":{\"image\":\"wp-content\\\/uploads\\\/2025\\\/11\\\/KaiserKuche-Chi-Siamo.jpg\",\"image_svg_color\":\"emphasis\",\"margin\":\"default\"}}]}]}],\"name\":\"MISSION\"},{\"type\":\"section\",\"props\":{\"id\":\"scopri\",\"image_position\":\"center-center\",\"style\":\"default\",\"title_breakpoint\":\"xl\",\"title_position\":\"top-left\",\"title_rotation\":\"left\",\"vertical_align\":\"middle\",\"width\":\"default\"},\"children\":[{\"type\":\"row\",\"children\":[{\"type\":\"column\",\"props\":{\"image_position\":\"center-center\",\"position_sticky_breakpoint\":\"m\"},\"children\":[{\"type\":\"divider\",\"props\":{\"divider_element\":\"hr\",\"divider_style\":\"icon\"}},{\"type\":\"text\",\"props\":{\"column_breakpoint\":\"m\",\"content\":\"\n\n<p><strong>LA NOSTRA FILOSOFIA<\\\/strong><\\\/p>\",\"margin\":\"default\",\"text_align\":\"center\",\"text_color\":\"success\",\"text_style\":\"small\"}},{\"type\":\"headline\",\"props\":{\"content\":\"Perch\\u00e9 noi\",\"margin_remove_top\":true,\"text_align\":\"center\",\"title_element\":\"h1\",\"title_font_family\":\"tertiary\",\"title_style\":\"h1\"}},{\"type\":\"text\",\"props\":{\"column_breakpoint\":\"m\",\"content\":\"\n\n<p>La nostra filosofia nasce dalla convinzione che un cibo sano, autentico e di alta qualit\\u00e0 sia una vera fonte di benessere per il corpo e per l\\u2019anima. <br \\\/>Scegliere i nostri prodotti significa sostenere una produzione agricola naturale, rispettosa della terra e capace di promuovere uno stile di vita pi\\u00f9 sano e consapevole.<\\\/p>\\n\n\n<p>Ci impegniamo a mantenere una filiera corta, lavorando esclusivamente frutta e verdura fresche di stagione, raccolte nel momento ideale di maturazione e trasformate entro poche ore. Le nostre ricette affondano le radici nella tradizione, mentre l\\u2019utilizzo di tecniche e attrezzature moderne ci consente di preservare il sapore autentico, il valore nutrizionale e standard qualitativi elevati.<\\\/p>\\n\n\n<p>Le materie prime provengono da coltivazioni curate con metodi naturali e da terreni che seguiamo personalmente ogni giorno. Ogni fase produttiva \\u00e8 gestita con attenzione artigianale: dalla selezione accurata della frutta e della verdura alla lavorazione manuale, fino alle cotture lente a bassa temperatura, sempre senza zuccheri aggiunti, conservanti o coloranti.<\\\/p>\\n\n\n<p>Il risultato \\u00e8 una linea di prodotti genuini, che raccontano la nostra terra, il nostro lavoro quotidiano e la ricerca costante della qualit\\u00e0.<\\\/p>\",\"margin\":\"default\",\"text_style\":\"large\"}}]}]},{\"type\":\"row\",\"children\":[{\"type\":\"column\",\"props\":{\"image_position\":\"center-center\",\"position_sticky_breakpoint\":\"m\"},\"children\":[{\"type\":\"image\",\"props\":{\"image\":\"wp-content\\\/uploads\\\/2025\\\/11\\\/kaiser-kuche-about-us-Perche-noi.jpeg\",\"image_border\":\"rounded\",\"image_box_shadow\":\"large\",\"image_svg_color\":\"emphasis\",\"margin\":\"default\",\"text_align\":\"left\"}}]}]}],\"name\":\"Perche Noi\"}],\"version\":\"4.5.32\"} --><\/p>","protected":false},"excerpt":{"rendered":"<p>Il cibo come ponte tra le persone e le culture Una scelta necessaria Attraverso il mio lavoro, spero di educare le persone a un approccio pi\u00f9 consapevole e responsabile al cibo, per un futuro migliore per tutti. Perch\u00e9 noi? La nostra filosofia si basa sulla convinzione che il cibo sano e di alta qualit\u00e0 sia [&hellip;]<\/p>","protected":false},"author":1,"featured_media":0,"parent":0,"menu_order":0,"comment_status":"closed","ping_status":"closed","template":"","meta":{"_acf_changed":false,"footnotes":""},"class_list":["post-144","page","type-page","status-publish","hentry"],"acf":[],"_links":{"self":[{"href":"https:\/\/staging.kaiserfarmhouse.com\/fr\/wp-json\/wp\/v2\/pages\/144","targetHints":{"allow":["GET"]}}],"collection":[{"href":"https:\/\/staging.kaiserfarmhouse.com\/fr\/wp-json\/wp\/v2\/pages"}],"about":[{"href":"https:\/\/staging.kaiserfarmhouse.com\/fr\/wp-json\/wp\/v2\/types\/page"}],"author":[{"embeddable":true,"href":"https:\/\/staging.kaiserfarmhouse.com\/fr\/wp-json\/wp\/v2\/users\/1"}],"replies":[{"embeddable":true,"href":"https:\/\/staging.kaiserfarmhouse.com\/fr\/wp-json\/wp\/v2\/comments?post=144"}],"version-history":[{"count":42,"href":"https:\/\/staging.kaiserfarmhouse.com\/fr\/wp-json\/wp\/v2\/pages\/144\/revisions"}],"predecessor-version":[{"id":1322,"href":"https:\/\/staging.kaiserfarmhouse.com\/fr\/wp-json\/wp\/v2\/pages\/144\/revisions\/1322"}],"wp:attachment":[{"href":"https:\/\/staging.kaiserfarmhouse.com\/fr\/wp-json\/wp\/v2\/media?parent=144"}],"curies":[{"name":"wp","href":"https:\/\/api.w.org\/{rel}","templated":true}]}}