{"id":936,"date":"2025-11-17T13:45:57","date_gmt":"2025-11-17T13:45:57","guid":{"rendered":"https:\/\/youseeme.plus\/kaiser\/?page_id=936"},"modified":"2025-12-01T13:59:47","modified_gmt":"2025-12-01T13:59:47","slug":"brunch","status":"publish","type":"page","link":"https:\/\/staging.kaiserfarmhouse.com\/en\/brunch\/","title":{"rendered":"Brunch"},"content":{"rendered":"<p><img decoding=\"async\" src=\"\/wp-content\/uploads\/2025\/11\/KaiserFarmHouse-Brunch-1.jpg\" alt=\"\"><br \/>\n<img decoding=\"async\" src=\"\/wp-content\/uploads\/2025\/11\/KaiserFarmHouse-Brunch-2.jpg\" alt=\"\"><br \/>\n<img decoding=\"async\" src=\"\/wp-content\/uploads\/2025\/11\/KaiserFarmHouse-Brunch-3.jpg\" alt=\"\"><\/p>\n<div><i>Combining the best part of breakfast with the best part of lunch, brunch is one of the best pampering treats to be enjoyed at the weekend.   Come discover our hospitality and enjoy our wholesome and natural gourmet menu, always enriched with fresh seasonal produce.<\/i><\/div>\n<h1>Brunch menu<\/h1>\n<h1>Sundays only 10 a.m. \/ 12 noon \/ 2 p.m. | \u20ac 70 \/ \u20ac 80<br \/>(excluding drinks and cover charge)<\/h1>\n<ul>\n<li>\n<h3>MORNING DELIGHTS<\/h3>\n<div>\n<p>Waffles served with garden fruit, maple syrup or honey<br \/>Cinnamon rolls with fruit preserves<br \/>Warm oat porridge with fresh seasonal fruit<\/p>\n<\/div>\n<\/li>\n<li>\n<h3>BREAD AND JAM<\/h3>\n<div>\n<p>Ancient grain bread with sourdough and home-made fruit preserves<\/p>\n<\/div>\n<\/li>\n<li>\n<h3>CUDDLES OF THE DAY<\/h3>\n<div>\n<p>Home-made desserts with seasonal fruit<\/p>\n<\/div>\n<\/li>\n<li>\n<h3>TOAST &amp; CANAP\u00c9<\/h3>\n<div>\n<p>Chickpea hummus with pumpkin and rosemary<br \/>Babaganoush<br \/>Courgette mutabal<br \/>Wholemeal bread sandwiches with vegetable creams<br \/>Pizzette tomato and salted ricotta cheese<\/p>\n<\/div>\n<\/li>\n<li>\n<h3>GOURMET EGGS<\/h3>\n<div>\n<p>Organic eggs from the Imagna valley prepared as desired<br \/>Soft omelette with garden herbs<br \/>Pumpkin flan<br \/>Ligurian-style green bean casserole<br \/>Courgette and mint flan<br \/>Carrot and watercress flan<\/p>\n<\/div>\n<\/li>\n<li>\n<h3>GARDEN ON THE TABLE<\/h3>\n<div>\n<p>Velvety chestnut and carrot soup from Polignano<br \/>Celeriac cream soup with a heart of Greek yoghurt<br \/>Courgette and mint cream soup<\/p>\n<\/div>\n<\/li>\n<li>\n<h3>NATURAL ENERGY<\/h3>\n<div>\n<p>Chia seed puddings with blackberry compote from the garden<br \/>Low-fat organic yoghurt with fruit compote<\/p>\n<\/div>\n<\/li>\n<li>\n<h3>DELICACIES OF THE TERRITORY<\/h3>\n<div>\n<p>Local cheese with Madernassa pears and chestnut honey<br \/>Agr\u00ec of Valtorta<br \/>Stracchino Monte Bronzone<br \/>Alpine cheeses from the Orobic valleys<\/p>\n<\/div>\n<\/li>\n<li>\n<h3>HOT AND COLD DRINKS<\/h3>\n<div>\n<p>Wine from Lombardy farms<br \/>Fruit or vegetable centrifuge<br \/>Citrus fruit juice<br \/>Hot or cold herbal infusion<br \/>Espresso (selection)<br \/>American coffee<br \/>Cappuccino<\/p>\n<\/div>\n<\/li>\n<\/ul>\n<ul>\n<li>\n<p>\n        <a href=\"https:\/\/kaiser-farm.resos.com\/booking\">Book<\/a>\n    <\/p>\n<\/li>\n<li>\n<p>\n        <a href=\"\/en\/gives-an-experience\/\">Give an experience<\/a>\n    <\/p>\n<\/li>\n<\/ul>\n<hr>\n<div>\n<div class=\"vc_row wpb_row vc_row-fluid\">\n<div class=\"wpb_column vc_column_container vc_col-sm-8\">\n<div class=\"vc_column-inner\">\n<div class=\"wpb_wrapper\">\n<div class=\"wpb_text_column wpb_content_element\">\n<div class=\"wpb_wrapper\">\n<p><strong>Some useful hints<\/strong>:<\/p>\n<ul>\n<li><strong>A brunch that changes with the seasons.<\/strong><br \/>Our brunch is based on a fixed menu that may vary weekly, depending on the availability of fresh ingredients and seasonality. The proposals you will find on our website or on our channels do not represent all the dishes on offer, but serve to give you an idea of the style of our cuisine and the type of dishes you might find.<br \/>In addition, there are two variations of brunch:<br \/>\u2013 <strong>From 10 a.m.<\/strong>, a sweeter version, which is an extension of breakfast. | \u20ac 70<br \/>\u2013 <strong>From 12 noon<\/strong>, brunch is enriched with more savoury-oriented dishes, reducing the sweet courses. | \u20ac 80<br \/>Every detail is designed to offer you an authentic experience consistent with our philosophy: simplicity, seasonality and taste.<\/li>\n<li>If you have any food allergies and\/or intolerances, please contact our staff, who will provide you with appropriate information about our food and drinks.<\/li>\n<li>Our facility is designed to offer an environment of total tranquillity and serenity, in which we try to respect the rest and quiet of other guests. For these reasons, we are unable to accommodate families with children under the age of four.<\/li>\n<li>We trust in your discretion regarding the use of mobile phones.<\/li>\n<li>Remember that smoking is not allowed, with the exception of the electronic cigarette.<\/li>\n<li>Only small dogs on a leash are allowed.<\/li>\n<li>For your safety and the well-being of our animals, please do not approach them or feed them.<\/li>\n<\/ul>\n<\/div>\n<\/div>\n<\/div>\n<\/div>\n<\/div>\n<div class=\"wpb_column vc_column_container vc_col-sm-2\"><\/div>\n<\/div>\n<\/div>\n<p><!--more--><br \/>\n<!-- {\"type\":\"layout\",\"children\":[{\"type\":\"section\",\"props\":{\"image_position\":\"center-center\",\"style\":\"default\",\"title_breakpoint\":\"xl\",\"title_position\":\"top-left\",\"title_rotation\":\"left\",\"vertical_align\":\"middle\",\"width\":\"default\"},\"children\":[{\"type\":\"row\",\"props\":{\"column_gap\":\"small\",\"layout\":\"1-3,1-3,1-3\"},\"children\":[{\"type\":\"column\",\"props\":{\"image_position\":\"center-center\",\"position_sticky_breakpoint\":\"m\",\"width_medium\":\"1-3\"},\"children\":[{\"type\":\"image\",\"props\":{\"image\":\"wp-content\\\/uploads\\\/2025\\\/11\\\/KaiserFarmHouse-Brunch-1.jpg\",\"image_border\":\"rounded\",\"image_box_shadow\":\"large\",\"image_svg_color\":\"emphasis\",\"margin\":\"default\"}}]},{\"type\":\"column\",\"props\":{\"image_position\":\"center-center\",\"position_sticky_breakpoint\":\"m\",\"width_medium\":\"1-3\"},\"children\":[{\"type\":\"image\",\"props\":{\"image\":\"wp-content\\\/uploads\\\/2025\\\/11\\\/KaiserFarmHouse-Brunch-2.jpg\",\"image_border\":\"rounded\",\"image_box_shadow\":\"large\",\"image_svg_color\":\"emphasis\",\"margin\":\"default\"}}]},{\"type\":\"column\",\"props\":{\"image_position\":\"center-center\",\"position_sticky_breakpoint\":\"m\",\"width_medium\":\"1-3\"},\"children\":[{\"type\":\"image\",\"props\":{\"image\":\"wp-content\\\/uploads\\\/2025\\\/11\\\/KaiserFarmHouse-Brunch-3.jpg\",\"image_border\":\"rounded\",\"image_box_shadow\":\"large\",\"image_svg_color\":\"emphasis\",\"margin\":\"default\"}}]}]},{\"type\":\"row\",\"children\":[{\"type\":\"column\",\"props\":{\"image_position\":\"center-center\",\"position_sticky_breakpoint\":\"m\"},\"children\":[{\"type\":\"text\",\"props\":{\"block_align\":\"center\",\"column_breakpoint\":\"m\",\"content\":\"<i>Unendo la parte migliore della colazione con il meglio del pranzo, il brunch \\u00e8 una delle coccole pi\\u00f9 buone da concedersi durante il weekend.   Vieni a scoprire la nostra ospitalit\\u00e0 e goditi il nostro menu gastronomico genuino e naturale, sempre arricchito con prodotti stagionali freschi.<\\\/i>\",\"margin\":\"\",\"maxwidth\":\"2xlarge\",\"text_align\":\"center\",\"text_style\":\"large\"}},{\"type\":\"headline\",\"props\":{\"content\":\"Men\\u00fa Brunch\",\"margin\":\"large\",\"margin_remove_bottom\":true,\"margin_remove_top\":false,\"text_align\":\"center\",\"title_element\":\"h1\",\"title_font_family\":\"tertiary\",\"title_style\":\"h1\"}},{\"type\":\"headline\",\"props\":{\"content\":\"Solo la domenica 10:00-12:00 \\\/ 12:00-14:00 | \\u20ac 70 \\\/ \\u20ac 80<br \\\/>(bevande e coperto esclusi)\",\"margin_remove_top\":true,\"text_align\":\"center\",\"title_color\":\"success\",\"title_element\":\"h1\",\"title_style\":\"h4\"}},{\"type\":\"description_list\",\"props\":{\"column_breakpoint\":\"m\",\"content_style\":\"text-large\",\"layout\":\"stacked\",\"list_element\":\"ul\",\"list_size\":\"large\",\"list_style\":\"divider\",\"margin\":\"medium\",\"meta_align\":\"bottom\",\"meta_color\":\"primary\",\"meta_style\":\"text-large\",\"show_content\":true,\"show_link\":true,\"show_meta\":true,\"show_title\":true,\"text_align\":\"center\",\"title_color\":\"success\",\"title_element\":\"div\",\"title_grid_column_gap\":\"small\",\"title_grid_row_gap\":\"small\",\"title_grid_width\":\"auto\",\"title_leader\":true,\"title_style\":\"h4\"},\"children\":[{\"type\":\"description_list_item\",\"props\":{\"content\":\"\n\n<p>Waffles serviti con frutta del giardino, sciroppo d\\u2019acero o miele<br \\\/>Cinnamon rolls con composte di frutta<br \\\/>Porridge di avena tiepido con frutta fresca di stagione<\\\/p>\",\"meta\":\"\",\"title\":\"DELIZIE MATTUTINE\"}},{\"type\":\"description_list_item\",\"props\":{\"content\":\"\n\n<p>Pane di grani antichi con lievito madre e composte di frutta fatte in casa<\\\/p>\",\"meta\":\"\",\"title\":\"PANE E MARMELLATA\"}},{\"type\":\"description_list_item\",\"props\":{\"content\":\"\n\n<p>Dolci preparati in casa con frutta di stagione<\\\/p>\",\"meta\":\"\",\"title\":\"COCCOLE DEL GIORNO\"}},{\"type\":\"description_list_item\",\"props\":{\"content\":\"\n\n<p>Hummus di ceci con zucca e rosmarino<br \\\/>Babaganoush<br \\\/>Mutabal di zucchine<br \\\/>Tramezzini di pane integrale con creme di verdura<br \\\/>Pizzette pomodoro e ricotta salata<\\\/p>\",\"title\":\"TOAST & CANAP\\u00c8\"}},{\"type\":\"description_list_item\",\"props\":{\"content\":\"\n\n<p>Uova bio della valle Imagna preparate a piacere<br \\\/>Frittata soffice alle erbe dell\\u2019orto<br \\\/>Sformato di zucca<br \\\/>Sformato di fagiolini alla Ligure<br \\\/>Sformato di zucchine e menta<br \\\/>Sformato di carote e crescione<\\\/p>\",\"title\":\"UOVA GOURMET\"}},{\"type\":\"description_list_item\",\"props\":{\"content\":\"\n\n<p>Vellutata di castagne e carote di Polignano<br \\\/>Vellutata di sedano rapa con cuore di yogurt greco<br \\\/>Vellutata di zucchine e menta<\\\/p>\",\"title\":\"GIARDINO IN TAVOLA\"}},{\"type\":\"description_list_item\",\"props\":{\"content\":\"\n\n<p>Budini di semi di chia con composta di more del giardino<br \\\/>Yogurt bio magro con composta di frutta<\\\/p>\",\"title\":\"ENERGIA NATURALE\"}},{\"type\":\"description_list_item\",\"props\":{\"content\":\"\n\n<p>Formaggini locali con pere Madernassa e miele di castagno<br \\\/>Agr\\u00ec di Valtorta<br \\\/>Stracchino Monte Bronzone<br \\\/>Formaggi di Alpeggio delle valli Orobiche<\\\/p>\",\"title\":\"DELIZIE DEL TERRITORIO\"}},{\"type\":\"description_list_item\",\"props\":{\"content\":\"\n\n<p>Vino di aziende agricole lombarde<br \\\/>Centrifugato di frutta o verdura<br \\\/>Spremuta di agrumi<br \\\/>Infuso erbe aromatiche calde o fredde<br \\\/>Caff\\u00e8 espresso (selezione)<br \\\/>Caff\\u00e8 americano<br \\\/>Cappuccino<\\\/p>\",\"title\":\"BEVANDE CALDE E FREDDE\"}}]}]}]}]},{\"type\":\"section\",\"props\":{\"image_position\":\"center-center\",\"style\":\"default\",\"title_breakpoint\":\"xl\",\"title_position\":\"top-left\",\"title_rotation\":\"left\",\"vertical_align\":\"middle\",\"width\":\"default\"},\"children\":[{\"type\":\"row\",\"children\":[{\"type\":\"column\",\"props\":{\"image_position\":\"center-center\",\"position_sticky_breakpoint\":\"m\"},\"children\":[{\"type\":\"button\",\"props\":{\"fullwidth\":true,\"grid_column_gap\":\"small\",\"grid_row_gap\":\"small\",\"margin\":\"default\",\"text_align\":\"center\"},\"children\":[{\"type\":\"button_item\",\"props\":{\"button_style\":\"secondary\",\"content\":\"Prenota\",\"dialog_layout\":\"modal\",\"dialog_offcanvas_flip\":true,\"icon_align\":\"left\",\"link\":\"https:\\\/\\\/kaiser-farm.resos.com\\\/booking\",\"link_target\":\"blank\"}},{\"type\":\"button_item\",\"props\":{\"button_style\":\"secondary\",\"content\":\"Regala un'esperienza\",\"dialog_layout\":\"modal\",\"dialog_offcanvas_flip\":true,\"icon_align\":\"left\",\"link\":\"regala-un-esperienza\\\/\"}}],\"name\":\"bottone per menu\"},{\"type\":\"divider\",\"props\":{\"divider_element\":\"hr\"}},{\"type\":\"text\",\"props\":{\"column_breakpoint\":\"m\",\"content\":\"\n\n<div class=\\\"vc_row wpb_row vc_row-fluid\\\">\\n\n\n<div class=\\\"wpb_column vc_column_container vc_col-sm-8\\\">\\n\n\n<div class=\\\"vc_column-inner\\\">\\n\n\n<div class=\\\"wpb_wrapper\\\">\\n\n\n<div class=\\\"wpb_text_column wpb_content_element\\\">\\n\n\n<div class=\\\"wpb_wrapper\\\">\\n\n\n<p><strong>Alcune indicazioni utili<\\\/strong>:<\\\/p>\\n\n\n<ul>\\n\n\n<li><strong>Un brunch che cambia con le stagioni.<\\\/strong><br \\\/>Il nostro brunch si basa su un men\\u00f9 fisso che pu\\u00f2 variare settimanalmente, in base alla disponibilit\\u00e0 degli ingredienti freschi e nel rispetto della stagionalit\\u00e0. Le proposte che trovate sul nostro sito o sui nostri canali non rappresentano tutte le portate offerte, ma servono a dare un\\u2019idea dello stile della nostra cucina e del tipo di piatti che potreste trovare.<br \\\/>Inoltre, esistono due varianti del brunch:<br \\\/>\\u2013 <strong>Dalle 10.00<\\\/strong>, una versione pi\\u00f9 dolce, che rappresenta un\\u2019estensione della colazione. |\\u00a0 \\u20ac 70<br \\\/>\\u2013 <strong>Dalle 12.00<\\\/strong>, il brunch si arricchisce con proposte pi\\u00f9 orientate al salato, riducendo le portate dolci. | \\u20ac 80<br \\\/>Ogni dettaglio \\u00e8 pensato per offrirvi un\\u2019esperienza autentica e coerente con la nostra filosofia: semplicit\\u00e0, stagionalit\\u00e0 e gusto.<\\\/li>\\n\n\n<li>In presenza di allergie e\\\/o intolleranze alimentari, si rivolga al nostro personale, che provveder\\u00e0 a fornirle informazioni adeguate sui nostri cibi e bevande.<\\\/li>\\n\n\n<li>La nostra struttura \\u00e8 pensata per offrire un ambiente di totale tranquillit\\u00e0 e serenit\\u00e0, in cui cerchiamo di rispettare il riposo e la quiete degli altri ospiti. Per queste ragioni, non siamo in grado di accogliere famiglie con bambini\\u00a0di et\\u00e0 inferiore ai quattro anni.<\\\/li>\\n\n\n<li>Confidiamo nella Vostra discrezione riguardo all\\u2019utilizzo di telefoni cellulari.<\\\/li>\\n\n\n<li>Ricordiamo che non e\\u0300 consentito fumare, ad eccezione della sigaretta elettronica.<\\\/li>\\n\n\n<li>Sono permessi solo i cani di piccola taglia tenuti al guinzaglio.<\\\/li>\\n\n\n<li>Per la vostra sicurezza e il benessere dei nostri animali, vi preghiamo di non avvicinarvi n\\u00e9 dare loro da mangiare.<\\\/li>\\n<\\\/ul>\\n<\\\/div>\\n<\\\/div>\\n<\\\/div>\\n<\\\/div>\\n<\\\/div>\\n\n\n<div class=\\\"wpb_column vc_column_container vc_col-sm-2\\\"><\\\/div>\\n<\\\/div>\",\"margin\":\"default\"}}]}]}]}],\"version\":\"4.5.32\"} --><\/p>","protected":false},"excerpt":{"rendered":"<p>Unendo la parte migliore della colazione con il meglio del pranzo, il brunch \u00e8 una delle coccole pi\u00f9 buone da concedersi durante il weekend. Vieni a scoprire la nostra ospitalit\u00e0 e goditi il nostro menu gastronomico genuino e naturale, sempre arricchito con prodotti stagionali freschi. Men\u00fa Brunch Solo la domenica 10:00-12:00 \/ 12:00-14:00 | \u20ac [&hellip;]<\/p>","protected":false},"author":1,"featured_media":0,"parent":0,"menu_order":0,"comment_status":"closed","ping_status":"closed","template":"","meta":{"_acf_changed":false,"footnotes":""},"class_list":["post-936","page","type-page","status-publish","hentry"],"acf":[],"_links":{"self":[{"href":"https:\/\/staging.kaiserfarmhouse.com\/en\/wp-json\/wp\/v2\/pages\/936","targetHints":{"allow":["GET"]}}],"collection":[{"href":"https:\/\/staging.kaiserfarmhouse.com\/en\/wp-json\/wp\/v2\/pages"}],"about":[{"href":"https:\/\/staging.kaiserfarmhouse.com\/en\/wp-json\/wp\/v2\/types\/page"}],"author":[{"embeddable":true,"href":"https:\/\/staging.kaiserfarmhouse.com\/en\/wp-json\/wp\/v2\/users\/1"}],"replies":[{"embeddable":true,"href":"https:\/\/staging.kaiserfarmhouse.com\/en\/wp-json\/wp\/v2\/comments?post=936"}],"version-history":[{"count":13,"href":"https:\/\/staging.kaiserfarmhouse.com\/en\/wp-json\/wp\/v2\/pages\/936\/revisions"}],"predecessor-version":[{"id":1414,"href":"https:\/\/staging.kaiserfarmhouse.com\/en\/wp-json\/wp\/v2\/pages\/936\/revisions\/1414"}],"wp:attachment":[{"href":"https:\/\/staging.kaiserfarmhouse.com\/en\/wp-json\/wp\/v2\/media?parent=936"}],"curies":[{"name":"wp","href":"https:\/\/api.w.org\/{rel}","templated":true}]}}