{"id":789,"date":"2025-11-14T20:45:51","date_gmt":"2025-11-14T20:45:51","guid":{"rendered":"https:\/\/youseeme.plus\/kaiser\/?page_id=789"},"modified":"2025-11-19T20:11:14","modified_gmt":"2025-11-19T20:11:14","slug":"menu","status":"publish","type":"page","link":"https:\/\/staging.kaiserfarmhouse.com\/en\/menu\/","title":{"rendered":"MENU"},"content":{"rendered":"<h1>Our tasting menus<\/h1>\n<h1>Discover our tasting menus<\/h1>\n<ul>\n<li>\n        <a href=\"\/en\/breakfast\/\">Breakfast<\/a>\n    <\/li>\n<li>\n        <a href=\"\/en\/brunch\/\">Brunch<\/a>\n    <\/li>\n<li>\n        <a href=\"\/en\/snack\/\">Snack<\/a>\n    <\/li>\n<li>\n        <a href=\"\/en\/aperitif\/\">Aperitif<\/a>\n    <\/li>\n<\/ul>\n<div>\n<p>Our menus, based on a vegetarian approach, follow the seasonality of ingredients and are modified according to product availability, offering simple, healthy dishes with a low glycemic index.<br \/>The importance of a balanced diet plan, the choice of individual nutrients and food sources stem from my university studies and the experience of my mother, a reconstructive surgeon, who has always been an advocate of clinical nutrition.<\/p>\n<p>Our cakes, as well as bread and focaccia, are home-made with eggs and organic flours. For desserts we use our own fruit or compotes made by us, with no added sugar.<\/p>\n<\/div>\n<div>\n<p>Great attention is paid to the meticulous choice of raw materials, which are the key ingredient in the preparation of our simple dishes.<\/p>\n<p>In addition to our organic products grown and prepared with great care and passion, the other raw materials needed to complete certain dishes have been chosen one by one, by personally visiting farms in the province and in Lombardy, favouring small businesses saturated with history and tradition. The criterion of choice is based on craftsmanship, quality and strictly organic crops.<\/p>\n<p>This system, which is completely natural, is then highlighted on the table with genuine, unprocessed food with an unmistakable taste, offered with creativity and biodiversity.<\/p>\n<\/div>\n<p><!--more--><br \/>\n<!-- {\"type\":\"layout\",\"children\":[{\"type\":\"section\",\"props\":{\"image\":\"wp-content\\\/uploads\\\/2025\\\/11\\\/KaiserFarmHouse-Menu-Degustativi-1.jpg\",\"image_position\":\"center-center\",\"image_size\":\"cover\",\"padding\":\"large\",\"style\":\"default\",\"text_color\":\"light\",\"title_breakpoint\":\"xl\",\"title_position\":\"top-left\",\"title_rotation\":\"left\",\"vertical_align\":\"middle\",\"width\":\"default\"},\"children\":[{\"type\":\"row\",\"children\":[{\"type\":\"column\",\"props\":{\"image_position\":\"center-center\",\"position_sticky_breakpoint\":\"m\"},\"children\":[{\"type\":\"headline\",\"props\":{\"content\":\"I nostri men\\u00f9 degustativi\",\"title_element\":\"h1\",\"title_font_family\":\"tertiary\",\"title_style\":\"heading-small\"}}]}]}]},{\"type\":\"section\",\"props\":{\"image_position\":\"center-center\",\"style\":\"default\",\"title_breakpoint\":\"xl\",\"title_position\":\"top-left\",\"title_rotation\":\"left\",\"vertical_align\":\"middle\",\"width\":\"default\"},\"children\":[{\"type\":\"row\",\"children\":[{\"type\":\"column\",\"props\":{\"image_position\":\"center-center\",\"position_sticky_breakpoint\":\"m\"},\"children\":[{\"type\":\"headline\",\"props\":{\"content\":\"Scopri i nostri menu degustativi\",\"text_align\":\"center\",\"title_decoration\":\"divider\",\"title_element\":\"h1\",\"title_font_family\":\"tertiary\",\"title_style\":\"h3\"}},{\"type\":\"subnav\",\"props\":{\"subnav_style\":\"divider\",\"text_align\":\"center\"},\"children\":[{\"type\":\"subnav_item\",\"props\":{\"active\":false,\"content\":\"Prima Colazione\",\"link\":\"prima-colazione\\\/\"}},{\"type\":\"subnav_item\",\"props\":{\"content\":\"Brunch\",\"link\":\"brunch\\\/\"}},{\"type\":\"subnav_item\",\"props\":{\"content\":\"Merenda\",\"link\":\"merenda\\\/\"}},{\"type\":\"subnav_item\",\"props\":{\"content\":\"Aperitivo\",\"link\":\"aperitivo\\\/\"}}]}]}]}]},{\"type\":\"section\",\"props\":{\"image_position\":\"center-center\",\"padding_remove_bottom\":true,\"padding_remove_top\":true,\"style\":\"default\",\"title_breakpoint\":\"xl\",\"title_position\":\"top-left\",\"title_rotation\":\"left\",\"vertical_align\":\"middle\",\"width\":\"default\"},\"children\":[{\"type\":\"row\",\"props\":{\"layout\":\"1-2,1-2\"},\"children\":[{\"type\":\"column\",\"props\":{\"image_position\":\"center-center\",\"position_sticky_breakpoint\":\"m\",\"width_medium\":\"1-2\"},\"children\":[{\"type\":\"text\",\"props\":{\"column_breakpoint\":\"m\",\"content\":\"\n\n<p>I nostri men\\u00f9, improntati a un approccio vegetariano, seguono la stagionalit\\u00e0 degli ingredienti e vengono\\u00a0modificati in base alla disponibilit\\u00e0 dei prodotti, offrendo piatti semplici e sani a basso indice glicemico.<br \\\/>L\\u2019importanza di un piano alimentare equilibrato, la scelta dei singoli nutrienti e delle fonti alimentari derivano dai miei studi universitari e dall\\u2019esperienza di mia madre, chirurgo ricostruttivo, da sempre fautrice della nutrizione clinica.<\\\/p>\\n\n\n<p>I nostri dolci, cos\\u00ec come il pane o le focacce, vengono preparati in casa con uova e farine biologiche. Per i dolci utilizziamo la nostra frutta o composte da noi prodotte, senza zuccheri aggiunti.<\\\/p>\",\"margin\":\"default\",\"text_style\":\"large\"}}]},{\"type\":\"column\",\"props\":{\"image_position\":\"center-center\",\"position_sticky_breakpoint\":\"m\",\"width_medium\":\"1-2\"},\"children\":[{\"type\":\"text\",\"props\":{\"column_breakpoint\":\"m\",\"content\":\"\n\n<p>Grande attenzione \\u00e8 posta alla scelta minuziosa delle materie prime, che costituiscono l\\u2019ingrediente fondamentale nella preparazione dei nostri semplici piatti.<\\\/p>\\n\n\n<p>Oltre ai nostri prodotti biologici coltivati e preparati con grande cura e passione, le altre materie prime necessarie per completare alcuni piatti, sono state scelte una per una, andando personalmente a visitare le aziende agricole della provincia e della Lombardia, privilegiando le piccole realt\\u00e0 sature di storia e tradizione. Il criterio di scelta \\u00e8 basato sull'artigianalit\\u00e0, sulla qualit\\u00e0 e sulle colture rigorosamente biologiche.<\\\/p>\\n\n\n<p>Questo sistema, del tutto naturale, si evidenzia poi in tavola con cibi genuini, non elaborati, dal gusto inconfondibile, proposti con creativit\\u00e0 e biodiversit\\u00e0.<\\\/p>\",\"margin\":\"default\",\"text_style\":\"large\"}}]}]}]},{\"type\":\"section\",\"props\":{\"image_position\":\"center-center\",\"style\":\"default\",\"title_breakpoint\":\"xl\",\"title_position\":\"top-left\",\"title_rotation\":\"left\",\"vertical_align\":\"middle\",\"width\":\"default\"},\"children\":[{\"type\":\"row\",\"children\":[{\"type\":\"column\",\"props\":{\"image_position\":\"center-center\",\"position_sticky_breakpoint\":\"m\"}}]}]}],\"version\":\"4.5.32\"} --><\/p>","protected":false},"excerpt":{"rendered":"<p>I nostri men\u00f9 degustativi Scopri i nostri menu degustativi Prima Colazione Brunch Merenda Aperitivo I nostri men\u00f9, improntati a un approccio vegetariano, seguono la stagionalit\u00e0 degli ingredienti e vengono\u00a0modificati in base alla disponibilit\u00e0 dei prodotti, offrendo piatti semplici e sani a basso indice glicemico.L\u2019importanza di un piano alimentare equilibrato, la scelta dei singoli nutrienti e [&hellip;]<\/p>","protected":false},"author":1,"featured_media":0,"parent":0,"menu_order":0,"comment_status":"closed","ping_status":"closed","template":"","meta":{"_acf_changed":false,"footnotes":""},"class_list":["post-789","page","type-page","status-publish","hentry"],"acf":[],"_links":{"self":[{"href":"https:\/\/staging.kaiserfarmhouse.com\/en\/wp-json\/wp\/v2\/pages\/789","targetHints":{"allow":["GET"]}}],"collection":[{"href":"https:\/\/staging.kaiserfarmhouse.com\/en\/wp-json\/wp\/v2\/pages"}],"about":[{"href":"https:\/\/staging.kaiserfarmhouse.com\/en\/wp-json\/wp\/v2\/types\/page"}],"author":[{"embeddable":true,"href":"https:\/\/staging.kaiserfarmhouse.com\/en\/wp-json\/wp\/v2\/users\/1"}],"replies":[{"embeddable":true,"href":"https:\/\/staging.kaiserfarmhouse.com\/en\/wp-json\/wp\/v2\/comments?post=789"}],"version-history":[{"count":23,"href":"https:\/\/staging.kaiserfarmhouse.com\/en\/wp-json\/wp\/v2\/pages\/789\/revisions"}],"predecessor-version":[{"id":1308,"href":"https:\/\/staging.kaiserfarmhouse.com\/en\/wp-json\/wp\/v2\/pages\/789\/revisions\/1308"}],"wp:attachment":[{"href":"https:\/\/staging.kaiserfarmhouse.com\/en\/wp-json\/wp\/v2\/media?parent=789"}],"curies":[{"name":"wp","href":"https:\/\/api.w.org\/{rel}","templated":true}]}}