{"id":144,"date":"2025-11-11T17:54:09","date_gmt":"2025-11-11T17:54:09","guid":{"rendered":"https:\/\/youseeme.plus\/kaiser\/?page_id=144"},"modified":"2025-11-21T11:07:49","modified_gmt":"2025-11-21T11:07:49","slug":"who-we-are","status":"publish","type":"page","link":"https:\/\/staging.kaiserfarmhouse.com\/en\/who-we-are\/","title":{"rendered":"About Us"},"content":{"rendered":"<h1>Food as a bridge between people and cultures<\/h1>\n<h1>A necessary choice<\/h1>\n<div>Through my work, I hope to educate people to a more conscious and responsible approach to food, for a better future for all.<\/div>\n<h1>Why us?<\/h1>\n<div>Our philosophy is based on the belief that healthy, high-quality food is an important source of well-being for body and soul.<\/div>\n<p><p>\n        <a href=\"#scopri\">DISCOVER MORE<\/a>\n    <\/p>\n<\/p>\n<p><img decoding=\"async\" src=\"\/wp-content\/uploads\/2025\/11\/Massimiliano-Kaiser-Pollenzo.jpg\" alt=\"\"><\/p>\n<h1>Dr. MASSIMILIANO HERBERT KAISER<\/h1>\n<div>\n<p>Founder &amp; CEO<\/p>\n<\/div>\n<h1>\n<p><span>An all-round Food Studies degree course<\/span><\/p>\n<\/h1>\n<div>\n<p>My path stems from a deep connection with the land, its rhythms and that sense of authenticity that I have breathed since I was a child.<\/p>\n<p>To explore this vision, I trained at the University of Gastronomic Sciences in Pollenzo, founded by Carlo Petrini, the creator of the Slow Food movement, and housed in a UNESCO-recognised Savoy castle: a place where agriculture, gastronomic culture and sustainability coexist in harmony.<\/p>\n<p>I graduated in 2022, at the end of an exciting experience that consolidated my understanding of food as an agricultural, cultural and human value.<\/p>\n<p>Today, I run Kaiser Farmhouse with the intention of preserving and enhancing this heritage: a contemporary farmhouse where nature, craftsmanship and hospitality intertwine to offer an authentic and harmonious experience.<\/p>\n<\/div>\n<h1>Food as nourishment for body and soul<\/h1>\n<div>\n<p>I deeply believe in the value of choosing high quality food, produced in an ethical and sustainable way, respecting nature and animal welfare. For me, food is a bridge between people and cultures: a universal language capable of uniting, telling and making the world around us better understood.<\/p>\n<p>I am fascinated by the history and evolution of traditional dishes, artisanal techniques, the use of local and seasonal ingredients, elements that preserve identity, territory and memory.<\/p>\n<p>My education in Gastronomic Sciences has allowed me to learn more about the nutritional properties of food and the best practices to consciously produce, process and preserve it. Hence my decision to dedicate my career to the promotion of sustainable agriculture and a short supply chain: a commitment to a future that is fairer, respectful of the planet and capable of generating both individual and collective wellbeing.<\/p>\n<\/div>\n<p><img decoding=\"async\" src=\"\/wp-content\/uploads\/2025\/11\/KaiserKuche-Chi-Siamo.jpg\" alt=\"\"><\/p>\n<hr>\n<div>\n<p><strong>OUR PHILOSOPHY<\/strong><\/p>\n<\/div>\n<h1>Because we<\/h1>\n<div>\n<p>Our philosophy stems from the conviction that healthy, authentic, high-quality food is a true source of well-being for body and soul. <br \/>Choosing our products means supporting natural agricultural production that respects the earth and promotes a healthier and more conscious lifestyle.<\/p>\n<p>We strive to maintain a short supply chain, processing only fresh seasonal fruit and vegetables, picked at the ideal time of ripeness and processed within hours. Our recipes are rooted in tradition, while the use of modern techniques and equipment allows us to preserve authentic flavour, nutritional value and high quality standards.<\/p>\n<p>The raw materials come from cultivations that are cultivated using natural methods and from soils that we personally care for every day. Every stage of production is handled with artisanal care: from the careful selection of fruit and vegetables to manual processing and slow cooking at low temperatures, always without added sugar, preservatives or colouring agents.<\/p>\n<p>The result is a line of genuine products that tell of our land, our daily work and the constant search for quality.<\/p>\n<\/div>\n<p><img decoding=\"async\" src=\"\/wp-content\/uploads\/2025\/11\/kaiser-kuche-about-us-Perche-noi.jpeg\" alt=\"\"><\/p>\n<p><!--more--><br \/>\n<!-- {\"type\":\"layout\",\"children\":[{\"type\":\"section\",\"props\":{\"image_position\":\"center-center\",\"status\":\"disabled\",\"style\":\"default\",\"title_breakpoint\":\"xl\",\"title_position\":\"top-left\",\"title_rotation\":\"left\",\"vertical_align\":\"middle\",\"width\":\"default\"},\"children\":[{\"type\":\"row\",\"props\":{\"layout\":\"1-2,1-2\"},\"children\":[{\"type\":\"column\",\"props\":{\"image_position\":\"center-center\",\"position_sticky_breakpoint\":\"m\",\"width_medium\":\"1-2\"},\"children\":[{\"type\":\"image\",\"props\":{\"height_expand\":false,\"image\":\"wp-content\\\/uploads\\\/2025\\\/11\\\/kaiser-kuche-products.jpg\",\"image_border\":\"rounded\",\"image_box_shadow\":\"large\",\"image_loading\":true,\"image_svg_color\":\"emphasis\",\"margin\":\"default\"}}]},{\"type\":\"column\",\"props\":{\"image_position\":\"center-center\",\"position_sticky_breakpoint\":\"m\",\"width_medium\":\"1-2\"},\"children\":[{\"type\":\"headline\",\"props\":{\"content\":\"Chi siamo\",\"margin_remove_top\":true,\"title_element\":\"h1\",\"title_font_family\":\"tertiary\",\"title_style\":\"h1\"}},{\"type\":\"text\",\"props\":{\"column_breakpoint\":\"m\",\"content\":\"\n\n<p>Kaiser Farmhouse nasce dal desiderio di unire sapori autentici, natura e accoglienza.<br \\\/>Siamo un\\u2019azienda agricola con agriturismo situata in una dimora seicentesca, immersa in un parco di tre ettari tra alberi secolari, orti, frutteto, apiario e i paddock dei nostri cavalli.<br \\\/>Coltiviamo, trasformiamo e selezioniamo materie prime freschissime, lavorandole con cura artigianale.<br \\\/>Dalle composte di frutta alle verdure in vaso, dal miele all\\u2019olio, ogni prodotto racconta una storia di qualit\\u00e0, sostenibilit\\u00e0 e passione.<\\\/p>\",\"margin\":\"default\",\"text_style\":\"large\"}}]}]},{\"type\":\"row\",\"props\":{\"layout\":\"1-2,1-2\"},\"children\":[{\"type\":\"column\",\"props\":{\"image_position\":\"center-center\",\"position_sticky_breakpoint\":\"m\",\"width_medium\":\"1-2\"},\"children\":[{\"type\":\"headline\",\"props\":{\"content\":\"Vivere Kaiser Farmhouse\",\"margin_remove_top\":true,\"title_element\":\"h1\",\"title_font_family\":\"tertiary\",\"title_style\":\"h1\"}},{\"type\":\"text\",\"props\":{\"column_breakpoint\":\"m\",\"content\":\"\n\n<p>Oltre ai nostri prodotti artigianali, offriamo un\\u2019esperienza di agriturismo autentica e immersiva, dove gastronomia, natura e ospitalit\\u00e0 si incontrano.<\\\/p>\\n\n\n<p>Colazioni, brunch, merende e aperitivi vengono serviti nella quiete della nostra tenuta: un ambiente unico in cui i sapori genuini incontrano la lentezza della campagna e la filosofia farm-to-table.<\\\/p>\\n\n\n<p>Durante l\\u2019anno proponiamo esperienze rurali ed eventi stagionali che valorizzano il territorio: raccolte in campo, attivit\\u00e0 per famiglie, giornate nel nostro campo di tulipani, castagnate, momenti educativi e percorsi pensati per far vivere davvero la vita di campagna, i suoi cicli naturali e il legame profondo tra terra e cucina.<\\\/p>\\n\n\n<p>Un luogo dove natura, gusto e ospitalit\\u00e0 si uniscono per creare un\\u2019esperienza che racconta la vera essenza di Kaiser Farmhouse.<\\\/p>\",\"margin\":\"default\",\"text_style\":\"large\"}}]},{\"type\":\"column\",\"props\":{\"image_position\":\"center-center\",\"position_sticky_breakpoint\":\"m\",\"vertical_align\":\"middle\",\"width_medium\":\"1-2\"},\"children\":[{\"type\":\"image\",\"props\":{\"image\":\"wp-content\\\/uploads\\\/2025\\\/11\\\/Villa-La-Viscarda-Bergamo-Kaiser-Farmhouse.jpg\",\"image_border\":\"rounded\",\"image_box_shadow\":\"large\",\"image_loading\":true,\"image_svg_color\":\"emphasis\",\"margin\":\"default\"}}]}]}],\"name\":\"Chi Siamo\"},{\"type\":\"section\",\"props\":{\"image_position\":\"center-center\",\"style\":\"muted\",\"title_breakpoint\":\"xl\",\"title_position\":\"top-left\",\"title_rotation\":\"left\",\"vertical_align\":\"middle\",\"width\":\"xlarge\"},\"children\":[{\"type\":\"row\",\"props\":{\"layout\":\"1-3,1-3,1-3\"},\"children\":[{\"type\":\"column\",\"props\":{\"image_position\":\"center-center\",\"position_sticky_breakpoint\":\"m\",\"width_medium\":\"1-3\"},\"children\":[{\"type\":\"headline\",\"props\":{\"content\":\"Il cibo come ponte tra le persone e le culture\",\"title_element\":\"h1\",\"title_font_family\":\"tertiary\"}}]},{\"type\":\"column\",\"props\":{\"image_position\":\"center-center\",\"position_sticky_breakpoint\":\"m\",\"width_medium\":\"1-3\"},\"children\":[{\"type\":\"headline\",\"props\":{\"content\":\"Una scelta necessaria\",\"title_element\":\"h1\",\"title_font_family\":\"tertiary\",\"title_style\":\"h3\"}},{\"type\":\"text\",\"props\":{\"column_breakpoint\":\"m\",\"content\":\"Attraverso il mio lavoro, spero di educare le persone a un approccio pi\\u00f9 consapevole e responsabile al cibo, per un futuro migliore per tutti.\",\"margin\":\"default\",\"text_style\":\"large\"}}]},{\"type\":\"column\",\"props\":{\"image_position\":\"center-center\",\"position_sticky_breakpoint\":\"m\",\"width_medium\":\"1-3\"},\"children\":[{\"type\":\"headline\",\"props\":{\"content\":\"Perch\\u00e9 noi?\",\"title_element\":\"h1\",\"title_font_family\":\"tertiary\",\"title_style\":\"h3\"}},{\"type\":\"text\",\"props\":{\"column_breakpoint\":\"m\",\"content\":\"La nostra filosofia si basa sulla convinzione che il cibo sano e di alta qualit\\u00e0 sia un\\u2019importante fonte di benessere per il corpo e per l\\u2019anima.\",\"margin\":\"default\",\"text_style\":\"large\"}},{\"type\":\"button\",\"props\":{\"grid_column_gap\":\"small\",\"grid_row_gap\":\"small\",\"margin\":\"default\"},\"children\":[{\"type\":\"button_item\",\"props\":{\"button_style\":\"text\",\"content\":\"SCOPRI DI PI\\u00da\",\"dialog_layout\":\"modal\",\"dialog_offcanvas_flip\":true,\"icon_align\":\"left\",\"link\":\"#scopri\"}}]}]}]}],\"name\":\"INTRO\"},{\"type\":\"section\",\"props\":{\"image_position\":\"center-center\",\"padding_remove_bottom\":true,\"style\":\"default\",\"title_breakpoint\":\"xl\",\"title_position\":\"top-left\",\"title_rotation\":\"left\",\"vertical_align\":\"middle\",\"width\":\"default\"},\"children\":[{\"type\":\"row\",\"props\":{\"layout\":\"1-2,1-2\"},\"children\":[{\"type\":\"column\",\"props\":{\"image_position\":\"center-center\",\"position_sticky_breakpoint\":\"m\",\"width_medium\":\"1-2\"},\"children\":[{\"type\":\"image\",\"props\":{\"image\":\"wp-content\\\/uploads\\\/2025\\\/11\\\/Massimiliano-Kaiser-Pollenzo.jpg\",\"image_svg_color\":\"emphasis\",\"margin\":\"default\"}}]},{\"type\":\"column\",\"props\":{\"image_position\":\"center-center\",\"position_sticky_breakpoint\":\"m\",\"width_medium\":\"1-2\"},\"children\":[{\"type\":\"headline\",\"props\":{\"content\":\"Dr. MASSIMILIANO HERBERT KAISER\",\"margin_remove_bottom\":true,\"margin_remove_top\":false,\"title_color\":\"success\",\"title_element\":\"h1\",\"title_font_family\":\"tertiary\",\"title_style\":\"h3\"}},{\"type\":\"text\",\"props\":{\"column_breakpoint\":\"m\",\"content\":\"\n\n<p>Founder &amp; CEO<\\\/p>\",\"margin\":\"default\",\"margin_remove_top\":true,\"text_style\":\"large\"}},{\"type\":\"headline\",\"props\":{\"content\":\"\n\n<p><span>Un corso di Laurea di Food Studies a 360\\u00b0<\\\/span><\\\/p>\",\"margin\":\"default\",\"margin_remove_bottom\":true,\"margin_remove_top\":false,\"title_element\":\"h1\",\"title_style\":\"h3\"}},{\"type\":\"text\",\"props\":{\"column_breakpoint\":\"m\",\"content\":\"\n\n<p>Il mio percorso nasce da un legame profondo con la terra, dai suoi ritmi e da quel senso di autenticit\\u00e0 che ho respirato fin da bambino.<\\\/p>\\n\n\n<p>Per approfondire questa visione mi sono formato all\\u2019Universit\\u00e0 di Scienze Gastronomiche di Pollenzo, fondata da Carlo Petrini, ideatore del movimento Slow Food, e ospitata in un castello sabaudo riconosciuto dall\\u2019UNESCO: un luogo dove agricoltura, cultura gastronomica e sostenibilit\\u00e0 convivono in armonia.<\\\/p>\\n\n\n<p>Mi sono laureato nel 2022, al termine di un\\u2019esperienza entusiasmante che ha consolidato il mio modo di intendere il cibo come valore agricolo, culturale e umano.<\\\/p>\\n\n\n<p>Oggi guido Kaiser Farmhouse con l\\u2019intento di custodire e valorizzare questo patrimonio: un agriturismo contemporaneo in cui natura, artigianalit\\u00e0 e ospitalit\\u00e0 si intrecciano per offrire un\\u2019esperienza autentica e armoniosa.<\\\/p>\",\"margin\":\"default\",\"margin_remove_top\":true,\"text_style\":\"large\"}}]}]}],\"name\":\"MAX\"},{\"type\":\"section\",\"props\":{\"image_position\":\"center-center\",\"style\":\"default\",\"title_breakpoint\":\"xl\",\"title_position\":\"top-left\",\"title_rotation\":\"left\",\"vertical_align\":\"middle\",\"width\":\"default\"},\"children\":[{\"type\":\"row\",\"props\":{\"layout\":\"1-2,1-2\"},\"children\":[{\"type\":\"column\",\"props\":{\"image_position\":\"center-center\",\"position_sticky_breakpoint\":\"m\",\"width_medium\":\"1-2\"},\"children\":[{\"type\":\"headline\",\"props\":{\"content\":\"Il cibo come nutrimento del corpo e dell'anima\",\"margin_remove_top\":true,\"title_element\":\"h1\",\"title_font_family\":\"tertiary\",\"title_style\":\"h1\"}},{\"type\":\"text\",\"props\":{\"column_breakpoint\":\"m\",\"content\":\"\n\n<p>Credo profondamente nel valore di scegliere alimenti di alta qualit\\u00e0, prodotti in modo etico e sostenibile, nel rispetto della natura e del benessere animale. Per me il cibo \\u00e8 un ponte tra persone e culture: un linguaggio universale capace di unire, raccontare e far comprendere meglio il mondo che ci circonda.<\\\/p>\\n\n\n<p>Mi affascinano la storia e l\\u2019evoluzione dei piatti tradizionali, le tecniche artigianali, l\\u2019utilizzo di ingredienti locali e di stagione, elementi che custodiscono identit\\u00e0, territorio e memoria.<\\\/p>\\n\n\n<p>La mia formazione in Scienze Gastronomiche mi ha permesso di approfondire le propriet\\u00e0 nutrizionali degli alimenti e le migliori pratiche per produrli, trasformarli e conservarli in modo consapevole. Da qui nasce la mia scelta di dedicare la mia carriera alla promozione di un\\u2019agricoltura sostenibile e di una filiera corta: un impegno per un futuro pi\\u00f9 equo, rispettoso del pianeta e capace di generare benessere tanto individuale quanto collettivo.<\\\/p>\",\"margin\":\"default\",\"text_style\":\"large\"}}]},{\"type\":\"column\",\"props\":{\"image_position\":\"center-center\",\"position_sticky_breakpoint\":\"m\",\"width_medium\":\"1-2\"},\"children\":[{\"type\":\"image\",\"props\":{\"image\":\"wp-content\\\/uploads\\\/2025\\\/11\\\/KaiserKuche-Chi-Siamo.jpg\",\"image_svg_color\":\"emphasis\",\"margin\":\"default\"}}]}]}],\"name\":\"MISSION\"},{\"type\":\"section\",\"props\":{\"id\":\"scopri\",\"image_position\":\"center-center\",\"style\":\"default\",\"title_breakpoint\":\"xl\",\"title_position\":\"top-left\",\"title_rotation\":\"left\",\"vertical_align\":\"middle\",\"width\":\"default\"},\"children\":[{\"type\":\"row\",\"children\":[{\"type\":\"column\",\"props\":{\"image_position\":\"center-center\",\"position_sticky_breakpoint\":\"m\"},\"children\":[{\"type\":\"divider\",\"props\":{\"divider_element\":\"hr\",\"divider_style\":\"icon\"}},{\"type\":\"text\",\"props\":{\"column_breakpoint\":\"m\",\"content\":\"\n\n<p><strong>LA NOSTRA FILOSOFIA<\\\/strong><\\\/p>\",\"margin\":\"default\",\"text_align\":\"center\",\"text_color\":\"success\",\"text_style\":\"small\"}},{\"type\":\"headline\",\"props\":{\"content\":\"Perch\\u00e9 noi\",\"margin_remove_top\":true,\"text_align\":\"center\",\"title_element\":\"h1\",\"title_font_family\":\"tertiary\",\"title_style\":\"h1\"}},{\"type\":\"text\",\"props\":{\"column_breakpoint\":\"m\",\"content\":\"\n\n<p>La nostra filosofia nasce dalla convinzione che un cibo sano, autentico e di alta qualit\\u00e0 sia una vera fonte di benessere per il corpo e per l\\u2019anima. <br \\\/>Scegliere i nostri prodotti significa sostenere una produzione agricola naturale, rispettosa della terra e capace di promuovere uno stile di vita pi\\u00f9 sano e consapevole.<\\\/p>\\n\n\n<p>Ci impegniamo a mantenere una filiera corta, lavorando esclusivamente frutta e verdura fresche di stagione, raccolte nel momento ideale di maturazione e trasformate entro poche ore. Le nostre ricette affondano le radici nella tradizione, mentre l\\u2019utilizzo di tecniche e attrezzature moderne ci consente di preservare il sapore autentico, il valore nutrizionale e standard qualitativi elevati.<\\\/p>\\n\n\n<p>Le materie prime provengono da coltivazioni curate con metodi naturali e da terreni che seguiamo personalmente ogni giorno. Ogni fase produttiva \\u00e8 gestita con attenzione artigianale: dalla selezione accurata della frutta e della verdura alla lavorazione manuale, fino alle cotture lente a bassa temperatura, sempre senza zuccheri aggiunti, conservanti o coloranti.<\\\/p>\\n\n\n<p>Il risultato \\u00e8 una linea di prodotti genuini, che raccontano la nostra terra, il nostro lavoro quotidiano e la ricerca costante della qualit\\u00e0.<\\\/p>\",\"margin\":\"default\",\"text_style\":\"large\"}}]}]},{\"type\":\"row\",\"children\":[{\"type\":\"column\",\"props\":{\"image_position\":\"center-center\",\"position_sticky_breakpoint\":\"m\"},\"children\":[{\"type\":\"image\",\"props\":{\"image\":\"wp-content\\\/uploads\\\/2025\\\/11\\\/kaiser-kuche-about-us-Perche-noi.jpeg\",\"image_border\":\"rounded\",\"image_box_shadow\":\"large\",\"image_svg_color\":\"emphasis\",\"margin\":\"default\",\"text_align\":\"left\"}}]}]}],\"name\":\"Perche Noi\"}],\"version\":\"4.5.32\"} --><\/p>","protected":false},"excerpt":{"rendered":"<p>Il cibo come ponte tra le persone e le culture Una scelta necessaria Attraverso il mio lavoro, spero di educare le persone a un approccio pi\u00f9 consapevole e responsabile al cibo, per un futuro migliore per tutti. Perch\u00e9 noi? La nostra filosofia si basa sulla convinzione che il cibo sano e di alta qualit\u00e0 sia [&hellip;]<\/p>","protected":false},"author":1,"featured_media":0,"parent":0,"menu_order":0,"comment_status":"closed","ping_status":"closed","template":"","meta":{"_acf_changed":false,"footnotes":""},"class_list":["post-144","page","type-page","status-publish","hentry"],"acf":[],"_links":{"self":[{"href":"https:\/\/staging.kaiserfarmhouse.com\/en\/wp-json\/wp\/v2\/pages\/144","targetHints":{"allow":["GET"]}}],"collection":[{"href":"https:\/\/staging.kaiserfarmhouse.com\/en\/wp-json\/wp\/v2\/pages"}],"about":[{"href":"https:\/\/staging.kaiserfarmhouse.com\/en\/wp-json\/wp\/v2\/types\/page"}],"author":[{"embeddable":true,"href":"https:\/\/staging.kaiserfarmhouse.com\/en\/wp-json\/wp\/v2\/users\/1"}],"replies":[{"embeddable":true,"href":"https:\/\/staging.kaiserfarmhouse.com\/en\/wp-json\/wp\/v2\/comments?post=144"}],"version-history":[{"count":42,"href":"https:\/\/staging.kaiserfarmhouse.com\/en\/wp-json\/wp\/v2\/pages\/144\/revisions"}],"predecessor-version":[{"id":1322,"href":"https:\/\/staging.kaiserfarmhouse.com\/en\/wp-json\/wp\/v2\/pages\/144\/revisions\/1322"}],"wp:attachment":[{"href":"https:\/\/staging.kaiserfarmhouse.com\/en\/wp-json\/wp\/v2\/media?parent=144"}],"curies":[{"name":"wp","href":"https:\/\/api.w.org\/{rel}","templated":true}]}}