{"id":1371,"date":"2025-11-29T17:17:50","date_gmt":"2025-11-29T17:17:50","guid":{"rendered":"https:\/\/kaiserfarmhouse.com\/?post_type=product&#038;p=1371"},"modified":"2025-12-07T12:04:52","modified_gmt":"2025-12-07T12:04:52","slug":"aperitif-mittagessen-abendessen-geschenkgutschein","status":"publish","type":"product","link":"https:\/\/staging.kaiserfarmhouse.com\/de\/product\/aperitif-mittagessen-abendessen-geschenkgutschein\/","title":{"rendered":"Aperitif Mittagessen\/Abendessen<\/br>8 Gourmet-Rezepte<\/br>Geschenkgutschein"},"content":{"rendered":"<p><span style=\"font-weight: 400\">Ein Programm mit acht Zubereitungen, bei denen frische Zutaten und sorgf\u00e4ltig zubereitete Rezepte im Vordergrund stehen, begleitet von einem Getr\u00e4nk Ihrer Wahl.<br \/>\n<\/span><span style=\"font-weight: 400\">Die Auswahl bietet einen breiteren \u00dcberblick \u00fcber unsere K\u00fcche, mit Gerichten, die je nach den verf\u00fcgbaren Zutaten und der t\u00e4glichen Arbeit im Garten wechseln.<br \/>\n<\/span><span style=\"font-weight: 400\">Ein klares und koh\u00e4rentes Erlebnis f\u00fcr alle, die unsere Aromen durch ausgewogene Kombinationen, respektvoll behandelte Rohstoffe und ma\u00dfvollen Service kennenlernen m\u00f6chten.<br \/>\n<\/span><span style=\"font-weight: 400\">Ein Moment, den man in der Ruhe des Anwesens und in der Atmosph\u00e4re, die unsere Gastfreundschaft auszeichnet, genie\u00dfen kann.<\/span><\/p>","protected":false},"excerpt":{"rendered":"<p>Der Gutschein gilt f\u00fcr 1 Person.<br \/>\nF\u00fcr mehr Personen erh\u00f6hen Sie einfach die Menge im Warenkorb.<br \/>\nDigitaler, personalisierbarer Gutschein, g\u00fcltig 6 Monate ab Kaufdatum.<\/p>","protected":false},"featured_media":1449,"template":"","meta":{"_acf_changed":false},"product_brand":[],"product_cat":[39,41],"product_tag":[],"class_list":{"0":"post-1371","1":"product","2":"type-product","3":"status-publish","4":"has-post-thumbnail","6":"product_cat-box-regalo","7":"product_cat-gift-voucher","9":"first","10":"instock","11":"virtual","12":"purchasable","13":"product-type-simple"},"acf":[],"_links":{"self":[{"href":"https:\/\/staging.kaiserfarmhouse.com\/de\/wp-json\/wp\/v2\/product\/1371","targetHints":{"allow":["GET"]}}],"collection":[{"href":"https:\/\/staging.kaiserfarmhouse.com\/de\/wp-json\/wp\/v2\/product"}],"about":[{"href":"https:\/\/staging.kaiserfarmhouse.com\/de\/wp-json\/wp\/v2\/types\/product"}],"wp:featuredmedia":[{"embeddable":true,"href":"https:\/\/staging.kaiserfarmhouse.com\/de\/wp-json\/wp\/v2\/media\/1449"}],"wp:attachment":[{"href":"https:\/\/staging.kaiserfarmhouse.com\/de\/wp-json\/wp\/v2\/media?parent=1371"}],"wp:term":[{"taxonomy":"product_brand","embeddable":true,"href":"https:\/\/staging.kaiserfarmhouse.com\/de\/wp-json\/wp\/v2\/product_brand?post=1371"},{"taxonomy":"product_cat","embeddable":true,"href":"https:\/\/staging.kaiserfarmhouse.com\/de\/wp-json\/wp\/v2\/product_cat?post=1371"},{"taxonomy":"product_tag","embeddable":true,"href":"https:\/\/staging.kaiserfarmhouse.com\/de\/wp-json\/wp\/v2\/product_tag?post=1371"}],"curies":[{"name":"wp","href":"https:\/\/api.w.org\/{rel}","templated":true}]}}