{"id":1369,"date":"2025-11-29T17:14:48","date_gmt":"2025-11-29T17:14:48","guid":{"rendered":"https:\/\/kaiserfarmhouse.com\/?post_type=product&#038;p=1369"},"modified":"2025-12-04T17:33:47","modified_gmt":"2025-12-04T17:33:47","slug":"trinken-essen-4-gourmet-rezepte-geschenkgutschein","status":"publish","type":"product","link":"https:\/\/staging.kaiserfarmhouse.com\/de\/product\/trinken-essen-4-gourmet-rezepte-geschenkgutschein\/","title":{"rendered":"Essen &amp; Trinken<\/br>4 Gourmet-Rezepte<\/br>Geschenkgutschein"},"content":{"rendered":"<p><span style=\"font-weight: 400;\">Ein Aperitif, der aus vier Zubereitungen besteht, bei denen frische Zutaten und sorgf\u00e4ltig zubereitete Rezepte im Vordergrund stehen, begleitet von einem Getr\u00e4nk Ihrer Wahl.<br \/>\n<\/span><span style=\"font-weight: 400;\">Eine angenehme Ann\u00e4herung an unsere K\u00fcche durch klare Geschmacksrichtungen, ausgewogene Kombinationen und sorgf\u00e4ltig verarbeitete Rohstoffe.<br \/>\n<\/span><span style=\"font-weight: 400;\">Eine Erfahrung, die in aller Ruhe gelebt werden soll, inmitten der Ruhe des Anwesens und unserer Vorstellung von Gastfreundschaft.<\/span><\/p>","protected":false},"excerpt":{"rendered":"<p>Der Gutschein gilt f\u00fcr 1 Person.<br \/>\nF\u00fcr mehr Personen erh\u00f6hen Sie einfach die Menge im Warenkorb.<br \/>\nDigitaler, personalisierbarer Gutschein, g\u00fcltig 6 Monate ab Kaufdatum.<\/p>","protected":false},"featured_media":1446,"template":"","meta":{"_acf_changed":false},"product_brand":[],"product_cat":[39,41],"product_tag":[],"class_list":{"0":"post-1369","1":"product","2":"type-product","3":"status-publish","4":"has-post-thumbnail","6":"product_cat-box-regalo","7":"product_cat-gift-voucher","9":"first","10":"instock","11":"virtual","12":"purchasable","13":"product-type-simple"},"acf":[],"_links":{"self":[{"href":"https:\/\/staging.kaiserfarmhouse.com\/de\/wp-json\/wp\/v2\/product\/1369","targetHints":{"allow":["GET"]}}],"collection":[{"href":"https:\/\/staging.kaiserfarmhouse.com\/de\/wp-json\/wp\/v2\/product"}],"about":[{"href":"https:\/\/staging.kaiserfarmhouse.com\/de\/wp-json\/wp\/v2\/types\/product"}],"wp:featuredmedia":[{"embeddable":true,"href":"https:\/\/staging.kaiserfarmhouse.com\/de\/wp-json\/wp\/v2\/media\/1446"}],"wp:attachment":[{"href":"https:\/\/staging.kaiserfarmhouse.com\/de\/wp-json\/wp\/v2\/media?parent=1369"}],"wp:term":[{"taxonomy":"product_brand","embeddable":true,"href":"https:\/\/staging.kaiserfarmhouse.com\/de\/wp-json\/wp\/v2\/product_brand?post=1369"},{"taxonomy":"product_cat","embeddable":true,"href":"https:\/\/staging.kaiserfarmhouse.com\/de\/wp-json\/wp\/v2\/product_cat?post=1369"},{"taxonomy":"product_tag","embeddable":true,"href":"https:\/\/staging.kaiserfarmhouse.com\/de\/wp-json\/wp\/v2\/product_tag?post=1369"}],"curies":[{"name":"wp","href":"https:\/\/api.w.org\/{rel}","templated":true}]}}