{"id":1367,"date":"2025-11-29T17:10:39","date_gmt":"2025-11-29T17:10:39","guid":{"rendered":"https:\/\/kaiserfarmhouse.com\/?post_type=product&#038;p=1367"},"modified":"2025-12-04T17:42:23","modified_gmt":"2025-12-04T17:42:23","slug":"brunch-1200-1400-geschenkgutschein","status":"publish","type":"product","link":"https:\/\/staging.kaiserfarmhouse.com\/de\/product\/brunch-1200-1400-geschenkgutschein\/","title":{"rendered":"Brunch<\/br>12:00-14:00<\/br>Geschenkgutschein"},"content":{"rendered":"<p><span style=\"font-weight: 400;\">Eine salzigere Version, bei der die Zubereitungen st\u00e4rkere Noten und eine andere Ausgewogenheit als beim 10:00-Vorschlag aufweisen.<br \/>\n<\/span><span style=\"font-weight: 400;\">Eine Route, die f\u00fcr diejenigen gedacht ist, die weniger s\u00fc\u00dfe Aromen bevorzugen, ohne dabei die gleiche Sorgfalt, Geradlinigkeit und unverf\u00e4lschte Pr\u00e4gung zu verlieren, die unsere K\u00fcche auszeichnet.<br \/>\n<\/span><span style=\"font-weight: 400;\">Die Rezepte richten sich nach den t\u00e4glich verf\u00fcgbaren frischen Zutaten und respektieren den nat\u00fcrlichen Rhythmus der Saison.<\/span><\/p>","protected":false},"excerpt":{"rendered":"<p>Der Gutschein gilt f\u00fcr 1 Person.<br \/>\nF\u00fcr mehr Personen erh\u00f6hen Sie einfach die Menge im Warenkorb.<br \/>\nDigitaler, personalisierbarer Gutschein, g\u00fcltig 6 Monate ab Kaufdatum.<br \/>\n<em>Nutzbar in der Zeitspanne von 12:00-14:00 Uhr.<\/em><\/p>","protected":false},"featured_media":1450,"template":"","meta":{"_acf_changed":false},"product_brand":[],"product_cat":[39,41],"product_tag":[],"class_list":{"0":"post-1367","1":"product","2":"type-product","3":"status-publish","4":"has-post-thumbnail","6":"product_cat-box-regalo","7":"product_cat-gift-voucher","9":"first","10":"instock","11":"virtual","12":"purchasable","13":"product-type-simple"},"acf":[],"_links":{"self":[{"href":"https:\/\/staging.kaiserfarmhouse.com\/de\/wp-json\/wp\/v2\/product\/1367","targetHints":{"allow":["GET"]}}],"collection":[{"href":"https:\/\/staging.kaiserfarmhouse.com\/de\/wp-json\/wp\/v2\/product"}],"about":[{"href":"https:\/\/staging.kaiserfarmhouse.com\/de\/wp-json\/wp\/v2\/types\/product"}],"wp:featuredmedia":[{"embeddable":true,"href":"https:\/\/staging.kaiserfarmhouse.com\/de\/wp-json\/wp\/v2\/media\/1450"}],"wp:attachment":[{"href":"https:\/\/staging.kaiserfarmhouse.com\/de\/wp-json\/wp\/v2\/media?parent=1367"}],"wp:term":[{"taxonomy":"product_brand","embeddable":true,"href":"https:\/\/staging.kaiserfarmhouse.com\/de\/wp-json\/wp\/v2\/product_brand?post=1367"},{"taxonomy":"product_cat","embeddable":true,"href":"https:\/\/staging.kaiserfarmhouse.com\/de\/wp-json\/wp\/v2\/product_cat?post=1367"},{"taxonomy":"product_tag","embeddable":true,"href":"https:\/\/staging.kaiserfarmhouse.com\/de\/wp-json\/wp\/v2\/product_tag?post=1367"}],"curies":[{"name":"wp","href":"https:\/\/api.w.org\/{rel}","templated":true}]}}