{"id":1365,"date":"2025-11-29T16:49:05","date_gmt":"2025-11-29T16:49:05","guid":{"rendered":"https:\/\/kaiserfarmhouse.com\/?post_type=product&#038;p=1365"},"modified":"2025-12-04T17:42:34","modified_gmt":"2025-12-04T17:42:34","slug":"brunch-10-12-geschenkgutschein","status":"publish","type":"product","link":"https:\/\/staging.kaiserfarmhouse.com\/de\/product\/brunch-10-12-geschenkgutschein\/","title":{"rendered":"Brunch<\/br>10:00-12:00<\/br>Geschenkgutschein"},"content":{"rendered":"<p><span style=\"font-weight: 400;\">Eine s\u00fc\u00dfere Version, die als Erweiterung des Fr\u00fchst\u00fccks gedacht ist.<\/span><span style=\"font-weight: 400;\"><br \/>\n<\/span><span style=\"font-weight: 400;\">Eine ideale Route f\u00fcr alle, die einen langsamen, hellen und delikaten Morgen genie\u00dfen m\u00f6chten.<br \/>\nDie Vorschl\u00e4ge richten sich nach dem Rhythmus der Saison und dem, was der Gem\u00fcsegarten jede Woche bietet, wobei stets ein einfaches und unverf\u00e4lschtes Bild beibehalten wird.<\/span><\/p>","protected":false},"excerpt":{"rendered":"<p>Der Gutschein gilt f\u00fcr 1 Person.<br \/>\nF\u00fcr mehr Personen erh\u00f6hen Sie einfach die Menge im Warenkorb.<br \/>\nDigitaler, personalisierbarer Gutschein, g\u00fcltig 6 Monate ab Kaufdatum.<br \/>\n<em>Kann in der Zeit von 10:00-12:00 Uhr genutzt werden.<\/em><\/p>","protected":false},"featured_media":1448,"template":"","meta":{"_acf_changed":false},"product_brand":[],"product_cat":[39,41],"product_tag":[],"class_list":{"0":"post-1365","1":"product","2":"type-product","3":"status-publish","4":"has-post-thumbnail","6":"product_cat-box-regalo","7":"product_cat-gift-voucher","9":"first","10":"instock","11":"virtual","12":"purchasable","13":"product-type-simple"},"acf":[],"_links":{"self":[{"href":"https:\/\/staging.kaiserfarmhouse.com\/de\/wp-json\/wp\/v2\/product\/1365","targetHints":{"allow":["GET"]}}],"collection":[{"href":"https:\/\/staging.kaiserfarmhouse.com\/de\/wp-json\/wp\/v2\/product"}],"about":[{"href":"https:\/\/staging.kaiserfarmhouse.com\/de\/wp-json\/wp\/v2\/types\/product"}],"wp:featuredmedia":[{"embeddable":true,"href":"https:\/\/staging.kaiserfarmhouse.com\/de\/wp-json\/wp\/v2\/media\/1448"}],"wp:attachment":[{"href":"https:\/\/staging.kaiserfarmhouse.com\/de\/wp-json\/wp\/v2\/media?parent=1365"}],"wp:term":[{"taxonomy":"product_brand","embeddable":true,"href":"https:\/\/staging.kaiserfarmhouse.com\/de\/wp-json\/wp\/v2\/product_brand?post=1365"},{"taxonomy":"product_cat","embeddable":true,"href":"https:\/\/staging.kaiserfarmhouse.com\/de\/wp-json\/wp\/v2\/product_cat?post=1365"},{"taxonomy":"product_tag","embeddable":true,"href":"https:\/\/staging.kaiserfarmhouse.com\/de\/wp-json\/wp\/v2\/product_tag?post=1365"}],"curies":[{"name":"wp","href":"https:\/\/api.w.org\/{rel}","templated":true}]}}