{"id":937,"date":"2025-11-17T13:45:57","date_gmt":"2025-11-17T13:45:57","guid":{"rendered":"https:\/\/youseeme.plus\/kaiser\/?page_id=937"},"modified":"2025-12-01T14:00:27","modified_gmt":"2025-12-01T14:00:27","slug":"snack","status":"publish","type":"page","link":"https:\/\/staging.kaiserfarmhouse.com\/de\/snack\/","title":{"rendered":"Imbiss"},"content":{"rendered":"<p><img decoding=\"async\" src=\"\/wp-content\/uploads\/2025\/11\/KaiserFarmHouse-Merenda-1.jpg\" alt=\"\"><br \/>\n<img decoding=\"async\" src=\"\/wp-content\/uploads\/2025\/11\/KaiserFarmHouse-Merenda-2.jpg\" alt=\"\"><br \/>\n<img decoding=\"async\" src=\"\/wp-content\/uploads\/2025\/11\/KaiserFarmHouse-Merenda-3.jpg\" alt=\"\"><\/p>\n<div>\n<p>Die Kalorienzufuhr einer Zwischenmahlzeit sollte 10% des Tagesbedarfs nicht \u00fcberschreiten: Der Zweck einer Zwischenmahlzeit ist es, den Hunger zu stillen, um nicht zu hungrig zur n\u00e4chsten Mahlzeit zu kommen, nicht um sich zu s\u00e4ttigen.<br \/>In den Pausen neigen wir au\u00dferdem dazu, zu oft zucker-, kohlenhydrat- und salzhaltige Produkte zu essen.\u00a0<br \/>Geb\u00e4ck und industrielle Backwaren durch einen hausgemachten Snack zu ersetzen, ist die beste Wahl: sorgf\u00e4ltige Auswahl der einzelnen Zutaten, reich an Vitaminen und Mikron\u00e4hrstoffen, 0 km Herkunft, geringer Gehalt an Zucker und ges\u00e4ttigten Fetten, keine Konservierungsstoffe.<\/p>\n<\/div>\n<h1>Imbiss-Men\u00fc<\/h1>\n<h1>15:00-18:00<\/h1>\n<ul>\n<li>\n<h3>COOL GARDEN<\/h3>\n<div>\n<p>Fruchtgenuss aus unserem Garten mit Haselnusskernen<\/p>\n<\/div>\n<\/li>\n<li>\n<h3>DIE BROMBEERE IM WALD<\/h3>\n<div>\n<p>Chia-Samen-Pudding mit Brombeeren und knusprigem Granola<\/p>\n<\/div>\n<\/li>\n<li>\n<h3>CREAMY DELIGHT<\/h3>\n<div>\n<p>Fruchtcoulis mit hausgemachtem Eis<\/p>\n<\/div>\n<\/li>\n<li>\n<h3>DIE BEIDEN KONSISTENZEN<\/h3>\n<div>\n<p>Hei\u00dfe gratinierte Fr\u00fcchte mit Vanillepudding<\/p>\n<\/div>\n<\/li>\n<li>\n<h3>KAISERSCHMARREN<\/h3>\n<div>\n<p>K\u00f6stliches traditionelles \u00f6sterreichisches Gericht, serviert mit Puderzucker und Fruchtkonfit\u00fcre<\/p>\n<\/div>\n<\/li>\n<li>\n<h3>GIRDLE SCONES<\/h3>\n<div>\n<p>Kleines Geb\u00e4ck, begleitet von Obstkompott oder Honig von unseren Bienen<\/p>\n<\/div>\n<\/li>\n<li>\n<h3>BROT UND MARME<\/h3>\n<div>\n<p>Sauerteigbrot aus altem Getreide mit einer Auswahl an hausgemachten Kompotten<\/p>\n<\/div>\n<\/li>\n<li>\n<h3>UMH\u00dcLLENDE K\u00d6STLICHKEITEN<\/h3>\n<div>\n<p>Apfelkn\u00f6del mit Phyllo-Teig und Zimt<\/p>\n<\/div>\n<\/li>\n<li>\n<h3>NAT\u00dcRLICHE ENERGIE<\/h3>\n<div>\n<p>Cremiger Smoothie aus Fr\u00fcchten der Saison mit Pflanzenmilch, erfrischend und vitaminreich<\/p>\n<\/div>\n<\/li>\n<li>\n<h3>FR\u00dcCHTIGKEITSHARMONIE<\/h3>\n<div>\n<p>Obstsalat mit knusprigem Topping auf Bio-Vanille-Ricotta-K\u00e4se<\/p>\n<\/div>\n<\/li>\n<li>\n<h3>TEEZEIT<\/h3>\n<div>\n<p>Blatt-Tee mit einer Auswahl an hausgemachten Kuchen<\/p>\n<\/div>\n<\/li>\n<li>\n<h3>SPIRITUOSEN-D\u00dcFTE<\/h3>\n<div>\n<p>Mit Kardamom gew\u00fcrzter Kaffee mit Zabaglione und Bitterkakao<\/p>\n<\/div>\n<\/li>\n<\/ul>\n<h1>Hei\u00dfe und kalte Getr\u00e4nke<\/h1>\n<div>\n<div>\n<p>Zentrifugiertes Gem\u00fcse oder Obst von unseren Feldern<br \/>Aufg\u00fcsse aus hei\u00dfen oder kalten Gartenkr\u00e4utern<br \/>Tee-Auswahl <br \/>Auswahl an Espresso-Kaffee<br \/>Amerikanischer Kaffee<br \/>Capuccino mit Bio-Kuh- oder Pflanzenmilch<br \/>Mit Kardamom gew\u00fcrzter Mokka-Kaffee mit Zabaglione und Kakao<\/p>\n<\/div>\n<\/div>\n<ul>\n<li>\n<p>\n        <a href=\"https:\/\/kaiser-farm.resos.com\/booking\">Buchen Sie<\/a>\n    <\/p>\n<\/li>\n<li>\n<p>\n        <a href=\"\/de\/vermittelt-ein-erlebnis\/\">Ein Erlebnis schenken<\/a>\n    <\/p>\n<\/li>\n<\/ul>\n<hr>\n<div>\n<div class=\"vc_row wpb_row vc_row-fluid\">\n<div class=\"wpb_column vc_column_container vc_col-sm-8\">\n<div class=\"vc_column-inner\">\n<div class=\"wpb_wrapper\">\n<div class=\"wpb_text_column wpb_content_element\">\n<div class=\"wpb_wrapper\">\n<p><strong>Einige n\u00fctzliche Hinweise<\/strong>:<\/p>\n<ul>\n<li>Die Degustationsmen\u00fcs k\u00f6nnen sich je nach Verf\u00fcgbarkeit der Produkte und Saison \u00e4ndern.<\/li>\n<li>Wenn Sie Lebensmittelallergien und\/oder -unvertr\u00e4glichkeiten haben, wenden Sie sich bitte an unser Personal, das Sie mit entsprechenden Informationen \u00fcber unsere Speisen und Getr\u00e4nke versorgen wird.<\/li>\n<li>Unsere Einrichtung ist so konzipiert, dass sie ein Umfeld der absoluten Ruhe und Gelassenheit bietet, in dem wir versuchen, die Ruhe der anderen G\u00e4ste zu respektieren. Aus diesen Gr\u00fcnden k\u00f6nnen wir keine Familien mit Kindern unter vier Jahren beherbergen.<\/li>\n<li>Wir vertrauen auf Ihre Diskretion bei der Nutzung von Mobiltelefonen.<\/li>\n<li>Denken Sie daran, dass das Rauchen mit Ausnahme der elektronischen Zigarette nicht erlaubt ist.<\/li>\n<li>Nur kleine Hunde an der Leine sind erlaubt.<\/li>\n<li>Zu Ihrer Sicherheit und zum Wohle unserer Tiere bitten wir Sie, sich ihnen nicht zu n\u00e4hern und sie nicht zu f\u00fcttern.<\/li>\n<\/ul>\n<\/div>\n<\/div>\n<\/div>\n<\/div>\n<\/div>\n<div class=\"wpb_column vc_column_container vc_col-sm-2\">\n<div class=\"vc_column-inner\">\n<div class=\"wpb_wrapper\"><\/div>\n<\/div>\n<\/div>\n<\/div>\n<div class=\"vc_row wpb_row vc_row-fluid\">\n<div class=\"wpb_column vc_column_container vc_col-sm-12\">\n<div class=\"vc_column-inner\">\n<div class=\"wpb_wrapper\">\n<div class=\"vc_separator wpb_content_element vc_separator_align_center vc_sep_width_100 vc_sep_border_width_10 vc_sep_pos_align_center vc_separator_no_text vc_sep_color_white\"><\/div>\n<\/div>\n<\/div>\n<\/div>\n<\/div>\n<\/div>\n<p><!--more--><br \/>\n<!-- {\"type\":\"layout\",\"children\":[{\"type\":\"section\",\"props\":{\"image_position\":\"center-center\",\"style\":\"default\",\"title_breakpoint\":\"xl\",\"title_position\":\"top-left\",\"title_rotation\":\"left\",\"vertical_align\":\"middle\",\"width\":\"default\"},\"children\":[{\"type\":\"row\",\"props\":{\"column_gap\":\"small\",\"layout\":\"1-3,1-3,1-3\"},\"children\":[{\"type\":\"column\",\"props\":{\"image_position\":\"center-center\",\"position_sticky_breakpoint\":\"m\",\"width_medium\":\"1-3\"},\"children\":[{\"type\":\"image\",\"props\":{\"image\":\"wp-content\\\/uploads\\\/2025\\\/11\\\/KaiserFarmHouse-Merenda-1.jpg\",\"image_border\":\"rounded\",\"image_box_shadow\":\"large\",\"image_svg_color\":\"emphasis\",\"margin\":\"default\"}}]},{\"type\":\"column\",\"props\":{\"image_position\":\"center-center\",\"position_sticky_breakpoint\":\"m\",\"width_medium\":\"1-3\"},\"children\":[{\"type\":\"image\",\"props\":{\"image\":\"wp-content\\\/uploads\\\/2025\\\/11\\\/KaiserFarmHouse-Merenda-2.jpg\",\"image_border\":\"rounded\",\"image_box_shadow\":\"large\",\"image_svg_color\":\"emphasis\",\"margin\":\"default\"}}]},{\"type\":\"column\",\"props\":{\"image_position\":\"center-center\",\"position_sticky_breakpoint\":\"m\",\"width_medium\":\"1-3\"},\"children\":[{\"type\":\"image\",\"props\":{\"image\":\"wp-content\\\/uploads\\\/2025\\\/11\\\/KaiserFarmHouse-Merenda-3.jpg\",\"image_border\":\"rounded\",\"image_box_shadow\":\"large\",\"image_svg_color\":\"emphasis\",\"margin\":\"default\"}}]}]},{\"type\":\"row\",\"children\":[{\"type\":\"column\",\"props\":{\"image_position\":\"center-center\",\"position_sticky_breakpoint\":\"m\"},\"children\":[{\"type\":\"text\",\"props\":{\"block_align\":\"center\",\"column_breakpoint\":\"m\",\"content\":\"\n\n<p>L\\u2019apporto calorico di uno spuntino non dovrebbe superare il 10% del fabbisogno giornaliero: lo scopo della merenda \\u00e8\\u00a0fermare la fame, per non arrivare troppo affamati al prossimo pasto, non quello di saziarsi.<br \\\/>In pausa, inoltre, si \\u00e8 soliti mangiare troppo spesso prodotti ad alto contenuto di zuccheri, carboidrati e sale.\\u00a0<br \\\/>Sostituire la pasticceria e i prodotti da forno industriali con una merenda fatta in casa \\u00e8 la scelta migliore: selezione minuziosa di ciascun ingrediente ricco di vitamine e micronutrienti, provenienza km 0, basso contenuto di zuccheri e grassi saturi, senza alcun conservante.<\\\/p>\",\"margin\":\"\",\"maxwidth\":\"2xlarge\",\"text_align\":\"center\",\"text_style\":\"large\"}},{\"type\":\"headline\",\"props\":{\"content\":\"Men\\u00fa Merenda\",\"margin\":\"large\",\"margin_remove_bottom\":true,\"margin_remove_top\":false,\"text_align\":\"center\",\"title_element\":\"h1\",\"title_font_family\":\"tertiary\",\"title_style\":\"h1\"}},{\"type\":\"headline\",\"props\":{\"content\":\"15:00-18:00\",\"margin_remove_top\":true,\"text_align\":\"center\",\"title_color\":\"success\",\"title_element\":\"h1\",\"title_style\":\"h4\"}},{\"type\":\"description_list\",\"props\":{\"column_breakpoint\":\"m\",\"content_style\":\"text-large\",\"layout\":\"stacked\",\"list_element\":\"ul\",\"list_size\":\"large\",\"list_style\":\"divider\",\"margin\":\"medium\",\"meta_align\":\"bottom\",\"meta_color\":\"primary\",\"meta_style\":\"text-large\",\"show_content\":true,\"show_link\":true,\"show_meta\":true,\"show_title\":true,\"text_align\":\"center\",\"title_color\":\"success\",\"title_element\":\"div\",\"title_grid_column_gap\":\"small\",\"title_grid_row_gap\":\"small\",\"title_grid_width\":\"auto\",\"title_leader\":true,\"title_style\":\"h4\"},\"children\":[{\"type\":\"description_list_item\",\"props\":{\"content\":\"\n\n<p>Delizia di frutta del nostro giardino con granella di nocciola<\\\/p>\",\"meta\":\"\",\"title\":\"FRESCO GIARDINO\"}},{\"type\":\"description_list_item\",\"props\":{\"content\":\"\n\n<p>Budino di semi di chia con more e granola croccante<\\\/p>\",\"meta\":\"\",\"title\":\"LA MORA NEL BOSCO\"}},{\"type\":\"description_list_item\",\"props\":{\"content\":\"\n\n<p>Coulis di frutta con gelato artigianale<\\\/p>\",\"meta\":\"\",\"title\":\"CREMOSA DELIZIA\"}},{\"type\":\"description_list_item\",\"props\":{\"content\":\"\n\n<p>Frutti gratinati caldi con crema pasticcera<\\\/p>\",\"title\":\"LE DUE CONSISTENZE\"}},{\"type\":\"description_list_item\",\"props\":{\"content\":\"\n\n<p>Delizioso piatto tradizionale austriaco servito con zucchero a velo e marmellata di frutta<\\\/p>\",\"title\":\"KAISERSCHMARREN\"}},{\"type\":\"description_list_item\",\"props\":{\"content\":\"\n\n<p>Piccoli lievitati accompagnati da composta di frutta o miele delle nostre api<\\\/p>\",\"title\":\"GIRDLE SCONES\"}},{\"type\":\"description_list_item\",\"props\":{\"content\":\"\n\n<p>Pane con lievito madre di grani antichi con selezione di composte fatte in casa<\\\/p>\",\"title\":\"PANE E MARMELLATA\"}},{\"type\":\"description_list_item\",\"props\":{\"content\":\"\n\n<p>Fagottini di mele con pasta fillo e cannella<\\\/p>\",\"title\":\"DELIZIE AVVOLGENTI\"}},{\"type\":\"description_list_item\",\"props\":{\"content\":\"\n\n<p>Smoothie cremoso di frutta di stagione con latte vegetale, rinfrescante e vitaminico<\\\/p>\",\"title\":\"ENERGIA NATURALE\"}},{\"type\":\"description_list_item\",\"props\":{\"content\":\"\n\n<p>Insalata di frutta con topping croccante su ricotta bio alla vaniglia<\\\/p>\",\"title\":\"ARMONIA FRUTTATA\"}},{\"type\":\"description_list_item\",\"props\":{\"content\":\"\n\n<p>Tea in foglie con selezione di dolci fatti in casa<\\\/p>\",\"title\":\"TEA TIME\"}},{\"type\":\"description_list_item\",\"props\":{\"content\":\"\n\n<p>Caff\\u00e8 speziato al Cardamono con zabaione e cacao amaro<\\\/p>\",\"title\":\"AROMI SPEZIATI\"}}]}]}]}]},{\"type\":\"section\",\"props\":{\"image_position\":\"center-center\",\"style\":\"default\",\"title_breakpoint\":\"xl\",\"title_position\":\"top-left\",\"title_rotation\":\"left\",\"vertical_align\":\"middle\",\"width\":\"default\"},\"children\":[{\"type\":\"row\",\"props\":{\"width\":\"xsmall\"},\"children\":[{\"type\":\"column\",\"props\":{\"image_position\":\"center-center\",\"position_sticky_breakpoint\":\"m\"},\"children\":[{\"type\":\"headline\",\"props\":{\"content\":\"Bevande calde e fredde\",\"margin\":\"medium\",\"margin_remove_bottom\":false,\"margin_remove_top\":false,\"text_align\":\"center\",\"title_element\":\"h1\",\"title_font_family\":\"tertiary\",\"title_style\":\"h1\"}},{\"type\":\"description_list\",\"props\":{\"column_breakpoint\":\"m\",\"content_style\":\"text-large\",\"layout\":\"stacked\",\"list_element\":\"ul\",\"list_size\":\"large\",\"list_style\":\"divider\",\"margin\":\"remove-vertical\",\"meta_align\":\"bottom\",\"meta_color\":\"primary\",\"meta_style\":\"text-large\",\"show_content\":true,\"show_link\":true,\"show_meta\":true,\"show_title\":true,\"text_align\":\"center\",\"title_colon\":false,\"title_color\":\"success\",\"title_element\":\"div\",\"title_grid_column_gap\":\"small\",\"title_grid_row_gap\":\"small\",\"title_grid_width\":\"auto\",\"title_leader\":true,\"title_style\":\"h4\"},\"children\":[{\"type\":\"description_list_item\",\"props\":{\"content\":\"\n\n<p>Centrifugati di verdura o frutta dei nostri campi<br \\\/>Infusi di erbe aromatiche dell\\u2019orto calde o fredde<br \\\/>Selezione tea <br \\\/>Caff\\u00e8 espresso selezione<br \\\/>Caff\\u00e8 americano<br \\\/>Capuccino con latte vaccino o vegetale bio<br \\\/>Caff\\u00e8 moka speziato al cardamono con zabaione e cacao<\\\/p>\",\"meta\":\"\",\"title\":\"\"}}]}]}]}]},{\"type\":\"section\",\"props\":{\"image_position\":\"center-center\",\"style\":\"default\",\"title_breakpoint\":\"xl\",\"title_position\":\"top-left\",\"title_rotation\":\"left\",\"vertical_align\":\"middle\",\"width\":\"default\"},\"children\":[{\"type\":\"row\",\"children\":[{\"type\":\"column\",\"props\":{\"image_position\":\"center-center\",\"position_sticky_breakpoint\":\"m\"},\"children\":[{\"type\":\"button\",\"props\":{\"fullwidth\":true,\"grid_column_gap\":\"small\",\"grid_row_gap\":\"small\",\"margin\":\"default\",\"text_align\":\"center\"},\"children\":[{\"type\":\"button_item\",\"props\":{\"button_style\":\"secondary\",\"content\":\"Prenota\",\"dialog_layout\":\"modal\",\"dialog_offcanvas_flip\":true,\"icon_align\":\"left\",\"link\":\"https:\\\/\\\/kaiser-farm.resos.com\\\/booking\",\"link_target\":\"blank\"}},{\"type\":\"button_item\",\"props\":{\"button_style\":\"secondary\",\"content\":\"Regala un'esperienza\",\"dialog_layout\":\"modal\",\"dialog_offcanvas_flip\":true,\"icon_align\":\"left\",\"link\":\"regala-un-esperienza\\\/\"}}],\"name\":\"bottone per menu\"},{\"type\":\"divider\",\"props\":{\"divider_element\":\"hr\"}},{\"type\":\"text\",\"props\":{\"column_breakpoint\":\"m\",\"content\":\"\n\n<div class=\\\"vc_row wpb_row vc_row-fluid\\\">\\n\n\n<div class=\\\"wpb_column vc_column_container vc_col-sm-8\\\">\\n\n\n<div class=\\\"vc_column-inner\\\">\\n\n\n<div class=\\\"wpb_wrapper\\\">\\n\n\n<div class=\\\"wpb_text_column wpb_content_element\\\">\\n\n\n<div class=\\\"wpb_wrapper\\\">\\n\n\n<p><strong>Alcune indicazioni utili<\\\/strong>:<\\\/p>\\n\n\n<ul>\\n\n\n<li>I menu degustativi possono subire delle variazioni in base alla disponibilit\\u00e0 dei prodotti e nel rispetto della stagionalit\\u00e0.<\\\/li>\\n\n\n<li>In presenza di allergie e\\\/o intolleranze alimentari, si rivolga al nostro personale, che provveder\\u00e0 a fornirle informazioni adeguate sui nostri cibi e bevande.<\\\/li>\\n\n\n<li>La nostra struttura \\u00e8 pensata per offrire un ambiente di totale tranquillit\\u00e0 e serenit\\u00e0, in cui cerchiamo di rispettare il riposo e la quiete degli altri ospiti. Per queste ragioni, non siamo in grado di accogliere famiglie con bambini al di sotto dei quattro anni.<\\\/li>\\n\n\n<li>Confidiamo nella Vostra discrezione per l\\u2019utilizzo di telefoni cellulari.<\\\/li>\\n\n\n<li>Ricordiamo che non e\\u0300 permesso fumare ad eccetto della sigaretta elettronica.<\\\/li>\\n\n\n<li>Sono permessi solo i cani di piccola taglia tenuti al guinzaglio.<\\\/li>\\n\n\n<li>Per la vostra sicurezza e il benessere dei nostri animali, vi preghiamo di non avvicinarvi e di non dare loro da mangiare.<\\\/li>\\n<\\\/ul>\\n<\\\/div>\\n<\\\/div>\\n<\\\/div>\\n<\\\/div>\\n<\\\/div>\\n\n\n<div class=\\\"wpb_column vc_column_container vc_col-sm-2\\\">\\n\n\n<div class=\\\"vc_column-inner\\\">\\n\n\n<div class=\\\"wpb_wrapper\\\"><\\\/div>\\n<\\\/div>\\n<\\\/div>\\n<\\\/div>\\n\n\n<div class=\\\"vc_row wpb_row vc_row-fluid\\\">\\n\n\n<div class=\\\"wpb_column vc_column_container vc_col-sm-12\\\">\\n\n\n<div class=\\\"vc_column-inner\\\">\\n\n\n<div class=\\\"wpb_wrapper\\\">\\n\n\n<div class=\\\"vc_separator wpb_content_element vc_separator_align_center vc_sep_width_100 vc_sep_border_width_10 vc_sep_pos_align_center vc_separator_no_text vc_sep_color_white\\\"><\\\/div>\\n<\\\/div>\\n<\\\/div>\\n<\\\/div>\\n<\\\/div>\",\"margin\":\"default\"}}]}]}]}],\"version\":\"4.5.32\"} --><\/p>","protected":false},"excerpt":{"rendered":"<p>L\u2019apporto calorico di uno spuntino non dovrebbe superare il 10% del fabbisogno giornaliero: lo scopo della merenda \u00e8\u00a0fermare la fame, per non arrivare troppo affamati al prossimo pasto, non quello di saziarsi.In pausa, inoltre, si \u00e8 soliti mangiare troppo spesso prodotti ad alto contenuto di zuccheri, carboidrati e sale.\u00a0Sostituire la pasticceria e i prodotti da [&hellip;]<\/p>","protected":false},"author":1,"featured_media":0,"parent":0,"menu_order":0,"comment_status":"closed","ping_status":"closed","template":"","meta":{"_acf_changed":false,"footnotes":""},"class_list":["post-937","page","type-page","status-publish","hentry"],"acf":[],"_links":{"self":[{"href":"https:\/\/staging.kaiserfarmhouse.com\/de\/wp-json\/wp\/v2\/pages\/937","targetHints":{"allow":["GET"]}}],"collection":[{"href":"https:\/\/staging.kaiserfarmhouse.com\/de\/wp-json\/wp\/v2\/pages"}],"about":[{"href":"https:\/\/staging.kaiserfarmhouse.com\/de\/wp-json\/wp\/v2\/types\/page"}],"author":[{"embeddable":true,"href":"https:\/\/staging.kaiserfarmhouse.com\/de\/wp-json\/wp\/v2\/users\/1"}],"replies":[{"embeddable":true,"href":"https:\/\/staging.kaiserfarmhouse.com\/de\/wp-json\/wp\/v2\/comments?post=937"}],"version-history":[{"count":23,"href":"https:\/\/staging.kaiserfarmhouse.com\/de\/wp-json\/wp\/v2\/pages\/937\/revisions"}],"predecessor-version":[{"id":1416,"href":"https:\/\/staging.kaiserfarmhouse.com\/de\/wp-json\/wp\/v2\/pages\/937\/revisions\/1416"}],"wp:attachment":[{"href":"https:\/\/staging.kaiserfarmhouse.com\/de\/wp-json\/wp\/v2\/media?parent=937"}],"curies":[{"name":"wp","href":"https:\/\/api.w.org\/{rel}","templated":true}]}}