{"id":936,"date":"2025-11-17T13:45:57","date_gmt":"2025-11-17T13:45:57","guid":{"rendered":"https:\/\/youseeme.plus\/kaiser\/?page_id=936"},"modified":"2025-12-01T13:59:47","modified_gmt":"2025-12-01T13:59:47","slug":"brunch","status":"publish","type":"page","link":"https:\/\/staging.kaiserfarmhouse.com\/de\/brunch\/","title":{"rendered":"Brunch"},"content":{"rendered":"<p><img decoding=\"async\" src=\"\/wp-content\/uploads\/2025\/11\/KaiserFarmHouse-Brunch-1.jpg\" alt=\"\"><br \/>\n<img decoding=\"async\" src=\"\/wp-content\/uploads\/2025\/11\/KaiserFarmHouse-Brunch-2.jpg\" alt=\"\"><br \/>\n<img decoding=\"async\" src=\"\/wp-content\/uploads\/2025\/11\/KaiserFarmHouse-Brunch-3.jpg\" alt=\"\"><\/p>\n<div><i>Der Brunch, der das Beste aus dem Fr\u00fchst\u00fcck mit dem Besten aus dem Mittagessen verbindet, ist eines der besten Verw\u00f6hnangebote f\u00fcr das Wochenende.   Entdecken Sie unsere Gastfreundschaft und genie\u00dfen Sie unser gesundes und nat\u00fcrliches Gourmet-Men\u00fc, das stets mit frischen Produkten der Saison angereichert ist.<\/i><\/div>\n<h1>Men\u00fc Brunch<\/h1>\n<h1>Nur sonntags 10 Uhr \/ 12 Uhr \/ 14 Uhr | \u20ac 70 \/ \u20ac 80<br \/>(ohne Getr\u00e4nke und Eintritt)<\/h1>\n<ul>\n<li>\n<h3>MORGENDLICHE K\u00d6STLICHKEITEN<\/h3>\n<div>\n<p>Waffeln, serviert mit Gartenfr\u00fcchten, Ahornsirup oder Honig<br \/>Zimtschnecken mit Fruchtkonfit\u00fcre<br \/>Warmer Haferbrei mit frischem Obst der Saison<\/p>\n<\/div>\n<\/li>\n<li>\n<h3>BROT UND MARME<\/h3>\n<div>\n<p>Urkornbrot mit Sauerteig und hausgemachter Fruchtkonfit\u00fcre<\/p>\n<\/div>\n<\/li>\n<li>\n<h3>STREICHELEINHEITEN DES TAGES<\/h3>\n<div>\n<p>Hausgemachte Desserts mit Fr\u00fcchten der Saison<\/p>\n<\/div>\n<\/li>\n<li>\n<h3>TOAST &amp; CANAP\u00c9<\/h3>\n<div>\n<p>Kichererbsen-Hummus mit K\u00fcrbis und Rosmarin<br \/>Babaganoush<br \/>Zucchini-Mutabal<br \/>Vollkornbrot-Sandwiches mit Gem\u00fcsecremes<br \/>Pizzette Tomate und gesalzener Ricotta-K\u00e4se<\/p>\n<\/div>\n<\/li>\n<li>\n<h3>GURMET-EIER<\/h3>\n<div>\n<p>Bio-Eier aus dem Imagna-Tal, zubereitet nach Wunsch<br \/>Weiches Omelett mit Gartenkr\u00e4utern<br \/>K\u00fcrbiskuchen<br \/>Gr\u00fcner Bohnenauflauf nach ligurischer Art<br \/>Zucchini-Minze-Torte<br \/>Flan aus Karotten und Brunnenkresse<\/p>\n<\/div>\n<\/li>\n<li>\n<h3>GARTEN AUF DEM TISCH<\/h3>\n<div>\n<p>Samtige Kastanien-Karotten-Suppe aus Polignano<br \/>Knollensellerie-Cremesuppe mit einem Herz aus griechischem Joghurt<br \/>Zucchini- und Minzvelout\u00e9<\/p>\n<\/div>\n<\/li>\n<li>\n<h3>NAT\u00dcRLICHE ENERGIE<\/h3>\n<div>\n<p>Chiasamenpudding mit Brombeerkompott aus dem Garten<br \/>Fettarmer Bio-Joghurt mit Fruchtkompott<\/p>\n<\/div>\n<\/li>\n<li>\n<h3>K\u00d6STLICHKEITEN DER REGION<\/h3>\n<div>\n<p>Lokaler K\u00e4se mit Madernassa-Birnen und Kastanienhonig<br \/>Agr\u00ec von Valtorta<br \/>Stracchino Monte Bronzone<br \/>Alpk\u00e4se aus den Orobischen T\u00e4lern<\/p>\n<\/div>\n<\/li>\n<li>\n<h3>HEISSE UND KALTE GETR\u00c4NKE<\/h3>\n<div>\n<p>Wein aus lombardischen Betrieben<br \/>Zentrifuge f\u00fcr Obst und Gem\u00fcse<br \/>Zitrusfruchtsaft<br \/>Hei\u00dfer oder kalter Kr\u00e4utertee<br \/>Espresso (Auswahl)<br \/>Amerikanischer Kaffee<br \/>Cappuccino<\/p>\n<\/div>\n<\/li>\n<\/ul>\n<ul>\n<li>\n<p>\n        <a href=\"https:\/\/kaiser-farm.resos.com\/booking\">Buchen Sie<\/a>\n    <\/p>\n<\/li>\n<li>\n<p>\n        <a href=\"\/de\/vermittelt-ein-erlebnis\/\">Ein Erlebnis schenken<\/a>\n    <\/p>\n<\/li>\n<\/ul>\n<hr>\n<div>\n<div class=\"vc_row wpb_row vc_row-fluid\">\n<div class=\"wpb_column vc_column_container vc_col-sm-8\">\n<div class=\"vc_column-inner\">\n<div class=\"wpb_wrapper\">\n<div class=\"wpb_text_column wpb_content_element\">\n<div class=\"wpb_wrapper\">\n<p><strong>Einige n\u00fctzliche Hinweise<\/strong>:<\/p>\n<ul>\n<li><strong>Ein Brunch, der sich mit den Jahreszeiten \u00e4ndert.<\/strong><br \/>Unser Brunch basiert auf einem festen Men\u00fc, das je nach Verf\u00fcgbarkeit frischer Zutaten und Saisonalit\u00e4t w\u00f6chentlich variieren kann. Die Vorschl\u00e4ge, die Sie auf unserer Website oder auf unseren Kan\u00e4len finden, stellen nicht alle angebotenen Gerichte dar, sondern dienen dazu, Ihnen einen Eindruck vom Stil unserer K\u00fcche und von der Art der Gerichte zu vermitteln, die Sie finden k\u00f6nnten.<br \/>Dar\u00fcber hinaus gibt es zwei Varianten des Brunch:<br \/>\u2013 <strong>Ab 10 Uhr.<\/strong>, eine s\u00fc\u00dfere Version, die eine Erweiterung des Fr\u00fchst\u00fccks ist. | \u20ac 70<br \/>\u2013 <strong>Ab 12 Uhr mittags<\/strong>, Der Brunch wird mit herzhaften Gerichten angereichert, die s\u00fc\u00dfen G\u00e4nge werden reduziert. | \u20ac 80<br \/>Jedes Detail ist darauf ausgerichtet, Ihnen ein authentisches Erlebnis zu bieten, das unserer Philosophie entspricht: Einfachheit, Saisonalit\u00e4t und Geschmack.<\/li>\n<li>Wenn Sie Lebensmittelallergien und\/oder -unvertr\u00e4glichkeiten haben, wenden Sie sich bitte an unser Personal, das Sie mit entsprechenden Informationen \u00fcber unsere Speisen und Getr\u00e4nke versorgen wird.<\/li>\n<li>Unsere Einrichtung ist so konzipiert, dass sie ein Umfeld der absoluten Ruhe und Gelassenheit bietet, in dem wir versuchen, die Ruhe der anderen G\u00e4ste zu respektieren. Aus diesen Gr\u00fcnden k\u00f6nnen wir keine Familien mit Kindern unter vier Jahren beherbergen.<\/li>\n<li>Wir vertrauen auf Ihre Diskretion in Bezug auf die Nutzung von Mobiltelefonen.<\/li>\n<li>Denken Sie daran, dass das Rauchen nicht erlaubt ist, mit Ausnahme der elektronischen Zigarette.<\/li>\n<li>Nur kleine Hunde an der Leine sind erlaubt.<\/li>\n<li>Zu Ihrer Sicherheit und zum Wohle unserer Tiere bitten wir Sie, sich ihnen nicht zu n\u00e4hern und sie nicht zu f\u00fcttern.<\/li>\n<\/ul>\n<\/div>\n<\/div>\n<\/div>\n<\/div>\n<\/div>\n<div class=\"wpb_column vc_column_container vc_col-sm-2\"><\/div>\n<\/div>\n<\/div>\n<p><!--more--><br \/>\n<!-- {\"type\":\"layout\",\"children\":[{\"type\":\"section\",\"props\":{\"image_position\":\"center-center\",\"style\":\"default\",\"title_breakpoint\":\"xl\",\"title_position\":\"top-left\",\"title_rotation\":\"left\",\"vertical_align\":\"middle\",\"width\":\"default\"},\"children\":[{\"type\":\"row\",\"props\":{\"column_gap\":\"small\",\"layout\":\"1-3,1-3,1-3\"},\"children\":[{\"type\":\"column\",\"props\":{\"image_position\":\"center-center\",\"position_sticky_breakpoint\":\"m\",\"width_medium\":\"1-3\"},\"children\":[{\"type\":\"image\",\"props\":{\"image\":\"wp-content\\\/uploads\\\/2025\\\/11\\\/KaiserFarmHouse-Brunch-1.jpg\",\"image_border\":\"rounded\",\"image_box_shadow\":\"large\",\"image_svg_color\":\"emphasis\",\"margin\":\"default\"}}]},{\"type\":\"column\",\"props\":{\"image_position\":\"center-center\",\"position_sticky_breakpoint\":\"m\",\"width_medium\":\"1-3\"},\"children\":[{\"type\":\"image\",\"props\":{\"image\":\"wp-content\\\/uploads\\\/2025\\\/11\\\/KaiserFarmHouse-Brunch-2.jpg\",\"image_border\":\"rounded\",\"image_box_shadow\":\"large\",\"image_svg_color\":\"emphasis\",\"margin\":\"default\"}}]},{\"type\":\"column\",\"props\":{\"image_position\":\"center-center\",\"position_sticky_breakpoint\":\"m\",\"width_medium\":\"1-3\"},\"children\":[{\"type\":\"image\",\"props\":{\"image\":\"wp-content\\\/uploads\\\/2025\\\/11\\\/KaiserFarmHouse-Brunch-3.jpg\",\"image_border\":\"rounded\",\"image_box_shadow\":\"large\",\"image_svg_color\":\"emphasis\",\"margin\":\"default\"}}]}]},{\"type\":\"row\",\"children\":[{\"type\":\"column\",\"props\":{\"image_position\":\"center-center\",\"position_sticky_breakpoint\":\"m\"},\"children\":[{\"type\":\"text\",\"props\":{\"block_align\":\"center\",\"column_breakpoint\":\"m\",\"content\":\"<i>Unendo la parte migliore della colazione con il meglio del pranzo, il brunch \\u00e8 una delle coccole pi\\u00f9 buone da concedersi durante il weekend.   Vieni a scoprire la nostra ospitalit\\u00e0 e goditi il nostro menu gastronomico genuino e naturale, sempre arricchito con prodotti stagionali freschi.<\\\/i>\",\"margin\":\"\",\"maxwidth\":\"2xlarge\",\"text_align\":\"center\",\"text_style\":\"large\"}},{\"type\":\"headline\",\"props\":{\"content\":\"Men\\u00fa Brunch\",\"margin\":\"large\",\"margin_remove_bottom\":true,\"margin_remove_top\":false,\"text_align\":\"center\",\"title_element\":\"h1\",\"title_font_family\":\"tertiary\",\"title_style\":\"h1\"}},{\"type\":\"headline\",\"props\":{\"content\":\"Solo la domenica 10:00-12:00 \\\/ 12:00-14:00 | \\u20ac 70 \\\/ \\u20ac 80<br \\\/>(bevande e coperto esclusi)\",\"margin_remove_top\":true,\"text_align\":\"center\",\"title_color\":\"success\",\"title_element\":\"h1\",\"title_style\":\"h4\"}},{\"type\":\"description_list\",\"props\":{\"column_breakpoint\":\"m\",\"content_style\":\"text-large\",\"layout\":\"stacked\",\"list_element\":\"ul\",\"list_size\":\"large\",\"list_style\":\"divider\",\"margin\":\"medium\",\"meta_align\":\"bottom\",\"meta_color\":\"primary\",\"meta_style\":\"text-large\",\"show_content\":true,\"show_link\":true,\"show_meta\":true,\"show_title\":true,\"text_align\":\"center\",\"title_color\":\"success\",\"title_element\":\"div\",\"title_grid_column_gap\":\"small\",\"title_grid_row_gap\":\"small\",\"title_grid_width\":\"auto\",\"title_leader\":true,\"title_style\":\"h4\"},\"children\":[{\"type\":\"description_list_item\",\"props\":{\"content\":\"\n\n<p>Waffles serviti con frutta del giardino, sciroppo d\\u2019acero o miele<br \\\/>Cinnamon rolls con composte di frutta<br \\\/>Porridge di avena tiepido con frutta fresca di stagione<\\\/p>\",\"meta\":\"\",\"title\":\"DELIZIE MATTUTINE\"}},{\"type\":\"description_list_item\",\"props\":{\"content\":\"\n\n<p>Pane di grani antichi con lievito madre e composte di frutta fatte in casa<\\\/p>\",\"meta\":\"\",\"title\":\"PANE E MARMELLATA\"}},{\"type\":\"description_list_item\",\"props\":{\"content\":\"\n\n<p>Dolci preparati in casa con frutta di stagione<\\\/p>\",\"meta\":\"\",\"title\":\"COCCOLE DEL GIORNO\"}},{\"type\":\"description_list_item\",\"props\":{\"content\":\"\n\n<p>Hummus di ceci con zucca e rosmarino<br \\\/>Babaganoush<br \\\/>Mutabal di zucchine<br \\\/>Tramezzini di pane integrale con creme di verdura<br \\\/>Pizzette pomodoro e ricotta salata<\\\/p>\",\"title\":\"TOAST & CANAP\\u00c8\"}},{\"type\":\"description_list_item\",\"props\":{\"content\":\"\n\n<p>Uova bio della valle Imagna preparate a piacere<br \\\/>Frittata soffice alle erbe dell\\u2019orto<br \\\/>Sformato di zucca<br \\\/>Sformato di fagiolini alla Ligure<br \\\/>Sformato di zucchine e menta<br \\\/>Sformato di carote e crescione<\\\/p>\",\"title\":\"UOVA GOURMET\"}},{\"type\":\"description_list_item\",\"props\":{\"content\":\"\n\n<p>Vellutata di castagne e carote di Polignano<br \\\/>Vellutata di sedano rapa con cuore di yogurt greco<br \\\/>Vellutata di zucchine e menta<\\\/p>\",\"title\":\"GIARDINO IN TAVOLA\"}},{\"type\":\"description_list_item\",\"props\":{\"content\":\"\n\n<p>Budini di semi di chia con composta di more del giardino<br \\\/>Yogurt bio magro con composta di frutta<\\\/p>\",\"title\":\"ENERGIA NATURALE\"}},{\"type\":\"description_list_item\",\"props\":{\"content\":\"\n\n<p>Formaggini locali con pere Madernassa e miele di castagno<br \\\/>Agr\\u00ec di Valtorta<br \\\/>Stracchino Monte Bronzone<br \\\/>Formaggi di Alpeggio delle valli Orobiche<\\\/p>\",\"title\":\"DELIZIE DEL TERRITORIO\"}},{\"type\":\"description_list_item\",\"props\":{\"content\":\"\n\n<p>Vino di aziende agricole lombarde<br \\\/>Centrifugato di frutta o verdura<br \\\/>Spremuta di agrumi<br \\\/>Infuso erbe aromatiche calde o fredde<br \\\/>Caff\\u00e8 espresso (selezione)<br \\\/>Caff\\u00e8 americano<br \\\/>Cappuccino<\\\/p>\",\"title\":\"BEVANDE CALDE E FREDDE\"}}]}]}]}]},{\"type\":\"section\",\"props\":{\"image_position\":\"center-center\",\"style\":\"default\",\"title_breakpoint\":\"xl\",\"title_position\":\"top-left\",\"title_rotation\":\"left\",\"vertical_align\":\"middle\",\"width\":\"default\"},\"children\":[{\"type\":\"row\",\"children\":[{\"type\":\"column\",\"props\":{\"image_position\":\"center-center\",\"position_sticky_breakpoint\":\"m\"},\"children\":[{\"type\":\"button\",\"props\":{\"fullwidth\":true,\"grid_column_gap\":\"small\",\"grid_row_gap\":\"small\",\"margin\":\"default\",\"text_align\":\"center\"},\"children\":[{\"type\":\"button_item\",\"props\":{\"button_style\":\"secondary\",\"content\":\"Prenota\",\"dialog_layout\":\"modal\",\"dialog_offcanvas_flip\":true,\"icon_align\":\"left\",\"link\":\"https:\\\/\\\/kaiser-farm.resos.com\\\/booking\",\"link_target\":\"blank\"}},{\"type\":\"button_item\",\"props\":{\"button_style\":\"secondary\",\"content\":\"Regala un'esperienza\",\"dialog_layout\":\"modal\",\"dialog_offcanvas_flip\":true,\"icon_align\":\"left\",\"link\":\"regala-un-esperienza\\\/\"}}],\"name\":\"bottone per menu\"},{\"type\":\"divider\",\"props\":{\"divider_element\":\"hr\"}},{\"type\":\"text\",\"props\":{\"column_breakpoint\":\"m\",\"content\":\"\n\n<div class=\\\"vc_row wpb_row vc_row-fluid\\\">\\n\n\n<div class=\\\"wpb_column vc_column_container vc_col-sm-8\\\">\\n\n\n<div class=\\\"vc_column-inner\\\">\\n\n\n<div class=\\\"wpb_wrapper\\\">\\n\n\n<div class=\\\"wpb_text_column wpb_content_element\\\">\\n\n\n<div class=\\\"wpb_wrapper\\\">\\n\n\n<p><strong>Alcune indicazioni utili<\\\/strong>:<\\\/p>\\n\n\n<ul>\\n\n\n<li><strong>Un brunch che cambia con le stagioni.<\\\/strong><br \\\/>Il nostro brunch si basa su un men\\u00f9 fisso che pu\\u00f2 variare settimanalmente, in base alla disponibilit\\u00e0 degli ingredienti freschi e nel rispetto della stagionalit\\u00e0. Le proposte che trovate sul nostro sito o sui nostri canali non rappresentano tutte le portate offerte, ma servono a dare un\\u2019idea dello stile della nostra cucina e del tipo di piatti che potreste trovare.<br \\\/>Inoltre, esistono due varianti del brunch:<br \\\/>\\u2013 <strong>Dalle 10.00<\\\/strong>, una versione pi\\u00f9 dolce, che rappresenta un\\u2019estensione della colazione. |\\u00a0 \\u20ac 70<br \\\/>\\u2013 <strong>Dalle 12.00<\\\/strong>, il brunch si arricchisce con proposte pi\\u00f9 orientate al salato, riducendo le portate dolci. | \\u20ac 80<br \\\/>Ogni dettaglio \\u00e8 pensato per offrirvi un\\u2019esperienza autentica e coerente con la nostra filosofia: semplicit\\u00e0, stagionalit\\u00e0 e gusto.<\\\/li>\\n\n\n<li>In presenza di allergie e\\\/o intolleranze alimentari, si rivolga al nostro personale, che provveder\\u00e0 a fornirle informazioni adeguate sui nostri cibi e bevande.<\\\/li>\\n\n\n<li>La nostra struttura \\u00e8 pensata per offrire un ambiente di totale tranquillit\\u00e0 e serenit\\u00e0, in cui cerchiamo di rispettare il riposo e la quiete degli altri ospiti. Per queste ragioni, non siamo in grado di accogliere famiglie con bambini\\u00a0di et\\u00e0 inferiore ai quattro anni.<\\\/li>\\n\n\n<li>Confidiamo nella Vostra discrezione riguardo all\\u2019utilizzo di telefoni cellulari.<\\\/li>\\n\n\n<li>Ricordiamo che non e\\u0300 consentito fumare, ad eccezione della sigaretta elettronica.<\\\/li>\\n\n\n<li>Sono permessi solo i cani di piccola taglia tenuti al guinzaglio.<\\\/li>\\n\n\n<li>Per la vostra sicurezza e il benessere dei nostri animali, vi preghiamo di non avvicinarvi n\\u00e9 dare loro da mangiare.<\\\/li>\\n<\\\/ul>\\n<\\\/div>\\n<\\\/div>\\n<\\\/div>\\n<\\\/div>\\n<\\\/div>\\n\n\n<div class=\\\"wpb_column vc_column_container vc_col-sm-2\\\"><\\\/div>\\n<\\\/div>\",\"margin\":\"default\"}}]}]}]}],\"version\":\"4.5.32\"} --><\/p>","protected":false},"excerpt":{"rendered":"<p>Unendo la parte migliore della colazione con il meglio del pranzo, il brunch \u00e8 una delle coccole pi\u00f9 buone da concedersi durante il weekend. Vieni a scoprire la nostra ospitalit\u00e0 e goditi il nostro menu gastronomico genuino e naturale, sempre arricchito con prodotti stagionali freschi. Men\u00fa Brunch Solo la domenica 10:00-12:00 \/ 12:00-14:00 | \u20ac [&hellip;]<\/p>","protected":false},"author":1,"featured_media":0,"parent":0,"menu_order":0,"comment_status":"closed","ping_status":"closed","template":"","meta":{"_acf_changed":false,"footnotes":""},"class_list":["post-936","page","type-page","status-publish","hentry"],"acf":[],"_links":{"self":[{"href":"https:\/\/staging.kaiserfarmhouse.com\/de\/wp-json\/wp\/v2\/pages\/936","targetHints":{"allow":["GET"]}}],"collection":[{"href":"https:\/\/staging.kaiserfarmhouse.com\/de\/wp-json\/wp\/v2\/pages"}],"about":[{"href":"https:\/\/staging.kaiserfarmhouse.com\/de\/wp-json\/wp\/v2\/types\/page"}],"author":[{"embeddable":true,"href":"https:\/\/staging.kaiserfarmhouse.com\/de\/wp-json\/wp\/v2\/users\/1"}],"replies":[{"embeddable":true,"href":"https:\/\/staging.kaiserfarmhouse.com\/de\/wp-json\/wp\/v2\/comments?post=936"}],"version-history":[{"count":13,"href":"https:\/\/staging.kaiserfarmhouse.com\/de\/wp-json\/wp\/v2\/pages\/936\/revisions"}],"predecessor-version":[{"id":1414,"href":"https:\/\/staging.kaiserfarmhouse.com\/de\/wp-json\/wp\/v2\/pages\/936\/revisions\/1414"}],"wp:attachment":[{"href":"https:\/\/staging.kaiserfarmhouse.com\/de\/wp-json\/wp\/v2\/media?parent=936"}],"curies":[{"name":"wp","href":"https:\/\/api.w.org\/{rel}","templated":true}]}}