{"id":907,"date":"2025-11-17T13:44:55","date_gmt":"2025-11-17T13:44:55","guid":{"rendered":"https:\/\/youseeme.plus\/kaiser\/?page_id=907"},"modified":"2025-12-01T14:00:11","modified_gmt":"2025-12-01T14:00:11","slug":"fruhstuck","status":"publish","type":"page","link":"https:\/\/staging.kaiserfarmhouse.com\/de\/fruhstuck\/","title":{"rendered":"Fr\u00fchst\u00fcck"},"content":{"rendered":"<p><img decoding=\"async\" src=\"\/wp-content\/uploads\/2025\/11\/KaiserFarmHouse-Prima-Colazione-2.jpg\" alt=\"\"><br \/>\n<img decoding=\"async\" src=\"\/wp-content\/uploads\/2025\/11\/KaiserFarmHouse-Prima-Colazione-1.jpg\" alt=\"\"><br \/>\n<img decoding=\"async\" src=\"\/wp-content\/uploads\/2025\/11\/KaiserFarmHouse-Prima-Colazione-3.jpg\" alt=\"\"><\/p>\n<div>\n<p><i>Das Fr\u00fchst\u00fcck sollte eine eigenst\u00e4ndige Mahlzeit sein, genau wie das Mittag- und das Abendessen, und von den drei Mahlzeiten ist es sogar die wichtigste: Sie kommen von einer Fastennacht und m\u00fcssen sich auf die Aufgaben des Tages vorbereiten.<br \/>A king's breakfast, a prince's lunch and a pauper's dinner ist eines dieser popul\u00e4ren Sprichw\u00f6rter, das sowohl eine weise Wahrheit als auch einen betr\u00e4chtlichen wissenschaftlichen Wert hat.<br \/>F\u00fcr eine richtige Ern\u00e4hrung ist es notwendig, die biologischen Rhythmen unseres Organismus zu respektieren.<br \/>Die Empfehlung, die Nahrung mehr in der ersten Tagesh\u00e4lfte zu verteilen, wird durch zahlreiche Studien best\u00e4tigt, die einen h\u00f6heren Energieverbrauch und -bedarf am Morgen als in der Nacht belegen.<\/i><\/p>\n<\/div>\n<h1>Kontinentales Fr\u00fchst\u00fcck<\/h1>\n<h1>09:00-11:00<\/h1>\n<ul>\n<li>\n<h3>IM BROTKORB<\/h3>\n<div>\n<p>Gro\u00dfe Auswahl an hausgemachtem Brot mit Sauerteig und alten Getreidesorten, <br \/>Frisch gebackene Brioches<\/p>\n<\/div>\n<\/li>\n<li>\n<h3>...AUF BROT ZU LEGEN<\/h3>\n<div>\n<p>Konfit\u00fcren 100% Bio-Fr\u00fcchte ohne Zuckerzusatz <br \/>Reiner Honig von unseren Bienen <br \/>Bio-Butter von lokalen Erzeugern<\/p>\n<\/div>\n<\/li>\n<li>\n<h3>S\u00dcSSE VERF\u00dcHRUNGEN<\/h3>\n<div>\n<p>Hausgemachte Obstkuchen des Tages<\/p>\n<\/div>\n<\/li>\n<li>\n<h3>MIT VITAMINEN AUFF\u00dcLLEN<\/h3>\n<div>\n<p>Obstsalat aus unserem Garten <br \/>Obst- und Gem\u00fcses\u00e4fte aus dem eigenen Garten <br \/>Zitrusfruchtsaft<\/p>\n<\/div>\n<\/li>\n<li>\n<h3>ZUR RECHARGE<\/h3>\n<div>\n<p>Espresso (Auswahl)<br \/>Amerikanischer Kaffee<br \/>Cappuccino mit Bio-Kuh- oder Pflanzenmilch<br \/>Bio-Kuh- oder Gem\u00fcse-Macchiato-Milch<br \/>Kr\u00e4utertee aus dem Garten<br \/>Auswahl an Tees<\/p>\n<\/div>\n<\/li>\n<\/ul>\n<h1>Extra Men\u00fc \u00e0 la carte<\/h1>\n<ul>\n<li>\n<div>\n<p>Waffeln zum Garnieren nach Belieben<br \/>Obstsalat der Saison mit N\u00fcssen<br \/>Chiasamenpudding mit Brombeeren<br \/>Frucht-Smoothie-Bowls mit Soja- oder Kuhjoghurt<br \/>Warmer Haferbrei mit Fr\u00fcchten der Saison<\/p>\n<\/div>\n<\/li>\n<li>\n<h3>K\u00d6STLICHKEITEN DER REGION<\/h3>\n<div>\n<p>Bio-Eier aus dem Imagna-Tal, zubereitet nach Wunsch<br \/>Lokaler K\u00e4se mit Madernassa-Birnen und Kastanienhonig<br \/>Fettarmer Bio-Joghurt mit Fruchtkompott<\/p>\n<\/div>\n<\/li>\n<\/ul>\n<ul>\n<li>\n<p>\n        <a href=\"https:\/\/kaiser-farm.resos.com\/booking\">Buchen Sie<\/a>\n    <\/p>\n<\/li>\n<li>\n<p>\n        <a href=\"\/de\/vermittelt-ein-erlebnis\/\">Ein Erlebnis schenken<\/a>\n    <\/p>\n<\/li>\n<\/ul>\n<hr>\n<div>\n<p><strong>Einige n\u00fctzliche Hinweise:<\/strong><\/p>\n<ul>\n<li>Die Degustationsmen\u00fcs k\u00f6nnen sich je nach Verf\u00fcgbarkeit der Produkte und Saison \u00e4ndern.<\/li>\n<li>Wenn Sie Lebensmittelallergien und\/oder -unvertr\u00e4glichkeiten haben, wenden Sie sich bitte an unser Personal, das Sie mit entsprechenden Informationen \u00fcber unsere Speisen und Getr\u00e4nke versorgen wird.<\/li>\n<li>Unsere Einrichtung ist so konzipiert, dass sie ein Umfeld der absoluten Ruhe und Gelassenheit bietet, in dem wir versuchen, die Ruhe der anderen G\u00e4ste zu respektieren. Aus diesen Gr\u00fcnden k\u00f6nnen wir keine Familien mit Kindern unter vier Jahren beherbergen.<\/li>\n<li>Wir vertrauen auf Ihre Diskretion in Bezug auf die Nutzung von Mobiltelefonen.<\/li>\n<li>Denken Sie daran, dass das Rauchen nicht erlaubt ist, mit Ausnahme der elektronischen Zigarette.<\/li>\n<li>Nur kleine Hunde an der Leine sind erlaubt.<\/li>\n<li>Zu Ihrer Sicherheit und zum Wohle unserer Tiere bitten wir Sie, sich ihnen nicht zu n\u00e4hern und sie nicht zu f\u00fcttern.<\/li>\n<\/ul>\n<\/div>\n<p><!--more--><br \/>\n<!-- {\"type\":\"layout\",\"children\":[{\"type\":\"section\",\"props\":{\"image_position\":\"center-center\",\"style\":\"default\",\"title_breakpoint\":\"xl\",\"title_position\":\"top-left\",\"title_rotation\":\"left\",\"vertical_align\":\"middle\",\"width\":\"default\"},\"children\":[{\"type\":\"row\",\"props\":{\"column_gap\":\"small\",\"layout\":\"1-3,1-3,1-3\"},\"children\":[{\"type\":\"column\",\"props\":{\"image_position\":\"center-center\",\"position_sticky_breakpoint\":\"m\",\"width_medium\":\"1-3\"},\"children\":[{\"type\":\"image\",\"props\":{\"image\":\"wp-content\\\/uploads\\\/2025\\\/11\\\/KaiserFarmHouse-Prima-Colazione-2.jpg\",\"image_border\":\"rounded\",\"image_box_shadow\":\"large\",\"image_svg_color\":\"emphasis\",\"margin\":\"default\"}}]},{\"type\":\"column\",\"props\":{\"image_position\":\"center-center\",\"position_sticky_breakpoint\":\"m\",\"width_medium\":\"1-3\"},\"children\":[{\"type\":\"image\",\"props\":{\"image\":\"wp-content\\\/uploads\\\/2025\\\/11\\\/KaiserFarmHouse-Prima-Colazione-1.jpg\",\"image_border\":\"rounded\",\"image_box_shadow\":\"large\",\"image_svg_color\":\"emphasis\",\"margin\":\"default\"}}]},{\"type\":\"column\",\"props\":{\"image_position\":\"center-center\",\"position_sticky_breakpoint\":\"m\",\"width_medium\":\"1-3\"},\"children\":[{\"type\":\"image\",\"props\":{\"image\":\"wp-content\\\/uploads\\\/2025\\\/11\\\/KaiserFarmHouse-Prima-Colazione-3.jpg\",\"image_border\":\"rounded\",\"image_box_shadow\":\"large\",\"image_svg_color\":\"emphasis\",\"margin\":\"default\"}}]}]},{\"type\":\"row\",\"children\":[{\"type\":\"column\",\"props\":{\"image_position\":\"center-center\",\"position_sticky_breakpoint\":\"m\"},\"children\":[{\"type\":\"text\",\"props\":{\"block_align\":\"center\",\"column_breakpoint\":\"m\",\"content\":\"\n\n<p><i>La prima colazione dovrebbe essere un pasto a tutti gli effetti, esattamente come il pranzo e la cena, anzi tra i tre \\u00e8 proprio il pi\\u00f9 importante: si arriva dal digiuno notturno e ci si deve preparare ad affrontare gli impegni della giornata.<br \\\/>Una colazione da re, pranzo da principe e cena da povero, \\u00e8 uno di quei detti popolari che racchiude una saggia verit\\u00e0 oltre che un notevole valore scientifico.<br \\\/>Per una dieta corretta infatti, \\u00e8 necessario rispettare i ritmi biologici del nostro organismo.<br \\\/>Il consiglio di distribuire maggiormente il cibo nella prima parte della giornata, trova conferma in numerose ricerche che hanno documentato un maggior consumo e fabbisogno energetico al mattino rispetto al dispendio minimo nel corso della notte.<\\\/i><\\\/p>\",\"margin\":\"\",\"maxwidth\":\"2xlarge\",\"text_align\":\"center\",\"text_style\":\"large\"}},{\"type\":\"headline\",\"props\":{\"content\":\"Colazione Continentale\",\"margin\":\"large\",\"margin_remove_bottom\":true,\"margin_remove_top\":false,\"text_align\":\"center\",\"title_element\":\"h1\",\"title_font_family\":\"tertiary\",\"title_style\":\"h1\"}},{\"type\":\"headline\",\"props\":{\"content\":\"09:00-11:00\",\"margin_remove_top\":true,\"text_align\":\"center\",\"title_color\":\"success\",\"title_element\":\"h1\",\"title_style\":\"h4\"}},{\"type\":\"description_list\",\"props\":{\"column_breakpoint\":\"m\",\"content_style\":\"text-large\",\"layout\":\"stacked\",\"list_element\":\"ul\",\"list_size\":\"large\",\"list_style\":\"divider\",\"margin\":\"medium\",\"meta_align\":\"bottom\",\"meta_color\":\"primary\",\"meta_style\":\"text-large\",\"show_content\":true,\"show_link\":true,\"show_meta\":true,\"show_title\":true,\"text_align\":\"center\",\"title_color\":\"success\",\"title_element\":\"div\",\"title_grid_column_gap\":\"small\",\"title_grid_row_gap\":\"small\",\"title_grid_width\":\"auto\",\"title_leader\":true,\"title_style\":\"h4\"},\"children\":[{\"type\":\"description_list_item\",\"props\":{\"content\":\"\n\n<p>Grande scelta di pane fatto in casa con lievito madre e grani antichi, <br \\\/>Brioches appena sfornate<\\\/p>\",\"meta\":\"\",\"title\":\"NEL CESTINO DEL PANE\"}},{\"type\":\"description_list_item\",\"props\":{\"content\":\"\n\n<p>Marmellate 100% frutta bio senza zuccheri aggiunti <br \\\/>Miele purissimo delle nostre api <br \\\/>Burro bio di produttori locali<\\\/p>\",\"meta\":\"\",\"title\":\"\\u2026DA METTERE SUL PANE\"}},{\"type\":\"description_list_item\",\"props\":{\"content\":\"\n\n<p>Torte del giorno fatte in casa a base di frutta<\\\/p>\",\"meta\":\"\",\"title\":\"DOLCI SEDUZIONI\"}},{\"type\":\"description_list_item\",\"props\":{\"content\":\"\n\n<p>Insalata di frutta del nostro giardino <br \\\/>Centrifugati di frutta e verdura raccolti nell\\u2019orto <br \\\/>Spremuta di agrumi<\\\/p>\",\"title\":\"FARE IL PIENO DI VITAMINE\"}},{\"type\":\"description_list_item\",\"props\":{\"content\":\"\n\n<p>Caff\\u00e8 espresso (selezione)<br \\\/>Caff\\u00e8 americano<br \\\/>Cappuccino con latte vaccino o vegetale bio<br \\\/>Latte macchiato vaccino bio o vegetale bio<br \\\/>Infuso erbe aromatiche dell\\u2019orto<br \\\/>Selezione di tea<\\\/p>\",\"title\":\"PER RICARICARSI\"}}]}]}]}]},{\"type\":\"section\",\"props\":{\"image_position\":\"center-center\",\"style\":\"default\",\"title_breakpoint\":\"xl\",\"title_position\":\"top-left\",\"title_rotation\":\"left\",\"vertical_align\":\"middle\",\"width\":\"default\"},\"children\":[{\"type\":\"row\",\"props\":{\"width\":\"xsmall\"},\"children\":[{\"type\":\"column\",\"props\":{\"image_position\":\"center-center\",\"position_sticky_breakpoint\":\"m\"},\"children\":[{\"type\":\"headline\",\"props\":{\"content\":\"Men\\u00f9 extra \\u00e0 la carte\",\"margin\":\"medium\",\"margin_remove_bottom\":false,\"margin_remove_top\":false,\"text_align\":\"center\",\"title_element\":\"h1\",\"title_font_family\":\"tertiary\",\"title_style\":\"h1\"}},{\"type\":\"description_list\",\"props\":{\"column_breakpoint\":\"m\",\"content_style\":\"text-large\",\"layout\":\"stacked\",\"list_element\":\"ul\",\"list_size\":\"large\",\"list_style\":\"divider\",\"margin\":\"remove-vertical\",\"meta_align\":\"bottom\",\"meta_color\":\"primary\",\"meta_style\":\"text-large\",\"show_content\":true,\"show_link\":true,\"show_meta\":true,\"show_title\":true,\"text_align\":\"center\",\"title_colon\":false,\"title_color\":\"success\",\"title_element\":\"div\",\"title_grid_column_gap\":\"small\",\"title_grid_row_gap\":\"small\",\"title_grid_width\":\"auto\",\"title_leader\":true,\"title_style\":\"h4\"},\"children\":[{\"type\":\"description_list_item\",\"props\":{\"content\":\"\n\n<p>Waffles da guarnire a piacere<br \\\/>Insalata di frutta di stagione con noci<br \\\/>Budini di semi di chia con more del bosco<br \\\/>Smoothie bowls di frutta con yogurt di soia o vaccino<br \\\/>Porridge di avena tiepido con frutta di stagione<\\\/p>\",\"meta\":\"\",\"title\":\"\"}},{\"type\":\"description_list_item\",\"props\":{\"content\":\"\n\n<p>Uova bio della valle Imagna preparate a piacere<br \\\/>Formaggini locali con Pere Madernassa e Miele di Castagno<br \\\/>Yogurt bio magro con composta di frutta<\\\/p>\",\"meta\":\"\",\"title\":\"DELIZIE DEL TERRITORIO\"}}]}]}]}]},{\"type\":\"section\",\"props\":{\"image_position\":\"center-center\",\"style\":\"default\",\"title_breakpoint\":\"xl\",\"title_position\":\"top-left\",\"title_rotation\":\"left\",\"vertical_align\":\"middle\",\"width\":\"default\"},\"children\":[{\"type\":\"row\",\"children\":[{\"type\":\"column\",\"props\":{\"image_position\":\"center-center\",\"position_sticky_breakpoint\":\"m\"},\"children\":[{\"type\":\"button\",\"props\":{\"fullwidth\":true,\"grid_column_gap\":\"small\",\"grid_row_gap\":\"small\",\"margin\":\"default\",\"text_align\":\"center\"},\"children\":[{\"type\":\"button_item\",\"props\":{\"button_style\":\"secondary\",\"content\":\"Prenota\",\"dialog_layout\":\"modal\",\"dialog_offcanvas_flip\":true,\"icon_align\":\"left\",\"link\":\"https:\\\/\\\/kaiser-farm.resos.com\\\/booking\",\"link_target\":\"blank\"}},{\"type\":\"button_item\",\"props\":{\"button_style\":\"secondary\",\"content\":\"Regala un'esperienza\",\"dialog_layout\":\"modal\",\"dialog_offcanvas_flip\":true,\"icon_align\":\"left\",\"link\":\"regala-un-esperienza\\\/\"}}]},{\"type\":\"divider\",\"props\":{\"divider_element\":\"hr\"}},{\"type\":\"text\",\"props\":{\"column_breakpoint\":\"m\",\"content\":\"\n\n<p><strong>Alcune indicazioni utili:<\\\/strong><\\\/p>\\n\n\n<ul>\\n\n\n<li>I menu degustativi possono subire delle variazioni in base alla disponibilit\\u00e0 dei prodotti e nel rispetto della stagionalit\\u00e0.<\\\/li>\\n\n\n<li>In presenza di allergie e\\\/o intolleranze alimentari, si rivolga al nostro personale, che provveder\\u00e0 a fornirle informazioni adeguate sui nostri cibi e bevande.<\\\/li>\\n\n\n<li>La nostra struttura \\u00e8 pensata per offrire un ambiente di totale tranquillit\\u00e0 e serenit\\u00e0, in cui cerchiamo di rispettare il riposo e la quiete degli altri ospiti. Per queste ragioni, non siamo in grado di accogliere famiglie con bambini di et\\u00e0 inferiore ai quattro anni.<\\\/li>\\n\n\n<li>Confidiamo nella Vostra discrezione riguardo all\\u2019utilizzo di telefoni cellulari.<\\\/li>\\n\n\n<li>Ricordiamo che non \\u00e8 consentito fumare, ad eccezione della sigaretta elettronica.<\\\/li>\\n\n\n<li>Sono permessi solo i cani di piccola taglia tenuti al guinzaglio.<\\\/li>\\n\n\n<li>Per la vostra sicurezza e il benessere dei nostri animali, vi preghiamo di non avvicinarvi n\\u00e9 dare loro da mangiare.<\\\/li>\\n<\\\/ul>\",\"margin\":\"default\"}}]}]}]}],\"version\":\"4.5.32\"} --><\/p>","protected":false},"excerpt":{"rendered":"<p>La prima colazione dovrebbe essere un pasto a tutti gli effetti, esattamente come il pranzo e la cena, anzi tra i tre \u00e8 proprio il pi\u00f9 importante: si arriva dal digiuno notturno e ci si deve preparare ad affrontare gli impegni della giornata.Una colazione da re, pranzo da principe e cena da povero, \u00e8 uno [&hellip;]<\/p>","protected":false},"author":1,"featured_media":0,"parent":0,"menu_order":0,"comment_status":"closed","ping_status":"closed","template":"","meta":{"_acf_changed":false,"footnotes":""},"class_list":["post-907","page","type-page","status-publish","hentry"],"acf":[],"_links":{"self":[{"href":"https:\/\/staging.kaiserfarmhouse.com\/de\/wp-json\/wp\/v2\/pages\/907","targetHints":{"allow":["GET"]}}],"collection":[{"href":"https:\/\/staging.kaiserfarmhouse.com\/de\/wp-json\/wp\/v2\/pages"}],"about":[{"href":"https:\/\/staging.kaiserfarmhouse.com\/de\/wp-json\/wp\/v2\/types\/page"}],"author":[{"embeddable":true,"href":"https:\/\/staging.kaiserfarmhouse.com\/de\/wp-json\/wp\/v2\/users\/1"}],"replies":[{"embeddable":true,"href":"https:\/\/staging.kaiserfarmhouse.com\/de\/wp-json\/wp\/v2\/comments?post=907"}],"version-history":[{"count":32,"href":"https:\/\/staging.kaiserfarmhouse.com\/de\/wp-json\/wp\/v2\/pages\/907\/revisions"}],"predecessor-version":[{"id":1415,"href":"https:\/\/staging.kaiserfarmhouse.com\/de\/wp-json\/wp\/v2\/pages\/907\/revisions\/1415"}],"wp:attachment":[{"href":"https:\/\/staging.kaiserfarmhouse.com\/de\/wp-json\/wp\/v2\/media?parent=907"}],"curies":[{"name":"wp","href":"https:\/\/api.w.org\/{rel}","templated":true}]}}