{"id":825,"date":"2025-11-14T21:22:59","date_gmt":"2025-11-14T21:22:59","guid":{"rendered":"https:\/\/youseeme.plus\/kaiser\/?page_id=825"},"modified":"2025-11-19T15:55:09","modified_gmt":"2025-11-19T15:55:09","slug":"ostereiersuche","status":"publish","type":"page","link":"https:\/\/staging.kaiserfarmhouse.com\/de\/ostereiersuche\/","title":{"rendered":"Ostereiersuche"},"content":{"rendered":"<h1>Die Ostereiersuche<\/h1>\n<h1>Osterwoche<\/h1>\n<h1>EIN KLEINER FR\u00dcHLINGSRITUS, DER IM GR\u00dcNEN ZU ERLEBEN IST<\/h1>\n<hr>\n<div>\n<p>Die Ostereiersuche ist eine<strong> Nordische Tradition<\/strong> der aufgrund unserer germanischen Herkunft schon immer zu unserer Kindheit geh\u00f6rte. Tats\u00e4chlich hat die Legende vom Osterhasen ihre Wurzeln in <strong>Deutschland<\/strong>.<\/p>\n<p>W\u00e4hrend der Fastenzeit war es verboten, Fleisch und Eier zu essen. Die H\u00fchner legten jedoch weiterhin Eier, und um sie haltbar zu machen, begann man, sie zu kochen. Einige f\u00e4rbten die Eier, indem sie w\u00e4hrend des Kochvorgangs Kr\u00e4uter hinzuf\u00fcgten, um sie von anderen Eiern zu unterscheiden. Am Ende der Fastenzeit verf\u00fcgten die Familien \u00fcber viele gekochte Eier. Zur gleichen Zeit waren im Fr\u00fchling viele Hasen auf den Feldern unterwegs. Die Deutschen begannen, Eier und Hasen mit dem Symbol der Fruchtbarkeit in Verbindung zu bringen, und so entstand die Tradition des <strong>Osterhase<\/strong>.<\/p>\n<\/p>\n<p>Die spannende Ostereiersuche ist <strong>eine Aktivit\u00e4t unter freiem Himmel<\/strong> die entlang einer vorher festgelegten Route stattfindet. Am Vorabend werden die dekorierten und bunten Eier sorgf\u00e4ltig auf der Wiese versteckt, und am n\u00e4chsten Morgen haben die Kinder, ausger\u00fcstet mit K\u00f6rben, viel Spa\u00df bei der Suche nach den Eiern, was f\u00fcr alle ein spannendes und fr\u00f6hliches Erlebnis ist.<\/p>\n<\/div>\n<hr>\n<p><p>\n        <a href=\"https:\/\/kaiser-farm.resos.com\/booking\">BUCH<\/a>\n    <\/p>\n<\/p>\n<p><img decoding=\"async\" src=\"\/wp-content\/uploads\/2025\/11\/KaiserFarmHouse-Eventi-Caccia-Uova-Pasqua-2.jpg\" alt=\"\"><br \/>\n<img decoding=\"async\" src=\"\/wp-content\/uploads\/2025\/11\/KaiserFarmHouse-Eventi-Caccia-Uova-Pasqua-1-1.jpg\" alt=\"\"><br \/>\n<img decoding=\"async\" src=\"\/wp-content\/uploads\/2025\/11\/KaiserFarmHouse-Eventi-Caccia-Uova-Pasqua-3.jpg\" alt=\"\"><\/p>\n<hr>\n<div>\n<p>Von Deutschland aus hat sich dieser Brauch in der ganzen Welt verbreitet, bei dem Kinder im ganzen Garten verzweifelt und mit viel Spa\u00df nach bunten Eiern und Schokoladeneiern suchen.<br \/><strong>F\u00fcr Kinder ist die Eiersuche der sch\u00f6nste Teil des Osterfestes.<\/strong><br \/>Die Elemente, die den Erfolg garantieren, sind alle vorhanden: S\u00fc\u00dfigkeiten, Schokolade, Aktivit\u00e4ten im Freien, bunte Eier, ein gesunder, unbeschwerter Wettbewerb und vor allem, <strong>Preise!<\/strong><\/p>\n<p>Die Orte, an denen wir die Jagd veranstalten, sind f\u00fcr Kinder sicher, so dass sie sich selbstst\u00e4ndig bewegen k\u00f6nnen. Das Gebiet ist gro\u00df und voller m\u00f6glicher Verstecke. Die Teilnahme ist sehr einfach: Am Eingang erhalten die Teilnehmer <strong>eine Schatzkarte<\/strong> die Kinder und ihre Familien bei der Entdeckung von Eiern begleiten werden.<br \/>Alle Eier m\u00fcssen im Korb gesammelt und am Ende des Spiels abgegeben werden.<br \/>Je nach Anzahl der gefundenen Eier wird eine <strong>passender Preis!<\/strong><br \/>Mit diesem Spiel werden die emotionalen und kognitiven Bereiche der Kinder angeregt, die von \u00dcberraschung und Entdeckung zu Bewegung und Lernen \u00fcbergehen.<\/p>\n<p>ALTER DER TEILNEHMER: 3 bis 10 Jahre alt<br \/>ANZAHL DER SPIELER: 50<br \/>WO SPIELEN: im Freien<br \/>WAS SIE BEN\u00d6TIGEN: einen Eierkorb f\u00fcr jeden Teilnehmer<br \/>JAGDKOSTEN: <strong>\u20ac 32<\/strong><\/p>\n<p><i>Eltern, die an der Veranstaltung teilnehmen, haben freien Zugang, und f\u00fcr diejenigen, die ihr Erlebnis noch bereichern m\u00f6chten, gibt es an unseren Erfrischungsstationen kleine \u00f6sterliche K\u00f6stlichkeiten zum Probieren, umgeben von der Sch\u00f6nheit der Natur, in einer wirklich einzigartigen Umgebung.<\/i><\/p>\n<\/div>\n<hr>\n<p><p>\n        <a href=\"https:\/\/kaiser-farm.resos.com\/booking\">BUCH<\/a>\n    <\/p>\n<\/p>\n<p><img decoding=\"async\" src=\"\/wp-content\/uploads\/2025\/11\/KaiserFarmHouse-Eventi-Caccia-Uova-Pasqua-4.jpg\" alt=\"\"><br \/>\n<img decoding=\"async\" src=\"\/wp-content\/uploads\/2025\/11\/KaiserFarmHouse-Eventi-Caccia-Uova-Pasqua-6.jpg\" alt=\"\"><br \/>\n<img decoding=\"async\" src=\"\/wp-content\/uploads\/2025\/11\/KaiserFarmHouse-Eventi-Caccia-Uova-Pasqua-5.jpg\" alt=\"\"><\/p>\n<h1><strong>Melden Sie sich f\u00fcr unseren Newsletter an<\/strong><\/h1>\n<div>\n<p>Halten Sie sich \u00fcber Veranstaltungstermine und Ernten auf dem Laufenden.<\/p>\n<\/div>\n<p><!--more--><br \/>\n<!-- {\"type\":\"layout\",\"children\":[{\"type\":\"section\",\"props\":{\"image\":\"wp-content\\\/uploads\\\/2025\\\/11\\\/KaiserFarmHouse-Eventi-Caccia-Uova-Pasqua.jpg\",\"image_position\":\"center-center\",\"image_size\":\"cover\",\"padding\":\"xlarge\",\"style\":\"default\",\"title_breakpoint\":\"xl\",\"title_position\":\"top-left\",\"title_rotation\":\"left\",\"vertical_align\":\"middle\",\"width\":\"default\"},\"children\":[{\"type\":\"row\",\"children\":[{\"type\":\"column\",\"props\":{\"image_position\":\"center-center\",\"position_sticky_breakpoint\":\"m\"}}]}]},{\"type\":\"section\",\"props\":{\"image_position\":\"center-center\",\"padding\":\"small\",\"style\":\"default\",\"title_breakpoint\":\"xl\",\"title_position\":\"top-left\",\"title_rotation\":\"left\",\"vertical_align\":\"middle\",\"width\":\"default\"},\"children\":[{\"type\":\"row\",\"children\":[{\"type\":\"column\",\"props\":{\"image_position\":\"center-center\",\"position_sticky_breakpoint\":\"m\"},\"children\":[{\"type\":\"headline\",\"props\":{\"content\":\"La caccia alle uova di Pasqua\",\"margin\":\"default\",\"margin_remove_bottom\":false,\"margin_remove_top\":false,\"text_align\":\"center\",\"title_element\":\"h1\",\"title_font_family\":\"tertiary\",\"title_style\":\"h1\"}},{\"type\":\"headline\",\"props\":{\"content\":\"La settimana di Pasqua\",\"margin_remove_top\":true,\"text_align\":\"center\",\"title_color\":\"success\",\"title_element\":\"h1\",\"title_style\":\"h4\"}},{\"type\":\"headline\",\"props\":{\"content\":\"UN PICCOLO RITO DI PRIMAVERA DA VIVERE NEL VERDE\",\"margin_remove_top\":true,\"text_align\":\"center\",\"title_element\":\"h1\",\"title_style\":\"text-large\"}},{\"type\":\"divider\",\"props\":{\"divider_element\":\"hr\"}},{\"type\":\"text\",\"props\":{\"block_align\":\"center\",\"column_breakpoint\":\"m\",\"content\":\"\n\n<p>La caccia alle uova di Pasqua \\u00e8 una<strong> tradizione nordica<\\\/strong> che ha sempre fatto parte della nostra infanzia, date le nostre origini germaniche. La leggenda del coniglietto di Pasqua ha infatti le sue radici proprio in <strong>Germania<\\\/strong>.<\\\/p>\\n\n\n<p>Durante la Quaresima, era vietato mangiare carne e uova. Tuttavia, le galline continuarono a deporre uova e, per conservarle, la gente inizi\\u00f2 a cucinarle. Alcuni coloravano le uova aggiungendo erbe durante il processo di cottura per differenziarle dalle altre. Alla fine del periodo di digiuno, le famiglie si trovarono con molte uova cotte. Nel contempo la primavera portava la presenza diffusa di molte lepri nei campi. I tedeschi cominciarono ad associare uova e conigli al simbolo della fertilit\\u00e0, dando cos\\u00ec origine alla tradizione del <strong>coniglietto di Pasqua<\\\/strong>.<\\\/p>\\n\n\n<p><\\\/p>\\n\n\n<p>L\\u2019entusiasmante caccia alle uova di Pasqua \\u00e8 <strong>un\\u2019attivit\\u00e0 all\\u2019aria aperta<\\\/strong> che si svolge lungo un percorso predefinito. La sera prima, le uova decorate e coloratissime vengono nascoste con cura nel prato ed al mattino successivo i bambini, muniti di cestini, si divertono a cercarle, creando un\\u2019esperienza coinvolgente e gioiosa per tutti.<\\\/p>\",\"margin\":\"\",\"maxwidth\":\"2xlarge\",\"text_style\":\"large\"}},{\"type\":\"divider\",\"props\":{\"divider_element\":\"hr\"}},{\"type\":\"button\",\"props\":{\"fullwidth\":true,\"grid_column_gap\":\"small\",\"grid_row_gap\":\"small\",\"margin\":\"default\",\"text_align\":\"center\"},\"children\":[{\"type\":\"button_item\",\"props\":{\"button_style\":\"secondary\",\"content\":\"PRENOTA\",\"dialog_layout\":\"modal\",\"dialog_offcanvas_flip\":true,\"icon_align\":\"left\",\"link\":\"https:\\\/\\\/kaiser-farm.resos.com\\\/booking\",\"link_target\":\"blank\"}}],\"name\":\"Prenota\"}]}]},{\"type\":\"row\",\"props\":{\"column_gap\":\"small\",\"layout\":\"1-3,1-3,1-3\"},\"children\":[{\"type\":\"column\",\"props\":{\"image_position\":\"center-center\",\"position_sticky_breakpoint\":\"m\",\"width_medium\":\"1-3\"},\"children\":[{\"type\":\"image\",\"props\":{\"image\":\"wp-content\\\/uploads\\\/2025\\\/11\\\/KaiserFarmHouse-Eventi-Caccia-Uova-Pasqua-2.jpg\",\"image_border\":\"rounded\",\"image_box_shadow\":\"large\",\"image_svg_color\":\"emphasis\",\"margin\":\"default\"}}]},{\"type\":\"column\",\"props\":{\"image_position\":\"center-center\",\"position_sticky_breakpoint\":\"m\",\"width_medium\":\"1-3\"},\"children\":[{\"type\":\"image\",\"props\":{\"image\":\"wp-content\\\/uploads\\\/2025\\\/11\\\/KaiserFarmHouse-Eventi-Caccia-Uova-Pasqua-1-1.jpg\",\"image_border\":\"rounded\",\"image_box_shadow\":\"large\",\"image_svg_color\":\"emphasis\",\"margin\":\"default\"}}]},{\"type\":\"column\",\"props\":{\"image_position\":\"center-center\",\"position_sticky_breakpoint\":\"m\",\"width_medium\":\"1-3\"},\"children\":[{\"type\":\"image\",\"props\":{\"image\":\"wp-content\\\/uploads\\\/2025\\\/11\\\/KaiserFarmHouse-Eventi-Caccia-Uova-Pasqua-3.jpg\",\"image_border\":\"rounded\",\"image_box_shadow\":\"large\",\"image_svg_color\":\"emphasis\",\"margin\":\"default\"}}]}]},{\"type\":\"row\",\"children\":[{\"type\":\"column\",\"props\":{\"image_position\":\"center-center\",\"position_sticky_breakpoint\":\"m\"},\"children\":[{\"type\":\"divider\",\"props\":{\"divider_element\":\"hr\"}},{\"type\":\"text\",\"props\":{\"block_align\":\"center\",\"column_breakpoint\":\"m\",\"content\":\"\n\n<p>Dalla Germania questa usanza si \\u00e8 diffusa in tutto il mondo, coinvolgendo i bambini in una frenetica e divertente ricerca di uova e ovetti colorati o di cioccolata, in tutto il giardino.<br \\\/><strong>La caccia alle uova \\u00e8 per i bambini, la parte migliore delle feste pasquali.<\\\/strong><br \\\/>Gli elementi per il successo assicurato ci sono tutti: caramelle, cioccolato, attivit\\u00e0 all\\u2019aperto, uova colorate, una sana competizione spensierata e, soprattutto, <strong>premi!<\\\/strong><\\\/p>\\n\n\n<p>I luoghi in cui allestiamo la caccia sono sicuri per i bambini, in modo che possano muoversi in autonomia. L\\u2019area \\u00e8 grande e piena di possibili nascondigli. Partecipare \\u00e8 semplicissimo: all\\u2019ingresso i partecipanti riceveranno <strong>una mappa del tesoro<\\\/strong> che guider\\u00e0 i bambini e loro familiari alla scoperta delle uova.<br \\\/>Tutte le uova dovranno essere raccolte nel cestino e consegnate al termine del gioco.<br \\\/>In base al numero di uova trovate, verr\\u00e0 assegnato un <strong>premio corrispondente!<\\\/strong><br \\\/>Con questo gioco si riesce a stimolare le sfere emozionale e cognitiva dei bambini, passando dalla sorpresa e dalla scoperta al movimento e all\\u2019apprendimento.<\\\/p>\\n\n\n<p>ET\\u00c0 DEI PARTECIPANTI: dai 3 ai 10 anni<br \\\/>NUMERO GIOCATORI: 50<br \\\/>DOVE SI GIOCA: all\\u2019aperto<br \\\/>COSA OCCORRE: un cestino porta uova per ogni partecipante<br \\\/>COSTO CACCIA: <strong>\\u20ac 32<\\\/strong><\\\/p>\\n\n\n<p><i>I genitori che si uniranno all\\u2019evento avranno accesso gratuito e, per coloro che vorranno arricchire ulteriormente la loro esperienza, saranno disponibili piccole delizie a tema pasquale, che potranno essere degustate nei nostri punti di ristoro, immersi nella bellezza della natura, all\\u2019interno di un contesto davvero unico.<\\\/i><\\\/p>\",\"margin\":\"\",\"maxwidth\":\"2xlarge\",\"text_style\":\"large\"}},{\"type\":\"divider\",\"props\":{\"divider_element\":\"hr\"}},{\"type\":\"button\",\"props\":{\"fullwidth\":true,\"grid_column_gap\":\"small\",\"grid_row_gap\":\"small\",\"margin\":\"default\",\"text_align\":\"center\"},\"children\":[{\"type\":\"button_item\",\"props\":{\"button_style\":\"secondary\",\"content\":\"PRENOTA\",\"dialog_layout\":\"modal\",\"dialog_offcanvas_flip\":true,\"icon_align\":\"left\",\"link\":\"https:\\\/\\\/kaiser-farm.resos.com\\\/booking\",\"link_target\":\"blank\"}}],\"name\":\"Prenota\"}]}]},{\"type\":\"row\",\"props\":{\"column_gap\":\"small\",\"layout\":\"1-3,1-3,1-3\"},\"children\":[{\"type\":\"column\",\"props\":{\"image_position\":\"center-center\",\"position_sticky_breakpoint\":\"m\",\"width_medium\":\"1-3\"},\"children\":[{\"type\":\"image\",\"props\":{\"image\":\"wp-content\\\/uploads\\\/2025\\\/11\\\/KaiserFarmHouse-Eventi-Caccia-Uova-Pasqua-4.jpg\",\"image_border\":\"rounded\",\"image_box_shadow\":\"large\",\"image_svg_color\":\"emphasis\",\"margin\":\"default\"}}]},{\"type\":\"column\",\"props\":{\"image_position\":\"center-center\",\"position_sticky_breakpoint\":\"m\",\"width_medium\":\"1-3\"},\"children\":[{\"type\":\"image\",\"props\":{\"image\":\"wp-content\\\/uploads\\\/2025\\\/11\\\/KaiserFarmHouse-Eventi-Caccia-Uova-Pasqua-6.jpg\",\"image_border\":\"rounded\",\"image_box_shadow\":\"large\",\"image_svg_color\":\"emphasis\",\"margin\":\"default\"}}]},{\"type\":\"column\",\"props\":{\"image_position\":\"center-center\",\"position_sticky_breakpoint\":\"m\",\"width_medium\":\"1-3\"},\"children\":[{\"type\":\"image\",\"props\":{\"image\":\"wp-content\\\/uploads\\\/2025\\\/11\\\/KaiserFarmHouse-Eventi-Caccia-Uova-Pasqua-5.jpg\",\"image_border\":\"rounded\",\"image_box_shadow\":\"large\",\"image_svg_color\":\"emphasis\",\"margin\":\"default\"}}]}]}]},{\"type\":\"section\",\"props\":{\"image_position\":\"center-center\",\"style\":\"muted\",\"title_breakpoint\":\"xl\",\"title_position\":\"top-left\",\"title_rotation\":\"left\",\"vertical_align\":\"middle\",\"width\":\"xsmall\"},\"children\":[{\"type\":\"row\",\"children\":[{\"type\":\"column\",\"props\":{\"image_position\":\"center-center\",\"position_sticky_breakpoint\":\"m\"},\"children\":[{\"type\":\"headline\",\"props\":{\"content\":\"<strong>Iscriviti alla nostra newsletter<\\\/strong>\",\"margin_remove_bottom\":true,\"title_decoration\":\"divider\",\"title_element\":\"h1\",\"title_style\":\"h3\"}},{\"type\":\"text\",\"props\":{\"block_align\":\"center\",\"column_breakpoint\":\"m\",\"content\":\"\n\n<p>Per restare sempre aggiornato sulle date degli eventi e dei raccolti.<\\\/p>\",\"margin\":\"medium\",\"margin_remove_top\":true,\"maxwidth\":\"2xlarge\",\"text_style\":\"large\"}},{\"name\":\"Newsletter Size Default\",\"type\":\"newsletter\",\"props\":{\"button_icon\":\"mail\",\"button_mode\":\"button\",\"button_style\":\"secondary\",\"cmonitor\":{\"client_id\":\"\",\"list_id\":\"\"},\"gap\":\"small\",\"label_button\":\"Subscribe\",\"label_email\":\"Email address\",\"label_first_name\":\"First name\",\"label_last_name\":\"Last name\",\"layout\":\"grid\",\"mailchimp\":{\"client_id\":\"\",\"list_id\":\"605f9614f5\",\"double_optin\":false},\"provider\":{\"name\":\"mailchimp\",\"after_submit\":\"message\",\"message\":\"Sei stato iscritto con successo.\",\"redirect\":\"\"},\"show_name\":false}}]}]}]}],\"version\":\"4.5.32\"} --><\/p>","protected":false},"excerpt":{"rendered":"<p>La caccia alle uova di Pasqua La settimana di Pasqua UN PICCOLO RITO DI PRIMAVERA DA VIVERE NEL VERDE La caccia alle uova di Pasqua \u00e8 una tradizione nordica che ha sempre fatto parte della nostra infanzia, date le nostre origini germaniche. La leggenda del coniglietto di Pasqua ha infatti le sue radici proprio in [&hellip;]<\/p>","protected":false},"author":1,"featured_media":0,"parent":0,"menu_order":0,"comment_status":"closed","ping_status":"closed","template":"","meta":{"_acf_changed":false,"footnotes":""},"class_list":["post-825","page","type-page","status-publish","hentry"],"acf":[],"_links":{"self":[{"href":"https:\/\/staging.kaiserfarmhouse.com\/de\/wp-json\/wp\/v2\/pages\/825","targetHints":{"allow":["GET"]}}],"collection":[{"href":"https:\/\/staging.kaiserfarmhouse.com\/de\/wp-json\/wp\/v2\/pages"}],"about":[{"href":"https:\/\/staging.kaiserfarmhouse.com\/de\/wp-json\/wp\/v2\/types\/page"}],"author":[{"embeddable":true,"href":"https:\/\/staging.kaiserfarmhouse.com\/de\/wp-json\/wp\/v2\/users\/1"}],"replies":[{"embeddable":true,"href":"https:\/\/staging.kaiserfarmhouse.com\/de\/wp-json\/wp\/v2\/comments?post=825"}],"version-history":[{"count":20,"href":"https:\/\/staging.kaiserfarmhouse.com\/de\/wp-json\/wp\/v2\/pages\/825\/revisions"}],"predecessor-version":[{"id":1286,"href":"https:\/\/staging.kaiserfarmhouse.com\/de\/wp-json\/wp\/v2\/pages\/825\/revisions\/1286"}],"wp:attachment":[{"href":"https:\/\/staging.kaiserfarmhouse.com\/de\/wp-json\/wp\/v2\/media?parent=825"}],"curies":[{"name":"wp","href":"https:\/\/api.w.org\/{rel}","templated":true}]}}