{"id":823,"date":"2025-11-14T21:22:59","date_gmt":"2025-11-14T21:22:59","guid":{"rendered":"https:\/\/youseeme.plus\/kaiser\/?page_id=823"},"modified":"2025-11-19T15:53:58","modified_gmt":"2025-11-19T15:53:58","slug":"lautoraccolta","status":"publish","type":"page","link":"https:\/\/staging.kaiserfarmhouse.com\/de\/lautoraccolta\/","title":{"rendered":"Die Selbstabholung"},"content":{"rendered":"<h1>Die Selbstabholung<\/h1>\n<h1>Der Dienst wird ab Ende M\u00e4rz verf\u00fcgbar sein.<\/h1>\n<h1>OBST, GEM\u00dcSE UND BLUMEN ZUR SELBSTBEDIENUNG<\/h1>\n<hr>\n<div>\n<p>Unser Obstgarten steht Jung und Alt gleicherma\u00dfen offen: ein Ort, an dem jeder Obst und Gem\u00fcse direkt von den Pflanzen pfl\u00fccken kann, wenn sie reif sind und ihr Aroma, ihre Textur und ihr N\u00e4hrwert ihren H\u00f6hepunkt erreicht haben.<\/p>\n<p>Die Selbsternte, die in Norditalien immer h\u00e4ufiger praktiziert wird, bietet eine authentische und \u00fcberraschende Erfahrung: Sie erm\u00f6glicht es, mit eigenen Augen zu sehen, wo die Produkte angebaut werden, sie zu ber\u00fchren und die besten Fr\u00fcchte auszuw\u00e4hlen, frisch, gesund und im richtigen Reifestadium. Es handelt sich um eine einfache und ansprechende Aktivit\u00e4t, die sich perfekt eignet, um mit der Familie Zeit im Freien zu verbringen, inmitten der Natur und im echten Rhythmus des l\u00e4ndlichen Raums.<\/p>\n<p>Je nach Jahreszeit finden Sie hier Obst, Gem\u00fcse und Kr\u00e4uter, die mit reinen und nat\u00fcrlichen Methoden angebaut werden, mit vollem Respekt f\u00fcr den Boden und seine Jahreszeiten.<br \/>Im Fr\u00fchjahr verwandeln sich die Felder in eine farbenfrohe Tulpenwiese: Die Besucher k\u00f6nnen sich ihre Lieblingssorten und -mengen selbst aussuchen.<br \/>Die Tulpe, Symbol des Fr\u00fchlings, geh\u00f6rt zu den ersten Blumen, die jedes Jahr bl\u00fchen: Sie wird wegen ihrer Eleganz, ihrer Form und ihrer unglaublichen Farbenvielfalt geliebt.<\/p>\n<\/div>\n<hr>\n<p><p>\n        <a href=\"https:\/\/kaiser-farm.resos.com\/booking\">BUCH<\/a>\n    <\/p>\n<\/p>\n<p><img decoding=\"async\" src=\"\/wp-content\/uploads\/2025\/11\/KaiserFarmHouse-Autoraccolta-2.jpg\" alt=\"\"><br \/>\n<img decoding=\"async\" src=\"\/wp-content\/uploads\/2025\/11\/KaiserFarmHouse-Autoraccolta-3-1.jpg\" alt=\"\"><br \/>\n<img decoding=\"async\" src=\"\/wp-content\/uploads\/2025\/11\/KaiserFarmHouse-Autoraccolta-4-1.jpg\" alt=\"\"><\/p>\n<div>\n<p>Um an der Selbsternte von Obst und Gem\u00fcse teilzunehmen, ist eine Reservierung unter Angabe des gew\u00fcnschten Zeitraums erforderlich.<br \/>Der Zugang zu den Tulpenfeldern hingegen ist kostenlos und erfordert keine Reservierung.<\/p>\n<p>Der Eintritt kostet 6,00 \u20ac pro Person und beinhaltet 3 Tulpen. Vor dem Betreten der Felder werden einige einfache Regeln f\u00fcr eine korrekte Ernte mit vollem Respekt f\u00fcr die Pflanzen erkl\u00e4rt.<br \/>Bitte bringen Sie Ihre eigenen Scheren und K\u00f6rbe zum Sammeln mit.<br \/>Das geerntete Obst und Gem\u00fcse wird am Ende des Erlebnisses gewogen, und die Bezahlung erfolgt entsprechend der gew\u00e4hlten Menge.<br \/>Der Preis pro geschnittener Tulpe (ohne Zwiebel) betr\u00e4gt 1,50 \u20ac.<\/p>\n<p>Hunde und andere Tiere sind nicht erlaubt.<\/p>\n<p>Auf Vorbestellung ist es m\u00f6glich, in den Verkostungsr\u00e4umen unseres Herrenhauses aus dem 17. Jahrhundert zu fr\u00fchst\u00fccken.<br \/>Den G\u00e4sten stehen au\u00dferdem zahlreiche Au\u00dfenbereiche mit Tischen, St\u00fchlen und Sonnenschirmen zur Verf\u00fcgung, um die Landschaft in aller Ruhe zu genie\u00dfen.<\/p>\n<p>Zum Abschluss des Tages k\u00f6nnen Sie den Hofladen auf dem Landgut besuchen, in dem wir eine Auswahl unserer Produkte anbieten: handgefertigtes Topfobst und -gem\u00fcse, Honig von unseren Bienen und unser natives Oliven\u00f6l extra.<br \/>Eine M\u00f6glichkeit, den unverf\u00e4lschten Geschmack unseres Bauernhofs nach Hause zu bringen.<\/p>\n<\/div>\n<hr>\n<p><p>\n        <a href=\"https:\/\/kaiser-farm.resos.com\/booking\">BUCH<\/a>\n    <\/p>\n<\/p>\n<p><img decoding=\"async\" src=\"\/wp-content\/uploads\/2025\/11\/KaiserFarmHouse-Autoraccolta-5.jpg\" alt=\"\"><br \/>\n<img decoding=\"async\" src=\"\/wp-content\/uploads\/2025\/11\/KaiserFarmHouse-Autoraccolta-6.jpg\" alt=\"\"><br \/>\n<img decoding=\"async\" src=\"\/wp-content\/uploads\/2025\/11\/KaiserFarmHouse-Autoraccolta-7.jpg\" alt=\"\"><\/p>\n<div>\n<p>Hier ist ein kleines Vademekum von Dingen, die Sie vor Ihrem Besuch wissen sollten:<\/p>\n<ol>\n<li><strong>Berechnen Sie mindestens eine Stunde<\/strong> f\u00fcr den Besuch auf den bewirtschafteten Feldern: den Moment ohne Eile genie\u00dfen<\/li>\n<li><strong>Befolgen Sie die Anweisungen<\/strong> die wir Ihnen am Eingang aush\u00e4ndigen, damit Sie Obst, Gem\u00fcse und Blumen richtig pfl\u00fccken k\u00f6nnen, ohne die Pflanzen oder Zwiebeln zu zerrei\u00dfen oder zu besch\u00e4digen.<\/li>\n<li><strong>Machen Sie einen Rundgang durch die Felder<\/strong> bevor Sie mit der Ernte beginnen. W\u00e4hlen und entscheiden Sie, was Sie ernten wollen, schneiden Sie nur, was Sie ausgew\u00e4hlt haben und <strong>nehmen Sie alles, was<\/strong> die Sie gesammelt haben.<\/li>\n<li><strong>Achten Sie darauf, nicht auf die Blumen und Setzlinge zu treten<\/strong>. Bleiben Sie immer auf dem Gehweg und respektieren Sie diejenigen, die die Felder bestellt haben, und die Menschen, die nach Ihnen kommen werden.<\/li>\n<\/ol>\n<\/div>\n<p><p>\n        <a href=\"https:\/\/kaiser-farm.resos.com\/booking\">BUCH<\/a>\n    <\/p>\n<\/p>\n<h1><strong>Melden Sie sich f\u00fcr unseren Newsletter an<\/strong><\/h1>\n<div>\n<p>Halten Sie sich \u00fcber Veranstaltungstermine und Ernten auf dem Laufenden.<\/p>\n<\/div>\n<p><!--more--><br \/>\n<!-- {\"type\":\"layout\",\"children\":[{\"type\":\"section\",\"props\":{\"image\":\"wp-content\\\/uploads\\\/2025\\\/11\\\/KaiserFarmHouse-Autoraccolta-1.jpg\",\"image_position\":\"center-center\",\"image_size\":\"cover\",\"padding\":\"xlarge\",\"style\":\"default\",\"title_breakpoint\":\"xl\",\"title_position\":\"top-left\",\"title_rotation\":\"left\",\"vertical_align\":\"middle\",\"width\":\"default\"},\"children\":[{\"type\":\"row\",\"children\":[{\"type\":\"column\",\"props\":{\"image_position\":\"center-center\",\"position_sticky_breakpoint\":\"m\"}}]}]},{\"type\":\"section\",\"props\":{\"image_position\":\"center-center\",\"padding\":\"small\",\"style\":\"default\",\"title_breakpoint\":\"xl\",\"title_position\":\"top-left\",\"title_rotation\":\"left\",\"vertical_align\":\"middle\",\"width\":\"default\"},\"children\":[{\"type\":\"row\",\"children\":[{\"type\":\"column\",\"props\":{\"image_position\":\"center-center\",\"position_sticky_breakpoint\":\"m\"},\"children\":[{\"type\":\"headline\",\"props\":{\"content\":\"L'autoraccolta\",\"margin\":\"default\",\"margin_remove_bottom\":false,\"margin_remove_top\":false,\"text_align\":\"center\",\"title_element\":\"h1\",\"title_font_family\":\"tertiary\",\"title_style\":\"h1\"}},{\"type\":\"headline\",\"props\":{\"content\":\"Il servizio sar\\u00e0 disponibile da fine Marzo\",\"margin_remove_top\":true,\"text_align\":\"center\",\"title_color\":\"success\",\"title_element\":\"h1\",\"title_style\":\"h4\"}},{\"type\":\"headline\",\"props\":{\"content\":\"FRUTTA, VERDURA E FIORI SELF-SERVICE\",\"margin_remove_top\":true,\"text_align\":\"center\",\"title_element\":\"h1\",\"title_style\":\"text-large\"}},{\"type\":\"divider\",\"props\":{\"divider_element\":\"hr\"}},{\"type\":\"text\",\"props\":{\"block_align\":\"center\",\"column_breakpoint\":\"m\",\"content\":\"\n\n<p>Il nostro frutteto \\u00e8 aperto a grandi e piccoli: un luogo dove ognuno pu\\u00f2 raccogliere direttamente dalle piante frutta e verdura al massimo della maturazione, quando aromi, consistenza e propriet\\u00e0 nutrizionali raggiungono il loro apice.<\\\/p>\\n\n\n<p>L\\u2019auto-raccolta, una pratica oggi sempre pi\\u00f9 diffusa nel Nord Italia, offre un\\u2019esperienza autentica e sorprendente: permette di vedere con i propri occhi dove nascono i prodotti, toccarli, scegliere il frutto migliore, fresco, sano e al giusto grado di maturazione. \\u00c8 un\\u2019attivit\\u00e0 semplice e coinvolgente, perfetta per trascorrere del tempo all\\u2019aria aperta con la famiglia, immersi nella natura e nei ritmi reali della campagna.<\\\/p>\\n\n\n<p>A seconda della stagione si possono trovare frutta, ortaggi ed erbe aromatiche coltivati con metodi puri e naturali, nel totale rispetto del terreno e delle sue stagioni.<br \\\/>In primavera, i campi si trasformano in una distesa colorata di tulipani: chi ci visita pu\\u00f2 scegliere e cogliere in autonomia le variet\\u00e0 e le quantit\\u00e0 preferite.<br \\\/>Il tulipano, simbolo della primavera, \\u00e8 tra i primi fiori a sbocciare ogni anno: amato per la sua eleganza, la sua forma e la sua incredibile gamma di colori.<\\\/p>\",\"margin\":\"\",\"maxwidth\":\"2xlarge\",\"text_style\":\"large\"}},{\"type\":\"divider\",\"props\":{\"divider_element\":\"hr\"}},{\"type\":\"button\",\"props\":{\"fullwidth\":true,\"grid_column_gap\":\"small\",\"grid_row_gap\":\"small\",\"margin\":\"default\",\"text_align\":\"center\"},\"children\":[{\"type\":\"button_item\",\"props\":{\"button_style\":\"secondary\",\"content\":\"PRENOTA\",\"dialog_layout\":\"modal\",\"dialog_offcanvas_flip\":true,\"icon_align\":\"left\",\"link\":\"https:\\\/\\\/kaiser-farm.resos.com\\\/booking\",\"link_target\":\"blank\"}}],\"name\":\"Prenota\"}]}]},{\"type\":\"row\",\"props\":{\"column_gap\":\"small\",\"layout\":\"1-3,1-3,1-3\"},\"children\":[{\"type\":\"column\",\"props\":{\"image_position\":\"center-center\",\"position_sticky_breakpoint\":\"m\",\"width_medium\":\"1-3\"},\"children\":[{\"type\":\"image\",\"props\":{\"image\":\"wp-content\\\/uploads\\\/2025\\\/11\\\/KaiserFarmHouse-Autoraccolta-2.jpg\",\"image_border\":\"rounded\",\"image_box_shadow\":\"large\",\"image_svg_color\":\"emphasis\",\"margin\":\"default\"}}]},{\"type\":\"column\",\"props\":{\"image_position\":\"center-center\",\"position_sticky_breakpoint\":\"m\",\"width_medium\":\"1-3\"},\"children\":[{\"type\":\"image\",\"props\":{\"image\":\"wp-content\\\/uploads\\\/2025\\\/11\\\/KaiserFarmHouse-Autoraccolta-3-1.jpg\",\"image_border\":\"rounded\",\"image_box_shadow\":\"large\",\"image_svg_color\":\"emphasis\",\"margin\":\"default\"}}]},{\"type\":\"column\",\"props\":{\"image_position\":\"center-center\",\"position_sticky_breakpoint\":\"m\",\"width_medium\":\"1-3\"},\"children\":[{\"type\":\"image\",\"props\":{\"image\":\"wp-content\\\/uploads\\\/2025\\\/11\\\/KaiserFarmHouse-Autoraccolta-4-1.jpg\",\"image_border\":\"rounded\",\"image_box_shadow\":\"large\",\"image_svg_color\":\"emphasis\",\"margin\":\"default\"}}]}]},{\"type\":\"row\",\"children\":[{\"type\":\"column\",\"props\":{\"image_position\":\"center-center\",\"position_sticky_breakpoint\":\"m\"},\"children\":[{\"type\":\"text\",\"props\":{\"block_align\":\"center\",\"column_breakpoint\":\"m\",\"content\":\"\n\n<p>Per partecipare all\\u2019auto-raccolta di frutta e verdura \\u00e8 necessario effettuare una prenotazione, indicando la fascia oraria preferita.<br \\\/>L\\u2019accesso ai campi di tulipani, invece, \\u00e8 libero e non richiede prenotazione.<\\\/p>\\n\n\n<p>L\\u2019ingresso ha un costo di \\u20ac 6,00 a persona e include 3 tulipani. Prima di accedere ai campi verranno spiegate alcune semplici regole per una raccolta corretta, nel pieno rispetto delle piante.<br \\\/>Vi invitiamo a portarvi forbici e cestini personali per la raccolta.<br \\\/>La frutta e la verdura raccolte vengono pesate al termine dell\\u2019esperienza e il pagamento avviene in base alla quantit\\u00e0 scelta.<br \\\/>Il costo per ogni tulipano reciso (senza bulbo) \\u00e8 di \\u20ac 1,50.<\\\/p>\\n\n\n<p>Non \\u00e8 consentito l\\u2019accesso ai cani e agli altri animali.<\\\/p>\\n\n\n<p>Su prenotazione \\u00e8 possibile fermarsi per una colazione nelle aree degustative all\\u2019interno della nostra dimora seicentesca.<br \\\/>Gli ospiti hanno inoltre a disposizione ampi spazi all\\u2019aperto, attrezzati con tavoli, sedie e ombrelloni, per vivere la campagna in totale tranquillit\\u00e0.<\\\/p>\\n\n\n<p>Per concludere la giornata, \\u00e8 possibile visitare lo shop aziendale all\\u2019interno della tenuta, dove proponiamo una selezione dei nostri prodotti: frutta e verdura in vaso lavorate artigianalmente, il miele delle nostre api e il nostro olio extravergine d\\u2019oliva.<br \\\/>Un modo per portare a casa i sapori genuini della nostra azienda agricola.<\\\/p>\",\"margin\":\"\",\"maxwidth\":\"2xlarge\",\"text_style\":\"large\"}},{\"type\":\"divider\",\"props\":{\"divider_element\":\"hr\"}},{\"type\":\"button\",\"props\":{\"fullwidth\":true,\"grid_column_gap\":\"small\",\"grid_row_gap\":\"small\",\"margin\":\"default\",\"text_align\":\"center\"},\"children\":[{\"type\":\"button_item\",\"props\":{\"button_style\":\"secondary\",\"content\":\"PRENOTA\",\"dialog_layout\":\"modal\",\"dialog_offcanvas_flip\":true,\"icon_align\":\"left\",\"link\":\"https:\\\/\\\/kaiser-farm.resos.com\\\/booking\",\"link_target\":\"blank\"}}],\"name\":\"Prenota\"}]}]},{\"type\":\"row\",\"props\":{\"column_gap\":\"small\",\"layout\":\"1-3,1-3,1-3\"},\"children\":[{\"type\":\"column\",\"props\":{\"image_position\":\"center-center\",\"position_sticky_breakpoint\":\"m\",\"width_medium\":\"1-3\"},\"children\":[{\"type\":\"image\",\"props\":{\"image\":\"wp-content\\\/uploads\\\/2025\\\/11\\\/KaiserFarmHouse-Autoraccolta-5.jpg\",\"image_border\":\"rounded\",\"image_box_shadow\":\"large\",\"image_svg_color\":\"emphasis\",\"margin\":\"default\"}}]},{\"type\":\"column\",\"props\":{\"image_position\":\"center-center\",\"position_sticky_breakpoint\":\"m\",\"width_medium\":\"1-3\"},\"children\":[{\"type\":\"image\",\"props\":{\"image\":\"wp-content\\\/uploads\\\/2025\\\/11\\\/KaiserFarmHouse-Autoraccolta-6.jpg\",\"image_border\":\"rounded\",\"image_box_shadow\":\"large\",\"image_svg_color\":\"emphasis\",\"margin\":\"default\"}}]},{\"type\":\"column\",\"props\":{\"image_position\":\"center-center\",\"position_sticky_breakpoint\":\"m\",\"width_medium\":\"1-3\"},\"children\":[{\"type\":\"image\",\"props\":{\"image\":\"wp-content\\\/uploads\\\/2025\\\/11\\\/KaiserFarmHouse-Autoraccolta-7.jpg\",\"image_border\":\"rounded\",\"image_box_shadow\":\"large\",\"image_svg_color\":\"emphasis\",\"margin\":\"default\"}}]}]},{\"type\":\"row\",\"children\":[{\"type\":\"column\",\"props\":{\"image_position\":\"center-center\",\"position_sticky_breakpoint\":\"m\"},\"children\":[{\"type\":\"text\",\"props\":{\"block_align\":\"center\",\"column_breakpoint\":\"m\",\"content\":\"\n\n<p>Qui di seguito un piccolo vademecum delle cose da sapere prima della visita:<\\\/p>\\n\n\n<ol>\\n\n\n<li><strong>Calcolate almeno un\\u2019ora<\\\/strong> per la visita ai campi coltivati: godetevi il momento senza fretta<\\\/li>\\n\n\n<li><strong>Seguite le istruzioni<\\\/strong> che vi daremo all\\u2019ingresso per raccogliere frutta, ortaggi o fiori in modo corretto evitando di strappare e danneggiare le piante o i bulbi.<\\\/li>\\n\n\n<li><strong>Fate un giro completo dei campi<\\\/strong> prima di iniziare la raccolta. Scegliete e decidete cosa raccogliere, recidete soltanto quanto scelto e <strong>prendete tutto quello<\\\/strong> che avete raccolto.<\\\/li>\\n\n\n<li><strong>Fate attenzione a non calpestare i fiori e le piantine<\\\/strong>. Restate sempre sul vialetto calpestabile, nel rispetto di chi ha coltivato i campi e delle persone che arriveranno dopo di voi.<\\\/li>\\n<\\\/ol>\",\"margin\":\"\",\"maxwidth\":\"2xlarge\",\"text_style\":\"large\"}},{\"type\":\"button\",\"props\":{\"fullwidth\":true,\"grid_column_gap\":\"small\",\"grid_row_gap\":\"small\",\"margin\":\"default\",\"text_align\":\"center\"},\"children\":[{\"type\":\"button_item\",\"props\":{\"button_style\":\"secondary\",\"content\":\"PRENOTA\",\"dialog_layout\":\"modal\",\"dialog_offcanvas_flip\":true,\"icon_align\":\"left\",\"link\":\"https:\\\/\\\/kaiser-farm.resos.com\\\/booking\",\"link_target\":\"blank\"}}],\"name\":\"Prenota\"}]}]}]},{\"type\":\"section\",\"props\":{\"image_position\":\"center-center\",\"style\":\"muted\",\"title_breakpoint\":\"xl\",\"title_position\":\"top-left\",\"title_rotation\":\"left\",\"vertical_align\":\"middle\",\"width\":\"xsmall\"},\"children\":[{\"type\":\"row\",\"children\":[{\"type\":\"column\",\"props\":{\"image_position\":\"center-center\",\"position_sticky_breakpoint\":\"m\"},\"children\":[{\"type\":\"headline\",\"props\":{\"content\":\"<strong>Iscriviti alla nostra newsletter<\\\/strong>\",\"margin_remove_bottom\":true,\"title_decoration\":\"divider\",\"title_element\":\"h1\",\"title_style\":\"h3\"}},{\"type\":\"text\",\"props\":{\"block_align\":\"center\",\"column_breakpoint\":\"m\",\"content\":\"\n\n<p>Per restare sempre aggiornato sulle date degli eventi e dei raccolti.<\\\/p>\",\"margin\":\"medium\",\"margin_remove_top\":true,\"maxwidth\":\"2xlarge\",\"text_style\":\"large\"}},{\"name\":\"Newsletter Size Default\",\"type\":\"newsletter\",\"props\":{\"button_icon\":\"mail\",\"button_mode\":\"button\",\"button_style\":\"secondary\",\"cmonitor\":{\"client_id\":\"\",\"list_id\":\"\"},\"gap\":\"small\",\"label_button\":\"Subscribe\",\"label_email\":\"Email address\",\"label_first_name\":\"First name\",\"label_last_name\":\"Last name\",\"layout\":\"grid\",\"mailchimp\":{\"client_id\":\"\",\"list_id\":\"605f9614f5\",\"double_optin\":false},\"provider\":{\"name\":\"mailchimp\",\"after_submit\":\"message\",\"message\":\"Sei stato iscritto con successo.\",\"redirect\":\"\"},\"show_name\":false}}]}]}]}],\"version\":\"4.5.32\"} --><\/p>","protected":false},"excerpt":{"rendered":"<p>L&#8217;autoraccolta Il servizio sar\u00e0 disponibile da fine Marzo FRUTTA, VERDURA E FIORI SELF-SERVICE Il nostro frutteto \u00e8 aperto a grandi e piccoli: un luogo dove ognuno pu\u00f2 raccogliere direttamente dalle piante frutta e verdura al massimo della maturazione, quando aromi, consistenza e propriet\u00e0 nutrizionali raggiungono il loro apice. L\u2019auto-raccolta, una pratica oggi sempre pi\u00f9 diffusa [&hellip;]<\/p>","protected":false},"author":1,"featured_media":0,"parent":0,"menu_order":0,"comment_status":"closed","ping_status":"closed","template":"","meta":{"_acf_changed":false,"footnotes":""},"class_list":["post-823","page","type-page","status-publish","hentry"],"acf":[],"_links":{"self":[{"href":"https:\/\/staging.kaiserfarmhouse.com\/de\/wp-json\/wp\/v2\/pages\/823","targetHints":{"allow":["GET"]}}],"collection":[{"href":"https:\/\/staging.kaiserfarmhouse.com\/de\/wp-json\/wp\/v2\/pages"}],"about":[{"href":"https:\/\/staging.kaiserfarmhouse.com\/de\/wp-json\/wp\/v2\/types\/page"}],"author":[{"embeddable":true,"href":"https:\/\/staging.kaiserfarmhouse.com\/de\/wp-json\/wp\/v2\/users\/1"}],"replies":[{"embeddable":true,"href":"https:\/\/staging.kaiserfarmhouse.com\/de\/wp-json\/wp\/v2\/comments?post=823"}],"version-history":[{"count":23,"href":"https:\/\/staging.kaiserfarmhouse.com\/de\/wp-json\/wp\/v2\/pages\/823\/revisions"}],"predecessor-version":[{"id":1277,"href":"https:\/\/staging.kaiserfarmhouse.com\/de\/wp-json\/wp\/v2\/pages\/823\/revisions\/1277"}],"wp:attachment":[{"href":"https:\/\/staging.kaiserfarmhouse.com\/de\/wp-json\/wp\/v2\/media?parent=823"}],"curies":[{"name":"wp","href":"https:\/\/api.w.org\/{rel}","templated":true}]}}