{"id":811,"date":"2025-11-14T20:57:02","date_gmt":"2025-11-14T20:57:02","guid":{"rendered":"https:\/\/youseeme.plus\/kaiser\/?page_id=811"},"modified":"2025-11-19T15:52:16","modified_gmt":"2025-11-19T15:52:16","slug":"pferde","status":"publish","type":"page","link":"https:\/\/staging.kaiserfarmhouse.com\/de\/pferde\/","title":{"rendered":"Pferde"},"content":{"rendered":"<p><img decoding=\"async\" src=\"\/wp-content\/uploads\/2025\/11\/KaiserFarmHouse-Cavalli-1.jpg\" alt=\"\"><br \/>\n<img decoding=\"async\" src=\"\/wp-content\/uploads\/2025\/11\/KaiserFarmHouse-Cavalli-2.jpg\" alt=\"\"><br \/>\n<img decoding=\"async\" src=\"\/wp-content\/uploads\/2025\/11\/KaiserFarmHouse-Cavalli-3.jpg\" alt=\"\"><\/p>\n<h1>LUFT, LICHT UND BEWEGUNG<\/h1>\n<h1>Pferde<\/h1>\n<div>\n<p>Ich reite seit meiner Kindheit auf Pferden, aber die wahre Enthusiastin ist meine Mutter: eine angeborene, intensive Leidenschaft, die Engagement, Zeit und Hingabe erfordert. Auch heute noch ist sie diejenige, die sich um unsere Pferde k\u00fcmmert. Sie hat ein nat\u00fcrliches Talent, sie zu verstehen und mit ihnen umzugehen.<\/p>\n<p>Reiten ist ein au\u00dfergew\u00f6hnlicher Sport: Er lehrt Respekt, Geduld und Aufmerksamkeit gegen\u00fcber dem Tier. Es bedeutet nicht nur, sich in den Sattel zu schwingen, sondern auch, dem Pferd zuzuh\u00f6ren, seine Bewegungen und Bed\u00fcrfnisse zu verstehen und es vor und nach dem Reiten zu versorgen.<\/p>\n<p>Pferde brauchen Luft, Licht und Bewegung. Jahrelang haben wir nach St\u00e4llen gesucht, in denen ihr Wohlbefinden wirklich an erster Stelle steht, aber der Traum meiner Mutter war immer, sie zu Hause zu haben.<br \/>Es ist wichtig, dass ein Pferd sich auf der Koppel frei bewegen kann, dass es sich aussuchen kann, wohin es geht, dass es mit seinen Artgenossen in Kontakt kommt, dass es ein m\u00f6glichst nat\u00fcrliches Leben f\u00fchren kann.<\/p>\n<p>Nach jahrelangen Aktivit\u00e4ten und Wettbewerben ist dieser Traum nun wahr geworden: Die Pferde sind endlich bei uns, in einem Stall, den wir im Laufe der Zeit mit allem n\u00f6tigen Platz und Komfort ausgestattet haben. Sie leben ohne Anspannung, werden jeden Tag bewegt und grasen ruhig auf unseren Wiesen.<\/p>\n<p>Diese sensiblen und intelligenten Tiere haben ein neues Gleichgewicht in unser Leben gebracht: eine authentische Energie, die aus Emotionen, Herausforderungen, kleinen t\u00e4glichen Gesten und viel Freude besteht. Eine Verbindung, die uns jeden Tag an die Sch\u00f6nheit eines einfacheren, naturnahen Lebens erinnert.<\/p>\n<\/div>\n<ul>\n<li>\n<p>\n        <a href=\"\/de\/nachhaltigkeit\/\">Nachhaltigkeit<\/a>\n    <\/p>\n<\/li>\n<li>\n<p>\n        <a href=\"\/de\/anpflanzungen\/\">Kulturpflanzen<\/a>\n    <\/p>\n<\/li>\n<li>\n<p>\n        <a href=\"\/de\/bienen\/\">Bienen<\/a>\n    <\/p>\n<\/li>\n<\/ul>\n<p><!--more--><br \/>\n<!-- {\"type\":\"layout\",\"children\":[{\"type\":\"section\",\"props\":{\"image_position\":\"center-center\",\"style\":\"default\",\"title_breakpoint\":\"xl\",\"title_position\":\"top-left\",\"title_rotation\":\"left\",\"vertical_align\":\"middle\",\"width\":\"default\"},\"children\":[{\"type\":\"row\",\"props\":{\"column_gap\":\"small\",\"layout\":\"1-3,1-3,1-3\"},\"children\":[{\"type\":\"column\",\"props\":{\"image_position\":\"center-center\",\"position_sticky_breakpoint\":\"m\",\"width_medium\":\"1-3\"},\"children\":[{\"type\":\"image\",\"props\":{\"image\":\"wp-content\\\/uploads\\\/2025\\\/11\\\/KaiserFarmHouse-Cavalli-1.jpg\",\"image_border\":\"rounded\",\"image_box_shadow\":\"large\",\"image_svg_color\":\"emphasis\",\"margin\":\"default\"}}]},{\"type\":\"column\",\"props\":{\"image_position\":\"center-center\",\"position_sticky_breakpoint\":\"m\",\"width_medium\":\"1-3\"},\"children\":[{\"type\":\"image\",\"props\":{\"image\":\"wp-content\\\/uploads\\\/2025\\\/11\\\/KaiserFarmHouse-Cavalli-2.jpg\",\"image_border\":\"rounded\",\"image_box_shadow\":\"large\",\"image_svg_color\":\"emphasis\",\"margin\":\"default\"}}]},{\"type\":\"column\",\"props\":{\"image_position\":\"center-center\",\"position_sticky_breakpoint\":\"m\",\"width_medium\":\"1-3\"},\"children\":[{\"type\":\"image\",\"props\":{\"image\":\"wp-content\\\/uploads\\\/2025\\\/11\\\/KaiserFarmHouse-Cavalli-3.jpg\",\"image_border\":\"rounded\",\"image_box_shadow\":\"large\",\"image_svg_color\":\"emphasis\",\"margin\":\"default\"}}]}]},{\"type\":\"row\",\"children\":[{\"type\":\"column\",\"props\":{\"image_position\":\"center-center\",\"position_sticky_breakpoint\":\"m\"},\"children\":[{\"type\":\"headline\",\"props\":{\"content\":\"ARIA, LUCE E MOVIMENTO\",\"text_align\":\"center\",\"title_color\":\"success\",\"title_element\":\"h1\",\"title_style\":\"h4\"}},{\"type\":\"headline\",\"props\":{\"content\":\"I cavalli\",\"margin\":\"large\",\"margin_remove_top\":true,\"text_align\":\"center\",\"title_element\":\"h1\",\"title_font_family\":\"tertiary\",\"title_style\":\"h1\"}},{\"type\":\"text\",\"props\":{\"block_align\":\"center\",\"column_breakpoint\":\"m\",\"content\":\"\n\n<p>Monto a cavallo da quando ero bambino, ma la vera appassionata \\u00e8 mia madre: una passione innata, intensa, che richiede impegno, tempo e dedizione. Ancora oggi \\u00e8 lei a prendersi cura dei nostri cavalli, con un talento naturale nel capirli e nel gestirli.<\\\/p>\\n\n\n<p>L\\u2019equitazione \\u00e8 uno sport straordinario: insegna il rispetto, la pazienza e l\\u2019attenzione verso l\\u2019animale. Non significa soltanto salire in sella, ma anche ascoltare il cavallo, comprenderne i movimenti, le esigenze, prendersene cura prima e dopo la monta.<\\\/p>\\n\n\n<p>I cavalli hanno bisogno di aria, luce e movimento. Per anni abbiamo cercato scuderie dove il loro benessere fosse davvero al primo posto, ma il sogno di mia madre \\u00e8 sempre stato quello di poterli avere a casa.<br \\\/>\\u00c8 fondamentale che un cavallo possa trascorrere tempo in paddock, libero di muoversi, scegliere dove andare, relazionarsi con i suoi simili, vivere una vita pi\\u00f9 naturale possibile.<\\\/p>\\n\n\n<p>Dopo anni di attivit\\u00e0 e gare, quel sogno si \\u00e8 realizzato: i cavalli sono finalmente con noi, in una scuderia che nel tempo abbiamo attrezzato con tutti gli spazi e le comodit\\u00e0 necessarie. Vivono senza tensioni, vengono movimentati ogni giorno e pascolano sereni nei nostri prati.<\\\/p>\\n\n\n<p>Animali cos\\u00ec sensibili e intelligenti hanno portato nella nostra vita un equilibrio nuovo: un\\u2019energia autentica, fatta di emozioni, sfide, piccoli gesti quotidiani e tanta gioia. Un legame che ci ricorda, ogni giorno, la bellezza di una vita pi\\u00f9 semplice e vicina alla natura.<\\\/p>\",\"margin\":\"\",\"maxwidth\":\"2xlarge\",\"text_style\":\"large\"}}]}]},{\"type\":\"row\",\"children\":[{\"type\":\"column\",\"props\":{\"image_position\":\"center-center\",\"position_sticky_breakpoint\":\"m\"},\"children\":[{\"type\":\"button\",\"props\":{\"blend\":false,\"grid_column_gap\":\"medium\",\"grid_row_gap\":\"small\",\"margin\":\"default\",\"text_align\":\"center\"},\"children\":[{\"type\":\"button_item\",\"props\":{\"button_style\":\"secondary\",\"content\":\"Sostenibilit\\u00e0\",\"dialog_layout\":\"modal\",\"dialog_offcanvas_flip\":true,\"icon_align\":\"left\",\"link\":\"sostenibilita\\\/\"}},{\"type\":\"button_item\",\"props\":{\"button_style\":\"secondary\",\"content\":\"Le coltivazioni\",\"dialog_layout\":\"modal\",\"dialog_offcanvas_flip\":true,\"icon_align\":\"left\",\"link\":\"le-coltivazioni\\\/\"}},{\"type\":\"button_item\",\"props\":{\"button_style\":\"secondary\",\"content\":\"Le api\",\"dialog_layout\":\"modal\",\"dialog_offcanvas_flip\":true,\"icon_align\":\"left\",\"link\":\"le-api\\\/\"}}],\"name\":\"bottoni ambiente\"}]}]}]}],\"version\":\"4.5.32\"} --><\/p>","protected":false},"excerpt":{"rendered":"<p>ARIA, LUCE E MOVIMENTO I cavalli Monto a cavallo da quando ero bambino, ma la vera appassionata \u00e8 mia madre: una passione innata, intensa, che richiede impegno, tempo e dedizione. Ancora oggi \u00e8 lei a prendersi cura dei nostri cavalli, con un talento naturale nel capirli e nel gestirli. L\u2019equitazione \u00e8 uno sport straordinario: insegna [&hellip;]<\/p>","protected":false},"author":1,"featured_media":0,"parent":0,"menu_order":0,"comment_status":"closed","ping_status":"closed","template":"","meta":{"_acf_changed":false,"footnotes":""},"class_list":["post-811","page","type-page","status-publish","hentry"],"acf":[],"_links":{"self":[{"href":"https:\/\/staging.kaiserfarmhouse.com\/de\/wp-json\/wp\/v2\/pages\/811","targetHints":{"allow":["GET"]}}],"collection":[{"href":"https:\/\/staging.kaiserfarmhouse.com\/de\/wp-json\/wp\/v2\/pages"}],"about":[{"href":"https:\/\/staging.kaiserfarmhouse.com\/de\/wp-json\/wp\/v2\/types\/page"}],"author":[{"embeddable":true,"href":"https:\/\/staging.kaiserfarmhouse.com\/de\/wp-json\/wp\/v2\/users\/1"}],"replies":[{"embeddable":true,"href":"https:\/\/staging.kaiserfarmhouse.com\/de\/wp-json\/wp\/v2\/comments?post=811"}],"version-history":[{"count":11,"href":"https:\/\/staging.kaiserfarmhouse.com\/de\/wp-json\/wp\/v2\/pages\/811\/revisions"}],"predecessor-version":[{"id":1265,"href":"https:\/\/staging.kaiserfarmhouse.com\/de\/wp-json\/wp\/v2\/pages\/811\/revisions\/1265"}],"wp:attachment":[{"href":"https:\/\/staging.kaiserfarmhouse.com\/de\/wp-json\/wp\/v2\/media?parent=811"}],"curies":[{"name":"wp","href":"https:\/\/api.w.org\/{rel}","templated":true}]}}