{"id":809,"date":"2025-11-14T20:57:02","date_gmt":"2025-11-14T20:57:02","guid":{"rendered":"https:\/\/youseeme.plus\/kaiser\/?page_id=809"},"modified":"2025-11-19T15:51:54","modified_gmt":"2025-11-19T15:51:54","slug":"anpflanzungen","status":"publish","type":"page","link":"https:\/\/staging.kaiserfarmhouse.com\/de\/anpflanzungen\/","title":{"rendered":"Kulturpflanzen"},"content":{"rendered":"<p><img decoding=\"async\" src=\"\/wp-content\/uploads\/2025\/11\/KaiserFarmHouse-Coltivazioni-1.jpg\" alt=\"\"><\/p>\n<h1>BIOLOGISCHE VIELFALT UND RESPEKT F\u00dcR DAS NAT\u00dcRLICHE \u00d6KOSYSTEM<\/h1>\n<h1>Kulturpflanzen<\/h1>\n<div>\n<p>Das Dorf Fontana ist von einem besonderen Gebiet umgeben, das durch ein Amphitheater von H\u00fcgeln gesch\u00fctzt ist, die sich durch ihre Lage, ihr Mikroklima und ihre Bodenbeschaffenheit unterscheiden. Die landwirtschaftlich genutzte Landschaft erstreckt sich \u00fcber verschiedene Ebenen, die durch antike Felsen gegliedert sind, die durch Stufen und Steinwege miteinander verbunden sind: eine eindrucksvolle Struktur, die vor allem aufgrund des nat\u00fcrlichen Gef\u00e4lles des Bodens schwierig zu bewirtschaften ist.<\/p>\n<p>Die ebenen Fl\u00e4chen, etwa ein Hektar, beherbergen die Koppeln f\u00fcr unsere Pferde und umgeben die Villa aus dem 17. Jahrhundert, die das Anwesen dominiert.<\/p>\n<p>Mit der Unterst\u00fctzung erfahrener Agronomen haben wir zahlreiche Obst- und Gem\u00fcsesorten ausgew\u00e4hlt, um die Artenvielfalt zu f\u00f6rdern und den Reichtum an Aromen, den die Natur zu bieten hat, wiederzuentdecken. Um das \u00d6kosystem zu respektieren und die Eleganz des alten Anwesens zu bewahren, haben wir uns f\u00fcr eine schonende Landwirtschaft entschieden, mit Sorten, die sich moderat entwickeln, und einer nat\u00fcrlichen Wiese, die regelm\u00e4\u00dfig gem\u00e4ht und als Futtermittel verwendet wird.<\/p>\n<p>Ein Olivenhain in Nurachi, zwischen dem Teich von Cabras und der Westk\u00fcste Sardiniens, vervollst\u00e4ndigt unsere landwirtschaftliche Realit\u00e4t. Aus diesen Pflanzen, die mit nat\u00fcrlichen Methoden gepflegt und ausschlie\u00dflich von Hand geerntet werden, gewinnen wir ein echtes natives Oliven\u00f6l extra, das mit mechanischen Techniken kalt gepresst wird, um seine Qualit\u00e4t und Reinheit zu erhalten.<\/p>\n<\/div>\n<ul>\n<li>\n<p>\n        <a href=\"\/de\/nachhaltigkeit\/\">Nachhaltigkeit<\/a>\n    <\/p>\n<\/li>\n<li>\n<p>\n        <a href=\"\/de\/pferde\/\">Die Pferde<\/a>\n    <\/p>\n<\/li>\n<li>\n<p>\n        <a href=\"\/de\/bienen\/\">Bienen<\/a>\n    <\/p>\n<\/li>\n<\/ul>\n<p><img decoding=\"async\" src=\"\/wp-content\/uploads\/2025\/11\/KaiserFarmHouse-Coltivazioni-2.jpg\" alt=\"\"><br \/>\n<img decoding=\"async\" src=\"\/wp-content\/uploads\/2025\/11\/KaiserFarmHouse-Coltivazioni-3.jpg\" alt=\"\"><br \/>\n<img decoding=\"async\" src=\"\/wp-content\/uploads\/2025\/11\/KaiserFarmHouse-Coltivazioni-4.jpg\" alt=\"\"><\/p>\n<h1>DIE NATUR DER PFLANZEN<\/h1>\n<h1>KAISER FARM<br \/>ein nat\u00fcrlicher 100%-Betrieb<\/h1>\n<div>\n<p>Unsere Kulturen werden nach v\u00f6llig nat\u00fcrlichen Methoden und ausschlie\u00dflich von Hand angebaut. Wir verwenden keine Pestizide, Pflanzenschutzmittel oder synthetische D\u00fcngemittel: Wir bevorzugen agronomische Techniken, die den Rhythmus der Erde respektieren und die Vitalit\u00e4t des Bodens erhalten.<br \/>Die Fruchtfolge erm\u00f6glicht es uns, Monokulturen zu vermeiden und ein nat\u00fcrliches Gleichgewicht zu erhalten, das st\u00e4rkere, ges\u00fcndere und widerstandsf\u00e4higere Pflanzen beg\u00fcnstigt. Nur in bestimmten F\u00e4llen verwenden wir einfache pflanzliche oder mineralische Pr\u00e4parate, die bei nat\u00fcrlichen Anbaumethoden immer erlaubt sind.<\/p>\n<p>Jeden Tag ernten wir Gem\u00fcse, Fr\u00fcchte, Kr\u00e4uter und Heilkr\u00e4uter von Hand und respektieren dabei ihre balsamische Zeit, wenn ihre Eigenschaften am besten sind.<br \/>Unmittelbar nach der Ernte werden die Rohstoffe entweder von Hand verarbeitet, ohne sie zu verfeinern, oder sie werden sorgf\u00e4ltig getrocknet, wie im Falle von Kr\u00e4utern und essbaren Bl\u00fcten, um ihre Aromen und Eigenschaften zu erhalten.<\/p>\n<p>Unser Ziel ist einfach: Produkte zu erhalten, die echt, rein und voller Geschmack sind, die Frucht einer Landwirtschaft, die die Natur sch\u00e4tzt und nicht erzwingt.<\/p>\n<\/div>\n<p><img decoding=\"async\" src=\"\/wp-content\/uploads\/2025\/11\/KaiserFarmHouse-Coltivazioni-5.jpg\" alt=\"\"><br \/>\n<img decoding=\"async\" src=\"\/wp-content\/uploads\/2025\/11\/KaiserFarmHouse-Coltivazioni-6.jpg\" alt=\"\"><br \/>\n<img decoding=\"async\" src=\"\/wp-content\/uploads\/2025\/11\/KaiserFarmHouse-Coltivazioni-7.jpg\" alt=\"\"><\/p>\n<p><!--more--><br \/>\n<!-- {\"type\":\"layout\",\"children\":[{\"type\":\"section\",\"props\":{\"image_position\":\"center-center\",\"style\":\"default\",\"title_breakpoint\":\"xl\",\"title_position\":\"top-left\",\"title_rotation\":\"left\",\"vertical_align\":\"middle\",\"width\":\"default\"},\"children\":[{\"type\":\"row\",\"children\":[{\"type\":\"column\",\"props\":{\"image_position\":\"center-center\",\"position_sticky_breakpoint\":\"m\"},\"children\":[{\"type\":\"image\",\"props\":{\"image\":\"wp-content\\\/uploads\\\/2025\\\/11\\\/KaiserFarmHouse-Coltivazioni-1.jpg\",\"image_border\":\"rounded\",\"image_box_shadow\":\"large\",\"image_svg_color\":\"emphasis\",\"margin\":\"default\"}}]}]},{\"type\":\"row\",\"children\":[{\"type\":\"column\",\"props\":{\"image_position\":\"center-center\",\"position_sticky_breakpoint\":\"m\"},\"children\":[{\"type\":\"headline\",\"props\":{\"content\":\"BIODIVERSIT\\u00c0 E RISPETTO DELL'ECOSISTEMA NATURALE\",\"text_align\":\"center\",\"title_color\":\"success\",\"title_element\":\"h1\",\"title_style\":\"h4\"}},{\"type\":\"headline\",\"props\":{\"content\":\"Le coltivazioni\",\"margin\":\"large\",\"margin_remove_bottom\":true,\"margin_remove_top\":true,\"text_align\":\"center\",\"title_element\":\"h1\",\"title_font_family\":\"tertiary\",\"title_style\":\"h1\"}},{\"type\":\"text\",\"props\":{\"block_align\":\"center\",\"column_breakpoint\":\"m\",\"content\":\"\n\n<p>L\\u2019abitato di Fontana \\u00e8 circondato da un territorio particolare, protetto da un anfiteatro di colline che si differenziano tra loro per esposizione, microclima e tipo di terreno. Il paesaggio agricolo si sviluppa su diversi livelli, articolato in antiche balze collegate da scalini e camminamenti in pietra: una conformazione suggestiva e impegnativa da coltivare, soprattutto per la naturale pendenza del terreno.<\\\/p>\\n\n\n<p>Le zone pianeggianti, circa un ettaro, ospitano i paddock dei nostri cavalli e contornano la villa seicentesca che domina la propriet\\u00e0.<\\\/p>\\n\n\n<p>Con il supporto di agronomi esperti abbiamo selezionato numerose variet\\u00e0 di frutta e verdura, con l\\u2019obiettivo di valorizzare la biodiversit\\u00e0 e riscoprire la ricchezza dei sapori che la natura pu\\u00f2 offrire. Per rispettare l\\u2019ecosistema e preservare l\\u2019eleganza dell\\u2019antica propriet\\u00e0, abbiamo scelto un impianto agricolo a basso impatto, con variet\\u00e0 a sviluppo contenuto e un prato naturale che viene falciato periodicamente e utilizzato come foraggio.<\\\/p>\\n\n\n<p>A completare la nostra realt\\u00e0 agricola, un uliveto in Sardegna, a Nurachi, tra lo stagno di Cabras e la costa occidentale dell\\u2019isola. Da queste piante, curate con metodi naturali e raccolte esclusivamente a mano, otteniamo un olio extravergine genuino, spremuto a freddo con tecniche meccaniche per preservarne qualit\\u00e0 e purezza.<\\\/p>\",\"margin\":\"medium\",\"margin_remove_top\":false,\"maxwidth\":\"2xlarge\",\"text_style\":\"large\"}}]}]},{\"type\":\"row\",\"children\":[{\"type\":\"column\",\"props\":{\"image_position\":\"center-center\",\"position_sticky_breakpoint\":\"m\"},\"children\":[{\"type\":\"button\",\"props\":{\"blend\":false,\"grid_column_gap\":\"medium\",\"grid_row_gap\":\"small\",\"margin\":\"default\",\"text_align\":\"center\"},\"children\":[{\"type\":\"button_item\",\"props\":{\"button_style\":\"secondary\",\"content\":\"Sostenibilit\\u00e0\",\"dialog_layout\":\"modal\",\"dialog_offcanvas_flip\":true,\"icon_align\":\"left\",\"link\":\"sostenibilita\\\/\"}},{\"type\":\"button_item\",\"props\":{\"button_style\":\"secondary\",\"content\":\"I Cavalli\",\"dialog_layout\":\"modal\",\"dialog_offcanvas_flip\":true,\"icon_align\":\"left\",\"link\":\"i-cavalli\\\/\"}},{\"type\":\"button_item\",\"props\":{\"button_style\":\"secondary\",\"content\":\"Le api\",\"dialog_layout\":\"modal\",\"dialog_offcanvas_flip\":true,\"icon_align\":\"left\",\"link\":\"le-api\\\/\"}}],\"name\":\"bottoni ambiente\"}]}]},{\"type\":\"row\",\"props\":{\"column_gap\":\"small\",\"layout\":\"1-3,1-3,1-3\"},\"children\":[{\"type\":\"column\",\"props\":{\"image_position\":\"center-center\",\"position_sticky_breakpoint\":\"m\",\"width_medium\":\"1-3\"},\"children\":[{\"type\":\"image\",\"props\":{\"image\":\"wp-content\\\/uploads\\\/2025\\\/11\\\/KaiserFarmHouse-Coltivazioni-2.jpg\",\"image_border\":\"rounded\",\"image_box_shadow\":\"large\",\"image_svg_color\":\"emphasis\",\"margin\":\"default\"}}]},{\"type\":\"column\",\"props\":{\"image_position\":\"center-center\",\"position_sticky_breakpoint\":\"m\",\"width_medium\":\"1-3\"},\"children\":[{\"type\":\"image\",\"props\":{\"image\":\"wp-content\\\/uploads\\\/2025\\\/11\\\/KaiserFarmHouse-Coltivazioni-3.jpg\",\"image_border\":\"rounded\",\"image_box_shadow\":\"large\",\"image_svg_color\":\"emphasis\",\"margin\":\"default\"}}]},{\"type\":\"column\",\"props\":{\"image_position\":\"center-center\",\"position_sticky_breakpoint\":\"m\",\"width_medium\":\"1-3\"},\"children\":[{\"type\":\"image\",\"props\":{\"image\":\"wp-content\\\/uploads\\\/2025\\\/11\\\/KaiserFarmHouse-Coltivazioni-4.jpg\",\"image_border\":\"rounded\",\"image_box_shadow\":\"large\",\"image_svg_color\":\"emphasis\",\"margin\":\"default\"}}]}]},{\"type\":\"row\",\"children\":[{\"type\":\"column\",\"props\":{\"image_position\":\"center-center\",\"position_sticky_breakpoint\":\"m\"},\"children\":[{\"type\":\"headline\",\"props\":{\"content\":\"LA NATURA DELLE PIANTE\",\"text_align\":\"center\",\"title_color\":\"success\",\"title_element\":\"h1\",\"title_style\":\"h4\"}},{\"type\":\"headline\",\"props\":{\"content\":\"KAISER FARM<br \\\/>un'azienda agricola 100% naturale\",\"margin\":\"large\",\"margin_remove_bottom\":true,\"margin_remove_top\":true,\"text_align\":\"center\",\"title_element\":\"h1\",\"title_font_family\":\"tertiary\",\"title_style\":\"h1\"}},{\"type\":\"text\",\"props\":{\"block_align\":\"center\",\"column_breakpoint\":\"m\",\"content\":\"\n\n<p>Le nostre coltivazioni seguono metodi completamente naturali e vengono curate con lavorazioni interamente manuali. Non utilizziamo pesticidi, fitofarmaci n\\u00e9 fertilizzanti di sintesi: preferiamo tecniche agronomiche che rispettano i ritmi della terra e preservano la vitalit\\u00e0 del suolo.<br \\\/>La rotazione delle colture ci permette di evitare la monocoltura e di mantenere un equilibrio naturale, favorendo piante pi\\u00f9 forti, sane e resistenti. Solo in casi specifici impieghiamo semplici preparati vegetali o minerali, sempre ammessi nei metodi di agricoltura naturale.<\\\/p>\\n\n\n<p>Ogni giorno raccogliamo a mano ortaggi, frutti, erbe aromatiche ed officinali, rispettando il loro tempo balsamico, quando le propriet\\u00e0 sono al massimo.<br \\\/>Subito dopo il raccolto, le materie prime vengono trasformate artigianalmente senza raffinazioni, oppure essiccate con cura, come nel caso delle erbe aromatiche e dei fiori eduli,\\u00a0 per mantenere intatti aromi e caratteristiche.<\\\/p>\\n\n\n<p>Il nostro obiettivo \\u00e8 semplice: ottenere prodotti veri, puri e ricchi di sapore, frutto di un\\u2019agricoltura che custodisce la natura e non la forza.<\\\/p>\",\"margin\":\"default\",\"maxwidth\":\"2xlarge\",\"text_style\":\"large\"}}]}]},{\"type\":\"row\",\"props\":{\"column_gap\":\"small\",\"layout\":\"1-3,1-3,1-3\"},\"children\":[{\"type\":\"column\",\"props\":{\"image_position\":\"center-center\",\"position_sticky_breakpoint\":\"m\",\"width_medium\":\"1-3\"},\"children\":[{\"type\":\"image\",\"props\":{\"image\":\"wp-content\\\/uploads\\\/2025\\\/11\\\/KaiserFarmHouse-Coltivazioni-5.jpg\",\"image_border\":\"rounded\",\"image_box_shadow\":\"large\",\"image_svg_color\":\"emphasis\",\"margin\":\"default\"}}]},{\"type\":\"column\",\"props\":{\"image_position\":\"center-center\",\"position_sticky_breakpoint\":\"m\",\"width_medium\":\"1-3\"},\"children\":[{\"type\":\"image\",\"props\":{\"image\":\"wp-content\\\/uploads\\\/2025\\\/11\\\/KaiserFarmHouse-Coltivazioni-6.jpg\",\"image_border\":\"rounded\",\"image_box_shadow\":\"large\",\"image_svg_color\":\"emphasis\",\"margin\":\"default\"}}]},{\"type\":\"column\",\"props\":{\"image_position\":\"center-center\",\"position_sticky_breakpoint\":\"m\",\"width_medium\":\"1-3\"},\"children\":[{\"type\":\"image\",\"props\":{\"image\":\"wp-content\\\/uploads\\\/2025\\\/11\\\/KaiserFarmHouse-Coltivazioni-7.jpg\",\"image_border\":\"rounded\",\"image_box_shadow\":\"large\",\"image_svg_color\":\"emphasis\",\"margin\":\"default\"}}]}]}]}],\"version\":\"4.5.32\"} --><\/p>","protected":false},"excerpt":{"rendered":"<p>BIODIVERSIT\u00c0 E RISPETTO DELL&#8217;ECOSISTEMA NATURALE Le coltivazioni L\u2019abitato di Fontana \u00e8 circondato da un territorio particolare, protetto da un anfiteatro di colline che si differenziano tra loro per esposizione, microclima e tipo di terreno. Il paesaggio agricolo si sviluppa su diversi livelli, articolato in antiche balze collegate da scalini e camminamenti in pietra: una conformazione [&hellip;]<\/p>","protected":false},"author":1,"featured_media":0,"parent":0,"menu_order":0,"comment_status":"closed","ping_status":"closed","template":"","meta":{"_acf_changed":false,"footnotes":""},"class_list":["post-809","page","type-page","status-publish","hentry"],"acf":[],"_links":{"self":[{"href":"https:\/\/staging.kaiserfarmhouse.com\/de\/wp-json\/wp\/v2\/pages\/809","targetHints":{"allow":["GET"]}}],"collection":[{"href":"https:\/\/staging.kaiserfarmhouse.com\/de\/wp-json\/wp\/v2\/pages"}],"about":[{"href":"https:\/\/staging.kaiserfarmhouse.com\/de\/wp-json\/wp\/v2\/types\/page"}],"author":[{"embeddable":true,"href":"https:\/\/staging.kaiserfarmhouse.com\/de\/wp-json\/wp\/v2\/users\/1"}],"replies":[{"embeddable":true,"href":"https:\/\/staging.kaiserfarmhouse.com\/de\/wp-json\/wp\/v2\/comments?post=809"}],"version-history":[{"count":25,"href":"https:\/\/staging.kaiserfarmhouse.com\/de\/wp-json\/wp\/v2\/pages\/809\/revisions"}],"predecessor-version":[{"id":1262,"href":"https:\/\/staging.kaiserfarmhouse.com\/de\/wp-json\/wp\/v2\/pages\/809\/revisions\/1262"}],"wp:attachment":[{"href":"https:\/\/staging.kaiserfarmhouse.com\/de\/wp-json\/wp\/v2\/media?parent=809"}],"curies":[{"name":"wp","href":"https:\/\/api.w.org\/{rel}","templated":true}]}}