{"id":798,"date":"2025-11-14T20:47:14","date_gmt":"2025-11-14T20:47:14","guid":{"rendered":"https:\/\/youseeme.plus\/kaiser\/?page_id=798"},"modified":"2025-11-17T12:48:29","modified_gmt":"2025-11-17T12:48:29","slug":"kaiserhaus","status":"publish","type":"page","link":"https:\/\/staging.kaiserfarmhouse.com\/de\/kaiserhaus\/","title":{"rendered":"KAISERHAUS"},"content":{"rendered":"<p><img decoding=\"async\" src=\"\/kaiser\/wp-content\/uploads\/2025\/11\/KaiserFarmHouse-LaViscarda.jpg\" alt=\"\"><\/p>\n<h1>UNSERE GESCHICHTE<\/h1>\n<h1>Villa La Viscarda<\/h1>\n<div>\n<p>Das majest\u00e4tische Anwesen \u201cVilla La Viscarda\u201d aus dem 17. Jahrhundert, eingebettet in einen 3 Hektar gro\u00dfen Park, liegt auf den H\u00fcgeln von Citt\u00e0 Alta in Bergamo und ist seit 1971 im Besitz meiner Familie.<br \/>Im Jahr 2008 begannen wir mit der Renovierung und Restaurierung des Herrenhauses und der Stallungen, wobei wir die Originalit\u00e4t des Grundrisses und der Materialien der damaligen Zeit vollst\u00e4ndig respektierten und eine perfekte Kombination aus Originalmerkmalen und dem Komfort von modern ausgestatteten R\u00e4umen schufen.<br \/>Das rund 1.500 Quadratmeter gro\u00dfe Herrenhaus \u00fcberblickt eine gro\u00dfe Terrasse, die vom gr\u00f6\u00dften Diospiro-Kako Europas dominiert wird.<br \/>Die H\u00f6fe des Anwesens sind durch S\u00e4uleng\u00e4nge verbunden, in denen sich weitere R\u00e4ume befinden, die zum angenehmen Aufenthalt einladen, ein Billardzimmer, Keller, W\u00e4scherei, Sattlerei, Hundezimmer und Autoschuppen. In den oberen Stockwerken befinden sich G\u00e4stewohnungen, Personalr\u00e4ume und eine gro\u00dfe Scheune mit gro\u00dfer H\u00f6he.<br \/>Weitere separate R\u00e4ume werden f\u00fcr den Reitsport genutzt: die St\u00e4lle, Heu- und Getreidelager und ein Raum zum Duschen und Trocknen der Pferde; au\u00dferdem gibt es einige Paddocks und einen 40\u00d720 gro\u00dfen Reitplatz f\u00fcr Dressurpferde.<br \/>Im Park, der von der Einfahrt durchquert wird, gibt es zahlreiche hohe B\u00e4ume und einen sch\u00f6nen Quellwasserteich.<\/p>\n<p>Der Wunsch, das, was wir von unserem deutschen Gro\u00dfvater Herbert geerbt haben, noch sch\u00f6ner zu machen, die tiefe Verbundenheit mit dem Land, den Tieren und der Natur seit unserer Kindheit, hat uns sp\u00e4ter dazu gebracht, unseren Hof zu gr\u00fcnden.<br \/>Im Rahmen der Landgewinnung wurden eine kleine Obstplantage, ein gemischter Obstgarten, ein Olivenhain, ein mit einheimischen Essenzen bepflanzter Gem\u00fcsegarten und mehrere Bienenst\u00f6cke angelegt.<br \/>Dieses Konzept findet sich auch in unserer K\u00fcche wieder, in der die pflanzlichen Produkte unseres Landes im Mittelpunkt unserer Verkostungsvorschl\u00e4ge stehen und die Produkte anderer lokaler Handwerker, deren Arbeit wir sch\u00e4tzen, begleiten, wobei wir einen freundlichen und professionellen Service bieten, bei dem sich die G\u00e4ste wie zu Hause f\u00fchlen.<\/p>\n<\/div>\n<p><img decoding=\"async\" src=\"\/kaiser\/wp-content\/uploads\/2025\/11\/KaiserFarmHouse-LaViscarda-1.jpg\" alt=\"\"><br \/>\n<img decoding=\"async\" src=\"\/kaiser\/wp-content\/uploads\/2025\/11\/KaiserFarmHouse-LaViscarda-3.jpg\" alt=\"\"><br \/>\n<img decoding=\"async\" src=\"\/kaiser\/wp-content\/uploads\/2025\/11\/KaiserFarmHouse-LaViscarda-2.jpg\" alt=\"\"><\/p>\n<p><!--more--><br \/>\n<!-- {\"type\":\"layout\",\"children\":[{\"type\":\"section\",\"props\":{\"image_position\":\"center-center\",\"style\":\"default\",\"title_breakpoint\":\"xl\",\"title_position\":\"top-left\",\"title_rotation\":\"left\",\"vertical_align\":\"middle\",\"width\":\"default\"},\"children\":[{\"type\":\"row\",\"children\":[{\"type\":\"column\",\"props\":{\"image_position\":\"center-center\",\"position_sticky_breakpoint\":\"m\"},\"children\":[{\"type\":\"image\",\"props\":{\"image\":\"wp-content\\\/uploads\\\/2025\\\/11\\\/KaiserFarmHouse-LaViscarda.jpg\",\"image_svg_color\":\"emphasis\",\"margin\":\"default\"}},{\"type\":\"headline\",\"props\":{\"content\":\"LA NOSTRA STORIA\",\"text_align\":\"center\",\"title_color\":\"success\",\"title_element\":\"h1\",\"title_style\":\"h4\"}},{\"type\":\"headline\",\"props\":{\"content\":\"Villa La Viscarda\",\"margin\":\"large\",\"margin_remove_top\":true,\"text_align\":\"center\",\"title_element\":\"h1\",\"title_style\":\"heading-small\"}},{\"type\":\"text\",\"props\":{\"block_align\":\"center\",\"column_breakpoint\":\"m\",\"content\":\"\n\n<p>La maestosa propriet\\u00e0 seicentesca \\u201c Villa La Viscarda\\u201d, immersa in un parco di 3 ettari, sita sui colli di Citt\\u00e0 Alta a Bergamo, appartiene alla mia famiglia dal 1971.<br \\\/>Nell\\u2019anno 2008 abbiamo iniziato un progetto di ristrutturazione e restauro della casa padronale e delle scuderie, nel pieno rispetto dell\\u2019originalit\\u00e0 dell\\u2019impianto e dei materiali dell\\u2019epoca, creando un perfetto connubio tra le caratteristiche originali e le comodit\\u00e0 degli ambienti attrezzati per la vita moderna.<br \\\/>La villa padronale di circa 1500 mq, affaccia su una grande terrazza in cui domina il Diospiro-Kako pi\\u00f9 grande di Europa.<br \\\/>Le corti della propriet\\u00e0 sono connesse tra loro dai portici in cui vi sono altri locali dove piacevolmente soggiornare, la sala del biliardo, le cantine, le lavanderie, la selleria, i locali per i cani e le rimesse per automobili. Ai piani superiori alcuni appartamenti per gli ospiti, le aree destinate al personale e un ampio fienile con grandi altezze.<br \\\/>Altri ambienti separati sono destinati alle attivit\\u00e0 equestri: le scuderie, i magazzini per fieno e granaglie ed un locale per le docce e l\\u2019asciugatura dei cavalli; sono presenti, inoltre, alcuni paddock ed un campo equestre 40\\u00d720 per dressage\\\/ostacoli.<br \\\/>Nel parco, attraversato dal viale d\\u2019accesso, si trovano numerosi alberi secolari ad alto fusto e un bellissimo laghetto di acqua sorgiva.<\\\/p>\\n\n\n<p>La voglia di rendere ancora pi\\u00f9 bello ci\\u00f2 che abbiamo ereditato dal nonno tedesco Herbert, il profondo legame con la campagna, gli animali e la natura, fin da bambini, ci porta successivamente a creare la nostra Azienda Agricola.<br \\\/>L\\u2019operazione di recupero territoriale si \\u00e8 concretizzata con la realizzazione di un impianto di piccoli frutti, di un frutteto misto, di un oliveto, di un orto coltivato con essenze autoctone e varie arnie per apicoltura.<br \\\/>Siamo molto legati al concetto agrituristico di offrire un\\u2019ospitalit\\u00e0 a stretto contatto con la natura e le attivit\\u00e0 aziendali, un concetto che ritroverete anche nella nostra cucina dove l\\u2019elemento vegetale frutto delle nostre terre diventa il fulcro della nostra proposta degustativa, accompagnandosi ai prodotti di altri artigiani locali di cui stimiamo il lavoro, offrendo un servizio cordiale e professionale che faccia sentire l\\u2019ospite come a casa propria.<\\\/p>\",\"margin\":\"\",\"maxwidth\":\"2xlarge\",\"text_style\":\"large\"}}]}]},{\"type\":\"row\",\"props\":{\"column_gap\":\"small\",\"layout\":\"1-3,1-3,1-3\"},\"children\":[{\"type\":\"column\",\"props\":{\"image_position\":\"center-center\",\"position_sticky_breakpoint\":\"m\",\"width_medium\":\"1-3\"},\"children\":[{\"type\":\"image\",\"props\":{\"image\":\"wp-content\\\/uploads\\\/2025\\\/11\\\/KaiserFarmHouse-LaViscarda-1.jpg\",\"image_svg_color\":\"emphasis\",\"margin\":\"default\"}}]},{\"type\":\"column\",\"props\":{\"image_position\":\"center-center\",\"position_sticky_breakpoint\":\"m\",\"width_medium\":\"1-3\"},\"children\":[{\"type\":\"image\",\"props\":{\"image\":\"wp-content\\\/uploads\\\/2025\\\/11\\\/KaiserFarmHouse-LaViscarda-3.jpg\",\"image_svg_color\":\"emphasis\",\"margin\":\"default\"}}]},{\"type\":\"column\",\"props\":{\"image_position\":\"center-center\",\"position_sticky_breakpoint\":\"m\",\"width_medium\":\"1-3\"},\"children\":[{\"type\":\"image\",\"props\":{\"image\":\"wp-content\\\/uploads\\\/2025\\\/11\\\/KaiserFarmHouse-LaViscarda-2.jpg\",\"image_svg_color\":\"emphasis\",\"margin\":\"default\"}}]}]}]}],\"version\":\"4.5.32\"} --><\/p>","protected":false},"excerpt":{"rendered":"<p>LA NOSTRA STORIA Villa La Viscarda La maestosa propriet\u00e0 seicentesca \u201c Villa La Viscarda\u201d, immersa in un parco di 3 ettari, sita sui colli di Citt\u00e0 Alta a Bergamo, appartiene alla mia famiglia dal 1971.Nell\u2019anno 2008 abbiamo iniziato un progetto di ristrutturazione e restauro della casa padronale e delle scuderie, nel pieno rispetto dell\u2019originalit\u00e0 dell\u2019impianto [&hellip;]<\/p>","protected":false},"author":1,"featured_media":0,"parent":0,"menu_order":0,"comment_status":"closed","ping_status":"closed","template":"","meta":{"_acf_changed":false,"footnotes":""},"class_list":["post-798","page","type-page","status-publish","hentry"],"acf":[],"_links":{"self":[{"href":"https:\/\/staging.kaiserfarmhouse.com\/de\/wp-json\/wp\/v2\/pages\/798","targetHints":{"allow":["GET"]}}],"collection":[{"href":"https:\/\/staging.kaiserfarmhouse.com\/de\/wp-json\/wp\/v2\/pages"}],"about":[{"href":"https:\/\/staging.kaiserfarmhouse.com\/de\/wp-json\/wp\/v2\/types\/page"}],"author":[{"embeddable":true,"href":"https:\/\/staging.kaiserfarmhouse.com\/de\/wp-json\/wp\/v2\/users\/1"}],"replies":[{"embeddable":true,"href":"https:\/\/staging.kaiserfarmhouse.com\/de\/wp-json\/wp\/v2\/comments?post=798"}],"version-history":[{"count":3,"href":"https:\/\/staging.kaiserfarmhouse.com\/de\/wp-json\/wp\/v2\/pages\/798\/revisions"}],"predecessor-version":[{"id":864,"href":"https:\/\/staging.kaiserfarmhouse.com\/de\/wp-json\/wp\/v2\/pages\/798\/revisions\/864"}],"wp:attachment":[{"href":"https:\/\/staging.kaiserfarmhouse.com\/de\/wp-json\/wp\/v2\/media?parent=798"}],"curies":[{"name":"wp","href":"https:\/\/api.w.org\/{rel}","templated":true}]}}