{"id":150,"date":"2025-11-11T17:54:51","date_gmt":"2025-11-11T17:54:51","guid":{"rendered":"https:\/\/youseeme.plus\/kaiser\/?page_id=150"},"modified":"2025-11-20T16:05:58","modified_gmt":"2025-11-20T16:05:58","slug":"nachhaltigkeit","status":"publish","type":"page","link":"https:\/\/staging.kaiserfarmhouse.com\/de\/nachhaltigkeit\/","title":{"rendered":"Nachhaltigkeit"},"content":{"rendered":"<p><img decoding=\"async\" src=\"\/wp-content\/uploads\/2025\/11\/KaiserKuche-Ambiente-ed-eco-sostenibilita.jpg\" alt=\"\"><\/p>\n<div>\n<p><strong>UNSERE GR\u00dcNE PHILOSOPHIE<\/strong><\/p>\n<\/div>\n<h1>Respekt vor dem \u00f6kologischen Gleichgewicht<\/h1>\n<div>\n<p dir=\"ltr\"><span><span class=\"font\"><span class=\"size\">Unser Fokus auf Nachhaltigkeit geht von der Erde aus: ihrem Gleichgewicht, ihrer Zartheit und ihrer F\u00e4higkeit zur Regeneration. Deshalb betreiben wir eine nat\u00fcrliche Landwirtschaft, die den Boden, die Landschaften und die biologische Vielfalt sch\u00fctzt. Wir verzichten auf Pestizide und chemische D\u00fcngemittel und bevorzugen Methoden, die die Rhythmen der Natur respektieren.<\/span><\/span><\/span><\/p>\n<p dir=\"ltr\"><span><span class=\"font\"><span class=\"size\">Unsere Pflanzen werden mit t\u00e4glicher Sorgfalt angebaut, wobei wir die nat\u00fcrlichen Rhythmen der Erde respektieren und Sorten ausw\u00e4hlen, die in unserem Gebiet gut gedeihen. So erhalten wir ausgewogenes Obst und Gem\u00fcse, das reich an Geschmack ist und ohne Zwang angebaut wird.<\/span><\/span><\/span><\/p>\n<p dir=\"ltr\"><span><span class=\"font\"><span class=\"size\">F\u00fcr die Bew\u00e4sserung verwenden wir ausschlie\u00dflich das Quellwasser unseres Anwesens, eine reine Ressource, die es uns erm\u00f6glicht, den nat\u00fcrlichen Wasserhaushalt zu erhalten und die Nutzung der st\u00e4dtischen Wasserleitungen zu reduzieren.<\/span><\/span><\/span><\/p>\n<\/div>\n<div>\n<h3 dir=\"ltr\"><em><b><span class=\"font\"><span class=\"size\">Bewusste Transformation<\/span><\/span><\/b><\/em><\/h3>\n<p dir=\"ltr\"><span><span class=\"font\"><span class=\"size\">Auch bei der Verarbeitung wird auf Nachhaltigkeit geachtet: Obst und Gem\u00fcse werden innerhalb weniger Stunden nach der Ernte nach Rezepten verarbeitet, die die Authentizit\u00e4t und den Geschmack bewahren, kombiniert mit modernen Techniken, die Sicherheit, Qualit\u00e4t und N\u00e4hrwert garantieren.<\/span><\/span><\/span><\/p>\n<p dir=\"ltr\"><span><span class=\"font\"><span class=\"size\">Wir arbeiten nur mit Betreibern zusammen, die unsere Standards und unseren Fokus auf Rohstoffe teilen.<\/span><\/span><\/span><\/p>\n<h3 dir=\"ltr\"><em><b><span class=\"font\"><span class=\"size\">Verantwortungsvolle Verpackung<\/span><\/span><\/b><\/em><\/h3>\n<p dir=\"ltr\"><span><span class=\"font\"><span class=\"size\">Wir sind uns der Auswirkungen bewusst, die Verpackungen haben k\u00f6nnen, und verwenden daher nur Materialien, die sich leicht recyceln lassen, um eine verantwortungsvolle Abfallwirtschaft zu f\u00f6rdern und den \u00f6kologischen Fu\u00dfabdruck zu minimieren.<\/span><\/span><\/span><\/p>\n<h3 dir=\"ltr\"><em><b><span class=\"font\"><span class=\"size\">Ein positiver Kreislauf<\/span><\/span><\/b><\/em><\/h3>\n<p dir=\"ltr\"><span><span class=\"font\"><span class=\"size\">Jede Entscheidung, die wir treffen, von der Pflege der Pflanzen bis zur Verarbeitung im Labor, von der Verpackung bis zum Ressourcenmanagement, entspringt dem Wunsch, das Land zu sch\u00fctzen und das, was die Erde uns gibt, in authentische, umweltfreundliche Produkte zu verwandeln.<\/span><\/span><\/span><\/p>\n<p dir=\"ltr\"><span><span class=\"font\"><span class=\"size\">Eine st\u00e4ndige Verpflichtung, die wir mit denjenigen teilen m\u00f6chten, die sich f\u00fcr das Kaiser Farmhouse entscheiden und so Teil unserer Art, die Natur zu erleben, werden.<\/span><\/span><\/span><\/p>\n<\/div>\n<hr>\n<ul>\n<li>\n<p>\n        <a href=\"\/de\/anpflanzungen\/\">Kulturpflanzen<\/a>\n    <\/p>\n<\/li>\n<li>\n<p>\n        <a href=\"\/de\/pferde\/\">Die Pferde<\/a>\n    <\/p>\n<\/li>\n<li>\n<p>\n        <a href=\"\/de\/bienen\/\">Bienen<\/a>\n    <\/p>\n<\/li>\n<\/ul>\n<p><!--more--><br \/>\n<!-- {\"type\":\"layout\",\"children\":[{\"type\":\"section\",\"props\":{\"id\":\"scopri\",\"image_position\":\"center-center\",\"padding\":\"small\",\"style\":\"default\",\"title_breakpoint\":\"xl\",\"title_position\":\"top-left\",\"title_rotation\":\"left\",\"vertical_align\":\"middle\",\"width\":\"default\"},\"children\":[{\"type\":\"row\",\"children\":[{\"type\":\"column\",\"props\":{\"image_position\":\"center-center\",\"position_sticky_breakpoint\":\"m\"},\"children\":[{\"type\":\"image\",\"props\":{\"image\":\"wp-content\\\/uploads\\\/2025\\\/11\\\/KaiserKuche-Ambiente-ed-eco-sostenibilita.jpg\",\"image_border\":\"rounded\",\"image_box_shadow\":\"large\",\"image_svg_color\":\"emphasis\",\"margin\":\"default\",\"text_align\":\"left\"}}]}]},{\"type\":\"row\",\"children\":[{\"type\":\"column\",\"props\":{\"image_position\":\"center-center\",\"position_sticky_breakpoint\":\"m\"},\"children\":[{\"type\":\"text\",\"props\":{\"column_breakpoint\":\"m\",\"content\":\"\n\n<p><strong>LA NOSTRA FILOSOFIA GREEN<\\\/strong><\\\/p>\",\"margin\":\"default\",\"text_align\":\"center\",\"text_color\":\"success\",\"text_style\":\"small\"}},{\"type\":\"headline\",\"props\":{\"content\":\"Il rispetto dell'equilibrio ambientale\",\"margin_remove_top\":true,\"text_align\":\"center\",\"title_element\":\"h1\",\"title_font_family\":\"tertiary\",\"title_style\":\"h1\"}},{\"type\":\"text\",\"props\":{\"column_breakpoint\":\"m\",\"content\":\"\n\n<p dir=\\\"ltr\\\"><span><span class=\\\"font\\\"><span class=\\\"size\\\">La nostra attenzione alla sostenibilit\\u00e0 nasce dalla terra: dai suoi equilibri, dalla sua delicatezza, dalla sua capacit\\u00e0 di rigenerarsi. Per questo adottiamo un\\u2019agricoltura naturale che tutela il suolo, i paesaggi e la biodiversit\\u00e0, evitando pesticidi e fertilizzanti chimici e privilegiando metodi che rispettano i ritmi della natura.<\\\/span><\\\/span><\\\/span><\\\/p>\\n\n\n<p dir=\\\"ltr\\\"><span><span class=\\\"font\\\"><span class=\\\"size\\\">Le nostre coltivazioni sono seguite con cura quotidiana, nel\\u00a0rispetto dei\\u00a0ritmi naturali della terra e scegliendo variet\\u00e0 che prosperano nel nostro territorio. Questo ci permette di ottenere frutta e verdura equilibrate, ricche di sapore e coltivate senza forzature.<\\\/span><\\\/span><\\\/span><\\\/p>\\n\n\n<p dir=\\\"ltr\\\"><span><span class=\\\"font\\\"><span class=\\\"size\\\">Per l\\u2019irrigazione utilizziamo esclusivamente acqua di sorgiva proveniente dalla nostra tenuta, una risorsa pura che ci consente di preservare l\\u2019equilibrio idrico naturale e di ridurre l\\u2019utilizzo della rete idrica urbana.<\\\/span><\\\/span><\\\/span><\\\/p>\",\"margin\":\"medium\",\"margin_remove_top\":true,\"text_style\":\"large\"}},{\"type\":\"text\",\"props\":{\"column_breakpoint\":\"m\",\"content\":\"\n\n<h3 dir=\\\"ltr\\\"><em><b><span class=\\\"font\\\"><span class=\\\"size\\\">Trasformazione consapevole<\\\/span><\\\/span><\\\/b><\\\/em><\\\/h3>\\n\n\n<p dir=\\\"ltr\\\"><span><span class=\\\"font\\\"><span class=\\\"size\\\">La sostenibilit\\u00e0 accompagna anche la fase di trasformazione: frutta e verdura vengono lavorate entro poche ore dalla raccolta, seguendo ricette che preservano l\\u2019autenticit\\u00e0\\u00a0e il gusto, unite a tecniche moderne che garantiscono sicurezza, qualit\\u00e0 e valore nutrizionale.<\\\/span><\\\/span><\\\/span><\\\/p>\\n\n\n<p dir=\\\"ltr\\\"><span><span class=\\\"font\\\"><span class=\\\"size\\\">Collaboriamo esclusivamente con operatori che condividono i nostri standard e la nostra attenzione verso la materia prima.<\\\/span><\\\/span><\\\/span><\\\/p>\\n\n\n<h3 dir=\\\"ltr\\\"><em><b><span class=\\\"font\\\"><span class=\\\"size\\\">Packaging responsabile<\\\/span><\\\/span><\\\/b><\\\/em><\\\/h3>\\n\n\n<p dir=\\\"ltr\\\"><span><span class=\\\"font\\\"><span class=\\\"size\\\">Siamo consapevoli dell\\u2019impatto che pu\\u00f2 avere il confezionamento e, per questo, utilizziamo soltanto materiali facilmente riciclabili, incoraggiando una gestione responsabile dei rifiuti e riducendo al\\u00a0minimo\\u00a0l\\u2019impronta ambientale.<\\\/span><\\\/span><\\\/span><\\\/p>\\n\n\n<h3 dir=\\\"ltr\\\"><em><b><span class=\\\"font\\\"><span class=\\\"size\\\">Un ciclo virtuoso<\\\/span><\\\/span><\\\/b><\\\/em><\\\/h3>\\n\n\n<p dir=\\\"ltr\\\"><span><span class=\\\"font\\\"><span class=\\\"size\\\">Ogni scelta che compiamo, dalla cura delle coltivazioni alle lavorazioni in laboratorio, dal confezionamento alla gestione delle risorse, nasce dal desiderio di tutelare il territorio e di trasformare ci\\u00f2 che la terra ci offre in prodotti autentici e rispettosi dell\\u2019ambiente.<\\\/span><\\\/span><\\\/span><\\\/p>\\n\n\n<p dir=\\\"ltr\\\"><span><span class=\\\"font\\\"><span class=\\\"size\\\">Un impegno continuo che desideriamo condividere con chi sceglie Kaiser Farmhouse, entrando a far parte del nostro modo di vivere la natura.<\\\/span><\\\/span><\\\/span><\\\/p>\",\"margin\":\"medium\",\"margin_remove_top\":true,\"text_style\":\"large\"}}]}]},{\"type\":\"row\",\"children\":[{\"type\":\"column\",\"props\":{\"image_position\":\"center-center\",\"position_sticky_breakpoint\":\"m\"},\"children\":[{\"type\":\"divider\",\"props\":{\"divider_element\":\"hr\"}},{\"type\":\"button\",\"props\":{\"blend\":false,\"grid_column_gap\":\"medium\",\"grid_row_gap\":\"small\",\"margin\":\"default\",\"text_align\":\"center\"},\"children\":[{\"type\":\"button_item\",\"props\":{\"button_style\":\"secondary\",\"content\":\"Le coltivazioni\",\"dialog_layout\":\"modal\",\"dialog_offcanvas_flip\":true,\"icon_align\":\"left\",\"link\":\"le-coltivazioni\\\/\"}},{\"type\":\"button_item\",\"props\":{\"button_style\":\"secondary\",\"content\":\"I Cavalli\",\"dialog_layout\":\"modal\",\"dialog_offcanvas_flip\":true,\"icon_align\":\"left\",\"link\":\"i-cavalli\\\/\"}},{\"type\":\"button_item\",\"props\":{\"button_style\":\"secondary\",\"content\":\"Le api\",\"dialog_layout\":\"modal\",\"dialog_offcanvas_flip\":true,\"icon_align\":\"left\",\"link\":\"le-api\\\/\"}}]}]}]},{\"type\":\"row\",\"props\":{\"column_gap\":\"small\",\"layout\":\"1-3,1-3,1-3\",\"margin\":\"medium\",\"row_gap\":\"small\",\"status\":\"disabled\"},\"children\":[{\"type\":\"column\",\"props\":{\"image_position\":\"center-center\",\"position_sticky_breakpoint\":\"m\",\"width_medium\":\"1-3\"},\"children\":[{\"type\":\"image\",\"props\":{\"image\":\"wp-content\\\/uploads\\\/2025\\\/11\\\/KaiserKuche-Ambiente-2.jpg\",\"image_border\":\"rounded\",\"image_box_shadow\":\"large\",\"image_svg_color\":\"emphasis\",\"margin\":\"default\"}}]},{\"type\":\"column\",\"props\":{\"image_position\":\"center-center\",\"position_sticky_breakpoint\":\"m\",\"width_medium\":\"1-3\"},\"children\":[{\"type\":\"image\",\"props\":{\"image\":\"wp-content\\\/uploads\\\/2025\\\/11\\\/KaiserKuche-Ambiente-3.jpg\",\"image_border\":\"rounded\",\"image_box_shadow\":\"large\",\"image_svg_color\":\"emphasis\",\"margin\":\"default\"}}]},{\"type\":\"column\",\"props\":{\"image_position\":\"center-center\",\"position_sticky_breakpoint\":\"m\",\"width_medium\":\"1-3\"},\"children\":[{\"type\":\"image\",\"props\":{\"image\":\"wp-content\\\/uploads\\\/2025\\\/11\\\/KaiserKuche-Ambiente-4.jpg\",\"image_border\":\"rounded\",\"image_box_shadow\":\"large\",\"image_svg_color\":\"emphasis\",\"margin\":\"default\"}}]}]},{\"type\":\"row\",\"children\":[{\"type\":\"column\",\"props\":{\"image_position\":\"center-center\",\"position_sticky_breakpoint\":\"m\"},\"children\":[{\"type\":\"text\",\"props\":{\"column_breakpoint\":\"m\",\"content\":\"\n\n<p><strong>NUOVA VITA AI BARATTOLI<\\\/strong><\\\/p>\",\"margin\":\"default\",\"text_align\":\"center\",\"text_color\":\"success\",\"text_style\":\"small\"}},{\"type\":\"headline\",\"props\":{\"content\":\"Come riutilizzare i barattoli di vetro vuoti\",\"margin_remove_top\":true,\"text_align\":\"center\",\"title_element\":\"h1\",\"title_font_family\":\"tertiary\",\"title_style\":\"h1\"}},{\"type\":\"text\",\"props\":{\"column_breakpoint\":\"m\",\"content\":\"\n\n<p>Abbiamo scelto il vetro perch\\u00e9 garantisce una conservazione impeccabile dei prodotti e, allo stesso tempo, permette di dare nuova vita ai contenitori una volta terminato il loro uso. \\u00c8 un materiale naturale, sostenibile e riciclabile all\\u2019infinito, che riduce l\\u2019impatto ambientale e limita il ricorso alla plastica.<\\\/p>\\n\n\n<p>Il vetro assicura sicurezza alimentare, non altera sapori e profumi, appartiene a pieno titolo all\\u2019economia circolare e, una volta rimossa l\\u2019etichetta, diventa un prezioso alleato in cucina e in casa.<\\\/p>\",\"margin\":\"default\",\"text_style\":\"large\"}},{\"type\":\"list\",\"props\":{\"column_breakpoint\":\"m\",\"content_style\":\"text-bold\",\"icon\":\"triangle-right\",\"image_align\":\"left\",\"image_svg_color\":\"emphasis\",\"image_vertical_align\":true,\"list_element\":\"ul\",\"list_horizontal_separator\":\", \",\"list_marker_color\":\"emphasis\",\"list_size\":\"large\",\"list_type\":\"vertical\",\"show_image\":true,\"show_link\":true},\"children\":[{\"type\":\"list_item\",\"props\":{\"content\":\"Per conservare avanzi e preparazioni in frigorifero\"}},{\"type\":\"list_item\",\"props\":{\"content\":\"Per congelare alimenti in freezer\"}},{\"type\":\"list_item\",\"props\":{\"content\":\"Per custodire insalate, macedonie o snack\"}},{\"type\":\"list_item\",\"props\":{\"content\":\"Come contenitore per il pranzo fuori casa\"}},{\"type\":\"list_item\",\"props\":{\"content\":\"Per organizzare alimenti secchi in dispensa\"}},{\"type\":\"list_item\",\"props\":{\"content\":\"Per preparare dolci in barattolo\"}},{\"type\":\"list_item\",\"props\":{\"content\":\"Per la fermentazione di alimenti fatti in casa\"}},{\"type\":\"list_item\",\"props\":{\"content\":\"Per custodire piccoli oggetti o spezie\"}},{\"type\":\"list_item\",\"props\":{\"content\":\"Per tisane, t\\u00e8 e infusioni\"}},{\"type\":\"list_item\",\"props\":{\"content\":\"Come vasetti per piccole piante o talee ornamentali\"}}]}]}],\"props\":{\"status\":\"disabled\",\"width\":\"large\"}}],\"name\":\"Ambiente ed eco sostenibilit\\u00e0\"}],\"version\":\"4.5.32\"} --><\/p>","protected":false},"excerpt":{"rendered":"<p>LA NOSTRA FILOSOFIA GREEN Il rispetto dell&#8217;equilibrio ambientale La nostra attenzione alla sostenibilit\u00e0 nasce dalla terra: dai suoi equilibri, dalla sua delicatezza, dalla sua capacit\u00e0 di rigenerarsi. Per questo adottiamo un\u2019agricoltura naturale che tutela il suolo, i paesaggi e la biodiversit\u00e0, evitando pesticidi e fertilizzanti chimici e privilegiando metodi che rispettano i ritmi della natura. [&hellip;]<\/p>","protected":false},"author":1,"featured_media":0,"parent":0,"menu_order":0,"comment_status":"closed","ping_status":"closed","template":"","meta":{"_acf_changed":false,"footnotes":""},"class_list":["post-150","page","type-page","status-publish","hentry"],"acf":[],"_links":{"self":[{"href":"https:\/\/staging.kaiserfarmhouse.com\/de\/wp-json\/wp\/v2\/pages\/150","targetHints":{"allow":["GET"]}}],"collection":[{"href":"https:\/\/staging.kaiserfarmhouse.com\/de\/wp-json\/wp\/v2\/pages"}],"about":[{"href":"https:\/\/staging.kaiserfarmhouse.com\/de\/wp-json\/wp\/v2\/types\/page"}],"author":[{"embeddable":true,"href":"https:\/\/staging.kaiserfarmhouse.com\/de\/wp-json\/wp\/v2\/users\/1"}],"replies":[{"embeddable":true,"href":"https:\/\/staging.kaiserfarmhouse.com\/de\/wp-json\/wp\/v2\/comments?post=150"}],"version-history":[{"count":45,"href":"https:\/\/staging.kaiserfarmhouse.com\/de\/wp-json\/wp\/v2\/pages\/150\/revisions"}],"predecessor-version":[{"id":1318,"href":"https:\/\/staging.kaiserfarmhouse.com\/de\/wp-json\/wp\/v2\/pages\/150\/revisions\/1318"}],"wp:attachment":[{"href":"https:\/\/staging.kaiserfarmhouse.com\/de\/wp-json\/wp\/v2\/media?parent=150"}],"curies":[{"name":"wp","href":"https:\/\/api.w.org\/{rel}","templated":true}]}}